{"id":16934,"date":"2019-03-13T17:08:12","date_gmt":"2019-03-13T16:08:12","guid":{"rendered":"https:\/\/ddoptics.shop\/?post_type=product&#038;p=16934"},"modified":"2025-07-02T14:06:45","modified_gmt":"2025-07-02T12:06:45","slug":"binoculares-nikon-prostaff-7s-10x42","status":"publish","type":"product","link":"https:\/\/ddoptics.shop\/es\/kaufen\/nikon-fernglas-prostaff-7s-10x42\/","title":{"rendered":"Nikon Prostaff 7s 10x42Binoculares"},"content":{"rendered":"<h2>Nikon Prostaff 7s <a href=\"https:\/\/ddoptics.shop\/es\/tienda\/prismaticos\/prismaticos-de-aumento\/mejora-10-veces-2\/\" target=\"_blank\" rel=\"noopener\" data-schema-attribute=\"\">10<\/a>Prism\u00e1ticos x42<\/h2>\n<p>En<strong> Prism\u00e1ticos Nikon<\/strong> del <strong>Serie Prostaff<\/strong> pertenece a <strong>de esta clase a los modelos de la clase extra<\/strong>e. Gracias a la<strong> nuevo sistema \u00f3ptico<\/strong> los prism\u00e1ticos son ideales para <strong>Observaci\u00f3n de aves y naturaleza<\/strong>.<\/p>\n<p>En definitiva, por un precio de unos 220 euros, obtendr\u00e1 unos prism\u00e1ticos de alta calidad conocidos por su brillante resoluci\u00f3n, <strong>F\u00e1cil manejo y gran robustez<\/strong> con un dise\u00f1o confortable. Este modelo es especialmente popular entre los aficionados a las actividades al aire libre, gracias a su \u00f3ptima robustez para su uso en exteriores agrestes.<\/p>\n<p>Numerosos detalles garantizan tambi\u00e9n una c\u00f3moda experiencia visual. El sitio<strong> Rueda de enfoque con estructura antideslizante<\/strong> especialmente r\u00e1pido y f\u00e1cil de ajustar. La ligereza, <strong>Prism\u00e1ticos impermeables y antivaho<\/strong> es el compa\u00f1ero ideal para los amantes de las actividades al aire libre. Im\u00e1genes: programa de socios de amazon.<\/p>\n<h3>Principales caracter\u00edsticas del\u00a0<a href=\"https:\/\/de.wikipedia.org\/wiki\/Nikon\" target=\"_blank\" rel=\"noopener sponsored\" data-schema-attribute=\"\">Nikon<\/a>\u00a0Prism\u00e1ticos Prostaff 7s <a href=\"https:\/\/ddoptics.shop\/es\/tienda\/prismaticos\/prismaticos-de-aumento\/mejora-10-veces-2\/\" target=\"_blank\" rel=\"noopener\" data-schema-attribute=\"\">10<\/a>x42<\/h3>\n<ul>\n<li>Alta resoluci\u00f3n gracias al revestimiento con correcci\u00f3n de fase<\/li>\n<li>Recubrimiento de espejo diel\u00e9ctrico altamente reflectante para un brillo de imagen y una fidelidad crom\u00e1tica \u00f3ptimos<\/li>\n<li>Campo de visi\u00f3n n\u00edtido gracias al gran relieve ocular, incluso para usuarios con gafas.<\/li>\n<li>Oculares de goma ajustables con varias posiciones de bloqueo<\/li>\n<li>Impermeable (hasta 1 m durante 10 minutos) y antivaho gracias al relleno de nitr\u00f3geno<\/li>\n<li>Resistencia a los golpes y agarre c\u00f3modo gracias al revestimiento de caucho<\/li>\n<li>Lentes y prismas con revestimiento m\u00faltiple para una calidad de imagen \u00f3ptima<\/li>\n<li>Retribuci\u00f3n corregida por fases<\/li>\n<li>Gran distancia de pupila de salida para un campo de visi\u00f3n n\u00edtido, incluso para usuarios de gafas.<\/li>\n<li>Construcci\u00f3n especialmente ligera<\/li>\n<li>Cristal ecol\u00f3gico sin ars\u00e9nico ni plomo para todas las lentes y prismas<\/li>\n<\/ul>","protected":false},"excerpt":{"rendered":"<p>Para el <strong>El precio ronda los 200 euros,<\/strong>\u00a0para los que el <strong>Nikon Prostaff<\/strong>\u00a0prism\u00e1ticos, apenas hay nada que criticar en cuanto a calidad o fabricaci\u00f3n.<\/p>","protected":false},"featured_media":16938,"comment_status":"open","ping_status":"closed","template":"","meta":{"inline_featured_image":false,"footnotes":""},"product_brand":[],"product_cat":[878],"product_tag":[558,567,894,895],"class_list":{"0":"post-16934","1":"product","2":"type-product","3":"status-publish","4":"has-post-thumbnail","6":"product_cat-diverse-fernglaeser","7":"product_tag-fernglas-10x42","8":"product_tag-fernglas-8x42","9":"product_tag-nikon-fernglas","10":"product_tag-prostraff-7s-10x42","11":"pa_brand-marke-nikon","12":"pa_produkt-typ-fernglas","14":"first","15":"instock","16":"sale","17":"taxable","18":"shipping-taxable","19":"product-type-external"},"bundled_by":[],"bundle_stock_status":"instock","bundle_stock_quantity":null,"bundle_virtual":false,"bundle_layout":"","bundle_add_to_cart_form_location":"","bundle_editable_in_cart":false,"bundle_sold_individually_context":"","bundle_item_grouping":"","bundle_min_size":"","bundle_max_size":"","bundle_price":[],"bundled_items":[],"bundle_sell_ids":[],"_links":{"self":[{"href":"https:\/\/ddoptics.shop\/es\/wp-json\/wp\/v2\/product\/16934","targetHints":{"allow":["GET"]}}],"collection":[{"href":"https:\/\/ddoptics.shop\/es\/wp-json\/wp\/v2\/product"}],"about":[{"href":"https:\/\/ddoptics.shop\/es\/wp-json\/wp\/v2\/types\/product"}],"replies":[{"embeddable":true,"href":"https:\/\/ddoptics.shop\/es\/wp-json\/wp\/v2\/comments?post=16934"}],"version-history":[{"count":4,"href":"https:\/\/ddoptics.shop\/es\/wp-json\/wp\/v2\/product\/16934\/revisions"}],"predecessor-version":[{"id":28570,"href":"https:\/\/ddoptics.shop\/es\/wp-json\/wp\/v2\/product\/16934\/revisions\/28570"}],"wp:featuredmedia":[{"embeddable":true,"href":"https:\/\/ddoptics.shop\/es\/wp-json\/wp\/v2\/media\/16938"}],"wp:attachment":[{"href":"https:\/\/ddoptics.shop\/es\/wp-json\/wp\/v2\/media?parent=16934"}],"wp:term":[{"taxonomy":"product_brand","embeddable":true,"href":"https:\/\/ddoptics.shop\/es\/wp-json\/wp\/v2\/product_brand?post=16934"},{"taxonomy":"product_cat","embeddable":true,"href":"https:\/\/ddoptics.shop\/es\/wp-json\/wp\/v2\/product_cat?post=16934"},{"taxonomy":"product_tag","embeddable":true,"href":"https:\/\/ddoptics.shop\/es\/wp-json\/wp\/v2\/product_tag?post=16934"}],"curies":[{"name":"wp","href":"https:\/\/api.w.org\/{rel}","templated":true}]}}