{"id":16962,"date":"2019-03-14T12:12:56","date_gmt":"2019-03-14T11:12:56","guid":{"rendered":"https:\/\/ddoptics.shop\/?post_type=product&#038;p=16962"},"modified":"2025-12-16T16:06:02","modified_gmt":"2025-12-16T15:06:02","slug":"prismaticos-steiner-safari-ultrasharp-10x42","status":"publish","type":"product","link":"https:\/\/ddoptics.shop\/es\/kaufen\/steiner-safari-ultrasharp-10x42-fernglas\/","title":{"rendered":"Prism\u00e1ticos Steiner Safari Ultrasharp 10\u00d742"},"content":{"rendered":"<h2>Prism\u00e1ticos Steiner Safari UltraSharp 10\u00d742<\/h2>\n<p>Vers\u00e1til <strong>10 aumentos y objetivo r\u00e1pido de 42 mm<\/strong> para un reconocimiento m\u00e1ximo de los detalles, tanto a corta como a larga distancia. Para principiantes ambiciosos en el sector de las actividades al aire libre.<\/p>\n<p>Sol, lluvia o polvo: los robustos prism\u00e1ticos de safari del <strong>dise\u00f1o pr\u00e1ctico de STEINER<\/strong> resiste todas las condiciones gracias a su carcasa duradera, <strong>Impermeabilidad y funcionalidad en el rango de temperaturas<\/strong> de -20 \u00b0C a +70 \u00b0C<\/p>\n<p>Los prism\u00e1ticos tienen un <strong>dise\u00f1o ligero y moderno,<\/strong> es c\u00f3modo y f\u00e1cil de usar. El sitio <strong>Brillo, precisi\u00f3n crom\u00e1tica y robustez de las im\u00e1genes Steiner de fama mundial<\/strong> ofrecen el m\u00e1ximo rendimiento \u00f3ptico, y m\u00e1s diversi\u00f3n en sus aventuras.<\/p>\n<h3>Safari UltraSharp <a href=\"https:\/\/ddoptics.shop\/es\/tienda\/prismaticos\/prismaticos-de-aumento\/mejora-10-veces-2\/\" target=\"_blank\" rel=\"noopener\" data-schema-attribute=\"\">10<\/a>x42 con una \u00f3ptica nueva e innovadora<\/h3>\n<p>Con el nuevo <strong>Concepto de \u00f3ptica UltraSharp<\/strong> de la exitosa serie Safari, STEINER establece un nuevo est\u00e1ndar.<strong> un punto de referencia inigualable en el rendimiento de los prism\u00e1ticos manejables para exteriores.<\/strong>\u00a0Una nitidez fascinante hasta el <strong>Zona marginal, incre\u00edble brillo del color<\/strong> incluso en condiciones de iluminaci\u00f3n dif\u00edciles y una imagen 3D v\u00edvida caracterizan la \u00f3ptica de alto contraste de nuevo desarrollo.<\/p>\n<p>Estos prism\u00e1ticos le garantizan <strong>Safaris fotogr\u00e1ficos, cruceros mar\u00edtimos, conciertos, acontecimientos deportivos<\/strong> ver y experimentar mucho m\u00e1s. El vers\u00e1til aumento de 10x y una fina lente de 42 mm garantizan el m\u00e1ximo reconocimiento de los detalles a corta y larga distancia. Im\u00e1genes: programa de socios de amazon<\/p>\n<h3>Principales caracter\u00edsticas del\u00a0<a href=\"https:\/\/de.wikipedia.org\/wiki\/Steiner-Optik\" target=\"_blank\" rel=\"noopener sponsored\" data-schema-attribute=\"\">Steiner<\/a>\u00a0Prism\u00e1ticos Safari UltraSharp 10\u00d742<\/h3>\n<ul>\n<li>\u00d3ptica de alto contraste: proporciona im\u00e1genes brillantes y de alto contraste, gran nitidez de contorno y brillantes experiencias de visualizaci\u00f3n en 3D con reproducci\u00f3n natural del color hasta una distancia de 2 m.<\/li>\n<li>Enfoque r\u00e1pido y de cerca: enfoque m\u00ednimo y continuo en la unidad central para obtener una nitidez r\u00e1pida y absoluta desde el primer plano hasta el infinito. Enfoque c\u00f3modo y sencillo.<\/li>\n<li>Oculares cil\u00edndricos giratorios: de silicona suave, agradable a la piel y resistente al envejecimiento.<\/li>\n<li>ClicLoc: garantiza que los prism\u00e1ticos est\u00e9n siempre firmemente sujetos a la correa, pero tambi\u00e9n se pueden quitar y volver a poner en cuesti\u00f3n de segundos.<\/li>\n<li>Dise\u00f1o ligero y ergon\u00f3mico: Los controles engomados garantizan una c\u00f3moda observaci\u00f3n a largo plazo con una eficaz reducci\u00f3n del ruido. Los huecos para los dedos proporcionan un agarre excelente, incluso con guantes.<\/li>\n<li>Extremadamente robusta: carcasa duradera, impermeable y funcional en el rango de temperaturas de -20 \u00b0C a +70 \u00b0C. Blindaje de goma antideslizante NBR Longlife resistente al aceite, los \u00e1cidos y la intemperie.<\/li>\n<\/ul>","protected":false},"excerpt":{"rendered":"<p><strong>Prism\u00e1ticos favorables de Steiner<\/strong> - brillante, de alto contraste, robusta, resistente al agua, ideal para viajes, senderismo, conciertos, deportes y observaci\u00f3n de la naturaleza.<\/p>","protected":false},"featured_media":16966,"comment_status":"open","ping_status":"closed","template":"","meta":{"inline_featured_image":false,"footnotes":""},"product_brand":[],"product_cat":[878],"product_tag":[558,897,896,898],"class_list":{"0":"post-16962","1":"product","2":"type-product","3":"status-publish","4":"has-post-thumbnail","6":"product_cat-diverse-fernglaeser","7":"product_tag-fernglas-10x42","8":"product_tag-steiner-fernglas","9":"product_tag-steiner-safari","10":"product_tag-steiner-safari-10x42","11":"pa_brand-marke-steiner","12":"pa_produkt-typ-fernglas","14":"first","15":"instock","16":"sale","17":"taxable","18":"shipping-taxable","19":"product-type-external"},"bundled_by":[],"bundle_stock_status":"instock","bundle_stock_quantity":null,"bundle_virtual":false,"bundle_layout":"","bundle_add_to_cart_form_location":"","bundle_editable_in_cart":false,"bundle_sold_individually_context":"","bundle_item_grouping":"","bundle_min_size":"","bundle_max_size":"","bundle_price":[],"bundled_items":[],"bundle_sell_ids":[],"_links":{"self":[{"href":"https:\/\/ddoptics.shop\/es\/wp-json\/wp\/v2\/product\/16962","targetHints":{"allow":["GET"]}}],"collection":[{"href":"https:\/\/ddoptics.shop\/es\/wp-json\/wp\/v2\/product"}],"about":[{"href":"https:\/\/ddoptics.shop\/es\/wp-json\/wp\/v2\/types\/product"}],"replies":[{"embeddable":true,"href":"https:\/\/ddoptics.shop\/es\/wp-json\/wp\/v2\/comments?post=16962"}],"version-history":[{"count":3,"href":"https:\/\/ddoptics.shop\/es\/wp-json\/wp\/v2\/product\/16962\/revisions"}],"predecessor-version":[{"id":29464,"href":"https:\/\/ddoptics.shop\/es\/wp-json\/wp\/v2\/product\/16962\/revisions\/29464"}],"wp:featuredmedia":[{"embeddable":true,"href":"https:\/\/ddoptics.shop\/es\/wp-json\/wp\/v2\/media\/16966"}],"wp:attachment":[{"href":"https:\/\/ddoptics.shop\/es\/wp-json\/wp\/v2\/media?parent=16962"}],"wp:term":[{"taxonomy":"product_brand","embeddable":true,"href":"https:\/\/ddoptics.shop\/es\/wp-json\/wp\/v2\/product_brand?post=16962"},{"taxonomy":"product_cat","embeddable":true,"href":"https:\/\/ddoptics.shop\/es\/wp-json\/wp\/v2\/product_cat?post=16962"},{"taxonomy":"product_tag","embeddable":true,"href":"https:\/\/ddoptics.shop\/es\/wp-json\/wp\/v2\/product_tag?post=16962"}],"curies":[{"name":"wp","href":"https:\/\/api.w.org\/{rel}","templated":true}]}}