{"id":16980,"date":"2019-03-14T17:02:34","date_gmt":"2019-03-14T16:02:34","guid":{"rendered":"https:\/\/ddoptics.shop\/?post_type=product&#038;p=16980"},"modified":"2025-07-02T13:41:47","modified_gmt":"2025-07-02T11:41:47","slug":"prismaticos-steiner-bluhorizons-10x26","status":"publish","type":"product","link":"https:\/\/ddoptics.shop\/es\/kaufen\/steiner-bluhorizons-10x26-fernglas\/","title":{"rendered":"Prism\u00e1ticos Steiner BLUHORIZONS 10\u00d726"},"content":{"rendered":"<h2>Prism\u00e1ticos Steiner BluHorizons 10\u00d726 con tecnolog\u00eda Autobright<\/h2>\n<p><strong>Prism\u00e1ticos Steiner BLUHORIZONS<\/strong> est\u00e1n especialmente dise\u00f1ados para todos <strong>Aventurero al aire libre<\/strong> dise\u00f1ado. Adem\u00e1s, la BLUHORIZONS cabe en casi cualquier bolsillo del pantal\u00f3n, es ligera y extremadamente robusta.<\/p>\n<p>En <strong>Los primeros y \u00fanicos prism\u00e1ticos del mundo con lentes fotocrom\u00e1ticas.<\/strong> Esto significa que se adapta <strong>autom\u00e1ticamente a las condiciones de iluminaci\u00f3n<\/strong> para que siempre tenga una visi\u00f3n \u00f3ptima, incluso a pleno sol o con reflejos claros.<\/p>\n<blockquote><p>No hay nada m\u00e1s molesto que <strong>cegado en el momento decisivo<\/strong> cuando est\u00e9 mirando el motivo deseado.<\/p><\/blockquote>\n<p>El BLUHORIZONS con Autobright pone fin ahora a esta molestia y ofrece a j\u00f3venes y mayores un disfrute visual duradero en cada aventura bajo el sol. Sin entrecerrar los ojos y sin deslumbrarse, podr\u00e1 observar el ancho mundo de forma permanentemente relajada.<\/p>\n<h3>Steiner <a href=\"https:\/\/ddoptics.shop\/es\/tienda\/prismaticos\/prismaticos-de-aumento\/mejora-10-veces-2\/\" target=\"_blank\" rel=\"noopener\" data-schema-attribute=\"\">10<\/a>Prism\u00e1ticos x26 con la nueva e innovadora \u00f3ptica BLUHORIZONS<\/h3>\n<p>BLUHORIZONS es <strong>Factor de protecci\u00f3n solar para los ojos<\/strong>. En condiciones de luz cambiantes, nuestro <strong>Los ojos trabajan duro.<\/strong> Gracias a la tecnolog\u00eda Autobright, los BLUHORIZONS ayudan a los ojos incluso con mucha luz.<strong> y regula autom\u00e1ticamente la cantidad de luz que deja pasar.<\/strong> se convierte. Esto significa que forzar\u00e1 sus ojos notablemente menos y podr\u00e1 relajarse y disfrutar de cada vista. Im\u00e1genes: programa de socios de amazon.<\/p>\n<h3>Principales caracter\u00edsticas del\u00a0<a href=\"https:\/\/de.wikipedia.org\/wiki\/Steiner-Optik\" target=\"_blank\" rel=\"noopener sponsored\" data-schema-attribute=\"\">Steiner\u00a0<\/a>Prism\u00e1ticos BluHorizons 10\u00d726<\/h3>\n<ul>\n<li><strong>Enfoque r\u00e1pido-cerrado:<\/strong> Enfoque m\u00ednimo y continuo en la unidad central para una nitidez r\u00e1pida y absoluta desde el primer plano hasta el infinito. Enfoque c\u00f3modo y sencillo.<\/li>\n<li><strong>Copas oculares ergon\u00f3micas<\/strong>Fabricadas en silicona resistente a la edad y respetuosa con la piel, permiten observar c\u00f3modamente y protegen de la luz lateral y las corrientes de aire. F\u00e1ciles de plegar para usar con gafas.<\/li>\n<li><strong>Dise\u00f1o ligero:<\/strong> Proporciona im\u00e1genes n\u00edtidas en los espacios m\u00e1s reducidos, para que pueda llevar sus prism\u00e1ticos a todas partes.<\/li>\n<li>Tecnolog\u00eda Autobright: optimiza autom\u00e1ticamente la transmisi\u00f3n de la luz de la lente para obtener la m\u00e1xima claridad en condiciones de mucha luz. Sin reflejos ni deslumbramientos procedentes del agua, la arena, la nieve o el cielo. Sin entrecerrar los ojos, adivinar o fatigar la vista. Simplemente, una imagen perfecta.<\/li>\n<li>Protecci\u00f3n ocular: la exclusiva tecnolog\u00eda de lentes Autobright adaptables a la luz solar de Steiner ajusta autom\u00e1ticamente el brillo para garantizar la mejor visi\u00f3n en cualquier situaci\u00f3n de iluminaci\u00f3n. Tanto si el sol est\u00e1 justo por debajo del horizonte, como si brilla directamente sobre la cabeza o rebota en el agua o la nieve desde todos los \u00e1ngulos, las BluHorizons est\u00e1n dise\u00f1adas para absorber la cantidad adecuada de luz y reducir el deslumbramiento para una visi\u00f3n \u00f3ptima.<\/li>\n<li><strong>Robustez extrema:<\/strong> Carcasa duradera, estanqueidad y funcionalidad en el rango de temperaturas de -20 \u00b0C a +70 \u00b0C. Blindaje de goma antideslizante NBR Longlife resistente al aceite, los \u00e1cidos y la intemperie.<\/li>\n<li><strong>Amplia gama de accesorios<\/strong> con una c\u00f3moda correa de transporte y una exclusiva bolsa de transporte multifuncional de neopreno.<\/li>\n<\/ul>","protected":false},"excerpt":{"rendered":"<p>Una primicia mundial Prism\u00e1ticos compactos 10\u00d726 con <strong>ajuste autom\u00e1tico de la transmisi\u00f3n luminosa<\/strong> de la lente. Suave con los ojos.<\/p>","protected":false},"featured_media":16978,"comment_status":"open","ping_status":"closed","template":"","meta":{"inline_featured_image":false,"footnotes":""},"product_brand":[],"product_cat":[878],"product_tag":[905,906,907,897],"class_list":{"0":"post-16980","1":"product","2":"type-product","3":"status-publish","4":"has-post-thumbnail","6":"product_cat-diverse-fernglaeser","7":"product_tag-10x26-fernglas","8":"product_tag-bluhorizons-10x26","9":"product_tag-steiner-10x26","10":"product_tag-steiner-fernglas","11":"pa_brand-marke-steiner","12":"pa_produkt-typ-fernglas","14":"first","15":"instock","16":"sale","17":"taxable","18":"shipping-taxable","19":"product-type-external"},"bundled_by":[],"bundle_stock_status":"instock","bundle_stock_quantity":null,"bundle_virtual":false,"bundle_layout":"","bundle_add_to_cart_form_location":"","bundle_editable_in_cart":false,"bundle_sold_individually_context":"","bundle_item_grouping":"","bundle_min_size":"","bundle_max_size":"","bundle_price":[],"bundled_items":[],"bundle_sell_ids":[],"_links":{"self":[{"href":"https:\/\/ddoptics.shop\/es\/wp-json\/wp\/v2\/product\/16980","targetHints":{"allow":["GET"]}}],"collection":[{"href":"https:\/\/ddoptics.shop\/es\/wp-json\/wp\/v2\/product"}],"about":[{"href":"https:\/\/ddoptics.shop\/es\/wp-json\/wp\/v2\/types\/product"}],"replies":[{"embeddable":true,"href":"https:\/\/ddoptics.shop\/es\/wp-json\/wp\/v2\/comments?post=16980"}],"version-history":[{"count":4,"href":"https:\/\/ddoptics.shop\/es\/wp-json\/wp\/v2\/product\/16980\/revisions"}],"predecessor-version":[{"id":28564,"href":"https:\/\/ddoptics.shop\/es\/wp-json\/wp\/v2\/product\/16980\/revisions\/28564"}],"wp:featuredmedia":[{"embeddable":true,"href":"https:\/\/ddoptics.shop\/es\/wp-json\/wp\/v2\/media\/16978"}],"wp:attachment":[{"href":"https:\/\/ddoptics.shop\/es\/wp-json\/wp\/v2\/media?parent=16980"}],"wp:term":[{"taxonomy":"product_brand","embeddable":true,"href":"https:\/\/ddoptics.shop\/es\/wp-json\/wp\/v2\/product_brand?post=16980"},{"taxonomy":"product_cat","embeddable":true,"href":"https:\/\/ddoptics.shop\/es\/wp-json\/wp\/v2\/product_cat?post=16980"},{"taxonomy":"product_tag","embeddable":true,"href":"https:\/\/ddoptics.shop\/es\/wp-json\/wp\/v2\/product_tag?post=16980"}],"curies":[{"name":"wp","href":"https:\/\/api.w.org\/{rel}","templated":true}]}}