{"id":17002,"date":"2019-03-15T11:40:08","date_gmt":"2019-03-15T10:40:08","guid":{"rendered":"https:\/\/ddoptics.shop\/?post_type=product&#038;p=17002"},"modified":"2025-07-02T13:38:03","modified_gmt":"2025-07-02T11:38:03","slug":"prismaticos-steiner-ranger-xtreme-8x56","status":"publish","type":"product","link":"https:\/\/ddoptics.shop\/es\/kaufen\/steiner-ranger-xtreme-8x56-fernglas\/","title":{"rendered":"Prism\u00e1ticos Steiner Ranger Xtreme 8\u00d756"},"content":{"rendered":"<h2>Prism\u00e1ticos Steiner Ranger Xtreme 8\u00d756<\/h2>\n<p>Con el <strong>Con los prism\u00e1ticos Ranger Xtreme 8\u00d756, Steiner quiere atraer claramente a los cazadores.<\/strong> como grupo destinatario. A menudo se est\u00e1 al principio o s\u00f3lo al<strong> Fin de una jornada de caza<\/strong> \u00e9xito en la caza. La raz\u00f3n es sencilla: los animales aparecen cuando a\u00fan est\u00e1n bien camuflados por los primeros rayos de sol o la creciente oscuridad.<\/p>\n<p>La mejora de la transmisi\u00f3n de la luz de la \u00f3ptica resuelve las sombras en las que se esconde el juego y permite<strong> Mejor reconocibilidad incluso en condiciones de poca luz.<\/strong> En buenas condiciones de iluminaci\u00f3n, el juego puede<strong> bosques oscuros y densos<\/strong> se pueden ver mejor. Con el gran di\u00e1metro de lente de 56 mm, est\u00e1 dise\u00f1ado para su uso bajo <strong>condiciones de iluminaci\u00f3n dif\u00edciles<\/strong> y crea incre\u00edbles posibilidades de observaci\u00f3n durante la noche.<\/p>\n<h3>Caracter\u00edsticas especiales del Steiner Ranger Xtreme 8x<a href=\"https:\/\/ddoptics.shop\/es\/tienda\/prismaticos\/binoculares-diametro-de-la-lente-objetivo\/objetivo-de-56-mm\/\" target=\"_blank\" rel=\"noopener\" data-schema-attribute=\"\">56<\/a> Prism\u00e1ticos<\/h3>\n<p>Con una tecnolog\u00eda mejorada y un dise\u00f1o avanzado, el <strong>\u00faltima generaci\u00f3n de la exitosa serie STEINER Ranger<\/strong> nuevos r\u00e9cords en su clase.<\/p>\n<blockquote><p>\u00d3ptica n\u00edtida, alta transmisi\u00f3n de la luz y un campo de visi\u00f3n XL: se utiliza la \u00f3ptica de alto contraste de Steiner, que garantiza im\u00e1genes especialmente brillantes y de alto contraste.<\/p><\/blockquote>\n<p>En <strong>Gran campo de visi\u00f3n<\/strong> se hizo realidad con el nuevo <strong>Ranger serie Xtreme<\/strong> y los usuarios de gafas tambi\u00e9n pueden aprovechar todo el campo de visi\u00f3n. La robusta carcasa de Makrolon est\u00e1 provista de una armadura de goma optimizada, que garantiza un agarre f\u00e1cil de los prism\u00e1ticos incluso en condiciones extremas. <strong>las condiciones m\u00e1s dif\u00edciles, como la humedad y el fr\u00edo<\/strong> ha mejorado mucho.<\/p>\n<p>En <strong>Gran rueda de enfoque<\/strong> permite una manipulaci\u00f3n f\u00e1cil y segura, incluso con guantes. <strong>Estanqueidad al agua a presi\u00f3n y relleno de nitr\u00f3geno<\/strong> hacen de estos prism\u00e1ticos extremadamente ligeros unos todoterreno perfectamente equipados para cualquier aplicaci\u00f3n. La serie STEINER Ranger Xtreme ofrece al cazador ambicioso un <strong>vidrios de alto rendimiento a un precio justo.<\/strong><\/p>\n<h3>Principales caracter\u00edsticas del <a href=\"https:\/\/de.wikipedia.org\/wiki\/Steiner-Optik\" target=\"_blank\" rel=\"noopener sponsored\" data-schema-attribute=\"\">Steiner<\/a> Prism\u00e1ticos Ranger Xtreme 8\u00d756<\/h3>\n<ul>\n<li><strong>\u00d3ptica de alto contraste:<\/strong> Ofrece im\u00e1genes brillantes y de alto contraste, gran nitidez de los contornos y brillantes experiencias de visualizaci\u00f3n en 3D con una reproducci\u00f3n natural del color hasta una distancia de 2 m.<\/li>\n<li><strong>Campo de visi\u00f3n XL:<\/strong> Proporciona una visi\u00f3n general y permite una observaci\u00f3n c\u00f3moda.<\/li>\n<li><strong>Enfoque r\u00e1pido-cerrado:<\/strong> Enfoque m\u00ednimo y continuo en la unidad central para una nitidez r\u00e1pida y absoluta desde el primer plano hasta el infinito. Enfoque c\u00f3modo y sencillo.<\/li>\n<li><strong>Relleno presurizado con nitr\u00f3geno:<\/strong> Esta soluci\u00f3n de alta tecnolog\u00eda de STEINER elimina por completo el empa\u00f1amiento o la formaci\u00f3n de condensaci\u00f3n en el interior de los prism\u00e1ticos. Gracias a la tecnolog\u00eda de v\u00e1lvula de 2 v\u00edas, los prism\u00e1ticos pueden revisarse en cualquier momento, incluso despu\u00e9s de muchos a\u00f1os.<\/li>\n<li><strong>Oculares ergon\u00f3micos giratorios:<\/strong> Fabricada en silicona agradable a la piel y resistente al envejecimiento. Permite una observaci\u00f3n c\u00f3moda y una protecci\u00f3n lateral contra la luz y las corrientes de aire. F\u00e1cil de plegar para su uso con gafas.<\/li>\n<li><strong>ClicLoc:<\/strong> Los prism\u00e1ticos siempre est\u00e1n firmemente sujetos a la correa, pero tambi\u00e9n se pueden quitar y volver a poner en cuesti\u00f3n de segundos.<\/li>\n<li><strong>Dise\u00f1o ligero y ergon\u00f3mico:<\/strong> Los elementos de mando engomados garantizan una c\u00f3moda observaci\u00f3n a largo plazo con una eficaz reducci\u00f3n del ruido. Los huecos para los dedos proporcionan un agarre excelente, incluso con guantes.<\/li>\n<li><strong>Robustez excepcional:<\/strong> Carcasa Makrolon duradera de policarbonato, estanqueidad al agua hasta 3 m, relleno de nitr\u00f3geno a presi\u00f3n para evitar que se empa\u00f1e el interior, rango de temperatura de -20 \u00b0C a +80 \u00b0C. Blindaje de goma antideslizante NBR Longlife resistente al aceite, al \u00e1cido y a la intemperie. Resistente a condiciones duras para un uso fiable durante generaciones.<\/li>\n<li><strong>Accesorios de alta calidad:<\/strong> Con bolsa, correa de transporte de neopreno ClicLoc, funda para la lluvia y tapas de objetivo.<\/li>\n<\/ul>","protected":false},"excerpt":{"rendered":"<p>En <strong>Steiner Ranger Xtreme 8\u00d756<\/strong> Prism\u00e1ticos. Disfrute de <strong>Calidad de imagen brillante, detalles n\u00edtidos, transmisi\u00f3n de luz muy alta<\/strong> (92 %) para condiciones de poca luz.<\/p>","protected":false},"featured_media":17007,"comment_status":"open","ping_status":"closed","template":"","meta":{"inline_featured_image":false,"footnotes":""},"product_brand":[],"product_cat":[878],"product_tag":[75,93,566,80,84,908,909],"class_list":{"0":"post-17002","1":"product","2":"type-product","3":"status-publish","4":"has-post-thumbnail","6":"product_cat-diverse-fernglaeser","7":"product_tag-8x56","8":"product_tag-ansitzglas","9":"product_tag-fernglas-8x56","10":"product_tag-gen-3","11":"product_tag-nachtfernglas","12":"product_tag-steiner-8x56","13":"product_tag-steiner-ranger-xtreme","14":"product_shipping_class-paket","15":"pa_brand-marke-steiner","16":"pa_farbe-schwarz","17":"pa_produkt-typ-fernglas","19":"first","20":"instock","21":"sale","22":"taxable","23":"shipping-taxable","24":"product-type-external"},"bundled_by":[],"bundle_stock_status":"instock","bundle_stock_quantity":null,"bundle_virtual":false,"bundle_layout":"","bundle_add_to_cart_form_location":"","bundle_editable_in_cart":false,"bundle_sold_individually_context":"","bundle_item_grouping":"","bundle_min_size":"","bundle_max_size":"","bundle_price":[],"bundled_items":[],"bundle_sell_ids":[],"_links":{"self":[{"href":"https:\/\/ddoptics.shop\/es\/wp-json\/wp\/v2\/product\/17002","targetHints":{"allow":["GET"]}}],"collection":[{"href":"https:\/\/ddoptics.shop\/es\/wp-json\/wp\/v2\/product"}],"about":[{"href":"https:\/\/ddoptics.shop\/es\/wp-json\/wp\/v2\/types\/product"}],"replies":[{"embeddable":true,"href":"https:\/\/ddoptics.shop\/es\/wp-json\/wp\/v2\/comments?post=17002"}],"version-history":[{"count":3,"href":"https:\/\/ddoptics.shop\/es\/wp-json\/wp\/v2\/product\/17002\/revisions"}],"predecessor-version":[{"id":24707,"href":"https:\/\/ddoptics.shop\/es\/wp-json\/wp\/v2\/product\/17002\/revisions\/24707"}],"wp:featuredmedia":[{"embeddable":true,"href":"https:\/\/ddoptics.shop\/es\/wp-json\/wp\/v2\/media\/17007"}],"wp:attachment":[{"href":"https:\/\/ddoptics.shop\/es\/wp-json\/wp\/v2\/media?parent=17002"}],"wp:term":[{"taxonomy":"product_brand","embeddable":true,"href":"https:\/\/ddoptics.shop\/es\/wp-json\/wp\/v2\/product_brand?post=17002"},{"taxonomy":"product_cat","embeddable":true,"href":"https:\/\/ddoptics.shop\/es\/wp-json\/wp\/v2\/product_cat?post=17002"},{"taxonomy":"product_tag","embeddable":true,"href":"https:\/\/ddoptics.shop\/es\/wp-json\/wp\/v2\/product_tag?post=17002"}],"curies":[{"name":"wp","href":"https:\/\/api.w.org\/{rel}","templated":true}]}}