{"id":17034,"date":"2019-03-16T12:19:04","date_gmt":"2019-03-16T11:19:04","guid":{"rendered":"https:\/\/ddoptics.shop\/?post_type=product&#038;p=17034"},"modified":"2025-07-02T13:10:47","modified_gmt":"2025-07-02T11:10:47","slug":"prismaticos-bresser-hunter-10x25-prismaticos-de-bolsillo","status":"publish","type":"product","link":"https:\/\/ddoptics.shop\/es\/kaufen\/bresser-fernglas-hunter-10x25-taschenfernglas\/","title":{"rendered":"Prism\u00e1ticos BRESSER HUNTER 10\u00d725 - Prism\u00e1ticos de bolsillo"},"content":{"rendered":"<h2>Prism\u00e1ticos BRESSER Hunter 10\u00d725 - mini prism\u00e1ticos de bolsillo plegables<\/h2>\n<blockquote><p>El vaso ocasional ideal para mochileros.<\/p><\/blockquote>\n<p>En <strong>Prism\u00e1ticos BRESSER Hunter 10\u00d725<\/strong> en el nuevo dise\u00f1o impresiona por su relaci\u00f3n calidad-precio. Gracias a su dise\u00f1o compacto y manejable, esta serie de modelos asequibles es el compa\u00f1ero ideal en muchas situaciones. La <strong>\u00d3ptica totalmente recubierta y mec\u00e1nica s\u00f3lida<\/strong> permitir una buena y <strong>reproducci\u00f3n fiel del color.<\/strong><\/p>\n<p>La forma ergon\u00f3mica de la armadura y la goma antideslizante garantizan un agarre seguro. El material de cristal \u00f3ptico BK-7 incorporado garantiza una buena reproducci\u00f3n de la imagen. Este cristal es <strong>Perfecto para practicar senderismo u otras actividades al aire libre<\/strong> adecuado. Gracias a su dise\u00f1o compacto y su bajo peso, es f\u00e1cil de guardar y ocupa muy poco espacio en el equipaje.<\/p>\n<h3>\u00d3ptica de calidad media para los prism\u00e1ticos BRESSER Hunter 10\u00d725 - OK para el precio<\/h3>\n<p>Los prism\u00e1ticos son ideales para quienes disfrutan viajando y <strong>s\u00f3lo ocasionalmente un par de prism\u00e1ticos<\/strong> o cuando se viaja, donde puede perderse. Bresser promete que la \u00f3ptica azul totalmente recubierta reproduce bien las im\u00e1genes. Pero eso depende totalmente de sus necesidades. El sitio<strong> Por supuesto, la reproducci\u00f3n de la imagen no es comparable a la de los prism\u00e1ticos de mayor precio.<\/strong> A 1.000 metros ya tiene visi\u00f3n de t\u00fanel con el campo de visi\u00f3n m\u00e1s reducido de 96 metros.<\/p>\n<h3>Calidad de procesado: aceptable para el precio<\/h3>\n<p>En <strong>Es comprensible que la mano de obra no sea de tanta calidad.<\/strong> como en los modelos caros. Sin embargo, teniendo en cuenta el precio, es razonable decir que esto no es de esperar. Si desea utilizar los prism\u00e1ticos m\u00e1s a menudo, tarde o temprano tendr\u00e1 que comprar otra cosa. Im\u00e1genes: programa de socios de amazon<\/p>\n<h3>Caracter\u00edsticas principales de los prism\u00e1ticos Bresser Hunter 10\u00d725<\/h3>\n<ul>\n<li>Los prism\u00e1ticos de bolsillo Hunter con dise\u00f1o de borde de tejado tienen un aumento de 10x.<\/li>\n<li>El gran accionamiento central permite un enfoque r\u00e1pido y el cuerpo del binocular est\u00e1 blindado con goma.<\/li>\n<li>Los prismas BK-7 y un di\u00e1metro de lente de 25 mm proporcionan un campo de visi\u00f3n de 96 metros a una distancia de 1.000 metros y el factor crepuscular es de 15,81.<\/li>\n<li>Los oculares plegables tambi\u00e9n ofrecen a los usuarios de gafas una visi\u00f3n c\u00f3moda y, con sus dimensiones compactas, cabe en cualquier bolsillo.<\/li>\n<li>Dimensiones: 112x108x33 mm \/ Peso: 203 g<\/li>\n<li>Volumen de suministro: prism\u00e1ticos; correa de transporte; bolsa; pa\u00f1o<\/li>\n<\/ul>","protected":false},"excerpt":{"rendered":"<p>Con este<strong> \u00d3ptica de ocio Bresser 10\u00d725<\/strong> est\u00e1 equipado para un uso ocasional<\/p>\n<p>Miniprism\u00e1ticos perfectos para <strong>Viajes largos y para presupuestos bajos<\/strong> - incluso si <strong>perdido o robado<\/strong> se convierte.<\/p>","protected":false},"featured_media":17037,"comment_status":"open","ping_status":"closed","template":"","meta":{"inline_featured_image":false,"footnotes":""},"product_brand":[],"product_cat":[878],"product_tag":[913,911,910,912,914],"class_list":{"0":"post-17034","1":"product","2":"type-product","3":"status-publish","4":"has-post-thumbnail","6":"product_cat-diverse-fernglaeser","7":"product_tag-10x25-fernglas","8":"product_tag-bresser-10x25-fernglas","9":"product_tag-bresser-fernglas","10":"product_tag-bresser-taschenfernglas","11":"product_tag-mini-fernglas","12":"pa_brand-marke-bresser","13":"pa_produkt-typ-fernglas","15":"first","16":"instock","17":"sale","18":"taxable","19":"shipping-taxable","20":"product-type-external"},"bundled_by":[],"bundle_stock_status":"instock","bundle_stock_quantity":null,"bundle_virtual":false,"bundle_layout":"","bundle_add_to_cart_form_location":"","bundle_editable_in_cart":false,"bundle_sold_individually_context":"","bundle_item_grouping":"","bundle_min_size":"","bundle_max_size":"","bundle_price":[],"bundled_items":[],"bundle_sell_ids":[],"_links":{"self":[{"href":"https:\/\/ddoptics.shop\/es\/wp-json\/wp\/v2\/product\/17034","targetHints":{"allow":["GET"]}}],"collection":[{"href":"https:\/\/ddoptics.shop\/es\/wp-json\/wp\/v2\/product"}],"about":[{"href":"https:\/\/ddoptics.shop\/es\/wp-json\/wp\/v2\/types\/product"}],"replies":[{"embeddable":true,"href":"https:\/\/ddoptics.shop\/es\/wp-json\/wp\/v2\/comments?post=17034"}],"version-history":[{"count":3,"href":"https:\/\/ddoptics.shop\/es\/wp-json\/wp\/v2\/product\/17034\/revisions"}],"predecessor-version":[{"id":28561,"href":"https:\/\/ddoptics.shop\/es\/wp-json\/wp\/v2\/product\/17034\/revisions\/28561"}],"wp:featuredmedia":[{"embeddable":true,"href":"https:\/\/ddoptics.shop\/es\/wp-json\/wp\/v2\/media\/17037"}],"wp:attachment":[{"href":"https:\/\/ddoptics.shop\/es\/wp-json\/wp\/v2\/media?parent=17034"}],"wp:term":[{"taxonomy":"product_brand","embeddable":true,"href":"https:\/\/ddoptics.shop\/es\/wp-json\/wp\/v2\/product_brand?post=17034"},{"taxonomy":"product_cat","embeddable":true,"href":"https:\/\/ddoptics.shop\/es\/wp-json\/wp\/v2\/product_cat?post=17034"},{"taxonomy":"product_tag","embeddable":true,"href":"https:\/\/ddoptics.shop\/es\/wp-json\/wp\/v2\/product_tag?post=17034"}],"curies":[{"name":"wp","href":"https:\/\/api.w.org\/{rel}","templated":true}]}}