{"id":1781,"date":"2016-04-06T16:18:11","date_gmt":"2016-04-06T14:18:11","guid":{"rendered":"https:\/\/beta.optik-sport-shop.at\/kaufen\/ddoptics-fernglas-edx-85x50\/"},"modified":"2025-07-03T13:16:13","modified_gmt":"2025-07-03T11:16:13","slug":"prismaticos-ddoptics-edx-8komma5x50","status":"publish","type":"product","link":"https:\/\/ddoptics.shop\/es\/kaufen\/ddoptics-fernglas-edx-8komma5x50\/","title":{"rendered":"Prism\u00e1ticos DDoptics EDX 8,5\u00d750"},"content":{"rendered":"<div class=\"row\"  id=\"row-1130842321\">\n\n\t<div id=\"col-934895160\" class=\"col medium-8 small-12 large-8\"  >\n\t\t\t\t<div class=\"col-inner\"  >\n\t\t\t\n\t\t\t\n<div>\n<h2>Prism\u00e1ticos DDoptics EDX 8.5\u00d750 | Prism\u00e1ticos de gama alta - ligereza asombrosa con las im\u00e1genes m\u00e1s brillantes<\/h2>\n<p><strong>Incre\u00edble. <\/strong>un verdadero m\u00e1s all\u00e1 <strong>Lo m\u00e1s destacado para cazadores por unos 1.000 euros<br \/>\n<\/strong><\/p>\n<p>M\u00e1s brillante <strong>Brilliance <\/strong>en el<strong> Reproducci\u00f3n crom\u00e1tica<\/strong>, <strong>M\u00e1xima resoluci\u00f3n y gran contraste<\/strong> relacionado con <strong>campo de visi\u00f3n extremadamente amplio ense\u00f1an a la competencia premium por las malas.<\/strong><\/p>\n<p><strong>Nuestra opini\u00f3n:<\/strong> En <strong>El vidrio es una incre\u00edble locura de imagen<\/strong> - y - en el <strong>En definitiva, unos prism\u00e1ticos con una relaci\u00f3n calidad-precio dif\u00edcil de superar en la actualidad.<\/strong><\/p>\n<p>En <strong>EDX 8,5\u00d750 ofrece a su propietario las m\u00e1ximas prestaciones \u00f3pticas, alta calidad, ergonom\u00eda y robustez<\/strong> - y eso con el menor peso. La resoluci\u00f3n es de primera clase.<\/p>\n<p>La llamada correcci\u00f3n apocrom\u00e1tica (APO) evita de forma fiable las franjas de color en las transiciones claro-oscuro en el EDX 8,5\u00d750. En <strong>Pupila de salida de 5,88 mm<\/strong> es ideal para su uso en la penumbra. El 50mm <strong>Di\u00e1metro de la lente<\/strong> es ideal para el crep\u00fasculo - incluso para <strong>Otras observaciones de la naturaleza<\/strong> con 8,5 aumentos.<\/p>\n<\/div>\n\t\t<\/div>\n\t\t\t\t\n<style>\n#col-934895160 > .col-inner {\n  margin: 0px 0px -30px 0px;\n}\n<\/style>\n\t<\/div>\n\n\t\n\n\t<div id=\"col-541703833\" class=\"col medium-4 small-12 large-4\"  >\n\t\t\t\t<div class=\"col-inner\"  >\n\t\t\t\n\t\t\t\n\t<div class=\"img has-hover x md-x lg-x y md-y lg-y\" id=\"image_581732987\">\n\t\t\t\t\t\t\t\t<div class=\"img-inner dark\" >\n\t\t\t\t\t\t\t\t\t\n\t\t\t\t\t<\/div>\n\t\t\t\t\t\t\t\t\n<style>\n#image_581732987 {\n  width: 100%;\n}\n<\/style>\n\t<\/div>\n\t\n\t<div class=\"img has-hover x md-x lg-x y md-y lg-y\" id=\"image_766465778\">\n\t\t<a class=\"\" href=\"https:\/\/www.shop.ddoptics.de\/garantiebestimmungen\" target=\"_blank\" rel=\"noopener\">\t\t\t\t\t\t<div class=\"img-inner dark\" >\n\t\t\t<img decoding=\"async\" width=\"352\" height=\"160\" src=\"https:\/\/ddoptics.shop\/wp-content\/uploads\/2014\/09\/DDoptics-Garantie.jpg\" class=\"attachment-large size-large\" alt=\"Garant\u00eda DDoptics\" srcset=\"https:\/\/ddoptics.shop\/wp-content\/uploads\/2014\/09\/DDoptics-Garantie.jpg 352w, https:\/\/ddoptics.shop\/wp-content\/uploads\/2014\/09\/DDoptics-Garantie-304x138.jpg 304w, https:\/\/ddoptics.shop\/wp-content\/uploads\/2014\/09\/DDoptics-Garantie-305x139.jpg 305w, https:\/\/ddoptics.shop\/wp-content\/uploads\/2014\/09\/DDoptics-Garantie-250x114.jpg 250w\" sizes=\"(max-width: 352px) 100vw, 352px\" title=\"\">\t\t\t\t\t\t\n\t\t\t\t\t<\/div>\n\t\t\t\t\t\t<\/a>\t\t\n<style>\n#image_766465778 {\n  width: 100%;\n}\n<\/style>\n\t<\/div>\n\t\n<h3>Datos sobre los prism\u00e1ticos DDoptics EDX<\/h3>\n\n\t\t<div class=\"icon-box featured-box icon-box-left text-left\"  >\n\t\t\t\t\t<div class=\"icon-box-img\" style=\"width: 32px\">\n\t\t\t\t<div class=\"icon\">\n\t\t\t\t\t<div class=\"icon-inner\" >\n\t\t\t\t\t\t<img decoding=\"async\" width=\"100\" height=\"83\" src=\"https:\/\/ddoptics.shop\/wp-content\/uploads\/2021\/05\/DDoptics-SHG-Icon.jpg\" class=\"attachment-medium size-medium\" alt=\"Prism\u00e1ticos DDoptics SHG Icon\" title=\"\">\t\t\t\t\t<\/div>\n\t\t\t\t<\/div>\n\t\t\t<\/div>\n\t\t\t\t<div class=\"icon-box-text last-reset\">\n\t\t\t\t\t\t\t\t\t\n<p><span data-sheets-value=\"{&quot;1&quot;:2,&quot;2&quot;:&quot;\u2705&quot;}\" data-sheets-userformat=\"{&quot;2&quot;:15297,&quot;3&quot;:{&quot;1&quot;:0},&quot;9&quot;:0,&quot;10&quot;:2,&quot;11&quot;:0,&quot;12&quot;:0,&quot;14&quot;:{&quot;1&quot;:2,&quot;2&quot;:0},&quot;15&quot;:&quot;Calibri, sans-serif&quot;,&quot;16&quot;:11}\">\u2705 <strong>Im\u00e1genes de gran pureza y colores reales<\/strong><\/span><\/p>\n\t\t<\/div>\n\t<\/div>\n\t\n\t\n\n\t\t<div class=\"icon-box featured-box icon-box-left text-left\"  >\n\t\t\t\t\t<div class=\"icon-box-img\" style=\"width: 32px\">\n\t\t\t\t<div class=\"icon\">\n\t\t\t\t\t<div class=\"icon-inner\" >\n\t\t\t\t\t\t<img decoding=\"async\" width=\"100\" height=\"83\" src=\"https:\/\/ddoptics.shop\/wp-content\/uploads\/2021\/05\/DDoptics-SHG-Icon.jpg\" class=\"attachment-medium size-medium\" alt=\"Prism\u00e1ticos DDoptics SHG Icon\" title=\"\">\t\t\t\t\t<\/div>\n\t\t\t\t<\/div>\n\t\t\t<\/div>\n\t\t\t\t<div class=\"icon-box-text last-reset\">\n\t\t\t\t\t\t\t\t\t\n<p>\u2705 <span data-sheets-value=\"{&quot;1&quot;:2,&quot;2&quot;:&quot;\u2705&quot;}\" data-sheets-userformat=\"{&quot;2&quot;:15297,&quot;3&quot;:{&quot;1&quot;:0},&quot;9&quot;:0,&quot;10&quot;:2,&quot;11&quot;:0,&quot;12&quot;:0,&quot;14&quot;:{&quot;1&quot;:2,&quot;2&quot;:0},&quot;15&quot;:&quot;Calibri, sans-serif&quot;,&quot;16&quot;:11}\">S\u00f3lo 868 gramos<\/span><\/p>\n\t\t<\/div>\n\t<\/div>\n\t\n\t\n\n\t\t<div class=\"icon-box featured-box icon-box-left text-left\"  >\n\t\t\t\t\t<div class=\"icon-box-img\" style=\"width: 32px\">\n\t\t\t\t<div class=\"icon\">\n\t\t\t\t\t<div class=\"icon-inner\" >\n\t\t\t\t\t\t<img decoding=\"async\" width=\"100\" height=\"83\" src=\"https:\/\/ddoptics.shop\/wp-content\/uploads\/2021\/05\/DDoptics-SHG-Icon.jpg\" class=\"attachment-medium size-medium\" alt=\"Prism\u00e1ticos DDoptics SHG Icon\" title=\"\">\t\t\t\t\t<\/div>\n\t\t\t\t<\/div>\n\t\t\t<\/div>\n\t\t\t\t<div class=\"icon-box-text last-reset\">\n\t\t\t\t\t\t\t\t\t\n<p>\u2705 <span data-sheets-value=\"{&quot;1&quot;:2,&quot;2&quot;:&quot;\u2705&quot;}\" data-sheets-userformat=\"{&quot;2&quot;:15297,&quot;3&quot;:{&quot;1&quot;:0},&quot;9&quot;:0,&quot;10&quot;:2,&quot;11&quot;:0,&quot;12&quot;:0,&quot;14&quot;:{&quot;1&quot;:2,&quot;2&quot;:0},&quot;15&quot;:&quot;Calibri, sans-serif&quot;,&quot;16&quot;:11}\">DDlucida remuneraci\u00f3n<\/span><\/p>\n\t\t<\/div>\n\t<\/div>\n\t\n\t\n\n\t\t<div class=\"icon-box featured-box icon-box-left text-left\"  >\n\t\t\t\t\t<div class=\"icon-box-img\" style=\"width: 32px\">\n\t\t\t\t<div class=\"icon\">\n\t\t\t\t\t<div class=\"icon-inner\" >\n\t\t\t\t\t\t<img decoding=\"async\" width=\"100\" height=\"83\" src=\"https:\/\/ddoptics.shop\/wp-content\/uploads\/2021\/05\/DDoptics-SHG-Icon.jpg\" class=\"attachment-medium size-medium\" alt=\"Prism\u00e1ticos DDoptics SHG Icon\" title=\"\">\t\t\t\t\t<\/div>\n\t\t\t\t<\/div>\n\t\t\t<\/div>\n\t\t\t\t<div class=\"icon-box-text last-reset\">\n\t\t\t\t\t\t\t\t\t\n<p>\u2705 <span data-sheets-value=\"{&quot;1&quot;:2,&quot;2&quot;:&quot;\u2705&quot;}\" data-sheets-userformat=\"{&quot;2&quot;:15297,&quot;3&quot;:{&quot;1&quot;:0},&quot;9&quot;:0,&quot;10&quot;:2,&quot;11&quot;:0,&quot;12&quot;:0,&quot;14&quot;:{&quot;1&quot;:2,&quot;2&quot;:0},&quot;15&quot;:&quot;Calibri, sans-serif&quot;,&quot;16&quot;:11}\">Excelente definici\u00f3n de los bordes<\/span><\/p>\n\t\t<\/div>\n\t<\/div>\n\t\n\t\n\n\t\t<div class=\"icon-box featured-box icon-box-left text-left\"  >\n\t\t\t\t\t<div class=\"icon-box-img\" style=\"width: 32px\">\n\t\t\t\t<div class=\"icon\">\n\t\t\t\t\t<div class=\"icon-inner\" >\n\t\t\t\t\t\t<img decoding=\"async\" width=\"100\" height=\"83\" src=\"https:\/\/ddoptics.shop\/wp-content\/uploads\/2021\/05\/DDoptics-SHG-Icon.jpg\" class=\"attachment-medium size-medium\" alt=\"Prism\u00e1ticos DDoptics SHG Icon\" title=\"\">\t\t\t\t\t<\/div>\n\t\t\t\t<\/div>\n\t\t\t<\/div>\n\t\t\t\t<div class=\"icon-box-text last-reset\">\n\t\t\t\t\t\t\t\t\t\n<p>\u2705 <span data-sheets-value=\"{&quot;1&quot;:2,&quot;2&quot;:&quot;\u2705&quot;}\" data-sheets-userformat=\"{&quot;2&quot;:15297,&quot;3&quot;:{&quot;1&quot;:0},&quot;9&quot;:0,&quot;10&quot;:2,&quot;11&quot;:0,&quot;12&quot;:0,&quot;14&quot;:{&quot;1&quot;:2,&quot;2&quot;:0},&quot;15&quot;:&quot;Calibri, sans-serif&quot;,&quot;16&quot;:11}\">Prismas Schmidt-Pechan<\/span><\/p>\n\t\t<\/div>\n\t<\/div>\n\t\n\t\n\n\t\t<div class=\"icon-box featured-box icon-box-left text-left\"  >\n\t\t\t\t\t<div class=\"icon-box-img\" style=\"width: 32px\">\n\t\t\t\t<div class=\"icon\">\n\t\t\t\t\t<div class=\"icon-inner\" >\n\t\t\t\t\t\t<img decoding=\"async\" width=\"100\" height=\"83\" src=\"https:\/\/ddoptics.shop\/wp-content\/uploads\/2021\/05\/DDoptics-SHG-Icon.jpg\" class=\"attachment-medium size-medium\" alt=\"Prism\u00e1ticos DDoptics SHG Icon\" title=\"\">\t\t\t\t\t<\/div>\n\t\t\t\t<\/div>\n\t\t\t<\/div>\n\t\t\t\t<div class=\"icon-box-text last-reset\">\n\t\t\t\t\t\t\t\t\t\n<p>\u2705 <span data-sheets-value=\"{&quot;1&quot;:2,&quot;2&quot;:&quot;\u2705&quot;}\" data-sheets-userformat=\"{&quot;2&quot;:15297,&quot;3&quot;:{&quot;1&quot;:0},&quot;9&quot;:0,&quot;10&quot;:2,&quot;11&quot;:0,&quot;12&quot;:0,&quot;14&quot;:{&quot;1&quot;:2,&quot;2&quot;:0},&quot;15&quot;:&quot;Calibri, sans-serif&quot;,&quot;16&quot;:11}\">Enfoque r\u00e1pido<\/span><\/p>\n\t\t<\/div>\n\t<\/div>\n\t\n\t\n\t\t<\/div>\n\t\t\t\t\t<\/div>\n\n\t\n<\/div>\n<h3>Cristal ED en el DDoptics EDX 8,5\u00d750: imagen brillante y resoluci\u00f3n n\u00edtida<\/h3>\n<p>En <strong>sistema de prisma de techo de eficacia probada (Schmidt Pechan)<\/strong> en combinaci\u00f3n con una <strong>Tipos de vidrio<\/strong> armoniza la imagen y proporciona al espectador una experiencia de imagen absoluta. El revestimiento de correcci\u00f3n de fase PHC140 recientemente desarrollado para el EDX elimina el 99% de todos los efectos \u00f3pticos de onda no deseados.<\/p>\n<p>El resultado son colores brillantes perfectamente coordinados.<\/p>\n<h3>El innovador revestimiento de la lente garantiza unos contornos n\u00edtidos en los prism\u00e1ticos 8,5\u00d750<\/h3>\n<p>Una garant\u00eda adicional para ello es la <strong>Revestimiento especial DDlucid<\/strong>. Ambas superficies del techo del prisma de techo Schmidt-Pechan han sido recubiertas con \u00e9l. Este revestimiento, originario de la industria fotogr\u00e1fica japonesa, es un perfeccionamiento del conocido y probado revestimiento ELR (Extra Low Reflection). DDlucid es, por tanto, un <strong>de los revestimientos m\u00e1s eficaces para prism\u00e1ticos y exclusivamente prism\u00e1ticos premium<\/strong> reservado.<\/p>\n<h3>Peque\u00f1o, ligero y fiable: un compa\u00f1ero para toda la vida<\/h3>\n<p>Especialmente cuando se utiliza en monta\u00f1a, se exigen grandes dosis de robustez y ligereza. Todo es sencillo para el EDX 8,5\u00d750. Gracias a materiales como el aluminio magn\u00e9sico y el policarbonato, el cristal es extremadamente resistente a los golpes, absolutamente <strong>impermeable y antivaho.<\/strong> La armadura de goma antideslizante de caucho natural garantiza un gran agarre y resistencia al deslizamiento.<\/p>\n<p>Con s\u00f3lo <strong>Todo el rango de enfoque se puede ajustar 1,5 vueltas<\/strong>. Esto garantiza la captura m\u00e1s r\u00e1pida de los detalles.<\/p>\n<h3>DDoptics EDX 8,5\u00d750 - prism\u00e1ticos para usuarios con gafas - campo de visi\u00f3n completo<\/h3>\n<p>El ajuste de dioptr\u00edas para usuarios de gafas se encuentra en el ocular derecho. <strong>Las 4 posiciones de la rejilla pueden fijarse firmemente.<\/strong> Es posible un ajuste involuntario.<\/p>\n<h3>Uso recomendado DDoptics EDX 8,5\u00d750<\/h3>\n<p>Nitidez constante hasta el borde de la imagen y la <strong>El gran campo de visi\u00f3n de 102 metros ofrece a los aficionados a las actividades al aire libre, excursionistas, ornit\u00f3logos y cazadores de monta\u00f1a experiencias de imagen al m\u00e1s alto nivel.<\/strong><\/p>","protected":false},"excerpt":{"rendered":"<p><img decoding=\"async\" class=\"alignnone wp-image-10471 size-full\" title=\"Caza - caza de pieles\" src=\"https:\/\/ddoptics.shop\/wp-content\/uploads\/2016\/04\/Ansitz-Jagd.jpg\" alt=\"Stand de caza\" width=\"50\" height=\"50\" \/><img decoding=\"async\" class=\"alignnone wp-image-10166 size-full\" title=\"Caza nocturna\" src=\"https:\/\/ddoptics.shop\/wp-content\/uploads\/2016\/09\/Astronomie-klein.jpg\" alt=\"Prism\u00e1ticos astron\u00f3micos\" width=\"50\" height=\"50\" \/><br \/>\nHa nacido una nueva estrella crepuscular. El 8,5x <strong>referencia ligera de DDoptics con objetivo de 50 mm con locura de imagen.<\/strong><\/p>","protected":false},"featured_media":1785,"comment_status":"open","ping_status":"closed","template":"","meta":{"inline_featured_image":false,"footnotes":""},"product_brand":[],"product_cat":[363,350,329,67,345],"product_tag":[85,78,86,564,84],"class_list":{"0":"post-1781","1":"product","2":"type-product","3":"status-publish","4":"has-post-thumbnail","6":"product_cat-50-mm-objektiv","7":"product_cat-85x-vergroesserung","8":"product_cat-ddoptics","9":"product_cat-fernglas","10":"product_cat-jagd-und-wild","11":"product_tag-8-5x50","12":"product_tag-ddoptics","13":"product_tag-edx","14":"product_tag-fernglas-8-5x50","15":"product_tag-nachtfernglas","16":"product_shipping_class-paket","17":"pa_brand-marke-ddoptics","18":"pa_farbe-schwarz","19":"pa_produkt-typ-fernglas","21":"first","22":"instock","23":"sale","24":"taxable","25":"shipping-taxable","26":"purchasable","27":"product-type-simple"},"bundled_by":[],"bundle_stock_status":"instock","bundle_stock_quantity":49,"bundle_virtual":false,"bundle_layout":"","bundle_add_to_cart_form_location":"","bundle_editable_in_cart":false,"bundle_sold_individually_context":"","bundle_item_grouping":"","bundle_min_size":"","bundle_max_size":"","bundle_price":[],"bundled_items":[],"bundle_sell_ids":[],"_links":{"self":[{"href":"https:\/\/ddoptics.shop\/es\/wp-json\/wp\/v2\/product\/1781","targetHints":{"allow":["GET"]}}],"collection":[{"href":"https:\/\/ddoptics.shop\/es\/wp-json\/wp\/v2\/product"}],"about":[{"href":"https:\/\/ddoptics.shop\/es\/wp-json\/wp\/v2\/types\/product"}],"replies":[{"embeddable":true,"href":"https:\/\/ddoptics.shop\/es\/wp-json\/wp\/v2\/comments?post=1781"}],"version-history":[{"count":7,"href":"https:\/\/ddoptics.shop\/es\/wp-json\/wp\/v2\/product\/1781\/revisions"}],"predecessor-version":[{"id":28576,"href":"https:\/\/ddoptics.shop\/es\/wp-json\/wp\/v2\/product\/1781\/revisions\/28576"}],"wp:featuredmedia":[{"embeddable":true,"href":"https:\/\/ddoptics.shop\/es\/wp-json\/wp\/v2\/media\/1785"}],"wp:attachment":[{"href":"https:\/\/ddoptics.shop\/es\/wp-json\/wp\/v2\/media?parent=1781"}],"wp:term":[{"taxonomy":"product_brand","embeddable":true,"href":"https:\/\/ddoptics.shop\/es\/wp-json\/wp\/v2\/product_brand?post=1781"},{"taxonomy":"product_cat","embeddable":true,"href":"https:\/\/ddoptics.shop\/es\/wp-json\/wp\/v2\/product_cat?post=1781"},{"taxonomy":"product_tag","embeddable":true,"href":"https:\/\/ddoptics.shop\/es\/wp-json\/wp\/v2\/product_tag?post=1781"}],"curies":[{"name":"wp","href":"https:\/\/api.w.org\/{rel}","templated":true}]}}