{"id":1877,"date":"2016-04-12T12:05:48","date_gmt":"2016-04-12T10:05:48","guid":{"rendered":"https:\/\/beta.optik-sport-shop.at\/kaufen\/fernglas-ddoptics-edx-8x30-fieldstar\/"},"modified":"2025-10-06T13:33:39","modified_gmt":"2025-10-06T11:33:39","slug":"ddoptics-prismaticos-edx-8x30-fieldstar","status":"publish","type":"product","link":"https:\/\/ddoptics.shop\/es\/kaufen\/ddoptics-fernglas-edx-8x30-fieldstar\/","title":{"rendered":"Prism\u00e1ticos DDoptics EDX 8\u00d730 Fieldstar"},"content":{"rendered":"<div class=\"row\"  id=\"row-108099610\">\n\n\t<div id=\"col-503113846\" class=\"col medium-8 small-12 large-8\"  >\n\t\t\t\t<div class=\"col-inner\"  >\n\t\t\t\n\t\t\t\n<h2>Prism\u00e1ticos DDoptics EDX 8\u00d730 Fieldstar | maravillosa \u00f3ptica superior a un gran precio<\/h2>\n<p>Adem\u00e1s del <strong>bajo peso<\/strong> el observador descubre con este <strong>prism\u00e1ticos<\/strong> colores e im\u00e1genes brillantes perfectamente coordinados.<\/p>\n<p>Para ello en el <strong>sistema de prisma de tejado de eficacia probada<\/strong>\u00a0(Schmidt Pechan) son prism\u00e1ticos <strong>Tipos de vidrio completamente nuevos<\/strong> se ha utilizado.<\/p>\n<p>Resultado: Este innovador cristal ED (dispersi\u00f3n extra baja) reduce las franjas de color incluso mejor que los cristales ED utilizados anteriormente. La lente utilizada para el<strong> EDX 8\u00d730<\/strong> Nuevo revestimiento de correcci\u00f3n de fase PHC140 <strong>Evita el 99% de los efectos \u00f3pticos no deseados de las ondas<\/strong> y evita as\u00ed el m\u00e1s m\u00ednimo desenfoque.<\/p>\n<h3>C\u00f3modo manejo de los prism\u00e1ticos 8\u00d730<\/h3>\n<p>Gracias a la <strong>bajo peso<\/strong> y sus reducidas dimensiones, estos prism\u00e1ticos caben en cualquier mochila y no estorban ni siquiera en los viajes m\u00e1s largos. La dioptr\u00eda para enfocar se encuentra en el ocular derecho.<\/p>\n<p>Los errores de funcionamiento quedan descartados gracias a la sencillez de este dise\u00f1o. <strong>Usuario de gafas<\/strong> los oculares pueden ajustarse convenientemente para que un <strong>Distancia interpupilar perfecta<\/strong> y una p\u00e9rdida de la amplia <strong>Campo de visi\u00f3n (150,5 m)<\/strong> se evita. Las posiciones de la rejilla pueden fijarse firmemente. El ajuste involuntario es imposible gracias al mecanismo claramente definido.<\/p>\n\t\t<\/div>\n\t\t\t\t\n<style>\n#col-503113846 > .col-inner {\n  margin: 0px 0px -30px 0px;\n}\n<\/style>\n\t<\/div>\n\n\t\n\n\t<div id=\"col-1142881308\" class=\"col medium-4 small-12 large-4\"  >\n\t\t\t\t<div class=\"col-inner\"  >\n\t\t\t\n\t\t\t\n\t<div class=\"img has-hover x md-x lg-x y md-y lg-y\" id=\"image_1483121000\">\n\t\t\t\t\t\t\t\t<div class=\"img-inner dark\" >\n\t\t\t\t\t\t\t\t\t\n\t\t\t\t\t<\/div>\n\t\t\t\t\t\t\t\t\n<style>\n#image_1483121000 {\n  width: 100%;\n}\n<\/style>\n\t<\/div>\n\t\n\t<div class=\"img has-hover x md-x lg-x y md-y lg-y\" id=\"image_1193287788\">\n\t\t<a class=\"\" href=\"https:\/\/www.shop.ddoptics.de\/garantiebestimmungen\" target=\"_blank\" rel=\"noopener\">\t\t\t\t\t\t<div class=\"img-inner dark\" >\n\t\t\t<img decoding=\"async\" width=\"352\" height=\"160\" src=\"https:\/\/ddoptics.shop\/wp-content\/uploads\/2014\/09\/DDoptics-Garantie.jpg\" class=\"attachment-large size-large\" alt=\"Garant\u00eda DDoptics\" srcset=\"https:\/\/ddoptics.shop\/wp-content\/uploads\/2014\/09\/DDoptics-Garantie.jpg 352w, https:\/\/ddoptics.shop\/wp-content\/uploads\/2014\/09\/DDoptics-Garantie-304x138.jpg 304w, https:\/\/ddoptics.shop\/wp-content\/uploads\/2014\/09\/DDoptics-Garantie-305x139.jpg 305w, https:\/\/ddoptics.shop\/wp-content\/uploads\/2014\/09\/DDoptics-Garantie-250x114.jpg 250w\" sizes=\"(max-width: 352px) 100vw, 352px\" title=\"\">\t\t\t\t\t\t\n\t\t\t\t\t<\/div>\n\t\t\t\t\t\t<\/a>\t\t\n<style>\n#image_1193287788 {\n  width: 100%;\n}\n<\/style>\n\t<\/div>\n\t\n<h3>Datos sobre los prism\u00e1ticos DDoptics EDX<\/h3>\n\n\t\t<div class=\"icon-box featured-box icon-box-left text-left\"  >\n\t\t\t\t\t<div class=\"icon-box-img\" style=\"width: 32px\">\n\t\t\t\t<div class=\"icon\">\n\t\t\t\t\t<div class=\"icon-inner\" >\n\t\t\t\t\t\t<img decoding=\"async\" width=\"100\" height=\"83\" src=\"https:\/\/ddoptics.shop\/wp-content\/uploads\/2021\/05\/DDoptics-SHG-Icon.jpg\" class=\"attachment-medium size-medium\" alt=\"Prism\u00e1ticos DDoptics SHG Icon\" title=\"\">\t\t\t\t\t<\/div>\n\t\t\t\t<\/div>\n\t\t\t<\/div>\n\t\t\t\t<div class=\"icon-box-text last-reset\">\n\t\t\t\t\t\t\t\t\t\n<p>\u2705 Campo de visi\u00f3n inigualable de 150,5 m<\/p>\n\t\t<\/div>\n\t<\/div>\n\t\n\t\n\n\t\t<div class=\"icon-box featured-box icon-box-left text-left\"  >\n\t\t\t\t\t<div class=\"icon-box-img\" style=\"width: 32px\">\n\t\t\t\t<div class=\"icon\">\n\t\t\t\t\t<div class=\"icon-inner\" >\n\t\t\t\t\t\t<img decoding=\"async\" width=\"100\" height=\"83\" src=\"https:\/\/ddoptics.shop\/wp-content\/uploads\/2021\/05\/DDoptics-SHG-Icon.jpg\" class=\"attachment-medium size-medium\" alt=\"Prism\u00e1ticos DDoptics SHG Icon\" title=\"\">\t\t\t\t\t<\/div>\n\t\t\t\t<\/div>\n\t\t\t<\/div>\n\t\t\t\t<div class=\"icon-box-text last-reset\">\n\t\t\t\t\t\t\t\t\t\n<p>\u2705 DDlucidar la remuneraci\u00f3n<\/p>\n\t\t<\/div>\n\t<\/div>\n\t\n\t\n\n\t\t<div class=\"icon-box featured-box icon-box-left text-left\"  >\n\t\t\t\t\t<div class=\"icon-box-img\" style=\"width: 32px\">\n\t\t\t\t<div class=\"icon\">\n\t\t\t\t\t<div class=\"icon-inner\" >\n\t\t\t\t\t\t<img decoding=\"async\" width=\"100\" height=\"83\" src=\"https:\/\/ddoptics.shop\/wp-content\/uploads\/2021\/05\/DDoptics-SHG-Icon.jpg\" class=\"attachment-medium size-medium\" alt=\"Prism\u00e1ticos DDoptics SHG Icon\" title=\"\">\t\t\t\t\t<\/div>\n\t\t\t\t<\/div>\n\t\t\t<\/div>\n\t\t\t\t<div class=\"icon-box-text last-reset\">\n\t\t\t\t\t\t\t\t\t\n<p>Espejo diel\u00e9ctrico<\/p>\n\t\t<\/div>\n\t<\/div>\n\t\n\t\n\n\t\t<div class=\"icon-box featured-box icon-box-left text-left\"  >\n\t\t\t\t\t<div class=\"icon-box-img\" style=\"width: 32px\">\n\t\t\t\t<div class=\"icon\">\n\t\t\t\t\t<div class=\"icon-inner\" >\n\t\t\t\t\t\t<img decoding=\"async\" width=\"100\" height=\"83\" src=\"https:\/\/ddoptics.shop\/wp-content\/uploads\/2021\/05\/DDoptics-SHG-Icon.jpg\" class=\"attachment-medium size-medium\" alt=\"Prism\u00e1ticos DDoptics SHG Icon\" title=\"\">\t\t\t\t\t<\/div>\n\t\t\t\t<\/div>\n\t\t\t<\/div>\n\t\t\t\t<div class=\"icon-box-text last-reset\">\n\t\t\t\t\t\t\t\t\t\n<p>ED Appochromat<\/p>\n\t\t<\/div>\n\t<\/div>\n\t\n\t\n\n\t\t<div class=\"icon-box featured-box icon-box-left text-left\"  >\n\t\t\t\t\t<div class=\"icon-box-img\" style=\"width: 32px\">\n\t\t\t\t<div class=\"icon\">\n\t\t\t\t\t<div class=\"icon-inner\" >\n\t\t\t\t\t\t<img decoding=\"async\" width=\"100\" height=\"83\" src=\"https:\/\/ddoptics.shop\/wp-content\/uploads\/2021\/05\/DDoptics-SHG-Icon.jpg\" class=\"attachment-medium size-medium\" alt=\"Prism\u00e1ticos DDoptics SHG Icon\" title=\"\">\t\t\t\t\t<\/div>\n\t\t\t\t<\/div>\n\t\t\t<\/div>\n\t\t\t\t<div class=\"icon-box-text last-reset\">\n\t\t\t\t\t\t\t\t\t\n<p>S\u00f3lo 460 g<\/p>\n\t\t<\/div>\n\t<\/div>\n\t\n\t\n\n\t\t<div class=\"icon-box featured-box icon-box-left text-left\"  >\n\t\t\t\t\t<div class=\"icon-box-img\" style=\"width: 32px\">\n\t\t\t\t<div class=\"icon\">\n\t\t\t\t\t<div class=\"icon-inner\" >\n\t\t\t\t\t\t<img decoding=\"async\" width=\"100\" height=\"83\" src=\"https:\/\/ddoptics.shop\/wp-content\/uploads\/2021\/05\/DDoptics-SHG-Icon.jpg\" class=\"attachment-medium size-medium\" alt=\"Prism\u00e1ticos DDoptics SHG Icon\" title=\"\">\t\t\t\t\t<\/div>\n\t\t\t\t<\/div>\n\t\t\t<\/div>\n\t\t\t\t<div class=\"icon-box-text last-reset\">\n\t\t\t\t\t\t\t\t\t\n<p>\u2705 N\u00edtido desde 1,2 m<\/p>\n\t\t<\/div>\n\t<\/div>\n\t\n\t\n<div class=\"is-divider divider clearfix\" ><\/div>\n\t\t<\/div>\n\t\t\t\t\t<\/div>\n\n\t\n<\/div>\n<h3 class=\"product-title product_title entry-title\">DDoptics EDX 8\u00d730 Un revestimiento innovador garantiza contornos n\u00edtidos<\/h3>\n<p>En el <strong>EDX 8\u00d730<\/strong> la imagen \u00f3ptica se crear\u00e1 seg\u00fan el estado actual de la t\u00e9cnica en\u00a0<strong>resoluci\u00f3n m\u00e1xima<\/strong> detallada y sin borrosidad en los bordes. As\u00ed lo garantiza el <strong>Revestimiento especial DDlucid<\/strong>con las que se dotan adicionalmente las dos superficies de techo del prisma de techo Schmidt-Pechan.<\/p>\n<p>Estos de la <strong>remuneraci\u00f3n procedente de la industria fotogr\u00e1fica japonesa<\/strong> es un perfeccionamiento del conocido y probado revestimiento ELR (Extra Low Reflection). DDlucid es uno de los revestimientos m\u00e1s eficaces para binoculares. En la actualidad, s\u00f3lo los prism\u00e1ticos de alta gama disponen de revestimientos tan avanzados.<\/p>\n<h3>Ligeros prism\u00e1ticos todoterreno 8x con un enorme campo de visi\u00f3n<\/h3>\n<p>Con esta lente, DDoptics ha prestado especial atenci\u00f3n a lograr un <strong>Gran campo de visi\u00f3n<\/strong> establecido. El resultado de este desarrollo es un <strong>incre\u00edble campo de visi\u00f3n de 150,5<\/strong> m con 8 aumentos. Esto permite al usuario observar objetos a una distancia de 1.000 metros y de un vistazo en un espacio que es aproximadamente una vez y media la longitud de un campo de f\u00fatbol.<\/p>\n<p>Se trata de un resultado r\u00e9cord para unos prism\u00e1ticos de la categor\u00eda 8\u00d730. Cabe destacar que, a pesar del <strong>gran campo de visi\u00f3n, apenas se detectan distorsiones<\/strong> y la imagen es n\u00edtida hasta los bordes.<\/p>\n<h3>Prism\u00e1ticos EDX 8\u00d730 - Robustos y t\u00e9cnicamente perfectos<\/h3>\n<p><strong>Alpinistas y aficionados a las actividades al aire libre<\/strong> el \"EDX Fieldstar 8\u00d730\" ofrece una experiencia especial en la naturaleza, y no s\u00f3lo por su ampl\u00edsimo campo de visi\u00f3n. Los prismas tambi\u00e9n est\u00e1n equipados con un espejo diel\u00e9ctrico, que confiere a los prism\u00e1ticos una calidad especial. <strong>Transmisi\u00f3n total de hasta m\u00e1s de 91,7%<\/strong> es posible. La luz par\u00e1sita se reduce eficazmente gracias a un revestimiento especial en el interior de los prism\u00e1ticos. <strong>Prism\u00e1ticos exclusivamente premium<\/strong> cuentan actualmente con sistemas de remuneraci\u00f3n tan desarrollados.<\/p>\n<p>En <strong>Carcasa binocular<\/strong> consiste en una aleaci\u00f3n de aluminio, combinada con <strong>carbonatos y est\u00e1 recubierto por una armadura de caucho.<\/strong> recubierto. Esto no s\u00f3lo garantiza la durabilidad, sino tambi\u00e9n <strong>Agarre y resistencia al deslizamiento significativamente mayores.<\/strong> La aleaci\u00f3n met\u00e1lica indestructible de los oculares ajustables garantiza una durabilidad sin desgaste y protege los oculares de forma \u00f3ptima. Como todos los prism\u00e1ticos DDoptics, el EDX 8\u00d730 es, por supuesto, completamente resistente al agua y a la niebla.<\/p>","protected":false},"excerpt":{"rendered":"<p><img decoding=\"async\" class=\"alignnone wp-image-10180 size-full\" title=\"Senderismo\" src=\"https:\/\/ddoptics.shop\/wp-content\/uploads\/2016\/04\/Bergwandern-klein.jpg\" alt=\"Prism\u00e1ticos de monta\u00f1a\" width=\"50\" height=\"50\" \/><img decoding=\"async\" class=\"alignnone wp-image-10178 size-full\" title=\"Observaci\u00f3n de animales Caza de monta\u00f1a\" src=\"https:\/\/ddoptics.shop\/wp-content\/uploads\/2016\/04\/Gebirgsjagd-klein.jpg\" alt=\"Prism\u00e1ticos de caza de monta\u00f1a\" width=\"50\" height=\"50\" \/><img decoding=\"async\" class=\"alignnone wp-image-10170 size-full\" title=\"Observaci\u00f3n de aves\" src=\"https:\/\/ddoptics.shop\/wp-content\/uploads\/2016\/09\/Ornitologie-klein.jpg\" alt=\"Observaci\u00f3n de aves\" width=\"50\" height=\"50\" \/><br \/>\nHa nacido una nueva estrella El \u00f3ctuple <strong>Referencia ligera con locura de im\u00e1genes<\/strong>.<\/p>","protected":false},"featured_media":1880,"comment_status":"open","ping_status":"closed","template":"","meta":{"inline_featured_image":false,"footnotes":""},"product_brand":[],"product_cat":[359,349,329,67,345,346],"product_tag":[90,152,561,78,86],"class_list":{"0":"post-1877","1":"product","2":"type-product","3":"status-publish","4":"has-post-thumbnail","6":"product_cat-30-mm-objektiv","7":"product_cat-8x-vergroesserung","8":"product_cat-ddoptics","9":"product_cat-fernglas","10":"product_cat-jagd-und-wild","11":"product_cat-wandern-und-reisen","12":"product_tag-8-fach-vergroesserung","13":"product_tag-8x30","14":"product_tag-8x30-fernglas","15":"product_tag-ddoptics","16":"product_tag-edx","17":"product_shipping_class-paket","18":"pa_brand-marke-ddoptics","19":"pa_farbe-schwarz","20":"pa_produkt-typ-fernglas","22":"first","23":"instock","24":"sale","25":"taxable","26":"shipping-taxable","27":"purchasable","28":"product-type-simple"},"bundled_by":[],"bundle_stock_status":"instock","bundle_stock_quantity":null,"bundle_virtual":false,"bundle_layout":"","bundle_add_to_cart_form_location":"","bundle_editable_in_cart":false,"bundle_sold_individually_context":"","bundle_item_grouping":"","bundle_min_size":"","bundle_max_size":"","bundle_price":[],"bundled_items":[],"bundle_sell_ids":[],"_links":{"self":[{"href":"https:\/\/ddoptics.shop\/es\/wp-json\/wp\/v2\/product\/1877","targetHints":{"allow":["GET"]}}],"collection":[{"href":"https:\/\/ddoptics.shop\/es\/wp-json\/wp\/v2\/product"}],"about":[{"href":"https:\/\/ddoptics.shop\/es\/wp-json\/wp\/v2\/types\/product"}],"replies":[{"embeddable":true,"href":"https:\/\/ddoptics.shop\/es\/wp-json\/wp\/v2\/comments?post=1877"}],"version-history":[{"count":6,"href":"https:\/\/ddoptics.shop\/es\/wp-json\/wp\/v2\/product\/1877\/revisions"}],"predecessor-version":[{"id":29188,"href":"https:\/\/ddoptics.shop\/es\/wp-json\/wp\/v2\/product\/1877\/revisions\/29188"}],"wp:featuredmedia":[{"embeddable":true,"href":"https:\/\/ddoptics.shop\/es\/wp-json\/wp\/v2\/media\/1880"}],"wp:attachment":[{"href":"https:\/\/ddoptics.shop\/es\/wp-json\/wp\/v2\/media?parent=1877"}],"wp:term":[{"taxonomy":"product_brand","embeddable":true,"href":"https:\/\/ddoptics.shop\/es\/wp-json\/wp\/v2\/product_brand?post=1877"},{"taxonomy":"product_cat","embeddable":true,"href":"https:\/\/ddoptics.shop\/es\/wp-json\/wp\/v2\/product_cat?post=1877"},{"taxonomy":"product_tag","embeddable":true,"href":"https:\/\/ddoptics.shop\/es\/wp-json\/wp\/v2\/product_tag?post=1877"}],"curies":[{"name":"wp","href":"https:\/\/api.w.org\/{rel}","templated":true}]}}