{"id":18770,"date":"2019-10-25T10:32:23","date_gmt":"2019-10-25T08:32:23","guid":{"rendered":"https:\/\/ddoptics.shop\/?post_type=product&#038;p=18770"},"modified":"2025-10-03T14:10:30","modified_gmt":"2025-10-03T12:10:30","slug":"visor-ddoptics-v6-2komma5-15x50-n-fx-mrad","status":"publish","type":"product","link":"https:\/\/ddoptics.shop\/es\/kaufen\/zielfernrohr-ddoptics-v6-2komma5-15x50-n-fx-mrad\/","title":{"rendered":"Visor 2,5-15\u00d750 NFX de DDoptics | V6 | A4N | Ajuste MRAD - Gen 3"},"content":{"rendered":"<div class=\"container section-title-container\" ><h3 class=\"section-title section-title-normal\"><b aria-hidden=\"true\"><\/b><span class=\"section-title-main\" ><i class=\"icon-cross\" aria-hidden=\"true\"><\/i>Breve descripci\u00f3n del visor 2,5-15x50 NFX de DDoptics<\/span><b aria-hidden=\"true\"><\/b><\/h3><\/div>\n<table style=\"background-color: #cacaca; width: 100%;\">\n<tbody>\n<tr style=\"height: 24px;\">\n<td style=\"height: 24px; width: 20%;\"><strong>Tubo<\/strong><\/td>\n<td style=\"height: 24px; width: 30%;\">Tubo mono de 30 mm<\/td>\n<td style=\"height: 24px; width: 20%;\"><strong>Campo de visi\u00f3n: m @100m<\/strong><\/td>\n<td style=\"height: 24px; width: 30%;\">15 - 2,5 m<\/td>\n<\/tr>\n<tr style=\"height: 24px;\">\n<td style=\"height: 24px; width: 20%;\"><strong>Sistema \u00f3ptico<\/strong><\/td>\n<td style=\"height: 24px; width: 30%;\">\u00a02,5-15 veces<\/td>\n<td style=\"height: 24px; width: 20%;\">\u00a0<strong>Distancia interpupilar<\/strong><\/td>\n<td style=\"height: 24px; width: 30%;\">\u00a085-99 mm<\/td>\n<\/tr>\n<tr style=\"height: 24px;\">\n<td style=\"height: 24px; width: 20%;\"><strong>Lente<\/strong><\/td>\n<td style=\"height: 24px; width: 30%;\">\u00a050 mm<\/td>\n<td style=\"height: 24px; width: 20%;\">\u00a0<strong>Longitud<\/strong><\/td>\n<td style=\"height: 24px; width: 30%;\">\u00a0373 mm<\/td>\n<\/tr>\n<tr style=\"height: 24px;\">\n<td style=\"height: 24px; width: 20%;\"><a href=\"https:\/\/de.wikipedia.org\/wiki\/Absehen\" target=\"_blank\" rel=\"noopener noreferrer\"><strong>Ret\u00edculo<\/strong><\/a><\/td>\n<td style=\"height: 24px; width: 30%;\">\u00a0Nueva ret\u00edcula 4<\/td>\n<td style=\"height: 24px; width: 20%;\">\u00a0<strong>Peso<\/strong><\/td>\n<td style=\"height: 24px; width: 30%;\">\u00a0698 g<\/td>\n<\/tr>\n<tr style=\"height: 24px;\">\n<td style=\"height: 24px; width: 20%;\"><strong>Punto de luz<\/strong><\/td>\n<td style=\"height: 24px; width: 30%;\">\u00a0Est\u00e1ndar o iFibre<\/td>\n<td style=\"height: 24px; width: 20%;\">\u00a0<strong>Protecci\u00f3n antivaho<\/strong><\/td>\n<td style=\"height: 24px; width: 30%;\">\u00a0Relleno de nitr\u00f3geno contra el vaho<\/td>\n<\/tr>\n<tr style=\"height: 24px;\">\n<td style=\"height: 24px; width: 20%;\"><strong>Enfoque\/paralaje<\/strong><\/td>\n<td style=\"height: 24px; width: 30%;\">\u00a0Objetivo ajustable de 20 m a infinito<\/td>\n<td style=\"height: 24px; width: 20%;\">\u00a0<strong>Tensi\u00f3n<\/strong><\/td>\n<td style=\"height: 24px; width: 30%;\">\u00a0Resistente al agua y a los golpes<\/td>\n<\/tr>\n<\/tbody>\n<\/table>\n<div class=\"row\"  id=\"row-331567864\">\n\n\t<div id=\"col-2100784626\" class=\"col medium-8 small-12 large-8\"  >\n\t\t\t\t<div class=\"col-inner\"  >\n\t\t\t\n\t\t\t\n<h2>Visor 2,5-15\u00d750 NFX de DDoptics - potente visor con zoom 6x y ajuste por clic MRAD (1 cm\/clic - 100 m)<\/h2>\n<p>El nuevo <strong>Visor DDoptics 2,5-15\u00d750<\/strong> NFX con ajuste de clic MRAD y gran angular (gran campo de visi\u00f3n) es especialmente adecuado para <strong>Cotos de caza con diferentes distancias de tiro<\/strong>. Cubre una amplia gama de terrenos, por ejemplo, para la caza en monta\u00f1a o en el campo.<\/p>\n<p>Al igual que los visores de la Generaci\u00f3n 3, el NFX fue dise\u00f1ado con un <strong>ajuste de ret\u00edcula de marcha lenta<\/strong> de metal, Zerostop, Nueva Ret\u00edcula 4, cristal CT, revestimiento DDlucid y doble escala.<\/p>\n<p>En <a href=\"https:\/\/ddoptics.shop\/es\/tienda\/mira-telescopica\/v6-zoom-6x\/\" target=\"_blank\" rel=\"noopener noreferrer\">6 veces <strong>Visores <\/strong><\/a>convence con todos los requisitos de caza como<strong>\u00a0Acosar, esconder <\/strong>en el piso y en el<strong> Monta\u00f1as.<\/strong><\/p>\n<h3>Visor gran angular DDoptics V6 2.5-15\u00d750 NFX para rifles de caza - con escala MRAD<\/h3>\n<p>Al igual que los modelos Gen 3, el V6 2.5-15\u00d750 NFX <strong>prescindido sistem\u00e1ticamente de todas las piezas de pl\u00e1stico.\u00a0<\/strong>Entre los bajos, <strong>Torretas de caza con doble escala<\/strong> esconde un <strong>Mecanismo de alta precisi\u00f3n y funcionamiento suave<\/strong>que hasta ahora <strong>s\u00f3lo en la versi\u00f3n de visor t\u00e1ctico<\/strong> se ha instalado.<\/p>\n<p>Ventaja: Puede prescindir de la tapa protectora sobre el ajuste de la ret\u00edcula y por lo tanto tener <strong>Acceso al ajuste de la ret\u00edcula en cualquier momento<\/strong> para corregir las distancias de tiro o la velocidad del viento.<\/p>\n\t\t<\/div>\n\t\t\t\t\t<\/div>\n\n\t\n\n\t<div id=\"col-1110786310\" class=\"col medium-4 small-12 large-4\"  >\n\t\t\t\t<div class=\"col-inner\"  >\n\t\t\t\n\t\t\t\n<a class=\"button primary expand\" >\n\t\t<span>Caracter\u00edsticas especiales visor<\/span>\n\t<\/a>\n\n\n\t<section class=\"section\" id=\"section_1430857511\">\n\t\t<div class=\"section-bg fill\" >\n\t\t\t\t\t\t\t\t\t<div class=\"section-bg-overlay absolute fill\"><\/div>\n\t\t\t\n\n\t\t<\/div>\n\n\t\t\n\n\t\t<div class=\"section-content relative\">\n\t\t\t\n\t<div class=\"img has-hover x md-x lg-x y md-y lg-y\" id=\"image_1805470117\">\n\t\t<a class=\"\" href=\"https:\/\/www.ddoptics.de\/garantiebestimmungen\" target=\"_blank\" rel=\"no follow noopener\">\t\t\t\t\t\t<div class=\"img-inner dark\" >\n\t\t\t<img decoding=\"async\" width=\"352\" height=\"160\" src=\"https:\/\/ddoptics.shop\/wp-content\/uploads\/2014\/09\/DDoptics-Garantie.jpg\" class=\"attachment-large size-large\" alt=\"Garant\u00eda DDoptics\" srcset=\"https:\/\/ddoptics.shop\/wp-content\/uploads\/2014\/09\/DDoptics-Garantie.jpg 352w, https:\/\/ddoptics.shop\/wp-content\/uploads\/2014\/09\/DDoptics-Garantie-304x138.jpg 304w, https:\/\/ddoptics.shop\/wp-content\/uploads\/2014\/09\/DDoptics-Garantie-305x139.jpg 305w, https:\/\/ddoptics.shop\/wp-content\/uploads\/2014\/09\/DDoptics-Garantie-250x114.jpg 250w\" sizes=\"(max-width: 352px) 100vw, 352px\" title=\"\">\t\t\t\t\t\t\n\t\t\t\t\t<\/div>\n\t\t\t\t\t\t<\/a>\t\t\n<style>\n#image_1805470117 {\n  width: 100%;\n}\n<\/style>\n\t<\/div>\n\t\n\t<div id=\"gap-750291320\" class=\"gap-element clearfix\" style=\"display:block; height:auto;\">\n\t\t\n<style>\n#gap-750291320 {\n  padding-top: 15px;\n}\n<\/style>\n\t<\/div>\n\t\n\t<div id=\"text-4091085136\" class=\"text\">\n\t\t\n<p><span style=\"font-size: 80%;\"><em>\u21d2 V6 - Zoom 6x<\/em><\/span><br \/>\n<span style=\"font-size: 80%;\"><em>\u21d2 Ajuste de ret\u00edcula torretas met\u00e1licas (no de pl\u00e1stico como gen 2)<\/em><\/span><br \/>\n<span style=\"font-size: 80%;\"><em>\u21d2 Vidrio CT (transmisi\u00f3n clara ) (baja dispersi\u00f3n)<\/em><\/span><br \/>\n<span style=\"font-size: 80%;\"><em>\u21d2 Doble escalado (doble giro)<\/em><\/span><br \/>\n<span style=\"font-size: 80%;\"><em>\u21d2 Zerostop para ASV (parada cero)<\/em><\/span><br \/>\n<span style=\"font-size: 80%;\"><em>\u21d2 Ret\u00e9n t\u00e1ctico duro de 1\/4 clic<\/em><\/span><br \/>\n<span style=\"font-size: 80%;\"><em>\u21d2 Nuevo dise\u00f1o del anillo de ajuste del aumento.<\/em><\/span><br \/>\n<span style=\"font-size: 80%;\"><em>\u21d2 Nueva ret\u00edcula 4 con barras significativamente m\u00e1s finas.<\/em><\/span><br \/>\n<span style=\"font-size: 80%;\"><em>\u21d2 t\u00e1ctica dura 0,1 MRAD click detent (1cm\/click)<\/em><\/span><br \/>\n<span style=\"font-size: 80%;\"><em>\u21d2 Recorrido de ajuste 228 clics = 2,28 m por 100 m<\/em><\/span><\/p>\n\t\t\n<style>\n#text-4091085136 {\n  line-height: 1.15;\n  color: rgb(33, 107, 227);\n}\n#text-4091085136 > * {\n  color: rgb(33, 107, 227);\n}\n<\/style>\n\t<\/div>\n\t\n\t\t<\/div>\n\n\t\t\n<style>\n#section_1430857511 {\n  padding-top: 30px;\n  padding-bottom: 30px;\n  background-color: rgb(232, 232, 232);\n}\n#section_1430857511 .section-bg-overlay {\n  background-color: rgba(255,255,255,.5);\n}\n<\/style>\n\t<\/section>\n\t\n<div class=\"is-divider divider clearfix\" ><\/div>\n\t\t<\/div>\n\t\t\t\t\t<\/div>\n\n\t\n<\/div>\n<p>Por la seguridad <strong>El tope cero de f\u00e1cil ajuste garantiza el retorno a la puesta a cero<\/strong> ( Zerostop). Con un campo de visi\u00f3n de 13,5 metros (con un aumento de 2,5x), el visor Nighteagle 2,5-15\u00d750 cumple todos los requisitos de la caza en movimiento.<\/p>\n<p>Estos <strong>La \u00f3ptica con zoom 6x triunfa con una intensidad luminosa muy alta con im\u00e1genes brillantes y de gran contraste<\/strong> en. Esto hace que el Nighteagle 2,5-15\u00d750 est\u00e9 predestinado a cazadores exigentes, tiradores de largo alcance t\u00e9cnicamente experimentados y tiradores deportivos que buscan un <strong>Visor de largo alcance con el m\u00e1ximo rendimiento \u00f3ptico<\/strong> b\u00fasqueda.<\/p>\n<h3>Visor DDoptics V6 con <a href=\"https:\/\/ddoptics.shop\/es\/termino-tecnico\/translucidez-transmision-de-la-luz-optica\/\" target=\"_blank\" rel=\"noopener\" data-schema-attribute=\"\">Transmisi\u00f3n de la luz<\/a> con valores m\u00e1ximos<\/h3>\n<p>En <strong>\u00d3ptica totalmente revestida<\/strong>que no permite ning\u00fan reflejo, ofrece una imagen de contraste extremadamente alto y colores reales con unas propiedades de nitidez de borde a borde extraordinarias. Gracias a la m\u00ednima cantidad de luz falsa, ni siquiera el contraluz supone un problema.<\/p>\n<p>En <strong>La transmisi\u00f3n de luz tiene valores m\u00e1ximos de 94,7% (d\u00eda) y 93% (noche).<\/strong> que permiten una respuesta fiable hasta la \u00faltima luz de fusil.<\/p>\n<h3>Ret\u00edcula 4 de nuevo desarrollo en el 2\u00ba plano de imagen del visor<\/h3>\n<p>En <strong>Reci\u00e9n desarrollado <a href=\"https:\/\/de.wikipedia.org\/wiki\/Absehen\" target=\"_blank\" rel=\"noopener sponsored\" data-schema-attribute=\"\">Ret\u00edculo<\/a> 4<\/strong> de DDoptics hace <strong>m\u00e1s espacio para una respuesta limpia.<\/strong><\/p>\n<figure id=\"attachment_1951\" aria-describedby=\"caption-attachment-1951\" style=\"width: 250px\" class=\"wp-caption alignright\"><a href=\"https:\/\/ddoptics.shop\/wp-content\/uploads\/2016\/04\/Neues-DDoptics-Absehen.jpg\" rel=\"attachment wp-att-1951\"><img decoding=\"async\" class=\"wp-image-1951\" src=\"https:\/\/ddoptics.shop\/wp-content\/uploads\/2016\/04\/Neues-DDoptics-Absehen-340x340.jpg\" alt=\"Nueva ret\u00edcula DDoptics 4\" width=\"250\" height=\"199\" title=\"\" srcset=\"https:\/\/ddoptics.shop\/wp-content\/uploads\/2016\/04\/Neues-DDoptics-Absehen-304x242.jpg 304w, https:\/\/ddoptics.shop\/wp-content\/uploads\/2016\/04\/Neues-DDoptics-Absehen-305x243.jpg 305w, https:\/\/ddoptics.shop\/wp-content\/uploads\/2016\/04\/Neues-DDoptics-Absehen-632x503.jpg 632w, https:\/\/ddoptics.shop\/wp-content\/uploads\/2016\/04\/Neues-DDoptics-Absehen.jpg 800w, https:\/\/ddoptics.shop\/wp-content\/uploads\/2016\/04\/Neues-DDoptics-Absehen-250x199.jpg 250w, https:\/\/ddoptics.shop\/wp-content\/uploads\/2016\/04\/Neues-DDoptics-Absehen-510x406.jpg 510w\" sizes=\"(max-width: 250px) 100vw, 250px\" \/><\/a><figcaption id=\"caption-attachment-1951\" class=\"wp-caption-text\">Nueva ret\u00edcula DDoptics 4<\/figcaption><\/figure>\n<p>Para ofrecerle una ventaja decisiva, hemos reducido las barras gruesas a la mitad del grosor A4 y hemos duplicado la distancia (centro) entre las barras gruesas.<\/p>\n<p><strong>El cuadro completo<\/strong> funciona con el <strong>nueva ret\u00edcula m\u00e1s brillante, m\u00e1s grande y m\u00e1s clara.<\/strong> No obstante, la ret\u00edcula puede verse claramente por la noche.<\/p>\n<p>En <strong>La nueva ret\u00edcula 4 est\u00e1 situada en el plano de imagen del ocular (2\u00ba plano de imagen)<\/strong> y, por lo tanto, siempre mantiene el mismo tama\u00f1o al cambiar el aumento.<\/p>\n<p>Con <strong>aumento m\u00e1ximo de 15 veces, la ret\u00edcula s\u00f3lo oscurece m\u00ednimamente el objetivo.<\/strong> Cada clic ajusta la ret\u00edcula 1 cm a 100 metros, 2 cm a 200 metros, etc. Rango de ajuste total:<\/p>\n<ul>\n<li>22,8 MRAD - 228 clics - 2,28 m<\/li>\n<li>Recorrido de ajuste \/ clic cada 100 m: 1 cm<\/li>\n<li>Rango de ajuste \/ clic a 200 m: 2 cm<\/li>\n<li>Rango de ajuste \/ clic a 300 m: 3 cm<\/li>\n<li>Recorrido de ajuste \/ clic a 600 m: 6 cm<\/li>\n<\/ul>\n<p>En <strong>Funciona el ajuste por clic<\/strong> as\u00ed <strong>Absolutamente repetible<\/strong> y puede ponerse a cero despu\u00e9s del disparo (en caso de que se utilicen varias cargas).<\/p>\n<p>La compensaci\u00f3n de paralaje lateral (20 yardas hasta el infinito) protege contra la visi\u00f3n oblicua y tambi\u00e9n garantiza una imagen n\u00edtida y sin fatiga en todos los ajustes de aumento.<\/p>\n<p>Equipados con esta innovadora \"Nueva Ret\u00edcula 4\", los visores DDoptics del tipo \"2,5-10\u00d756\" \"2,5-15\u00d750\" y el 1,5-6\u00d742<\/p>\n<h3>Fabricaci\u00f3n robusta, instalaci\u00f3n sencilla<\/h3>\n<p>En <strong>DDoptics Nighteagle 2.5-15\u00d750 NFX est\u00e1 relleno de nitr\u00f3geno y por lo tanto es completamente impermeable<\/strong> <strong>y protegidos contra los accesorios internos.<\/strong> El tubo de la mira telesc\u00f3pica (di\u00e1metro: 30 mm, longitud: 373 mm, peso: 698 g) est\u00e1 fabricado de una sola pieza de duraluminio y anodizado duro. Este nuevo tipo de revestimiento es especialmente suave, repele la suciedad y es extremadamente resistente a los ara\u00f1azos.<\/p>\n<h3>Punto luminoso regulable de DDoptics<\/h3>\n<p>En <strong>Punto luminoso de fibra de vidrio<\/strong>(opcionalmente tambi\u00e9n disponible en <strong>versi\u00f3n autom\u00e1tica IFiber<\/strong> disponible) de DDoptics con circuitos electr\u00f3nicos completamente redise\u00f1ados se mantiene tan peque\u00f1o que s\u00f3lo se consigue la menor oclusi\u00f3n posible del objetivo.<\/p>\n<p>Gracias a la <strong>tecnolog\u00eda de fibra \u00f3ptica, el punto de luz se aten\u00faa a un alto<\/strong> no s\u00f3lo m\u00e1s oscuro, sino tambi\u00e9n m\u00e1s fino. El punto luminoso puede atenuarse continuamente en un 100% hasta que el ojo humano ya no pueda verlo.<\/p>\n<p>La ret\u00edcula tiene entonces el mismo efecto que una \u00f3ptica de punter\u00eda sin unidad iluminada. Cuando se activa el punto iluminado, no se producen molestos brillos ni reflejos en la \u00f3ptica. Como la unidad luminosa se fabrica a mano, se pueden tener en cuenta individualmente los requisitos especiales del cliente.<\/p>\n<h3>\u00d3ptica de punter\u00eda Ajuste de la distancia interpupilar y de las dioptr\u00edas<\/h3>\n<p>La distancia ocular es m\u00e1s que adecuada: 85 mm. Para el <strong>s\u00f3lo se necesita media vuelta para toda la gama de aumentos<\/strong>. El ajuste de dioptr\u00edas (de -3 a +4) puede realizarse f\u00e1cilmente en el extremo engomado del ocular mediante un ajuste estriado.<\/p>","protected":false},"excerpt":{"rendered":"<p><img decoding=\"async\" class=\"alignnone wp-image-10452 size-full\" title=\"Tiro deportivo\" src=\"https:\/\/ddoptics.shop\/wp-content\/uploads\/2016\/07\/Target-Schiessen.jpg\" alt=\"Tiro al blanco\" width=\"50\" height=\"50\" \/><img decoding=\"async\" class=\"alignnone wp-image-10168 size-full\" title=\"Stand de caza\" src=\"https:\/\/ddoptics.shop\/wp-content\/uploads\/2016\/09\/Jagd-klein.jpg\" alt=\"Prism\u00e1ticos de caza\" width=\"50\" height=\"50\" \/><img decoding=\"async\" class=\"alignnone wp-image-10178 size-full\" title=\"Caza de monta\u00f1a\" src=\"https:\/\/ddoptics.shop\/wp-content\/uploads\/2016\/04\/Gebirgsjagd-klein.jpg\" alt=\"Prism\u00e1ticos de caza de monta\u00f1a\" width=\"50\" height=\"50\" \/><br \/>\n<strong>Slim versi\u00f3n especial NFX. <\/strong>El Nighteagle 2.5-15\u00d750 NFX es la extensi\u00f3n perfecta de la serie NFX con los nuevos oculares NF-X, la visi\u00f3n mejorada y el campo de visi\u00f3n significativamente mayor. <strong>Opcionalmente con <a title=\"NUEVO punto luminoso DDoptics IFiber\" href=\"\/es\/termino-tecnico-wiki\/punto-de-luz-inteligente-ddoptics-ifiber\/\" target=\"_blank\" rel=\"noopener noreferrer\">Punto luminoso IFibre<\/a> por s\u00f3lo 99,- euros de suplemento.<\/strong><\/p>\n<a href=\"https:\/\/amzn.to\/3Pnky2v\" target=\"_blank\" class=\"button success is-success is-small\" rel=\"\u201dnofollow\u201d noopener\" >\n\t\t<span>\u00bfes cliente de amazon? - \u00bfutiliza las ventajas prime?<\/span>\n\t<\/a>","protected":false},"featured_media":18778,"comment_status":"open","ping_status":"closed","template":"","meta":{"inline_featured_image":false,"footnotes":""},"product_brand":[],"product_cat":[478,453,638,697,917,640,641,919,637,68],"product_tag":[586,78,696,698,955,79],"class_list":{"0":"post-18770","1":"product","2":"type-product","3":"status-publish","4":"has-post-thumbnail","6":"product_cat-25-15x50","7":"product_cat-50-mm-objektivdurchmesser","8":"product_cat-ansitzjagd","9":"product_cat-mrad-klickverstellung","10":"product_cat-nfx-zielfernrohre-weitwinkel-zf","11":"product_cat-pirschjagd-und-gebirgsjagd","12":"product_cat-sportschiessen","13":"product_cat-v6-6-fach-zoom","14":"product_cat-zf-anwendung","15":"product_cat-zielfernrohr","16":"product_tag-2-5-15x50","17":"product_tag-ddoptics","18":"product_tag-mrad","19":"product_tag-mrad-1-cm-klickverstellung","20":"product_tag-nfx","21":"product_tag-zielfernrohr","22":"product_shipping_class-paket","23":"pa_brand-marke-ddoptics","24":"pa_produkt-typ-zielfernrohr","26":"first","27":"instock","28":"sale","29":"taxable","30":"shipping-taxable","31":"purchasable","32":"product-type-bundle"},"bundled_by":[],"bundle_stock_status":"instock","bundle_stock_quantity":38,"bundle_virtual":false,"bundle_layout":"default","bundle_add_to_cart_form_location":"default","bundle_editable_in_cart":false,"bundle_sold_individually_context":"product","bundle_item_grouping":"parent","bundle_min_size":"","bundle_max_size":"","bundle_price":{"price":{"min":{"incl_tax":"1121.01","excl_tax":"934.18"},"max":{"incl_tax":"1225.32","excl_tax":"1021.1"}},"regular_price":{"min":{"incl_tax":"1245.01","excl_tax":"1037.51"},"max":{"incl_tax":"1360.9","excl_tax":"1134.08"}}},"bundled_items":[{"bundled_item_id":79,"product_id":12809,"menu_order":0,"quantity_min":1,"quantity_max":1,"quantity_default":1,"priced_individually":true,"shipped_individually":false,"override_title":true,"title":"","override_description":false,"description":"","optional":false,"hide_thumbnail":true,"discount":"","override_variations":true,"allowed_variations":[12810,12811],"override_default_variation_attributes":false,"default_variation_attributes":[],"single_product_visibility":"visible","cart_visibility":"visible","order_visibility":"visible","single_product_price_visibility":"visible","cart_price_visibility":"visible","order_price_visibility":"visible","stock_status":"in_stock"},{"bundled_item_id":80,"product_id":12812,"menu_order":1,"quantity_min":1,"quantity_max":1,"quantity_default":1,"priced_individually":true,"shipped_individually":false,"override_title":true,"title":"Casi un regalo - flip caps","override_description":false,"description":"","optional":true,"hide_thumbnail":false,"discount":"68.55","override_variations":true,"allowed_variations":[12817],"override_default_variation_attributes":true,"default_variation_attributes":[{"id":17,"name":"Tama\u00f1o del visor","option":"25-15x50"}],"single_product_visibility":"visible","cart_visibility":"visible","order_visibility":"visible","single_product_price_visibility":"visible","cart_price_visibility":"visible","order_price_visibility":"visible","stock_status":"in_stock"}],"bundle_sell_ids":[],"_links":{"self":[{"href":"https:\/\/ddoptics.shop\/es\/wp-json\/wp\/v2\/product\/18770","targetHints":{"allow":["GET"]}}],"collection":[{"href":"https:\/\/ddoptics.shop\/es\/wp-json\/wp\/v2\/product"}],"about":[{"href":"https:\/\/ddoptics.shop\/es\/wp-json\/wp\/v2\/types\/product"}],"replies":[{"embeddable":true,"href":"https:\/\/ddoptics.shop\/es\/wp-json\/wp\/v2\/comments?post=18770"}],"version-history":[{"count":29,"href":"https:\/\/ddoptics.shop\/es\/wp-json\/wp\/v2\/product\/18770\/revisions"}],"predecessor-version":[{"id":29151,"href":"https:\/\/ddoptics.shop\/es\/wp-json\/wp\/v2\/product\/18770\/revisions\/29151"}],"wp:featuredmedia":[{"embeddable":true,"href":"https:\/\/ddoptics.shop\/es\/wp-json\/wp\/v2\/media\/18778"}],"wp:attachment":[{"href":"https:\/\/ddoptics.shop\/es\/wp-json\/wp\/v2\/media?parent=18770"}],"wp:term":[{"taxonomy":"product_brand","embeddable":true,"href":"https:\/\/ddoptics.shop\/es\/wp-json\/wp\/v2\/product_brand?post=18770"},{"taxonomy":"product_cat","embeddable":true,"href":"https:\/\/ddoptics.shop\/es\/wp-json\/wp\/v2\/product_cat?post=18770"},{"taxonomy":"product_tag","embeddable":true,"href":"https:\/\/ddoptics.shop\/es\/wp-json\/wp\/v2\/product_tag?post=18770"}],"curies":[{"name":"wp","href":"https:\/\/api.w.org\/{rel}","templated":true}]}}