{"id":18833,"date":"2019-10-27T09:15:09","date_gmt":"2019-10-27T08:15:09","guid":{"rendered":"https:\/\/ddoptics.shop\/?post_type=product&#038;p=18833"},"modified":"2025-04-08T15:16:12","modified_gmt":"2025-04-08T13:16:12","slug":"visor-ddoptics-v4-2-5-10x56-nfx-mrad-reticle-4","status":"publish","type":"product","link":"https:\/\/ddoptics.shop\/es\/kaufen\/zielfernrohr-ddoptics-v4-2-5-10x56-nfx-mrad-absehen-4\/","title":{"rendered":"Visor 2,5-10\u00d756 NFX de DDoptics | V4 | A4N | Ajuste MRAD - Gen 3"},"content":{"rendered":"<div class=\"container section-title-container\" ><h3 class=\"section-title section-title-normal\"><b aria-hidden=\"true\"><\/b><span class=\"section-title-main\" ><i class=\"icon-cross\" aria-hidden=\"true\"><\/i>Visor 2,5-10x56 NFX de DDoptics<\/span><b aria-hidden=\"true\"><\/b><\/h3><\/div>\n<table style=\"background-color: #cacaca;\">\n<tbody>\n<tr style=\"height: 24px;\">\n<td style=\"height: 24px; text-align: left; width: 20%;\"><strong>Tubo<\/strong><\/td>\n<td style=\"height: 24px; text-align: left; width: 30%;\">Tubo mono de 30 mm<\/td>\n<td style=\"height: 24px; text-align: left; width: 20%;\"><strong>Campo de visi\u00f3n: m @100m<\/strong><\/td>\n<td style=\"height: 24px; text-align: left; width: 30%;\">15 - 3,7 m<\/td>\n<\/tr>\n<tr style=\"height: 24px;\">\n<td style=\"height: 24px; text-align: left; width: 20%;\"><strong>Sistema \u00f3ptico<\/strong><\/td>\n<td style=\"height: 24px; text-align: left; width: 30%;\">2,5-10 veces<\/td>\n<td style=\"height: 24px; text-align: left; width: 20%;\"><strong>Distancia interpupilar<\/strong><\/td>\n<td style=\"height: 24px; text-align: left; width: 30%;\">98 - 100 mm<\/td>\n<\/tr>\n<tr style=\"height: 24px;\">\n<td style=\"height: 24px; text-align: left; width: 20%;\"><strong>Lente<\/strong><\/td>\n<td style=\"height: 24px; text-align: left; width: 30%;\">56 mm<\/td>\n<td style=\"height: 24px; text-align: left; width: 20%;\"><strong>Longitud<\/strong><\/td>\n<td style=\"height: 24px; text-align: left; width: 30%;\">373 mm<\/td>\n<\/tr>\n<tr style=\"height: 24px;\">\n<td style=\"height: 24px; text-align: left; width: 20%;\"><a href=\"https:\/\/de.wikipedia.org\/wiki\/Absehen\" target=\"_blank\" rel=\"noopener noreferrer\"><strong>Ret\u00edculo<\/strong><\/a><\/td>\n<td style=\"height: 24px; text-align: left; width: 30%;\">Nueva ret\u00edcula 4<\/td>\n<td style=\"height: 24px; text-align: left; width: 20%;\"><strong>Peso<\/strong><\/td>\n<td style=\"height: 24px; text-align: left; width: 30%;\">783 g<\/td>\n<\/tr>\n<tr style=\"height: 24px;\">\n<td style=\"height: 24px; text-align: left; width: 20%;\"><strong>Punto de luz<\/strong><\/td>\n<td style=\"height: 24px; text-align: left; width: 30%;\">Est\u00e1ndar o iFibre<\/td>\n<td style=\"height: 24px; text-align: left; width: 20%;\"><strong>Protecci\u00f3n antivaho<\/strong><\/td>\n<td style=\"height: 24px; text-align: left; width: 30%;\">Relleno de nitr\u00f3geno contra el vaho<\/td>\n<\/tr>\n<tr style=\"height: 24px;\">\n<td style=\"height: 24px; text-align: left; width: 20%;\"><strong>Enfoque\/paralaje<\/strong><\/td>\n<td style=\"height: 24px; text-align: left; width: 30%;\">Objetivo ajustable de 20 m a infinito<\/td>\n<td style=\"height: 24px; text-align: left; width: 20%;\"><strong>Tensi\u00f3n<\/strong><\/td>\n<td style=\"height: 24px; text-align: left; width: 30%;\">Resistente al agua y a los golpes<\/td>\n<\/tr>\n<\/tbody>\n<\/table>\n<h2>Descubra el visor DDoptics V4 2.5-10\u00d756 NFX con MRAD y nueva ret\u00edcula 4<\/h2>\n<div class=\"row\"  id=\"row-1914593065\">\n\n\t<div id=\"col-1903502355\" class=\"col medium-8 small-12 large-8\"  >\n\t\t\t\t<div class=\"col-inner\"  >\n\t\t\t\n\t\t\t\n<p>En <strong>Visor DDoptics V4 2,5-10\u00d756 NFX<\/strong> es la elecci\u00f3n perfecta para cazadores y tiradores deportivos que buscan la m\u00e1xima precisi\u00f3n y versatilidad.<\/p>\n<p>Con su progresiva <strong>MRAD<\/strong>-y el nuevo <strong>Ret\u00edculo 4<\/strong> esta mira telesc\u00f3pica sube claramente el list\u00f3n en su categor\u00eda. En este art\u00edculo, descubrir\u00e1 por qu\u00e9 el <strong>DDoptics V4 2,5-10\u00d756 NFX<\/strong> superar\u00e1 sus expectativas.<\/p>\n<h2>Una obra maestra de la \u00f3ptica<\/h2>\n<p>Con el <strong>DDoptics V4 2,5-10\u00d756 NFX<\/strong> obtendr\u00e1 un visor que combina la tecnolog\u00eda m\u00e1s avanzada con un dise\u00f1o sofisticado. El zoom 4x y la lente objetiva de 56 mm garantizan una excelente transmisi\u00f3n de la luz, ideal para su uso al atardecer o por la noche.<\/p>\n<blockquote><p>Tanto en caza como en tiro deportivo, este visor ofrece siempre im\u00e1genes claras y brillantes.<\/p><\/blockquote>\n<h3>Las ventajas t\u00e9cnicas de un vistazo<\/h3>\n<ul>\n<li><strong>Precisi\u00f3n MRAD:<\/strong> El ajuste de 0,1 MRAD permite un ajuste exacto de 1 cm por clic a 100 m, ideal para disparos precisos en el sistema decimal.<\/li>\n<li><strong>Nueva ret\u00edcula 4:<\/strong> La ret\u00edcula optimizada ofrece l\u00edneas finas y un generoso espaciado entre las barras, manteniendo el objetivo claramente visible y creando una imagen m\u00e1s brillante.<\/li>\n<li><strong>Gran angular NFX:<\/strong> Con un campo de visi\u00f3n de 15 m a 100 m con un aumento de 2,5x, el ocular NFX permite una punter\u00eda r\u00e1pida y la mejor visi\u00f3n de conjunto.<\/li>\n<li><strong>Compensaci\u00f3n de paralaje:<\/strong> Ajustable desde 20 m hasta el infinito, la compensaci\u00f3n de paralaje lateral garantiza im\u00e1genes n\u00edtidas y minimiza los errores de punter\u00eda.<\/li>\n<li><strong>Robusto e impermeable:<\/strong> Lleno de nitr\u00f3geno, sin niebla y absolutamente impermeable: este visor puede soportar cualquier clima.<\/li>\n<\/ul>\n\t\t<\/div>\n\t\t\t\t\t<\/div>\n\n\t\n\n\t<div id=\"col-711080933\" class=\"col medium-4 small-12 large-4\"  >\n\t\t\t\t<div class=\"col-inner\"  >\n\t\t\t\n\t\t\t\n<a class=\"button primary expand\" >\n\t\t<span>Caracter\u00edsticas especiales visor<\/span>\n\t<\/a>\n\n\n\t<section class=\"section\" id=\"section_662343605\">\n\t\t<div class=\"section-bg fill\" >\n\t\t\t\t\t\t\t\t\t<div class=\"section-bg-overlay absolute fill\"><\/div>\n\t\t\t\n\n\t\t<\/div>\n\n\t\t\n\n\t\t<div class=\"section-content relative\">\n\t\t\t\n\t<div class=\"img has-hover x md-x lg-x y md-y lg-y\" id=\"image_1593430193\">\n\t\t<a class=\"\" href=\"https:\/\/www.ddoptics.de\/garantiebestimmungen\" target=\"_blank\" rel=\"no follow noopener\">\t\t\t\t\t\t<div class=\"img-inner dark\" >\n\t\t\t<img decoding=\"async\" width=\"352\" height=\"160\" src=\"https:\/\/ddoptics.shop\/wp-content\/uploads\/2014\/09\/DDoptics-Garantie.jpg\" class=\"attachment-large size-large\" alt=\"Garant\u00eda DDoptics\" srcset=\"https:\/\/ddoptics.shop\/wp-content\/uploads\/2014\/09\/DDoptics-Garantie.jpg 352w, https:\/\/ddoptics.shop\/wp-content\/uploads\/2014\/09\/DDoptics-Garantie-304x138.jpg 304w, https:\/\/ddoptics.shop\/wp-content\/uploads\/2014\/09\/DDoptics-Garantie-305x139.jpg 305w, https:\/\/ddoptics.shop\/wp-content\/uploads\/2014\/09\/DDoptics-Garantie-250x114.jpg 250w\" sizes=\"(max-width: 352px) 100vw, 352px\" title=\"\">\t\t\t\t\t\t\n\t\t\t\t\t<\/div>\n\t\t\t\t\t\t<\/a>\t\t\n<style>\n#image_1593430193 {\n  width: 100%;\n}\n<\/style>\n\t<\/div>\n\t\n\t<div id=\"gap-1138932753\" class=\"gap-element clearfix\" style=\"display:block; height:auto;\">\n\t\t\n<style>\n#gap-1138932753 {\n  padding-top: 15px;\n}\n<\/style>\n\t<\/div>\n\t\n\t<div id=\"text-2513953764\" class=\"text\">\n\t\t\n<p><span style=\"font-size: 80%;\">\u21d2 basado en Gen 3 - versi\u00f3n especial FX<\/span><br \/>\n<span style=\"font-size: 80%;\">\u21d2 FX = M\u00e1s campo de visi\u00f3n y mejor visi\u00f3n<\/span><br \/>\n<span style=\"font-size: 80%;\">\u21d2 Campo de visi\u00f3n 15 m - 3,7 m<\/span><br \/>\n<span style=\"font-size: 80%;\">\u21d2 menos \u00e1rea de borde en la vista<\/span><br \/>\n<span style=\"font-size: 80%;\">\u21d2 Ajuste de ret\u00edcula Torretas met\u00e1licas (sin pl\u00e1stico)<\/span><br \/>\n<span style=\"font-size: 80%;\">\u21d2 Vidrio CT (transmisi\u00f3n clara) (baja dispersi\u00f3n)<\/span><br \/>\n<span style=\"font-size: 80%;\">\u21d2 doble escalado (doble giro)<\/span><br \/>\n<span style=\"font-size: 80%;\">\u21d2 Zerostop para ASV (parada cero)<br \/>\n<\/span><span style=\"font-size: 80%;\">\u21d2 t\u00e1ctica dura 0,1 MRAD click detent (1cm\/click)<\/span><br \/>\n<span style=\"font-size: 80%;\">\u21d2 Recorrido de ajuste 184 clics = 1,8m a 100m<\/span><br \/>\n<span style=\"font-size: 80%;\">\u21d2 Nuevo dise\u00f1o del anillo de ajuste del aumento.<\/span><br \/>\n<span style=\"font-size: 80%;\">\u21d2 Nueva ret\u00edcula 4 con barras significativamente m\u00e1s finas.<\/span><br \/>\n<span style=\"font-size: 80%;\">\u21d2 Accesorios: Flipcaps, pa\u00f1o de limpieza, chip DDoptics, dianas, instrucciones de \u00f3ptica de punter\u00eda, set de bal\u00edstica<\/span><br \/>\n\t\t\n<style>\n#text-2513953764 {\n  line-height: 1.15;\n  color: rgb(33, 107, 227);\n}\n#text-2513953764 > * {\n  color: rgb(33, 107, 227);\n}\n<\/style>\n\t<\/div>\n\t\n\t\t<\/div>\n\n\t\t\n<style>\n#section_662343605 {\n  padding-top: 30px;\n  padding-bottom: 30px;\n  background-color: rgb(232, 232, 232);\n}\n#section_662343605 .section-bg-overlay {\n  background-color: rgba(255,255,255,.5);\n}\n<\/style>\n\t<\/section>\n\t\n\t\t<\/div>\n\t\t\t\t\t<\/div>\n\n\t\n<\/div>\n<h3>Reci\u00e9n desarrollado <a href=\"https:\/\/de.wikipedia.org\/wiki\/Absehen\" target=\"_blank\" rel=\"noopener sponsored\" data-schema-attribute=\"\">Ret\u00edculo<\/a> A4N en el 2\u00ba plano de imagen<\/h3>\n<p>En <strong>Nueva ret\u00edcula 4<\/strong> de DDoptics hace <strong>m\u00e1s espacio para una respuesta limpia.<br \/>\n<\/strong><\/p>\n<figure id=\"attachment_1951\" aria-describedby=\"caption-attachment-1951\" style=\"width: 250px\" class=\"wp-caption alignright\"><a href=\"https:\/\/ddoptics.shop\/wp-content\/uploads\/2016\/04\/Neues-DDoptics-Absehen.jpg\" rel=\"attachment wp-att-1951\"><img decoding=\"async\" class=\"wp-image-1951\" src=\"https:\/\/ddoptics.shop\/wp-content\/uploads\/2016\/04\/Neues-DDoptics-Absehen-340x340.jpg\" alt=\"Nueva ret\u00edcula DDoptics 4\" width=\"250\" height=\"199\" title=\"\" srcset=\"https:\/\/ddoptics.shop\/wp-content\/uploads\/2016\/04\/Neues-DDoptics-Absehen-304x242.jpg 304w, https:\/\/ddoptics.shop\/wp-content\/uploads\/2016\/04\/Neues-DDoptics-Absehen-305x243.jpg 305w, https:\/\/ddoptics.shop\/wp-content\/uploads\/2016\/04\/Neues-DDoptics-Absehen-632x503.jpg 632w, https:\/\/ddoptics.shop\/wp-content\/uploads\/2016\/04\/Neues-DDoptics-Absehen.jpg 800w, https:\/\/ddoptics.shop\/wp-content\/uploads\/2016\/04\/Neues-DDoptics-Absehen-250x199.jpg 250w, https:\/\/ddoptics.shop\/wp-content\/uploads\/2016\/04\/Neues-DDoptics-Absehen-510x406.jpg 510w\" sizes=\"(max-width: 250px) 100vw, 250px\" \/><\/a><figcaption id=\"caption-attachment-1951\" class=\"wp-caption-text\">DDoptics Nueva Ret\u00edcula 4<\/figcaption><\/figure>\n<p>Para darle la <strong>Ventaja decisiva mediante \"m\u00e1s visi\u00f3n\"<\/strong> DDoptics ha reducido las barras gruesas a la mitad del grosor normal de la ret\u00edcula 4 y ha duplicado la distancia (centro) entre las barras gruesas.<\/p>\n<p><strong>Todo el cuadro parece <\/strong>con el nuevo<strong> Nueva ret\u00edcula Ret\u00edcula 4 m\u00e1s brillante, m\u00e1s grande y m\u00e1s clara.<\/strong> No obstante, la ret\u00edcula puede verse claramente por la noche.<\/p>\n<p>La Nueva Ret\u00edcula 4 se encuentra en el <strong>Plano imagen del ocular (2\u00ba plano imagen)<\/strong> y, por tanto, permanece con el <strong>Cambio de aumento siempre el mismo tama\u00f1o.<\/strong><\/p>\n<p>En <strong>La mira telesc\u00f3pica DDoptics tiene un ajuste de 0,1 MRAD<\/strong>es decir <strong>por clic<\/strong> el <strong>Ret\u00edcula por 0,1 MRAD, es decir, por 1 cent\u00edmetro a 100 metros<\/strong>.<\/p>\n<p>Para el usuario en Europa, esto significa un uso sencillo en el sistema decimal. El ajuste por clic funciona con una precisi\u00f3n de repetici\u00f3n absoluta y puede ponerse simplemente a cero en la b\u00e1scula despu\u00e9s de la inserci\u00f3n.<\/p>\n<p>Rango total de ajuste de la ret\u00edcula:<\/p>\n<ul>\n<li>21,0 MRAD<\/li>\n<li>Recorrido de ajuste \/ clic cada 100 m: 1 cm<\/li>\n<li>Rango de ajuste \/ clic a 200 m: 2 cm<\/li>\n<li>Rango de ajuste \/ clic a 300 m: 3 cm<\/li>\n<li>Recorrido de ajuste \/ clic a 600 m: 6 cm<\/li>\n<\/ul>\n\t<div class=\"img has-hover x md-x lg-x y md-y lg-y\" id=\"image_57037829\">\n\t\t\t\t\t\t\t\t<div class=\"img-inner dark\" >\n\t\t\t<img decoding=\"async\" width=\"800\" height=\"537\" src=\"https:\/\/ddoptics.shop\/wp-content\/uploads\/2019\/10\/technische-Zeichnung-DDoptics-2_5-15x56.jpg\" class=\"attachment-large size-large\" alt=\"Dibujo DDoptics V4 2.5-10x56 NFX\" srcset=\"https:\/\/ddoptics.shop\/wp-content\/uploads\/2019\/10\/technische-Zeichnung-DDoptics-2_5-15x56.jpg 800w, https:\/\/ddoptics.shop\/wp-content\/uploads\/2019\/10\/technische-Zeichnung-DDoptics-2_5-15x56-304x204.jpg 304w, https:\/\/ddoptics.shop\/wp-content\/uploads\/2019\/10\/technische-Zeichnung-DDoptics-2_5-15x56-305x205.jpg 305w, https:\/\/ddoptics.shop\/wp-content\/uploads\/2019\/10\/technische-Zeichnung-DDoptics-2_5-15x56-632x424.jpg 632w, https:\/\/ddoptics.shop\/wp-content\/uploads\/2019\/10\/technische-Zeichnung-DDoptics-2_5-15x56-510x342.jpg 510w, https:\/\/ddoptics.shop\/wp-content\/uploads\/2019\/10\/technische-Zeichnung-DDoptics-2_5-15x56-250x168.jpg 250w\" sizes=\"(max-width: 800px) 100vw, 800px\" title=\"\">\t\t\t\t\t\t\n\t\t\t\t\t<\/div>\n\t\t\t\t\t\t\t\t\n<style>\n#image_57037829 {\n  width: 100%;\n}\n<\/style>\n\t<\/div>\n\t\n<h2>Perfecto para la caza y el tiro deportivo<\/h2>\n<p>En <strong>Visor DDoptics V4 2,5-10\u00d756 NFX<\/strong> no s\u00f3lo impresiona por su aspecto, sino tambi\u00e9n por su robustez. La fabricaci\u00f3n de alta calidad y las torretas met\u00e1licas duraderas garantizan un rendimiento fiable, incluso en condiciones exigentes. Tanto en la caza como en el campo de tiro, este visor es un compa\u00f1ero fiable.<\/p>\n<h3>Por qu\u00e9 merece la pena el DDoptics V4 2.5-10\u00d756 NFX<\/h3>\n<ul>\n<li><strong>El mejor rendimiento crepuscular:<\/strong> La combinaci\u00f3n de una lente de gran tama\u00f1o y un revestimiento de alta calidad garantiza una visi\u00f3n n\u00edtida, incluso con poca luz.<\/li>\n<li><strong>M\u00e1xima precisi\u00f3n:<\/strong> Gracias al MRAD y a la ret\u00edcula 4, podr\u00e1 dar en el blanco con una precisi\u00f3n milim\u00e9trica.<\/li>\n<li><strong>Uso vers\u00e1til:<\/strong> Ideal para la caza en oculto, el rececho o el tiro deportivo gracias a su zoom flexible y su gran campo de visi\u00f3n.<\/li>\n<li><strong>F\u00e1cil de usar:<\/strong> Su manejo intuitivo y sus c\u00f3modas funciones, como la compensaci\u00f3n de paralaje, hacen que sea un placer utilizarlo.<\/li>\n<\/ul>\n<h2>Nuestra conclusi\u00f3n: la precisi\u00f3n se une a la calidad<\/h2>\n<p>En <strong>Visor DDoptics V4 2,5-10\u00d756 NFX<\/strong> con <strong>MRAD<\/strong> y <strong>Ret\u00edculo 4<\/strong> es imprescindible para cualquiera que valore la calidad y el rendimiento. Combina una tecnolog\u00eda innovadora con un manejo pr\u00e1ctico y ofrece una \u00f3ptica insuperable para la caza y el deporte. D\u00e9jese convencer por este visor y experimente la precisi\u00f3n a un nuevo nivel.<\/p>","protected":false},"excerpt":{"rendered":"<p><img decoding=\"async\" class=\"alignnone wp-image-10168 size-full\" title=\"Caza del jabal\u00ed\" src=\"https:\/\/ddoptics.shop\/wp-content\/uploads\/2016\/09\/Jagd-klein.jpg\" alt=\"Prism\u00e1ticos de caza\" width=\"50\" height=\"50\" \/><img decoding=\"async\" class=\"alignnone wp-image-10166 size-full\" title=\"Caza nocturna\" src=\"https:\/\/ddoptics.shop\/wp-content\/uploads\/2016\/09\/Astronomie-klein.jpg\" alt=\"Prism\u00e1ticos astron\u00f3micos\" width=\"50\" height=\"50\" \/><a href=\"https:\/\/ddoptics.shop\/wp-content\/uploads\/2016\/04\/Ansitz-Jagd.jpg\"><img decoding=\"async\" class=\"alignnone wp-image-10471 size-full\" title=\"Stand de caza\" src=\"https:\/\/ddoptics.shop\/wp-content\/uploads\/2016\/04\/Ansitz-Jagd.jpg\" alt=\"Stand de caza\" width=\"50\" height=\"50\" \/><\/a><br \/>\nIntensidad luminosa <strong>Versi\u00f3n especial NFX<\/strong> con campo de visi\u00f3n gran angular. El ZF 2,5-10\u00d756 NFX combina la luminosidad anterior de los visores Gen 3 con las nuevas caracter\u00edsticas del ocular NFX. Disfrute de<strong> Prestaciones<\/strong> del NFX.<\/p>\n<p><strong>Opcionalmente con <a title=\"NUEVO punto luminoso DDoptics IFiber\" href=\"\/es\/termino-tecnico-wiki\/punto-de-luz-inteligente-ddoptics-ifiber\/\" target=\"_blank\" rel=\"noopener noreferrer\">Punto luminoso IFibre<\/a> por s\u00f3lo 99,- euros de suplemento.<\/strong><\/p>\n<a href=\"https:\/\/amzn.to\/3AJ8qF5\" target=\"_blank\" class=\"button success is-success is-small\" rel=\"\u201dnofollow\u201d noopener\" >\n\t\t<span>\u00bfes cliente de amazon? - \u00bfutiliza las ventajas prime?<\/span>\n\t<\/a>","protected":false},"featured_media":18838,"comment_status":"open","ping_status":"closed","template":"","meta":{"inline_featured_image":false,"footnotes":""},"product_brand":[],"product_cat":[477,454,949,638,697,917,918,637,68],"product_tag":[165,78,696,935,79],"class_list":{"0":"post-18833","1":"product","2":"type-product","3":"status-publish","4":"has-post-thumbnail","6":"product_cat-25-10x56","7":"product_cat-56-mm-objektivdurchmesser","8":"product_cat-messeaktion","9":"product_cat-ansitzjagd","10":"product_cat-mrad-klickverstellung","11":"product_cat-nfx-zielfernrohre-weitwinkel-zf","12":"product_cat-v4-4fach-zoom","13":"product_cat-zf-anwendung","14":"product_cat-zielfernrohr","15":"product_tag-2-5-10x56","16":"product_tag-ddoptics","17":"product_tag-mrad","18":"product_tag-nfx-ddoptics","19":"product_tag-zielfernrohr","20":"product_shipping_class-paket","21":"pa_brand-marke-ddoptics","22":"pa_produkt-typ-zielfernrohr","24":"first","25":"instock","26":"sale","27":"taxable","28":"shipping-taxable","29":"purchasable","30":"product-type-bundle"},"bundled_by":[],"bundle_stock_status":"instock","bundle_stock_quantity":47,"bundle_virtual":false,"bundle_layout":"default","bundle_add_to_cart_form_location":"default","bundle_editable_in_cart":false,"bundle_sold_individually_context":"product","bundle_item_grouping":"parent","bundle_min_size":"","bundle_max_size":"","bundle_price":{"price":{"min":{"incl_tax":"849.01","excl_tax":"707.51"},"max":{"incl_tax":"953.32","excl_tax":"794.43"}},"regular_price":{"min":{"incl_tax":"1145.01","excl_tax":"954.18"},"max":{"incl_tax":"1260.9","excl_tax":"1050.75"}}},"bundled_items":[{"bundled_item_id":81,"product_id":12809,"menu_order":0,"quantity_min":1,"quantity_max":1,"quantity_default":1,"priced_individually":true,"shipped_individually":false,"override_title":true,"title":"","override_description":false,"description":"","optional":false,"hide_thumbnail":true,"discount":"","override_variations":true,"allowed_variations":[12810,12811],"override_default_variation_attributes":false,"default_variation_attributes":[],"single_product_visibility":"visible","cart_visibility":"visible","order_visibility":"visible","single_product_price_visibility":"visible","cart_price_visibility":"visible","order_price_visibility":"visible","stock_status":"in_stock"},{"bundled_item_id":82,"product_id":12812,"menu_order":1,"quantity_min":1,"quantity_max":1,"quantity_default":1,"priced_individually":true,"shipped_individually":false,"override_title":true,"title":"Casi un regalo - flip caps","override_description":false,"description":"","optional":true,"hide_thumbnail":false,"discount":"68.55","override_variations":true,"allowed_variations":[12816],"override_default_variation_attributes":true,"default_variation_attributes":[{"id":17,"name":"Tama\u00f1o del visor","option":"25-10x56"}],"single_product_visibility":"visible","cart_visibility":"visible","order_visibility":"visible","single_product_price_visibility":"visible","cart_price_visibility":"visible","order_price_visibility":"visible","stock_status":"in_stock"}],"bundle_sell_ids":[],"_links":{"self":[{"href":"https:\/\/ddoptics.shop\/es\/wp-json\/wp\/v2\/product\/18833","targetHints":{"allow":["GET"]}}],"collection":[{"href":"https:\/\/ddoptics.shop\/es\/wp-json\/wp\/v2\/product"}],"about":[{"href":"https:\/\/ddoptics.shop\/es\/wp-json\/wp\/v2\/types\/product"}],"replies":[{"embeddable":true,"href":"https:\/\/ddoptics.shop\/es\/wp-json\/wp\/v2\/comments?post=18833"}],"version-history":[{"count":23,"href":"https:\/\/ddoptics.shop\/es\/wp-json\/wp\/v2\/product\/18833\/revisions"}],"predecessor-version":[{"id":28258,"href":"https:\/\/ddoptics.shop\/es\/wp-json\/wp\/v2\/product\/18833\/revisions\/28258"}],"wp:featuredmedia":[{"embeddable":true,"href":"https:\/\/ddoptics.shop\/es\/wp-json\/wp\/v2\/media\/18838"}],"wp:attachment":[{"href":"https:\/\/ddoptics.shop\/es\/wp-json\/wp\/v2\/media?parent=18833"}],"wp:term":[{"taxonomy":"product_brand","embeddable":true,"href":"https:\/\/ddoptics.shop\/es\/wp-json\/wp\/v2\/product_brand?post=18833"},{"taxonomy":"product_cat","embeddable":true,"href":"https:\/\/ddoptics.shop\/es\/wp-json\/wp\/v2\/product_cat?post=18833"},{"taxonomy":"product_tag","embeddable":true,"href":"https:\/\/ddoptics.shop\/es\/wp-json\/wp\/v2\/product_tag?post=18833"}],"curies":[{"name":"wp","href":"https:\/\/api.w.org\/{rel}","templated":true}]}}