{"id":1953,"date":"2016-04-16T13:27:45","date_gmt":"2016-04-16T11:27:45","guid":{"rendered":"https:\/\/beta.optik-sport-shop.at\/kaufen\/fernglas-ddoptics-ultralight-8x34\/"},"modified":"2025-10-06T14:02:19","modified_gmt":"2025-10-06T12:02:19","slug":"prismaticos-ddoptics-ultralight-8x34","status":"publish","type":"product","link":"https:\/\/ddoptics.shop\/es\/kaufen\/fernglas-ddoptics-ultralight-8x34\/","title":{"rendered":"Prism\u00e1ticos DDoptics Ultralight 8\u00d734"},"content":{"rendered":"<div class=\"row\"  id=\"row-531769170\">\n\n\t<div id=\"col-1123139273\" class=\"col medium-8 small-12 large-8\"  >\n\t\t\t\t<div class=\"col-inner\"  >\n\t\t\t\n\t\t\t\n<h2>Prism\u00e1ticos DDoptics Ultralight 8\u00d734<\/h2>\n<p>Descubra los prism\u00e1ticos universales todoterreno de DDoptics. A <strong>Prism\u00e1ticos compactos 8x <\/strong>con <strong>impresionante rendimiento de imagen<\/strong> a un <strong>precio m\u00e1s que sorprendente<\/strong>. Con este <strong>prism\u00e1ticos muy ligeros y compactos<\/strong> DDoptics completa su gama en la categor\u00eda \"a <strong>\"Prism\u00e1ticos para TODOS\"<\/strong> con la serie Ultralight.<\/p>\n<p>En <strong>Prism\u00e1ticos DDoptics Ultralight con 8 aumentos<\/strong> le ofrece un aspecto ligero y estanco por 147,- euros, as\u00ed como un mecanismo de funcionamiento limpio.<\/p>\n<p>El peque\u00f1o <strong>Los prism\u00e1ticos tienen un bonito dise\u00f1o<\/strong> dise\u00f1ado, ligero, peque\u00f1o, impermeable y potente. El <strong>puente abierto<\/strong> invita a la mano a envolver el tubo, proporcionando agarre y comodidad.<\/p>\n<p>El revestimiento de los prismas y las lentes garantiza una imagen brillante y agradable, y si no necesita los prism\u00e1ticos en ese momento, se pueden guardar f\u00e1cilmente en el bolsillo de la chaqueta. El reducido peso de los prism\u00e1ticos Ultralight, de poco menos de 400 g, nunca supone un problema.<\/p>\n\t\t<\/div>\n\t\t\t\t\n<style>\n#col-1123139273 > .col-inner {\n  margin: 0px 0px -30px 0px;\n}\n<\/style>\n\t<\/div>\n\n\t\n\n\t<div id=\"col-432208321\" class=\"col medium-4 small-12 large-4\"  >\n\t\t\t\t<div class=\"col-inner\"  >\n\t\t\t\n\t\t\t\n\t<div class=\"img has-hover x md-x lg-x y md-y lg-y\" id=\"image_225894424\">\n\t\t\t\t\t\t\t\t<div class=\"img-inner dark\" >\n\t\t\t\t\t\t\t\t\t\n\t\t\t\t\t<\/div>\n\t\t\t\t\t\t\t\t\n<style>\n#image_225894424 {\n  width: 100%;\n}\n<\/style>\n\t<\/div>\n\t\n\t<div class=\"img has-hover x md-x lg-x y md-y lg-y\" id=\"image_1315590807\">\n\t\t<a class=\"\" href=\"https:\/\/www.shop.ddoptics.de\/garantiebestimmungen\" target=\"_blank\" rel=\"noopener\">\t\t\t\t\t\t<div class=\"img-inner dark\" >\n\t\t\t<img decoding=\"async\" width=\"352\" height=\"160\" src=\"https:\/\/ddoptics.shop\/wp-content\/uploads\/2014\/09\/DDoptics-Garantie.jpg\" class=\"attachment-large size-large\" alt=\"Garant\u00eda DDoptics\" srcset=\"https:\/\/ddoptics.shop\/wp-content\/uploads\/2014\/09\/DDoptics-Garantie.jpg 352w, https:\/\/ddoptics.shop\/wp-content\/uploads\/2014\/09\/DDoptics-Garantie-304x138.jpg 304w, https:\/\/ddoptics.shop\/wp-content\/uploads\/2014\/09\/DDoptics-Garantie-305x139.jpg 305w, https:\/\/ddoptics.shop\/wp-content\/uploads\/2014\/09\/DDoptics-Garantie-250x114.jpg 250w\" sizes=\"(max-width: 352px) 100vw, 352px\" title=\"\">\t\t\t\t\t\t\n\t\t\t\t\t<\/div>\n\t\t\t\t\t\t<\/a>\t\t\n<style>\n#image_1315590807 {\n  width: 100%;\n}\n<\/style>\n\t<\/div>\n\t\n<h3>Datos sobre los prism\u00e1ticos DDoptics<\/h3>\n\n\t\t<div class=\"icon-box featured-box icon-box-left text-left\"  >\n\t\t\t\t\t<div class=\"icon-box-img\" style=\"width: 32px\">\n\t\t\t\t<div class=\"icon\">\n\t\t\t\t\t<div class=\"icon-inner\" >\n\t\t\t\t\t\t<img decoding=\"async\" width=\"100\" height=\"83\" src=\"https:\/\/ddoptics.shop\/wp-content\/uploads\/2021\/05\/DDoptics-SHG-Icon.jpg\" class=\"attachment-medium size-medium\" alt=\"Prism\u00e1ticos DDoptics SHG Icon\" title=\"\">\t\t\t\t\t<\/div>\n\t\t\t\t<\/div>\n\t\t\t<\/div>\n\t\t\t\t<div class=\"icon-box-text last-reset\">\n\t\t\t\t\t\t\t\t\t\n<p>Peso m\u00ednimo<\/p>\n\t\t<\/div>\n\t<\/div>\n\t\n\t\n\n\t\t<div class=\"icon-box featured-box icon-box-left text-left\"  >\n\t\t\t\t\t<div class=\"icon-box-img\" style=\"width: 32px\">\n\t\t\t\t<div class=\"icon\">\n\t\t\t\t\t<div class=\"icon-inner\" >\n\t\t\t\t\t\t<img decoding=\"async\" width=\"100\" height=\"83\" src=\"https:\/\/ddoptics.shop\/wp-content\/uploads\/2021\/05\/DDoptics-SHG-Icon.jpg\" class=\"attachment-medium size-medium\" alt=\"Prism\u00e1ticos DDoptics SHG Icon\" title=\"\">\t\t\t\t\t<\/div>\n\t\t\t\t<\/div>\n\t\t\t<\/div>\n\t\t\t\t<div class=\"icon-box-text last-reset\">\n\t\t\t\t\t\t\t\t\t\n<p>\u2705 Puente abierto<\/p>\n\t\t<\/div>\n\t<\/div>\n\t\n\t\n\n\t\t<div class=\"icon-box featured-box icon-box-left text-left\"  >\n\t\t\t\t\t<div class=\"icon-box-img\" style=\"width: 32px\">\n\t\t\t\t<div class=\"icon\">\n\t\t\t\t\t<div class=\"icon-inner\" >\n\t\t\t\t\t\t<img decoding=\"async\" width=\"100\" height=\"83\" src=\"https:\/\/ddoptics.shop\/wp-content\/uploads\/2021\/05\/DDoptics-SHG-Icon.jpg\" class=\"attachment-medium size-medium\" alt=\"Prism\u00e1ticos DDoptics SHG Icon\" title=\"\">\t\t\t\t\t<\/div>\n\t\t\t\t<\/div>\n\t\t\t<\/div>\n\t\t\t\t<div class=\"icon-box-text last-reset\">\n\t\t\t\t\t\t\t\t\t\n<p>\u2705 Mecanismo de ajuste fino<\/p>\n\t\t<\/div>\n\t<\/div>\n\t\n\t\n\n\t\t<div class=\"icon-box featured-box icon-box-left text-left\"  >\n\t\t\t\t\t<div class=\"icon-box-img\" style=\"width: 32px\">\n\t\t\t\t<div class=\"icon\">\n\t\t\t\t\t<div class=\"icon-inner\" >\n\t\t\t\t\t\t<img decoding=\"async\" width=\"100\" height=\"83\" src=\"https:\/\/ddoptics.shop\/wp-content\/uploads\/2021\/05\/DDoptics-SHG-Icon.jpg\" class=\"attachment-medium size-medium\" alt=\"Prism\u00e1ticos DDoptics SHG Icon\" title=\"\">\t\t\t\t\t<\/div>\n\t\t\t\t<\/div>\n\t\t\t<\/div>\n\t\t\t\t<div class=\"icon-box-text last-reset\">\n\t\t\t\t\t\t\t\t\t\n<p>\u2705 Oculares met\u00e1licos<\/p>\n\t\t<\/div>\n\t<\/div>\n\t\n\t\n\n\t\t<div class=\"icon-box featured-box icon-box-left text-left\"  >\n\t\t\t\t\t<div class=\"icon-box-img\" style=\"width: 32px\">\n\t\t\t\t<div class=\"icon\">\n\t\t\t\t\t<div class=\"icon-inner\" >\n\t\t\t\t\t\t<img decoding=\"async\" width=\"100\" height=\"83\" src=\"https:\/\/ddoptics.shop\/wp-content\/uploads\/2021\/05\/DDoptics-SHG-Icon.jpg\" class=\"attachment-medium size-medium\" alt=\"Prism\u00e1ticos DDoptics SHG Icon\" title=\"\">\t\t\t\t\t<\/div>\n\t\t\t\t<\/div>\n\t\t\t<\/div>\n\t\t\t\t<div class=\"icon-box-text last-reset\">\n\t\t\t\t\t\t\t\t\t\n<p>Prismas Schmidt-Pechan + buena resoluci\u00f3n<\/p>\n\t\t<\/div>\n\t<\/div>\n\t\n\t\n\n\t\t<div class=\"icon-box featured-box icon-box-left text-left\"  >\n\t\t\t\t\t<div class=\"icon-box-img\" style=\"width: 32px\">\n\t\t\t\t<div class=\"icon\">\n\t\t\t\t\t<div class=\"icon-inner\" >\n\t\t\t\t\t\t<img decoding=\"async\" width=\"100\" height=\"83\" src=\"https:\/\/ddoptics.shop\/wp-content\/uploads\/2021\/05\/DDoptics-SHG-Icon.jpg\" class=\"attachment-medium size-medium\" alt=\"Prism\u00e1ticos DDoptics SHG Icon\" title=\"\">\t\t\t\t\t<\/div>\n\t\t\t\t<\/div>\n\t\t\t<\/div>\n\t\t\t\t<div class=\"icon-box-text last-reset\">\n\t\t\t\t\t\t\t\t\t\n<p>\u2705 Impermeabilidad y relleno de nitr\u00f3geno.<\/p>\n\t\t<\/div>\n\t<\/div>\n\t\n\t\n<div class=\"is-divider divider clearfix\" ><\/div>\n\t\t<\/div>\n\t\t\t\t\t<\/div>\n\n\t\n<\/div>\n<h3>Prism\u00e1ticos DDoptics Ultralight 8\u00d734 para trekking, vacaciones al aire libre o alpinismo<\/h3>\n<p>Ya sea en el <strong>Monta\u00f1as o durante extensas caminatas<\/strong>tanto si hace fr\u00edo como si hace calor, el <strong>Ultraligero impermeable y relleno de nitr\u00f3geno<\/strong> simplemente lo hace todo - y a\u00fan as\u00ed toma una muy buena foto. Incluso al anochecer, te ayuda a encontrar el camino correcto o te muestra d\u00f3nde se esconden una o dos sorpresitas.<\/p>\n<h3>Relaci\u00f3n calidad-precio escandalosa para unos prism\u00e1ticos 8\u00d734<\/h3>\n<p>Con el <strong>Prism\u00e1ticos ultraligeros 8\u00d734 DDoptics le ofrece un par de prism\u00e1ticos<\/strong>que puede hacer todo lo que se espera de unos prism\u00e1ticos tan peque\u00f1os. Un puente abierto es algo que raramente se encuentra en prism\u00e1ticos de este precio.<\/p>\n<h3>DDoptics Ultralight 8\u00d734 - Prism\u00e1ticos robustos para uso diario<\/h3>\n<p>En <strong>Cuerpo del prism\u00e1tico de policarbonato ultraduro e inastillable<\/strong> fabricados. Se utilizan aleaciones met\u00e1licas en puntos cr\u00edticos como los oculares o la \"curva\".<\/p>\n<h3>Mec\u00e1nica binocular fina<\/h3>\n<p>En <strong>La rueda de enfoque funciona c\u00f3modamente libre y sin holguras;<\/strong> ni demasiado fuerte ni demasiado suave. Gracias al ajuste fino, el enfoque puede llevarse con facilidad y precisi\u00f3n al \"punto focal\". La dioptr\u00eda, que se puede accionar debajo del ocular derecho, se puede ajustar de forma limpia y precisa. El sitio <strong>Los oculares ofrecen cuatro \"niveles de cuadr\u00edcula\" claros<\/strong> De este modo, tanto los usuarios de gafas como los que no lo son pueden ajustar la distancia interpupilar \u00f3ptima y m\u00e1s c\u00f3moda.<\/p>","protected":false},"excerpt":{"rendered":"<p>Nuestra opini\u00f3n: El<strong> Prism\u00e1ticos DDoptics Revolution - <\/strong>un<strong> Prism\u00e1ticos para TODOS a un precio incre\u00edble.<\/strong><\/p>","protected":false},"featured_media":1957,"comment_status":"open","ping_status":"closed","template":"","meta":{"inline_featured_image":false,"footnotes":""},"product_brand":[],"product_cat":[361,349,329,344,346],"product_tag":[90,159,562,78,872],"class_list":{"0":"post-1953","1":"product","2":"type-product","3":"status-publish","4":"has-post-thumbnail","6":"product_cat-34-mm-objektiv","7":"product_cat-8x-vergroesserung","8":"product_cat-ddoptics","9":"product_cat-naturbeobachtung","10":"product_cat-wandern-und-reisen","11":"product_tag-8-fach-vergroesserung","12":"product_tag-8x34","13":"product_tag-8x34-fernglas","14":"product_tag-ddoptics","15":"product_tag-ultralight-8x34","16":"product_shipping_class-paket","17":"pa_brand-marke-ddoptics","18":"pa_farbe-schwarz","19":"pa_produkt-typ-fernglas","21":"first","22":"instock","23":"sale","24":"taxable","25":"shipping-taxable","26":"purchasable","27":"product-type-simple"},"bundled_by":[],"bundle_stock_status":"instock","bundle_stock_quantity":null,"bundle_virtual":false,"bundle_layout":"","bundle_add_to_cart_form_location":"","bundle_editable_in_cart":false,"bundle_sold_individually_context":"","bundle_item_grouping":"","bundle_min_size":"","bundle_max_size":"","bundle_price":[],"bundled_items":[],"bundle_sell_ids":[],"_links":{"self":[{"href":"https:\/\/ddoptics.shop\/es\/wp-json\/wp\/v2\/product\/1953","targetHints":{"allow":["GET"]}}],"collection":[{"href":"https:\/\/ddoptics.shop\/es\/wp-json\/wp\/v2\/product"}],"about":[{"href":"https:\/\/ddoptics.shop\/es\/wp-json\/wp\/v2\/types\/product"}],"replies":[{"embeddable":true,"href":"https:\/\/ddoptics.shop\/es\/wp-json\/wp\/v2\/comments?post=1953"}],"version-history":[{"count":6,"href":"https:\/\/ddoptics.shop\/es\/wp-json\/wp\/v2\/product\/1953\/revisions"}],"predecessor-version":[{"id":29195,"href":"https:\/\/ddoptics.shop\/es\/wp-json\/wp\/v2\/product\/1953\/revisions\/29195"}],"wp:featuredmedia":[{"embeddable":true,"href":"https:\/\/ddoptics.shop\/es\/wp-json\/wp\/v2\/media\/1957"}],"wp:attachment":[{"href":"https:\/\/ddoptics.shop\/es\/wp-json\/wp\/v2\/media?parent=1953"}],"wp:term":[{"taxonomy":"product_brand","embeddable":true,"href":"https:\/\/ddoptics.shop\/es\/wp-json\/wp\/v2\/product_brand?post=1953"},{"taxonomy":"product_cat","embeddable":true,"href":"https:\/\/ddoptics.shop\/es\/wp-json\/wp\/v2\/product_cat?post=1953"},{"taxonomy":"product_tag","embeddable":true,"href":"https:\/\/ddoptics.shop\/es\/wp-json\/wp\/v2\/product_tag?post=1953"}],"curies":[{"name":"wp","href":"https:\/\/api.w.org\/{rel}","templated":true}]}}