{"id":1958,"date":"2016-04-16T14:08:48","date_gmt":"2016-04-16T12:08:48","guid":{"rendered":"https:\/\/beta.optik-sport-shop.at\/kaufen\/ddoptics-fernglas-ultralight-10x34\/"},"modified":"2025-10-06T14:02:00","modified_gmt":"2025-10-06T12:02:00","slug":"ddoptics-prismaticos-ultralight-10x34","status":"publish","type":"product","link":"https:\/\/ddoptics.shop\/es\/kaufen\/ddoptics-fernglas-ultralight-10x34\/","title":{"rendered":"Prism\u00e1ticos DDoptics Ultralight 10\u00d734"},"content":{"rendered":"<div class=\"row\"  id=\"row-745726088\">\n\n\t<div id=\"col-919972681\" class=\"col medium-8 small-12 large-8\"  >\n\t\t\t\t<div class=\"col-inner\"  >\n\t\t\t\n\t\t\t\n<h2>Prism\u00e1ticos DDoptics Ultralight 10\u00d734<\/h2>\n<p>Los prism\u00e1ticos universales de viaje y acecho de DDoptics. A <strong>Prism\u00e1ticos compactos 10x <\/strong>con <strong>impresionante rendimiento de imagen<\/strong> a un <strong>precio m\u00e1s que sorprendente<\/strong>. Con este <strong>prism\u00e1ticos muy ligeros y compactos<\/strong> DDoptics completa su gama en la categor\u00eda \"prism\u00e1ticos para TODOS\" con la serie Ultralight.<\/p>\n<p>En\u00a0<strong>Prism\u00e1ticos DDoptics Ultralight con 10 aumentos<\/strong> le ofrece un aspecto ligero y estanco, as\u00ed como un mecanismo de funcionamiento limpio por 149 euros.<\/p>\n<p>Ligero, peque\u00f1o, manejable, <strong>Impermeable y potente<\/strong> deber\u00edan ser los prism\u00e1ticos universales para senderismo. Adem\u00e1s, estos peque\u00f1os prism\u00e1ticos son sencillamente preciosos. Su puente abierto invita a la mano a envolver firmemente el tubo del prism\u00e1tico, proporcionando agarre y comodidad.<\/p>\n<p>En <strong>Revestimiento de las lentes \u00f3pticas<\/strong> garantiza una imagen brillante y agradable, y si no necesita los prism\u00e1ticos en ese momento, se pueden guardar r\u00e1pidamente en el bolsillo de la chaqueta. El reducido peso de poco menos de <strong>400 g de los prism\u00e1ticos Ultralight<\/strong> no interfiere en ning\u00fan momento.<\/p>\n<h3>Ideal para vacaciones al aire libre<\/h3>\n<p>Ya sea en el <strong>En la monta\u00f1a o en la playa<\/strong>Ya sea a 15 grados bajo cero o a 45 grados en el desierto, los prism\u00e1ticos Ultralight rellenos de nitr\u00f3geno pueden con todo y siguen produciendo una buena imagen. Hasta en el crep\u00fasculo, le ayudan a ver la <strong>reconocer el camino correcto<\/strong> o te muestra d\u00f3nde est\u00e1 escondida alguna que otra sorpresita.<\/p>\n\t\t<\/div>\n\t\t\t\t\n<style>\n#col-919972681 > .col-inner {\n  margin: 0px 0px -30px 0px;\n}\n<\/style>\n\t<\/div>\n\n\t\n\n\t<div id=\"col-327774220\" class=\"col medium-4 small-12 large-4\"  >\n\t\t\t\t<div class=\"col-inner\"  >\n\t\t\t\n\t\t\t\n\t<div class=\"img has-hover x md-x lg-x y md-y lg-y\" id=\"image_424154814\">\n\t\t\t\t\t\t\t\t<div class=\"img-inner dark\" >\n\t\t\t\t\t\t\t\t\t\n\t\t\t\t\t<\/div>\n\t\t\t\t\t\t\t\t\n<style>\n#image_424154814 {\n  width: 100%;\n}\n<\/style>\n\t<\/div>\n\t\n\t<div class=\"img has-hover x md-x lg-x y md-y lg-y\" id=\"image_235742234\">\n\t\t<a class=\"\" href=\"https:\/\/www.shop.ddoptics.de\/garantiebestimmungen\" target=\"_blank\" rel=\"noopener\">\t\t\t\t\t\t<div class=\"img-inner dark\" >\n\t\t\t<img decoding=\"async\" width=\"352\" height=\"160\" src=\"https:\/\/ddoptics.shop\/wp-content\/uploads\/2014\/09\/DDoptics-Garantie.jpg\" class=\"attachment-large size-large\" alt=\"Garant\u00eda DDoptics\" srcset=\"https:\/\/ddoptics.shop\/wp-content\/uploads\/2014\/09\/DDoptics-Garantie.jpg 352w, https:\/\/ddoptics.shop\/wp-content\/uploads\/2014\/09\/DDoptics-Garantie-304x138.jpg 304w, https:\/\/ddoptics.shop\/wp-content\/uploads\/2014\/09\/DDoptics-Garantie-305x139.jpg 305w, https:\/\/ddoptics.shop\/wp-content\/uploads\/2014\/09\/DDoptics-Garantie-250x114.jpg 250w\" sizes=\"(max-width: 352px) 100vw, 352px\" title=\"\">\t\t\t\t\t\t\n\t\t\t\t\t<\/div>\n\t\t\t\t\t\t<\/a>\t\t\n<style>\n#image_235742234 {\n  width: 100%;\n}\n<\/style>\n\t<\/div>\n\t\n<h3>Datos sobre los prism\u00e1ticos DDoptics<\/h3>\n\n\t\t<div class=\"icon-box featured-box icon-box-left text-left\"  >\n\t\t\t\t\t<div class=\"icon-box-img\" style=\"width: 32px\">\n\t\t\t\t<div class=\"icon\">\n\t\t\t\t\t<div class=\"icon-inner\" >\n\t\t\t\t\t\t<img decoding=\"async\" width=\"100\" height=\"83\" src=\"https:\/\/ddoptics.shop\/wp-content\/uploads\/2021\/05\/DDoptics-SHG-Icon.jpg\" class=\"attachment-medium size-medium\" alt=\"Prism\u00e1ticos DDoptics SHG Icon\" title=\"\">\t\t\t\t\t<\/div>\n\t\t\t\t<\/div>\n\t\t\t<\/div>\n\t\t\t\t<div class=\"icon-box-text last-reset\">\n\t\t\t\t\t\t\t\t\t\n<p>Peso m\u00ednimo<\/p>\n\t\t<\/div>\n\t<\/div>\n\t\n\t\n\n\t\t<div class=\"icon-box featured-box icon-box-left text-left\"  >\n\t\t\t\t\t<div class=\"icon-box-img\" style=\"width: 32px\">\n\t\t\t\t<div class=\"icon\">\n\t\t\t\t\t<div class=\"icon-inner\" >\n\t\t\t\t\t\t<img decoding=\"async\" width=\"100\" height=\"83\" src=\"https:\/\/ddoptics.shop\/wp-content\/uploads\/2021\/05\/DDoptics-SHG-Icon.jpg\" class=\"attachment-medium size-medium\" alt=\"Prism\u00e1ticos DDoptics SHG Icon\" title=\"\">\t\t\t\t\t<\/div>\n\t\t\t\t<\/div>\n\t\t\t<\/div>\n\t\t\t\t<div class=\"icon-box-text last-reset\">\n\t\t\t\t\t\t\t\t\t\n<p>\u2705 Puente abierto<\/p>\n\t\t<\/div>\n\t<\/div>\n\t\n\t\n\n\t\t<div class=\"icon-box featured-box icon-box-left text-left\"  >\n\t\t\t\t\t<div class=\"icon-box-img\" style=\"width: 32px\">\n\t\t\t\t<div class=\"icon\">\n\t\t\t\t\t<div class=\"icon-inner\" >\n\t\t\t\t\t\t<img decoding=\"async\" width=\"100\" height=\"83\" src=\"https:\/\/ddoptics.shop\/wp-content\/uploads\/2021\/05\/DDoptics-SHG-Icon.jpg\" class=\"attachment-medium size-medium\" alt=\"Prism\u00e1ticos DDoptics SHG Icon\" title=\"\">\t\t\t\t\t<\/div>\n\t\t\t\t<\/div>\n\t\t\t<\/div>\n\t\t\t\t<div class=\"icon-box-text last-reset\">\n\t\t\t\t\t\t\t\t\t\n<p>\u2705 Mecanismo de ajuste fino<\/p>\n\t\t<\/div>\n\t<\/div>\n\t\n\t\n\n\t\t<div class=\"icon-box featured-box icon-box-left text-left\"  >\n\t\t\t\t\t<div class=\"icon-box-img\" style=\"width: 32px\">\n\t\t\t\t<div class=\"icon\">\n\t\t\t\t\t<div class=\"icon-inner\" >\n\t\t\t\t\t\t<img decoding=\"async\" width=\"100\" height=\"83\" src=\"https:\/\/ddoptics.shop\/wp-content\/uploads\/2021\/05\/DDoptics-SHG-Icon.jpg\" class=\"attachment-medium size-medium\" alt=\"Prism\u00e1ticos DDoptics SHG Icon\" title=\"\">\t\t\t\t\t<\/div>\n\t\t\t\t<\/div>\n\t\t\t<\/div>\n\t\t\t\t<div class=\"icon-box-text last-reset\">\n\t\t\t\t\t\t\t\t\t\n<p>\u2705 Oculares met\u00e1licos<\/p>\n\t\t<\/div>\n\t<\/div>\n\t\n\t\n\n\t\t<div class=\"icon-box featured-box icon-box-left text-left\"  >\n\t\t\t\t\t<div class=\"icon-box-img\" style=\"width: 32px\">\n\t\t\t\t<div class=\"icon\">\n\t\t\t\t\t<div class=\"icon-inner\" >\n\t\t\t\t\t\t<img decoding=\"async\" width=\"100\" height=\"83\" src=\"https:\/\/ddoptics.shop\/wp-content\/uploads\/2021\/05\/DDoptics-SHG-Icon.jpg\" class=\"attachment-medium size-medium\" alt=\"Prism\u00e1ticos DDoptics SHG Icon\" title=\"\">\t\t\t\t\t<\/div>\n\t\t\t\t<\/div>\n\t\t\t<\/div>\n\t\t\t\t<div class=\"icon-box-text last-reset\">\n\t\t\t\t\t\t\t\t\t\n<p>Prismas Schmidt-Pechan + buena resoluci\u00f3n<\/p>\n\t\t<\/div>\n\t<\/div>\n\t\n\t\n\n\t\t<div class=\"icon-box featured-box icon-box-left text-left\"  >\n\t\t\t\t\t<div class=\"icon-box-img\" style=\"width: 32px\">\n\t\t\t\t<div class=\"icon\">\n\t\t\t\t\t<div class=\"icon-inner\" >\n\t\t\t\t\t\t<img decoding=\"async\" width=\"100\" height=\"83\" src=\"https:\/\/ddoptics.shop\/wp-content\/uploads\/2021\/05\/DDoptics-SHG-Icon.jpg\" class=\"attachment-medium size-medium\" alt=\"Prism\u00e1ticos DDoptics SHG Icon\" title=\"\">\t\t\t\t\t<\/div>\n\t\t\t\t<\/div>\n\t\t\t<\/div>\n\t\t\t\t<div class=\"icon-box-text last-reset\">\n\t\t\t\t\t\t\t\t\t\n<p>\u2705 Impermeabilidad y relleno de nitr\u00f3geno.<\/p>\n\t\t<\/div>\n\t<\/div>\n\t\n\t\n<div class=\"is-divider divider clearfix\" ><\/div>\n\t\t<\/div>\n\t\t\t\t\t<\/div>\n\n\t\n<\/div>\n<h3>Excepcional relaci\u00f3n calidad-precio para unos prism\u00e1ticos 10\u00d734<\/h3>\n<p>Con el<strong> Prism\u00e1ticos DDoptics Ultralight 10\u00d734<\/strong> DDoptics ofrece una \u00f3ptica que realmente puede hacer todo lo que se puede esperar de un peso tan ligero. Un <strong>el puente abierto no es un problema con los prism\u00e1ticos<\/strong> Este rango de precios tampoco se ha encontrado apenas o nada hasta la fecha.<\/p>\n<h3>Dise\u00f1o robusto para uso en exteriores<\/h3>\n<p>En<strong> La carcasa de los prism\u00e1ticos es de policarbonato ultraduro e inastillable<\/strong> creados. Se utilizan aleaciones met\u00e1licas en todos los puntos cr\u00edticos, como los oculares o la \u201ccurva\u201d.<\/p>\n<h3>Mec\u00e1nica binocular fina<\/h3>\n<p>En <strong>La rueda de enfoque funciona libremente y sin holguras.<\/strong> Ni demasiado duro ni demasiado blando. Con el ajuste fino, gracias al <strong>mec\u00e1nica fina, el enfoque<\/strong> f\u00e1cil e infaliblemente al \"punto focal\".<\/p>\n<p>En <strong>Dioptr\u00edas,<\/strong> que se puede accionar por debajo del ocular derecho, se puede <strong>Limpio y preciso<\/strong> ajustar. Los oculares ofrecen cuatro claros \"pasos de trama\", que permiten tanto <strong>Usuarios de gafas y tambi\u00e9n \u201cno usuarios de gafas\u201c.\u201c<\/strong> el <strong>la mejor distancia interpupilar posible y m\u00e1s c\u00f3moda<\/strong> puede establecer.<\/p>\n<p>En <strong>Revestimiento de las lentes \u00f3pticas<\/strong> garantiza una imagen brillante y agradable, y si no necesita los prism\u00e1ticos en ese momento, se pueden guardar r\u00e1pidamente en el bolsillo de la chaqueta. El reducido peso de poco menos de <strong>400 g de los prism\u00e1ticos Ultralight<\/strong> no interfiere en ning\u00fan momento.<\/p>\n<h3>Ideal para vacaciones al aire libre<\/h3>\n<p>Ya sea en el <strong>En la monta\u00f1a o en la playa<\/strong>Ya sea a 15 grados bajo cero o a 45 grados en el desierto, los prism\u00e1ticos Ultralight rellenos de nitr\u00f3geno pueden con todo y siguen produciendo una buena imagen. Hasta en el crep\u00fasculo, le ayudan a ver la <strong>reconocer el camino correcto<\/strong> o te muestra d\u00f3nde est\u00e1 escondida alguna que otra sorpresita.<\/p>","protected":false},"excerpt":{"rendered":"<p><img decoding=\"async\" class=\"alignnone wp-image-10180 size-full\" title=\"Senderismo y trekking\" src=\"https:\/\/ddoptics.shop\/wp-content\/uploads\/2016\/04\/Bergwandern-klein.jpg\" alt=\"Prism\u00e1ticos de monta\u00f1a\" width=\"50\" height=\"50\" \/><img decoding=\"async\" class=\"alignnone wp-image-10178 size-full\" title=\"Observaciones de la naturaleza\" src=\"https:\/\/ddoptics.shop\/wp-content\/uploads\/2016\/04\/Gebirgsjagd-klein.jpg\" alt=\"Prism\u00e1ticos de caza de monta\u00f1a\" width=\"50\" height=\"50\" \/><br \/>\nNuestra opini\u00f3n: El<strong> Prism\u00e1ticos DDoptics Revolution - <\/strong>un<strong> Prism\u00e1ticos para TODOS a un precio incre\u00edble.<\/strong><\/p>","protected":false},"featured_media":1961,"comment_status":"open","ping_status":"closed","template":"","meta":{"inline_featured_image":false,"footnotes":""},"product_brand":[],"product_cat":[351,361,329,344,346],"product_tag":[153,160,78,954],"class_list":{"0":"post-1958","1":"product","2":"type-product","3":"status-publish","4":"has-post-thumbnail","6":"product_cat-10x-vergroesserung","7":"product_cat-34-mm-objektiv","8":"product_cat-ddoptics","9":"product_cat-naturbeobachtung","10":"product_cat-wandern-und-reisen","11":"product_tag-10-fach-vergroesserung","12":"product_tag-10x34","13":"product_tag-ddoptics","14":"product_tag-ultralight-10x34","15":"product_shipping_class-paket","16":"pa_brand-marke-ddoptics","17":"pa_farbe-schwarz","18":"pa_produkt-typ-fernglas","20":"first","21":"instock","22":"sale","23":"taxable","24":"shipping-taxable","25":"purchasable","26":"product-type-simple"},"bundled_by":[],"bundle_stock_status":"instock","bundle_stock_quantity":null,"bundle_virtual":false,"bundle_layout":"","bundle_add_to_cart_form_location":"","bundle_editable_in_cart":false,"bundle_sold_individually_context":"","bundle_item_grouping":"","bundle_min_size":"","bundle_max_size":"","bundle_price":[],"bundled_items":[],"bundle_sell_ids":[],"_links":{"self":[{"href":"https:\/\/ddoptics.shop\/es\/wp-json\/wp\/v2\/product\/1958","targetHints":{"allow":["GET"]}}],"collection":[{"href":"https:\/\/ddoptics.shop\/es\/wp-json\/wp\/v2\/product"}],"about":[{"href":"https:\/\/ddoptics.shop\/es\/wp-json\/wp\/v2\/types\/product"}],"replies":[{"embeddable":true,"href":"https:\/\/ddoptics.shop\/es\/wp-json\/wp\/v2\/comments?post=1958"}],"version-history":[{"count":7,"href":"https:\/\/ddoptics.shop\/es\/wp-json\/wp\/v2\/product\/1958\/revisions"}],"predecessor-version":[{"id":29194,"href":"https:\/\/ddoptics.shop\/es\/wp-json\/wp\/v2\/product\/1958\/revisions\/29194"}],"wp:featuredmedia":[{"embeddable":true,"href":"https:\/\/ddoptics.shop\/es\/wp-json\/wp\/v2\/media\/1961"}],"wp:attachment":[{"href":"https:\/\/ddoptics.shop\/es\/wp-json\/wp\/v2\/media?parent=1958"}],"wp:term":[{"taxonomy":"product_brand","embeddable":true,"href":"https:\/\/ddoptics.shop\/es\/wp-json\/wp\/v2\/product_brand?post=1958"},{"taxonomy":"product_cat","embeddable":true,"href":"https:\/\/ddoptics.shop\/es\/wp-json\/wp\/v2\/product_cat?post=1958"},{"taxonomy":"product_tag","embeddable":true,"href":"https:\/\/ddoptics.shop\/es\/wp-json\/wp\/v2\/product_tag?post=1958"}],"curies":[{"name":"wp","href":"https:\/\/api.w.org\/{rel}","templated":true}]}}