{"id":21141,"date":"2020-01-29T17:09:44","date_gmt":"2020-01-29T16:09:44","guid":{"rendered":"https:\/\/ddoptics.shop\/?post_type=product&#038;p=21141"},"modified":"2025-10-03T14:10:53","modified_gmt":"2025-10-03T12:10:53","slug":"visor-v6-5to30x50-gen-3-tactical-mildot-mrad","status":"publish","type":"product","link":"https:\/\/ddoptics.shop\/es\/kaufen\/zielfernrohr-v6-5bis30x50-gen-3-tactical-mildot-mrad\/","title":{"rendered":"Visor DDoptics Nighteagle 5-30\u00d750 Tactical | V6 | MilDot | Ajuste MRAD - Gen 3"},"content":{"rendered":"<div class=\"container section-title-container\" ><h3 class=\"section-title section-title-normal\"><b aria-hidden=\"true\"><\/b><span class=\"section-title-main\" ><i class=\"icon-cross\" aria-hidden=\"true\"><\/i>Breve descripci\u00f3n de Nighteagle 5-30x50 Tactical de DDoptics<\/span><b aria-hidden=\"true\"><\/b><\/h3><\/div>\n<table style=\"background-color: #cacaca; width: 100%;\">\n<tbody>\n<tr style=\"height: 24px;\">\n<td style=\"height: 24px; width: 20%;\"><strong>Tubo:<\/strong><\/td>\n<td style=\"height: 24px; width: 30%;\">Tubo mono de 30 mm<\/td>\n<td style=\"height: 24px; width: 20%;\"><strong>Campo de visi\u00f3n: m a 100 m:<\/strong><\/td>\n<td style=\"height: 24px; width: 30%;\">7,2 - 1,1 m<\/td>\n<\/tr>\n<tr style=\"height: 24px;\">\n<td style=\"height: 24px; width: 20%;\"><strong>Sistema \u00f3ptico:<\/strong><\/td>\n<td style=\"height: 24px; width: 30%;\">De 5 a 30 veces<\/td>\n<td style=\"height: 24px; width: 20%;\"><strong>Distancia interpupilar:<\/strong><\/td>\n<td style=\"height: 24px; width: 30%;\">90,5 mm<\/td>\n<\/tr>\n<tr style=\"height: 24px;\">\n<td style=\"height: 24px; width: 20%;\"><strong>Objetivo:<\/strong><\/td>\n<td style=\"height: 24px; width: 30%;\">50 mm<\/td>\n<td style=\"height: 24px; width: 20%;\"><strong>Longitud:<\/strong><\/td>\n<td style=\"height: 24px; width: 30%;\">348 mm<\/td>\n<\/tr>\n<tr style=\"height: 24px;\">\n<td style=\"height: 24px; width: 20%;\"><a href=\"https:\/\/de.wikipedia.org\/wiki\/Absehen\" target=\"_blank\" rel=\"noopener noreferrer\"><strong>Ret\u00edcula:<\/strong><\/a><\/td>\n<td style=\"height: 24px; width: 30%;\">MilDot<\/td>\n<td style=\"height: 24px; width: 20%;\"><strong>Peso:<\/strong><\/td>\n<td style=\"height: 24px; width: 30%;\">\u00a0742 g<\/td>\n<\/tr>\n<tr style=\"height: 24px;\">\n<td style=\"height: 24px; width: 20%;\"><strong>Punto de luz<\/strong><\/td>\n<td style=\"height: 24px; width: 30%;\">LP 2 o iFibre<\/td>\n<td style=\"height: 24px; width: 20%;\"><strong>Protecci\u00f3n antivaho:<\/strong><\/td>\n<td style=\"height: 24px; width: 30%;\">Relleno de nitr\u00f3geno contra el vaho<\/td>\n<\/tr>\n<tr style=\"height: 24px;\">\n<td style=\"height: 24px; width: 20%;\"><strong>Enfoque\/paralaje:<\/strong><\/td>\n<td style=\"height: 24px; width: 30%;\">Objetivo ajustable de 20 m a infinito<\/td>\n<td style=\"height: 24px; width: 20%;\"><strong>\u00a0Estrechez:<\/strong><\/td>\n<td style=\"height: 24px; width: 30%;\">Resistente al agua y a los golpes<\/td>\n<\/tr>\n<\/tbody>\n<\/table>\n<div class=\"row\"  id=\"row-2143818450\">\n\n\t<div id=\"col-2130120109\" class=\"col medium-8 small-12 large-8\"  >\n\t\t\t\t<div class=\"col-inner\"  >\n\t\t\t\n\t\t\t\n<h2>Visor DDoptics Nighteagle 5-30\u00d750 V6 Tactical - visor con zoom 6x, ajuste de clic MRAD y ret\u00edcula MilDot - Gen 3<\/h2>\n<p>En <strong>Visor DDoptics V6 5-30\u00d750 T\u00e1ctico Gen 3 <\/strong>con ret\u00edcula T\u00e1ctica y <a href=\"https:\/\/ddoptics.shop\/es\/tienda\/mira-telescopica\/ajuste-mrad-click\/\" target=\"_blank\" rel=\"noopener noreferrer\">Ajuste MRAD<\/a> es una \u00f3ptica de alto rendimiento con zoom 6x - dise\u00f1ada con<strong> Torretas de ret\u00edcula t\u00e1ctica<\/strong>. Se ha desarrollado y se est\u00e1 desarrollando junto con la <strong>mejores desarrolladores<\/strong> dise\u00f1ado en Jap\u00f3n.<\/p>\n<p><span class=\"userContent\">Por primera vez en esta ZF, el nuevo <strong>Vidrio desarrollado tipo CT (Clear-Transmission)<\/strong> instalado por DDoptics. En el futuro <strong>DDoptics ofrece esta calidad de lente para todos los Gen 3<\/strong> Instalar visores.<\/span><\/p>\n<p><span class=\"userContent\">El vidrio CT ofrece un blanco b\u00e1sico m\u00e1s claro y brilla con<strong> mejores contrastes de color, a\u00fan m\u00e1s brillo<\/strong> y muchas menos p\u00e9rdidas y aberraciones crom\u00e1ticas.<\/span><\/p>\n<p>En <strong>Espesor estable de la pared del tubo de 2 mm<\/strong> est\u00e1 por encima de la norma militar. Las dos torres de ajuste constan de un <strong>Aleaci\u00f3n de aluminio: sin piezas de pl\u00e1stico<\/strong>. Todas las piezas de aluminio est\u00e1n recubiertas con el nuevo <strong>Revestimiento anodizado negro fino DDoptics<\/strong> proporcionado.<\/p>\n<p>El ajuste T-click de las torres, preciso y preciso, garantiza una precisi\u00f3n repetible absoluta.<\/p>\n\t\t<\/div>\n\t\t\t\t\t<\/div>\n\n\t\n\n\t<div id=\"col-1881928942\" class=\"col medium-4 small-12 large-4\"  >\n\t\t\t\t<div class=\"col-inner\"  >\n\t\t\t\n\t\t\t\n<a class=\"button primary expand\" >\n\t\t<span>Caracter\u00edsticas especiales visor<\/span>\n\t<\/a>\n\n\n\t<section class=\"section\" id=\"section_1737822841\">\n\t\t<div class=\"section-bg fill\" >\n\t\t\t\t\t\t\t\t\t<div class=\"section-bg-overlay absolute fill\"><\/div>\n\t\t\t\n\n\t\t<\/div>\n\n\t\t\n\n\t\t<div class=\"section-content relative\">\n\t\t\t\n\t<div class=\"img has-hover x md-x lg-x y md-y lg-y\" id=\"image_380299164\">\n\t\t<a class=\"\" href=\"https:\/\/www.ddoptics.de\/garantiebestimmungen\" target=\"_blank\" rel=\"no follow noopener\">\t\t\t\t\t\t<div class=\"img-inner dark\" >\n\t\t\t<img decoding=\"async\" width=\"352\" height=\"160\" src=\"https:\/\/ddoptics.shop\/wp-content\/uploads\/2014\/09\/DDoptics-Garantie.jpg\" class=\"attachment-large size-large\" alt=\"Garant\u00eda DDoptics\" srcset=\"https:\/\/ddoptics.shop\/wp-content\/uploads\/2014\/09\/DDoptics-Garantie.jpg 352w, https:\/\/ddoptics.shop\/wp-content\/uploads\/2014\/09\/DDoptics-Garantie-304x138.jpg 304w, https:\/\/ddoptics.shop\/wp-content\/uploads\/2014\/09\/DDoptics-Garantie-305x139.jpg 305w, https:\/\/ddoptics.shop\/wp-content\/uploads\/2014\/09\/DDoptics-Garantie-250x114.jpg 250w\" sizes=\"(max-width: 352px) 100vw, 352px\" title=\"\">\t\t\t\t\t\t\n\t\t\t\t\t<\/div>\n\t\t\t\t\t\t<\/a>\t\t\n<style>\n#image_380299164 {\n  width: 100%;\n}\n<\/style>\n\t<\/div>\n\t\n\t<div id=\"gap-873517865\" class=\"gap-element clearfix\" style=\"display:block; height:auto;\">\n\t\t\n<style>\n#gap-873517865 {\n  padding-top: 15px;\n}\n<\/style>\n\t<\/div>\n\t\n\t<div id=\"text-3755589378\" class=\"text\">\n\t\t\n<p><span style=\"font-size: 80%;\"><em>\u21d2 <strong>Ajuste MRAD 1 cm cada 100 m<br \/>\n<\/strong>\u21d2 MilDot o ret\u00edcula d\u00faplex<\/em><\/span><br \/>\n<span style=\"font-size: 80%;\"><em>\u21d2 Anillo de tope cero \/ tope cero para ajuste de altura<\/em><\/span><br \/>\n<span style=\"font-size: 80%;\"><em>\u21d2 NUEVO: punto iluminado IFiber opcional<\/em><\/span><br \/>\n<span style=\"font-size: 80%;\"><em>\u21d2 Oppos. Escalas (viento izquierda-derecha)<\/em><\/span><br \/>\n<span style=\"font-size: 80%;\"><em>\u21d2 30 a\u00f1os de garant\u00eda DDoptics<\/em><\/span><br \/>\n<span style=\"font-size: 80%;\"><em>\u21d2 Ret\u00edcula MilDot: 2\u00ba plano de la imagen<\/em><\/span><br \/>\n<span style=\"font-size: 80%;\"><em>\u21d2 Precisi\u00f3n de la rentabilidad absoluta<\/em><\/span><br \/>\n<span style=\"font-size: 80%;\"><em>\u21d2 Transmisi\u00f3n de luz extrema de hasta 94,7%<\/em><\/span><br \/>\n<span style=\"font-size: 80%;\"><em>\u21d2 Punto luminoso de fibra de vidrio<\/em><\/span><br \/>\n<span style=\"font-size: 80%;\"><em>\u21d2 Prueba de resistencia al disparo: 375H&amp;H 1000 disparos<\/em><\/span><br \/>\n<span style=\"font-size: 80%;\"><em>\u21d2 Funci\u00f3n de catalejo gracias al gran aumento<\/em><\/span><br \/>\n<span style=\"font-size: 80%;\"><em>\u21d2 Compensaci\u00f3n de paralaje infinitamente ajustable<\/em><\/span><br \/>\n<span style=\"font-size: 80%;\"><em>\u21d2 Posibilidad de tomas muy largas<\/em><\/span><\/p>\n\t\t\n<style>\n#text-3755589378 {\n  line-height: 1.15;\n  color: rgb(33, 107, 227);\n}\n#text-3755589378 > * {\n  color: rgb(33, 107, 227);\n}\n<\/style>\n\t<\/div>\n\t\n\t\t<\/div>\n\n\t\t\n<style>\n#section_1737822841 {\n  padding-top: 30px;\n  padding-bottom: 30px;\n  background-color: rgb(232, 232, 232);\n}\n#section_1737822841 .section-bg-overlay {\n  background-color: rgba(255,255,255,.5);\n}\n<\/style>\n\t<\/section>\n\t\n<div class=\"is-divider divider clearfix\" ><\/div>\n\t\t<\/div>\n\t\t\t\t\t<\/div>\n\n\t\n<\/div>\n<h3>Torretas de ajuste Ajuste r\u00e1pido con escalas de doble fila en el visor 5-30\u00d750<\/h3>\n<figure id=\"attachment_21169\" aria-describedby=\"caption-attachment-21169\" style=\"width: 500px\" class=\"wp-caption alignright\"><img decoding=\"async\" class=\"size-full wp-image-21169\" src=\"https:\/\/ddoptics.shop\/wp-content\/uploads\/2020\/01\/ddoptics-tacticalasv.jpg\" alt=\"DDoptics ajuste asv t\u00e1ctico\" width=\"500\" height=\"150\" title=\"\" srcset=\"https:\/\/ddoptics.shop\/wp-content\/uploads\/2020\/01\/ddoptics-tacticalasv.jpg 500w, https:\/\/ddoptics.shop\/wp-content\/uploads\/2020\/01\/ddoptics-tacticalasv-304x91.jpg 304w, https:\/\/ddoptics.shop\/wp-content\/uploads\/2020\/01\/ddoptics-tacticalasv-305x92.jpg 305w, https:\/\/ddoptics.shop\/wp-content\/uploads\/2020\/01\/ddoptics-tacticalasv-422x127.jpg 422w, https:\/\/ddoptics.shop\/wp-content\/uploads\/2020\/01\/ddoptics-tacticalasv-250x75.jpg 250w\" sizes=\"(max-width: 500px) 100vw, 500px\" \/><figcaption id=\"caption-attachment-21169\" class=\"wp-caption-text\">Ajuste r\u00e1pido con escalas opuestas<\/figcaption><\/figure>\n<p>Novedad: En el <strong>Ajuste de altura<\/strong> permite una <strong>doble escala<\/strong> el n\u00famero de<strong> Haga clic en Ajustes<\/strong> para leer y fijar.\u00a0 <strong>Despu\u00e9s de encender<\/strong> el <strong>Ajuste de la ret\u00edcula <\/strong>simple otra vez<strong> ponerse a cero<\/strong>.<\/p>\n<p>Para ello, basta con soltar el seguro de la torre con una moneda o un destornillador. El sitio <strong>Puesta a cero<\/strong> mediante el <strong>Zerostop \/ parada cero<\/strong> contrarrestado desde abajo para lograr una parada en la posici\u00f3n cero.<\/p>\n<p>En <strong>Ajuste lateral <\/strong>est\u00e1 equipado con dos<strong> escalas opuestas<\/strong> etiquetados. A partir de la puesta a cero, el <strong>Direcci\u00f3n y fuerza del viento<\/strong>o se puede preestablecer un posible movimiento del objetivo.<\/p>\n<h3>DD\u00f3pticos t\u00e1cticos <a href=\"https:\/\/de.wikipedia.org\/wiki\/Absehen\" target=\"_blank\" rel=\"noopener sponsored\" data-schema-attribute=\"\">Ret\u00edcula iluminada MilDot<\/a> en el 2\u00ba plano de la imagen<\/h3>\n<p>En <strong>Visor V6 5-30\u00d750 Tactical MRAD<\/strong> dispone de una ret\u00edcula Mildot normalizada a 10 aumentos en el plano de imagen del ocular ( 2\u00ba plano de imagen ). Esto significa que siempre mantiene el mismo tama\u00f1o al cambiar de aumento. Incluso con 30 aumentos, la <strong>Cruzar el objetivo s\u00f3lo 1,8 mm<\/strong> a una distancia de tiro de 100 m y el campo de visi\u00f3n con este aumento m\u00e1ximo sigue siendo de 1,1 m a 100 m. La mira \u00f3ptica permite apuntar a la velocidad del rayo. La ret\u00edcula se ajusta sola <strong>por clic en 0,1 MRAD<\/strong>as\u00ed que <strong>1 cm por 100 m<\/strong>. Esto corresponde a un cambio en el punto de impacto de unos 3 cm por clic a 300 metros.<\/p>\n<p><strong>Rango de ajuste total:<\/strong><\/p>\n<ul>\n<li>165 clics<\/li>\n<li>corresponde a 16,5 MRAD<\/li>\n<li>corresponde a 8,25 MRAD por p\u00e1gina<\/li>\n<\/ul>\n<h3>Visor 5-30\u00d750 - Rendimiento \u00f3ptico de la \u00f3ptica de punter\u00eda<\/h3>\n<p>La elaborada remuneraci\u00f3n permite <strong>Sin reflejos<\/strong> <strong>o luz difusa<\/strong> a. Incluso con <strong>30 aumentos<\/strong> ver\u00e1 una imagen de alto contraste y <strong>imagen en color real<\/strong> con <strong>excelentes propiedades de definici\u00f3n de bordes<\/strong>.<\/p>\n<h3>Visualizaci\u00f3n de primeros planos y compensaci\u00f3n de paralaje<\/h3>\n<p>El Nighteagle 5-30\u00d750 t\u00e1ctico es n\u00edtido desde 12 metros con un aumento de 5x y desde 25 metros con un aumento de 30x.<\/p>\n<h3>Punto de luz finamente regulable con alcance de visi\u00f3n nocturna<\/h3>\n<p>En <strong>Punto luminoso de fibra de vidrio<\/strong> La ret\u00edcula iluminada se mantiene tan peque\u00f1a que s\u00f3lo da lugar a un<strong> menor cobertura posible del objetivo<\/strong> viene. El punto luminoso puede atenuarse continuamente en un 100% hasta que el ojo humano ya no pueda verlo.<\/p>\n<p>Con <strong>punto luminoso activado<\/strong> A su vez, no se producen molestos brillos ni reflejos en la \u00f3ptica. Como la <strong>Unidad ligera fabricada a mano<\/strong> Los requisitos especiales de los clientes pueden tenerse en cuenta individualmente.<\/p>\n<h3>Fabricaci\u00f3n robusta, instalaci\u00f3n sencilla<\/h3>\n<p>En <strong>Relleno de nitr\u00f3geno<\/strong> del Nighteagle 5-30\u00d750 Tactical proporciona <strong>Estanqueidad<\/strong> (0,3 kg\/cent\u00edmetro cuadrado) y protege contra el empa\u00f1amiento interno. <strong>Uso m\u00e1s rudo<\/strong> no puede da\u00f1ar el tubo de la mira telesc\u00f3pica, que est\u00e1 fabricado en duraluminio (70 %), lat\u00f3n (20 %) y acero (10 %).<\/p>\n<p><strong>Importante:<\/strong> En <strong>Resistencia a los golpes<\/strong> es de 1.000 G o 6.500 julios. La mira \u00f3ptica permanece <strong>temperaturas extremas<\/strong> totalmente funcional (de +80 grados Celsius a un m\u00ednimo de -20 grados Celsius).<\/p>\n<h3>Distancia interpupilar y ajuste de dioptr\u00edas<\/h3>\n<p>En <strong>Distancia interpupilar<\/strong> es de 89 mm, lo que facilita su uso con calibres mayores. S\u00f3lo se necesitan tres cuartos de vuelta para toda la gama de aumentos.<\/p>","protected":false},"excerpt":{"rendered":"<p><img decoding=\"async\" class=\"alignnone wp-image-10452 size-full\" title=\"Tiro al blanco\" src=\"https:\/\/ddoptics.shop\/wp-content\/uploads\/2016\/07\/Target-Schiessen.jpg\" alt=\"Blanco de tiro deportivo de largo alcance\" width=\"50\" height=\"50\" \/><img decoding=\"async\" class=\"alignnone wp-image-10180 size-full\" title=\"Prism\u00e1ticos de monta\u00f1a\" src=\"https:\/\/ddoptics.shop\/wp-content\/uploads\/2016\/04\/Bergwandern-klein.jpg\" alt=\"Prism\u00e1ticos de monta\u00f1a\" width=\"50\" height=\"50\" \/><br \/>\nEl nuevo <strong>\u00d3ptica de tiro deportivo con MRAD y <span style=\"color: #ff0000;\"><strong><span class=\"userContent\">Vidrio tipo CT (Clear-Transmission) de DDoptics<\/span><\/strong><\/span>. <\/strong>Opcionalmente con<strong> <a title=\"NUEVO punto luminoso DDoptics IFiber\" href=\"\/es\/termino-tecnico-wiki\/punto-de-luz-inteligente-ddoptics-ifiber\/\" target=\"_blank\" rel=\"noopener noreferrer\">Punto luminoso IFibre<\/a><\/strong> para <strong>s\u00f3lo 99,- euros de recargo.<\/strong><i class=\"delivery--status-icon delivery--status-more-is-coming\"><\/i><\/p>\n<a href=\"https:\/\/amzn.to\/3AMUzO6\" target=\"_blank\" class=\"button success is-success is-small\" rel=\"\u201dnofollow\u201d noopener\" >\n\t\t<span>\u00bfes cliente de amazon? - \u00bfutiliza las ventajas prime?<\/span>\n\t<\/a>","protected":false},"featured_media":21176,"comment_status":"open","ping_status":"closed","template":"","meta":{"inline_featured_image":false,"footnotes":""},"product_brand":[],"product_cat":[480,453,697,641,919,637,68],"product_tag":[587,78,80,940,1098,79],"class_list":{"0":"post-21141","1":"product","2":"type-product","3":"status-publish","4":"has-post-thumbnail","6":"product_cat-5-30x50","7":"product_cat-50-mm-objektivdurchmesser","8":"product_cat-mrad-klickverstellung","9":"product_cat-sportschiessen","10":"product_cat-v6-6-fach-zoom","11":"product_cat-zf-anwendung","12":"product_cat-zielfernrohr","13":"product_tag-5-30x50","14":"product_tag-ddoptics","15":"product_tag-gen-3","16":"product_tag-mrad-zielfernrohr","17":"product_tag-nighteagle","18":"product_tag-zielfernrohr","19":"product_shipping_class-paket","20":"pa_brand-marke-ddoptics","21":"pa_produkt-typ-zielfernrohr","23":"first","24":"instock","25":"sale","26":"taxable","27":"shipping-taxable","28":"purchasable","29":"product-type-bundle"},"bundled_by":[],"bundle_stock_status":"instock","bundle_stock_quantity":44,"bundle_virtual":false,"bundle_layout":"default","bundle_add_to_cart_form_location":"default","bundle_editable_in_cart":false,"bundle_sold_individually_context":"product","bundle_item_grouping":"parent","bundle_min_size":"","bundle_max_size":"","bundle_price":{"price":{"min":{"incl_tax":"1042.01","excl_tax":"868.34"},"max":{"incl_tax":"1146.32","excl_tax":"955.26"}},"regular_price":{"min":{"incl_tax":"1158.01","excl_tax":"965.01"},"max":{"incl_tax":"1273.9","excl_tax":"1061.58"}}},"bundled_items":[{"bundled_item_id":83,"product_id":12809,"menu_order":0,"quantity_min":1,"quantity_max":1,"quantity_default":1,"priced_individually":true,"shipped_individually":false,"override_title":true,"title":"","override_description":false,"description":"","optional":false,"hide_thumbnail":true,"discount":"","override_variations":true,"allowed_variations":[12810,12811],"override_default_variation_attributes":false,"default_variation_attributes":[],"single_product_visibility":"visible","cart_visibility":"visible","order_visibility":"visible","single_product_price_visibility":"visible","cart_price_visibility":"visible","order_price_visibility":"visible","stock_status":"in_stock"},{"bundled_item_id":84,"product_id":12812,"menu_order":1,"quantity_min":1,"quantity_max":1,"quantity_default":1,"priced_individually":true,"shipped_individually":false,"override_title":true,"title":"Casi un regalo - flip caps","override_description":false,"description":"","optional":true,"hide_thumbnail":false,"discount":"68.55","override_variations":true,"allowed_variations":[12820],"override_default_variation_attributes":true,"default_variation_attributes":[{"id":17,"name":"Tama\u00f1o del visor","option":"5-30x50"}],"single_product_visibility":"visible","cart_visibility":"visible","order_visibility":"visible","single_product_price_visibility":"visible","cart_price_visibility":"visible","order_price_visibility":"visible","stock_status":"in_stock"}],"bundle_sell_ids":[],"_links":{"self":[{"href":"https:\/\/ddoptics.shop\/es\/wp-json\/wp\/v2\/product\/21141","targetHints":{"allow":["GET"]}}],"collection":[{"href":"https:\/\/ddoptics.shop\/es\/wp-json\/wp\/v2\/product"}],"about":[{"href":"https:\/\/ddoptics.shop\/es\/wp-json\/wp\/v2\/types\/product"}],"replies":[{"embeddable":true,"href":"https:\/\/ddoptics.shop\/es\/wp-json\/wp\/v2\/comments?post=21141"}],"version-history":[{"count":34,"href":"https:\/\/ddoptics.shop\/es\/wp-json\/wp\/v2\/product\/21141\/revisions"}],"predecessor-version":[{"id":29150,"href":"https:\/\/ddoptics.shop\/es\/wp-json\/wp\/v2\/product\/21141\/revisions\/29150"}],"wp:featuredmedia":[{"embeddable":true,"href":"https:\/\/ddoptics.shop\/es\/wp-json\/wp\/v2\/media\/21176"}],"wp:attachment":[{"href":"https:\/\/ddoptics.shop\/es\/wp-json\/wp\/v2\/media?parent=21141"}],"wp:term":[{"taxonomy":"product_brand","embeddable":true,"href":"https:\/\/ddoptics.shop\/es\/wp-json\/wp\/v2\/product_brand?post=21141"},{"taxonomy":"product_cat","embeddable":true,"href":"https:\/\/ddoptics.shop\/es\/wp-json\/wp\/v2\/product_cat?post=21141"},{"taxonomy":"product_tag","embeddable":true,"href":"https:\/\/ddoptics.shop\/es\/wp-json\/wp\/v2\/product_tag?post=21141"}],"curies":[{"name":"wp","href":"https:\/\/api.w.org\/{rel}","templated":true}]}}