{"id":23245,"date":"2020-08-12T10:24:47","date_gmt":"2020-08-12T08:24:47","guid":{"rendered":"https:\/\/ddoptics.shop\/?post_type=product&#038;p=23245"},"modified":"2025-10-03T14:12:14","modified_gmt":"2025-10-03T12:12:14","slug":"visor-nighteagle-5-30x50-v6-a4n-mrad-gen-3","status":"publish","type":"product","link":"https:\/\/ddoptics.shop\/es\/kaufen\/zielfernrohr-nighteagle-5-30x50-v6-a4n-mrad-gen-3\/","title":{"rendered":"Visor DDoptics Nighteagle 5-30\u00d750 | V6 | A4N | Ajuste MRAD - Gen 3"},"content":{"rendered":"<div class=\"container section-title-container\" ><h3 class=\"section-title section-title-normal\"><b aria-hidden=\"true\"><\/b><span class=\"section-title-main\" ><i class=\"icon-cross\" aria-hidden=\"true\"><\/i>Breve descripci\u00f3n del visor Nighteagle 5-30x50 de DDoptics<\/span><b aria-hidden=\"true\"><\/b><\/h3><\/div>\n<table style=\"background-color: #cacaca; width: 100%;\">\n<tbody>\n<tr style=\"height: 24px;\">\n<td style=\"height: 24px; width: 20%;\">Tubo<\/td>\n<td style=\"height: 24px; width: 30%;\">Tubo mono de 30 mm<\/td>\n<td style=\"height: 24px; width: 20%;\">Campo de visi\u00f3n: m @100 m<\/td>\n<td style=\"height: 24px; width: 30%;\">7,2 - 1,1 m<\/td>\n<\/tr>\n<tr style=\"height: 24px;\">\n<td style=\"height: 24px; width: 20%;\">Sistema \u00f3ptico<\/td>\n<td style=\"height: 24px; width: 30%;\">5-30 veces<\/td>\n<td style=\"height: 24px; width: 20%;\">Distancia interpupilar<\/td>\n<td style=\"height: 24px; width: 30%;\">90,5 mm - 91,5 mm<\/td>\n<\/tr>\n<tr style=\"height: 24px;\">\n<td style=\"height: 24px; width: 20%;\">Lente<\/td>\n<td style=\"height: 24px; width: 30%;\">50 mm<\/td>\n<td style=\"height: 24px; width: 20%;\">Longitud<\/td>\n<td style=\"height: 24px; width: 30%;\">348 mm<\/td>\n<\/tr>\n<tr style=\"height: 24px;\">\n<td style=\"height: 24px; width: 20%;\">Ret\u00edculo<\/td>\n<td style=\"height: 24px; width: 30%;\">Nueva ret\u00edcula 4 - caza<\/td>\n<td style=\"height: 24px; width: 20%;\">Peso<\/td>\n<td style=\"height: 24px; width: 30%;\">\u00a0742 g<\/td>\n<\/tr>\n<tr style=\"height: 24px;\">\n<td style=\"height: 24px; width: 20%;\">Punto de luz<\/td>\n<td style=\"height: 24px; width: 30%;\">LP 2 o iFibre<\/td>\n<td style=\"height: 24px; width: 20%;\">Protecci\u00f3n antivaho<\/td>\n<td style=\"height: 24px; width: 30%;\">Relleno de nitr\u00f3geno contra el vaho<\/td>\n<\/tr>\n<tr style=\"height: 24px;\">\n<td style=\"height: 24px; width: 20%;\">Enfoque\/paralaje<\/td>\n<td style=\"height: 24px; width: 30%;\">Objetivo ajustable de 20 m a infinito<\/td>\n<td style=\"height: 24px; width: 20%;\">\u00a0Tensi\u00f3n<\/td>\n<td style=\"height: 24px; width: 30%;\">Resistente al agua y a los golpes<\/td>\n<\/tr>\n<\/tbody>\n<\/table>\n<div class=\"row\"  id=\"row-1636446471\">\n\n\t<div id=\"col-112033941\" class=\"col medium-8 small-12 large-8\"  >\n\t\t\t\t<div class=\"col-inner\"  >\n\t\t\t\n\t\t\t\n<h2>Visor DDoptics Nighteagle 5-30\u00d750 V6 - potente visor con zoom 6x para precisi\u00f3n de caza a larga distancia y dise\u00f1o de caza<\/h2>\n<p>En el <strong>Visores\u00a0<\/strong>Nighteagle\u00a0<strong>5-30\u00d750 \"caza<\/strong>\" es un sistema \u00f3ptico de alto rendimiento con <a href=\"https:\/\/ddoptics.shop\/es\/tienda\/mira-telescopica\/v6-zoom-6x\/\" target=\"_blank\" rel=\"noopener noreferrer\">Zoom 6x<\/a> y tecnolog\u00eda innovadora. Con robustas paredes de marco de 2 mm, este aspecto es a\u00fan<strong> por encima del est\u00e1ndar militar.<\/strong><\/p>\n<p>Las peque\u00f1as y discretas torretas de ajuste de la ret\u00edcula est\u00e1n fabricadas en una aleaci\u00f3n de aluminio y carecen de cualquier pieza de pl\u00e1stico.<\/p>\n<p>En<strong> Versi\u00f3n de caza de la mira \u00f3ptica t\u00e1ctica<\/strong> tambi\u00e9n tiene el mismo, exactamente el mismo <strong>Ajuste t\u00e1ctico de clic definido, preciso y de gran precisi\u00f3n,<\/strong> y garantiza as\u00ed una precisi\u00f3n absoluta y una exactitud de repetici\u00f3n.<\/p>\n<p>5-30\u00d750: el visor perfecto para cazar a larga distancia<\/p>\n<h3>El ZF 5-30\u00d750 tiene un gran aumento, incluso con poca luz<\/h3>\n<p>En <strong>Cazar en grandes extensiones de campo es un reto para la \u00f3ptica de punter\u00eda<\/strong> mucho. Los grandes aumentos permiten responder con fiabilidad a grandes distancias, pero es importante que la luminosidad de la imagen siga siendo utilizable aunque se utilice un gran aumento.<\/p>\n<p>Precisamente con este fin, nuestro<strong> \u00d3ptica de caza 5-30\u00d750<\/strong> creado.<\/p>\n<p>En<strong> dise\u00f1o de caza discreto<\/strong> oculta discretamente las prestaciones del visor. Las peque\u00f1as torretas de ajuste de ret\u00edcula no tienen nada que envidiar a las grandes torretas de ajuste t\u00e1ctico en cuanto a facilidad de uso.<\/p>\n<h3>Rendimiento \u00f3ptico del visor 5-30\u00d750<\/h3>\n<p>La \u00f3ptica HD extra elaborada ofrece un alto grado de claridad \u00f3ptica gracias al revestimiento especialmente desarrollado para estas \u00f3pticas, <strong>sin reflejos ni luz par\u00e1sita<\/strong> permite obtener una imagen de alto contraste y color real incluso con un aumento de 30x con <strong>excelentes propiedades de definici\u00f3n de bordes.<\/strong><\/p>\n<p>En particular, las franjas de color se han reducido al m\u00ednimo. Esto significa que la <strong>Nighteagle 5-30\u00d750 T\u00e1ctico<\/strong> tambi\u00e9n puede utilizarse como catalejo y para apuntar con fiabilidad a larga distancia.<\/p>\n\t\t<\/div>\n\t\t\t\t\t<\/div>\n\n\t\n\n\t<div id=\"col-445086787\" class=\"col medium-4 small-12 large-4\"  >\n\t\t\t\t<div class=\"col-inner\"  >\n\t\t\t\n\t\t\t\n<a class=\"button primary expand\" >\n\t\t<span>Caracter\u00edsticas especiales visor<\/span>\n\t<\/a>\n\n\n\t<section class=\"section\" id=\"section_934407822\">\n\t\t<div class=\"section-bg fill\" >\n\t\t\t\t\t\t\t\t\t<div class=\"section-bg-overlay absolute fill\"><\/div>\n\t\t\t\n\n\t\t<\/div>\n\n\t\t\n\n\t\t<div class=\"section-content relative\">\n\t\t\t\n\t<div class=\"img has-hover x md-x lg-x y md-y lg-y\" id=\"image_1229139191\">\n\t\t<a class=\"\" href=\"https:\/\/www.ddoptics.de\/garantiebestimmungen\" target=\"_blank\" rel=\"no follow noopener\">\t\t\t\t\t\t<div class=\"img-inner dark\" >\n\t\t\t<img decoding=\"async\" width=\"352\" height=\"160\" src=\"https:\/\/ddoptics.shop\/wp-content\/uploads\/2014\/09\/DDoptics-Garantie.jpg\" class=\"attachment-large size-large\" alt=\"Garant\u00eda DDoptics\" srcset=\"https:\/\/ddoptics.shop\/wp-content\/uploads\/2014\/09\/DDoptics-Garantie.jpg 352w, https:\/\/ddoptics.shop\/wp-content\/uploads\/2014\/09\/DDoptics-Garantie-304x138.jpg 304w, https:\/\/ddoptics.shop\/wp-content\/uploads\/2014\/09\/DDoptics-Garantie-305x139.jpg 305w, https:\/\/ddoptics.shop\/wp-content\/uploads\/2014\/09\/DDoptics-Garantie-250x114.jpg 250w\" sizes=\"(max-width: 352px) 100vw, 352px\" title=\"\">\t\t\t\t\t\t\n\t\t\t\t\t<\/div>\n\t\t\t\t\t\t<\/a>\t\t\n<style>\n#image_1229139191 {\n  width: 100%;\n}\n<\/style>\n\t<\/div>\n\t\n\t<div id=\"gap-1935868947\" class=\"gap-element clearfix\" style=\"display:block; height:auto;\">\n\t\t\n<style>\n#gap-1935868947 {\n  padding-top: 15px;\n}\n<\/style>\n\t<\/div>\n\t\n\t<div id=\"text-2935232664\" class=\"text\">\n\t\t\n<p><span style=\"font-size: 80%;\"><em>\u21d2 Nuevo cristal CT ( transmisi\u00f3n clara )<\/em><\/span><br \/>\n<span style=\"font-size: 80%;\"><em>\u21d2 Zerostop ( para parada cero )<\/em><\/span><br \/>\n<span style=\"font-size: 80%;\"><em>\u21d2 Doble giro (doble escala)<\/em><\/span><br \/>\n<span style=\"font-size: 80%;\"><em>\u21d2 Ajuste horizontal en sentido contrario a las agujas del reloj. Escala ( viento izquierda - derecha )<\/em><\/span><br \/>\n<span style=\"font-size: 80%;\"><em>\u21d2 muy alta resoluci\u00f3n<\/em><\/span><br \/>\n<span style=\"font-size: 80%;\"><em>\u21d2 versi\u00f3n de caza discreta con torretas peque\u00f1as<\/em><\/span><br \/>\n<span style=\"font-size: 80%;\"><em>\u21d2 NUEVO: punto luminoso de fibra \u00f3ptica - punto luminoso iFibre opcional<\/em><\/span><br \/>\n<span style=\"font-size: 80%;\"><em>\u21d2 30 a\u00f1os de garant\u00eda DDoptics<\/em><\/span><br \/>\n<span style=\"font-size: 80%;\"><em>\u21d2 Nueva Ret\u00edcula 4: 2\u00ba plano de imagen<\/em><\/span><br \/>\n<span style=\"font-size: 80%;\"><em>\u21d2 Precisi\u00f3n de la rentabilidad absoluta<\/em><\/span><br \/>\n<span style=\"font-size: 80%;\"><em>\u21d2 Transmisi\u00f3n de luz extrema de hasta 94,7%<\/em><\/span><br \/>\n<span style=\"font-size: 80%;\"><em>\u21d2 Prueba a prueba de balas: <a href=\"https:\/\/de.wikipedia.org\/wiki\/.375_Holland_%26_Holland_Magnum\" target=\"_blank\" rel=\"noopener noreferrer\">375 H&amp;H<\/a> 1000 disparos<\/em><\/span><br \/>\n<span style=\"font-size: 80%;\"><em>\u21d2 Funci\u00f3n de catalejo gracias al gran aumento<\/em><\/span><br \/>\n<span style=\"font-size: 80%;\"><em>\u21d2 Compensaci\u00f3n de paralaje infinitamente ajustable<\/em><\/span><br \/>\n<span style=\"font-size: 80%;\"><em>\u21d2 Posibilidad de tomas muy largas<\/em><\/span><\/p>\n\t\t\n<style>\n#text-2935232664 {\n  line-height: 1.15;\n  color: rgb(33, 107, 227);\n}\n#text-2935232664 > * {\n  color: rgb(33, 107, 227);\n}\n<\/style>\n\t<\/div>\n\t\n\t\t<\/div>\n\n\t\t\n<style>\n#section_934407822 {\n  padding-top: 30px;\n  padding-bottom: 30px;\n  background-color: rgb(232, 232, 232);\n}\n#section_934407822 .section-bg-overlay {\n  background-color: rgba(255,255,255,.5);\n}\n<\/style>\n\t<\/section>\n\t\n<div class=\"is-divider divider clearfix\" ><\/div>\n\t\t<\/div>\n\t\t\t\t\t<\/div>\n\n\t\n<\/div>\n<h3>Caza <a href=\"https:\/\/de.wikipedia.org\/wiki\/Absehen\" target=\"_blank\" rel=\"noopener sponsored\" data-schema-attribute=\"\">Ret\u00edcula iluminada A4N<\/a><\/h3>\n<p>En <strong>Visor Nighteagle 5-30\u00d750<\/strong> - A4N tiene la exitosa y moderna ret\u00edcula 4 N.<\/p>\n<h3>Nueva ret\u00edcula 4N para una cobertura m\u00ednima del objetivo<\/h3>\n<p>Mirando a trav\u00e9s del <strong>Nueva mira telesc\u00f3pica generaci\u00f3n 3<\/strong>\u00a0el espectador reconoce inmediatamente el dise\u00f1o pr\u00e1ctico:<br \/>\nLas ret\u00edculas de la ret\u00edcula 4 son mucho m\u00e1s finas y las barras exteriores, ligeramente m\u00e1s gruesas, s\u00f3lo tienen la mitad de grosor y est\u00e1n mucho m\u00e1s separadas.<\/p>\n<p>Esta es una gran ventaja, especialmente para el cazador en condiciones de poca luz, ya que el<strong> Objetivo m\u00ednimamente oculto<\/strong> y as\u00ed se favorece de forma \u00f3ptima una parada r\u00e1pida y segura.<\/p>\n<p>En <strong>La ret\u00edcula se encuentra en el plano de imagen del ocular ( 2\u00ba plano de imagen ).<\/strong> Esto significa que siempre mantiene el mismo tama\u00f1o al cambiar de aumento. Incluso con un aumento de 30x, la ret\u00edcula solo oscurece el objetivo 3,91 mm a una distancia de disparo de 100 m y el campo de visi\u00f3n con este aumento m\u00e1ximo sigue siendo de 1,1 m a 100 m.<\/p>\n<p>La mira \u00f3ptica permite apuntar a la velocidad del rayo. La ret\u00edcula se ajusta en un octavo MOA (minuto de \u00e1ngulo) por clic, es decir, en 3,65 mm a 100 metros. Esto corresponde a un cambio en el punto de impacto de unos 10 mm por clic a 300 metros.<\/p>\n<p><strong>Novedades<\/strong><\/p>\n<p>\u00bfQu\u00e9 hay de nuevo en la \u00faltima generaci\u00f3n de visores?<br \/>\nA primera vista, 3 cambios llaman inmediatamente la atenci\u00f3n.<\/p>\n<p>1. el anillo de ajuste de aumentos se ha modificado notablemente y ahora proporciona un mejor agarre gracias a su estructura m\u00e1s gruesa.<br \/>\n2. la ret\u00edcula 4 se ha hecho mucho m\u00e1s fina y ofrece m\u00e1s espacio en el centro.<br \/>\n3. el ajuste de la ret\u00edcula es de metal, est\u00e1 m\u00e1s claramente definido y tiene doble giro y Zerostop.<\/p>\n<h3>Mecanismo de ajuste robusto para uso intensivo con Zerostop y ASV<\/h3>\n<p>En <strong>Torretas de ajuste de ret\u00edcula de los visores DDoptics de la generaci\u00f3n 3<\/strong>\u00a0est\u00e1n fabricados con una robusta aleaci\u00f3n de aluminio y carecen de piezas de pl\u00e1stico.<br \/>\nTodas las piezas de aluminio est\u00e1n recubiertas con la nueva capa no brillante, <strong>Revestimiento anodizado negro fino DDoptics<\/strong> proporcionado.<\/p>\n<p>El mecanismo de ajuste se ha reconvertido a la versi\u00f3n t\u00e1ctica, lo que significa que no s\u00f3lo es muy resistente a los golpes y completamente impermeable, sino que tambi\u00e9n es de gran dureza y, por tanto, est\u00e1 protegido contra el ajuste involuntario. Esto significa que el ajuste de la ret\u00edcula tambi\u00e9n se puede utilizar \u201eabierto\u201c en la caza diaria, es decir, sin tapa roscada, para poder ajustar r\u00e1pidamente la ret\u00edcula en funci\u00f3n de la situaci\u00f3n.<\/p>\n<h3>Ajuste r\u00e1pido de la ret\u00edcula con Zerostop<\/h3>\n<p>En un <strong>doble escala (doble vuelta) en la torre de ajuste de altura<\/strong> se puede leer el n\u00famero de ajustes de clic realizados y ajustarlo en consecuencia.<br \/>\nTras el disparo, se puede \"poner a cero\" el ajuste de la ret\u00edcula.<\/p>\n<p>A continuaci\u00f3n, se gira el anillo Zerostop hasta el tope, tras lo cual se contrarresta la puesta a cero desde abajo utilizando el anillo Zerostop para lograr un tope en la posici\u00f3n cero.<\/p>\n<p>Partiendo de la posici\u00f3n cero, y conociendo el etiquetado, puede <strong>Distintas distancias de tiro mediante un sistema de marcado<\/strong> puede preajustarse.<\/p>\n<p>La torreta de correcci\u00f3n del viento est\u00e1 marcada con dos escalas contrarrotantes; partiendo del ajuste cero, la ret\u00edcula puede preajustarse aqu\u00ed en funci\u00f3n de la direcci\u00f3n y la fuerza del viento o de cualquier movimiento del objetivo.<\/p>\n<p>La compensaci\u00f3n de paralaje garantiza una imagen n\u00edtida y sin fatiga desde tan s\u00f3lo 25 metros en todos los ajustes de aumento y corrige el error de disparo causado por la visi\u00f3n oblicua.<\/p>","protected":false},"excerpt":{"rendered":"<p><img decoding=\"async\" class=\"alignnone wp-image-10452 size-full\" title=\"Tiro al blanco\" src=\"https:\/\/ddoptics.shop\/wp-content\/uploads\/2016\/07\/Target-Schiessen.jpg\" alt=\"Tiro al blanco\" width=\"50\" height=\"50\" \/><img decoding=\"async\" class=\"alignnone wp-image-10178 size-full\" title=\"Caza de monta\u00f1a\" src=\"https:\/\/ddoptics.shop\/wp-content\/uploads\/2016\/04\/Gebirgsjagd-klein.jpg\" alt=\"Prism\u00e1ticos de caza de monta\u00f1a\" width=\"50\" height=\"50\" \/><br \/>\nEl nuevo <strong>Objetivo \u00f3ptico con <strong>m\u00e1s nuevo <\/strong><span style=\"color: #ff0000;\"><strong><span class=\"userContent\">Vidrio tipo CT (Clear-Transmission) de DDoptics.<\/span><\/strong><\/span><\/strong> Opcional <strong><a title=\"NUEVO punto luminoso DDoptics IFiber\" href=\"\/es\/termino-tecnico-wiki\/punto-de-luz-inteligente-ddoptics-ifiber\/\" target=\"_blank\" rel=\"noopener noreferrer\">Punto luminoso IFibre<\/a><\/strong> para <strong>s\u00f3lo 99,- euros de recargo.<\/strong><\/p>\n<a href=\"https:\/\/amzn.to\/3PlT7Gn\" target=\"_blank\" class=\"button success is-success is-small\" rel=\"\u201dnofollow\u201d noopener\" >\n\t\t<span>\u00bfes cliente de amazon? - \u00bfutiliza las ventajas prime?<\/span>\n\t<\/a>","protected":false},"featured_media":23250,"comment_status":"open","ping_status":"closed","template":"","meta":{"inline_featured_image":false,"footnotes":""},"product_brand":[],"product_cat":[480,453,638,697,640,919,637,68],"product_tag":[587,78,80,696,1098,956,79],"class_list":{"0":"post-23245","1":"product","2":"type-product","3":"status-publish","4":"has-post-thumbnail","6":"product_cat-5-30x50","7":"product_cat-50-mm-objektivdurchmesser","8":"product_cat-ansitzjagd","9":"product_cat-mrad-klickverstellung","10":"product_cat-pirschjagd-und-gebirgsjagd","11":"product_cat-v6-6-fach-zoom","12":"product_cat-zf-anwendung","13":"product_cat-zielfernrohr","14":"product_tag-5-30x50","15":"product_tag-ddoptics","16":"product_tag-gen-3","17":"product_tag-mrad","18":"product_tag-nighteagle","19":"product_tag-v6","20":"product_tag-zielfernrohr","21":"product_shipping_class-paket","22":"pa_brand-marke-ddoptics","23":"pa_produkt-typ-zielfernrohr","25":"first","26":"outofstock","27":"sale","28":"taxable","29":"shipping-taxable","30":"purchasable","31":"product-type-bundle"},"bundled_by":[],"bundle_stock_status":"outofstock","bundle_stock_quantity":0,"bundle_virtual":false,"bundle_layout":"default","bundle_add_to_cart_form_location":"default","bundle_editable_in_cart":false,"bundle_sold_individually_context":"product","bundle_item_grouping":"parent","bundle_min_size":"","bundle_max_size":"","bundle_price":{"price":{"min":{"incl_tax":"799.01","excl_tax":"665.84"},"max":{"incl_tax":"903.32","excl_tax":"752.76"}},"regular_price":{"min":{"incl_tax":"1095.01","excl_tax":"912.51"},"max":{"incl_tax":"1210.9","excl_tax":"1009.08"}}},"bundled_items":[{"bundled_item_id":93,"product_id":12809,"menu_order":0,"quantity_min":1,"quantity_max":1,"quantity_default":1,"priced_individually":true,"shipped_individually":false,"override_title":true,"title":"","override_description":false,"description":"","optional":false,"hide_thumbnail":false,"discount":"","override_variations":true,"allowed_variations":[12810,12811],"override_default_variation_attributes":false,"default_variation_attributes":[],"single_product_visibility":"visible","cart_visibility":"visible","order_visibility":"visible","single_product_price_visibility":"visible","cart_price_visibility":"visible","order_price_visibility":"visible","stock_status":"in_stock"},{"bundled_item_id":94,"product_id":12812,"menu_order":1,"quantity_min":1,"quantity_max":1,"quantity_default":1,"priced_individually":true,"shipped_individually":false,"override_title":true,"title":"Juego de tapas protectoras casi de regalo","override_description":true,"description":"","optional":true,"hide_thumbnail":false,"discount":"68.55","override_variations":true,"allowed_variations":[12820],"override_default_variation_attributes":true,"default_variation_attributes":[{"id":17,"name":"Tama\u00f1o del visor","option":"5-30x50"}],"single_product_visibility":"visible","cart_visibility":"visible","order_visibility":"visible","single_product_price_visibility":"visible","cart_price_visibility":"visible","order_price_visibility":"visible","stock_status":"in_stock"}],"bundle_sell_ids":[],"_links":{"self":[{"href":"https:\/\/ddoptics.shop\/es\/wp-json\/wp\/v2\/product\/23245","targetHints":{"allow":["GET"]}}],"collection":[{"href":"https:\/\/ddoptics.shop\/es\/wp-json\/wp\/v2\/product"}],"about":[{"href":"https:\/\/ddoptics.shop\/es\/wp-json\/wp\/v2\/types\/product"}],"replies":[{"embeddable":true,"href":"https:\/\/ddoptics.shop\/es\/wp-json\/wp\/v2\/comments?post=23245"}],"version-history":[{"count":11,"href":"https:\/\/ddoptics.shop\/es\/wp-json\/wp\/v2\/product\/23245\/revisions"}],"predecessor-version":[{"id":29143,"href":"https:\/\/ddoptics.shop\/es\/wp-json\/wp\/v2\/product\/23245\/revisions\/29143"}],"wp:featuredmedia":[{"embeddable":true,"href":"https:\/\/ddoptics.shop\/es\/wp-json\/wp\/v2\/media\/23250"}],"wp:attachment":[{"href":"https:\/\/ddoptics.shop\/es\/wp-json\/wp\/v2\/media?parent=23245"}],"wp:term":[{"taxonomy":"product_brand","embeddable":true,"href":"https:\/\/ddoptics.shop\/es\/wp-json\/wp\/v2\/product_brand?post=23245"},{"taxonomy":"product_cat","embeddable":true,"href":"https:\/\/ddoptics.shop\/es\/wp-json\/wp\/v2\/product_cat?post=23245"},{"taxonomy":"product_tag","embeddable":true,"href":"https:\/\/ddoptics.shop\/es\/wp-json\/wp\/v2\/product_tag?post=23245"}],"curies":[{"name":"wp","href":"https:\/\/api.w.org\/{rel}","templated":true}]}}