{"id":23519,"date":"2021-02-05T14:50:03","date_gmt":"2021-02-05T13:50:03","guid":{"rendered":"https:\/\/ddoptics.shop\/?post_type=product&#038;p=23519"},"modified":"2025-10-14T11:44:52","modified_gmt":"2025-10-14T09:44:52","slug":"nighteagle-v6-1-6x24-gen-3-a4n-mrad","status":"publish","type":"product","link":"https:\/\/ddoptics.shop\/es\/kaufen\/nighteagle-v6-1-6x24-gen-3-a4n-mrad\/","title":{"rendered":"Visor Nighteagle V6 1-6\u00d724 Gen 3 de DDoptics | A4N | MRAD"},"content":{"rendered":"<div class=\"container section-title-container\" ><h3 class=\"section-title section-title-normal\"><b aria-hidden=\"true\"><\/b><span class=\"section-title-main\" ><i class=\"icon-cross\" aria-hidden=\"true\"><\/i>Breve resumen Visor DDoptics V6 1-6x24 Gen 3 MRAD<\/span><b aria-hidden=\"true\"><\/b><\/h3><\/div>\n<table style=\"background-color: #cacaca; width: 100%;\">\n<tbody>\n<tr style=\"height: 24px;\">\n<td style=\"height: 24px; width: 20%;\"><strong>Tubo<\/strong><\/td>\n<td style=\"height: 24px; width: 30%;\">Tubo mono de 30 mm<\/td>\n<td style=\"height: 24px; width: 20%;\"><strong>Campo de visi\u00f3n: m @100m<\/strong><\/td>\n<td style=\"height: 24px; width: 30%;\">37,8 - 6,3 m<\/td>\n<\/tr>\n<tr style=\"height: 24px;\">\n<td style=\"height: 24px; width: 20%;\"><strong>Sistema \u00f3ptico<\/strong><\/td>\n<td style=\"height: 24px; width: 30%;\">1-6 veces<\/td>\n<td style=\"height: 24px; width: 20%;\">\u00a0<strong>Distancia interpupilar<\/strong><\/td>\n<td style=\"height: 24px; width: 30%;\">99 - 100 mm<\/td>\n<\/tr>\n<tr style=\"height: 24px;\">\n<td style=\"height: 24px; width: 20%;\"><strong>Lente<\/strong><\/td>\n<td style=\"height: 24px; width: 30%;\">24 mm<\/td>\n<td style=\"height: 24px; width: 20%;\">\u00a0<strong>Longitud<\/strong><\/td>\n<td style=\"height: 24px; width: 30%;\">261 mm<\/td>\n<\/tr>\n<tr style=\"height: 24px;\">\n<td style=\"height: 24px; width: 20%;\"><strong>Ret\u00edculo<\/strong><\/td>\n<td style=\"height: 24px; width: 30%;\">A4N<\/td>\n<td style=\"height: 24px; width: 20%;\">\u00a0<strong>Peso<\/strong><\/td>\n<td style=\"height: 24px; width: 30%;\">535 g<\/td>\n<\/tr>\n<tr style=\"height: 24px;\">\n<td style=\"height: 24px; width: 20%;\"><strong>Punto de luz<\/strong><\/td>\n<td style=\"height: 24px; width: 30%;\">Est\u00e1ndar o iFibre<\/td>\n<td style=\"height: 24px; width: 20%;\">\u00a0<strong>Protecci\u00f3n antivaho<\/strong><\/td>\n<td style=\"height: 24px; width: 30%;\">Relleno de nitr\u00f3geno contra el vaho<\/td>\n<\/tr>\n<tr style=\"height: 24px;\">\n<td style=\"height: 24px; width: 20%;\"><strong>Enfoque\/paralaje<\/strong><\/td>\n<td style=\"height: 24px; width: 30%;\">Objetivo ajustable de 25 m a infinito<\/td>\n<td style=\"height: 24px; width: 20%;\">\u00a0<strong>Tensi\u00f3n<\/strong><\/td>\n<td style=\"height: 24px; width: 30%;\">Resistente al agua y a los golpes<\/td>\n<\/tr>\n<\/tbody>\n<\/table>\n<div class=\"row\"  id=\"row-956119312\">\n\n\t<div id=\"col-2126751412\" class=\"col medium-8 small-12 large-8\"  >\n\t\t\t\t<div class=\"col-inner\"  >\n\t\t\t\n\t\t\t\n<h2>Visor Nighteagle 1-6\u00d724 V6 de DDoptics - visor compacto con zoom 6x, ret\u00edcula A4B y ajuste MRAD - 1 cm \/ 100 m por clic<\/h2>\n<blockquote><p>La nueva 3\u00aa generaci\u00f3n de visores DDoptics<\/p><\/blockquote>\n<p>Como todas las \u00f3pticas de punter\u00eda de 3\u00aa generaci\u00f3n, el <strong>DDoptics V6 1-6\u00d724 HDX<\/strong> sobre estas caracter\u00edsticas.<\/p>\n<p>Adem\u00e1s de la \u00f3ptica mejorada (mejor revestimiento, cristal CT, menos errores de centrado y mayor transmisi\u00f3n de la luz), son sobre todo las nuevas torres met\u00e1licas con la dureza 0,1 <a href=\"https:\/\/ddoptics.shop\/es\/termino-tecnico\/calculo-del-minuto-angular-o-moa-para-visores-de-punteria\/\" target=\"_blank\" rel=\"noopener noreferrer\">MRAD<\/a> Ajuste de clic, incluido el Zerostop y la ret\u00edcula Corsshair de nuevo desarrollo, que est\u00e1 hecha de este <strong>Visores DDoptics<\/strong> hacer algo muy especial.<\/p>\n<h3>DDoptics V6 - Visor 1-6\u00d724 con campo de visi\u00f3n ultraamplio<\/h3>\n<p>En <strong>\u00d3ptica de punter\u00eda DDoptics 1-6\u00d724 V6<\/strong> HDX no deja nada que desear al cazador exigente cuando se trata de visores modernos para caza dirigida.<\/p>\n<p>Con un compacto <strong>Longitud total de 261 mm, un peso de 500 g y un di\u00e1metro de tubo de 30 mm<\/strong> el visor es manejable y se adapta a cualquier rifle. Este visor est\u00e1 equipado con un campo de visi\u00f3n extremadamente amplio de 37,8 m a 100 m.<\/p>\n<p>En <strong>Visor Driven hunt<\/strong> corresponde a una ret\u00edcula de punto rojo en el nivel de aumento m\u00e1s bajo y garantiza as\u00ed uno de los puntos m\u00e1s importantes en la caza en movimiento, a saber, la r\u00e1pida adquisici\u00f3n del objetivo. El nuevo <strong>Ret\u00edcula A4N<\/strong> se desarroll\u00f3 especialmente para la caza con batida.<\/p>\n\t\t<\/div>\n\t\t\t\t\t<\/div>\n\n\t\n\n\t<div id=\"col-424723870\" class=\"col medium-4 small-12 large-4\"  >\n\t\t\t\t<div class=\"col-inner\"  >\n\t\t\t\n\t\t\t\n<a class=\"button primary expand\" >\n\t\t<span>Caracter\u00edsticas especiales visor<\/span>\n\t<\/a>\n\n\n\t<section class=\"section\" id=\"section_283399175\">\n\t\t<div class=\"section-bg fill\" >\n\t\t\t\t\t\t\t\t\t<div class=\"section-bg-overlay absolute fill\"><\/div>\n\t\t\t\n\n\t\t<\/div>\n\n\t\t\n\n\t\t<div class=\"section-content relative\">\n\t\t\t\n\t<div class=\"img has-hover x md-x lg-x y md-y lg-y\" id=\"image_1607529482\">\n\t\t<a class=\"\" href=\"https:\/\/www.ddoptics.de\/garantiebestimmungen\" target=\"_blank\" rel=\"no follow noopener\">\t\t\t\t\t\t<div class=\"img-inner dark\" >\n\t\t\t<img decoding=\"async\" width=\"352\" height=\"160\" src=\"https:\/\/ddoptics.shop\/wp-content\/uploads\/2014\/09\/DDoptics-Garantie.jpg\" class=\"attachment-large size-large\" alt=\"Garant\u00eda DDoptics\" srcset=\"https:\/\/ddoptics.shop\/wp-content\/uploads\/2014\/09\/DDoptics-Garantie.jpg 352w, https:\/\/ddoptics.shop\/wp-content\/uploads\/2014\/09\/DDoptics-Garantie-304x138.jpg 304w, https:\/\/ddoptics.shop\/wp-content\/uploads\/2014\/09\/DDoptics-Garantie-305x139.jpg 305w, https:\/\/ddoptics.shop\/wp-content\/uploads\/2014\/09\/DDoptics-Garantie-250x114.jpg 250w\" sizes=\"(max-width: 352px) 100vw, 352px\" title=\"\">\t\t\t\t\t\t\n\t\t\t\t\t<\/div>\n\t\t\t\t\t\t<\/a>\t\t\n<style>\n#image_1607529482 {\n  width: 100%;\n}\n<\/style>\n\t<\/div>\n\t\n\t<div id=\"gap-1929857300\" class=\"gap-element clearfix\" style=\"display:block; height:auto;\">\n\t\t\n<style>\n#gap-1929857300 {\n  padding-top: 15px;\n}\n<\/style>\n\t<\/div>\n\t\n\t<div id=\"text-2935484827\" class=\"text\">\n\t\t\n<p><span style=\"font-size: 80%;\"><em>\u21d2 Ajuste de ret\u00edcula met\u00e1lica<\/em><\/span><br \/>\n<span style=\"font-size: 80%;\"><em><strong>\u21d2 Vidrio CT<\/strong> (Transmisi\u00f3n clara)<\/em><\/span><br \/>\n<span style=\"font-size: 80%;\"><em><strong>\u21d2 Doble escala<\/strong><\/em><\/span><br \/>\n<span style=\"font-size: 80%;\"><em>\u21d2 Transmisi\u00f3n de luz extrema de hasta 94,7%<\/em><\/span><br \/>\n<span style=\"font-size: 80%;\"><em><strong>\u21d2 Ret\u00e9n t\u00e1ctico de clic duro<\/strong><\/em><\/span><br \/>\n<span style=\"font-size: 80%;\"><em><strong>\u21d2 Control IFiber<\/strong> posible<\/em><\/span><br \/>\n<span style=\"font-size: 80%;\"><em><strong>\u21d2 Ret\u00edcula A4N<\/strong> en el 2\u00ba plano de la imagen<\/em><\/span><br \/>\n<span style=\"font-size: 80%;\"><em>\u21d2 Parada a cero \/ <strong>Zerostop<\/strong><\/em><\/span><br \/>\n<span style=\"font-size: 80%;\"><em>\u21d2 Prueba a prueba de balas: <a href=\"https:\/\/de.wikipedia.org\/wiki\/.375_Holland_%26_Holland_Magnum\" target=\"_blank\" rel=\"noopener sponsored\" data-schema-attribute=\"\">375 H&amp;H<\/a> 1000 disparos<\/em><\/span><br \/>\n<span style=\"font-size: 80%;\"><em><strong>\u21d2 Compensaci\u00f3n de paralaje infinitamente ajustable<\/strong><\/em><\/span><br \/>\n<span style=\"font-size: 80%;\"><em>\u21d2 Duro, t\u00e1ctico 0,1 MRAD click detent (1cm\/click)<\/em><\/span><br \/>\n<span style=\"font-size: 80%;\"><em>\u21d2 Recorrido de ajuste 484 clics<\/em><\/span><br \/>\n\t\t\n<style>\n#text-2935484827 {\n  line-height: 1.15;\n  color: rgb(33, 107, 227);\n}\n#text-2935484827 > * {\n  color: rgb(33, 107, 227);\n}\n<\/style>\n\t<\/div>\n\t\n\t\t<\/div>\n\n\t\t\n<style>\n#section_283399175 {\n  padding-top: 30px;\n  padding-bottom: 30px;\n  background-color: rgb(232, 232, 232);\n}\n#section_283399175 .section-bg-overlay {\n  background-color: rgba(255,255,255,.5);\n}\n<\/style>\n\t<\/section>\n\t\n\t\t<\/div>\n\t\t\t\t\t<\/div>\n\n\t\n<\/div>\n\t<div class=\"img has-hover x md-x lg-x y md-y lg-y\" id=\"image_918552207\">\n\t\t\t\t\t\t\t\t<div class=\"img-inner dark\" >\n\t\t\t<img decoding=\"async\" width=\"1020\" height=\"295\" src=\"https:\/\/ddoptics.shop\/wp-content\/uploads\/2018\/01\/Zeichnung-V6-1-6x24.jpg\" class=\"attachment-large size-large\" alt=\"Visor DDoptics V6 1-6x24 dibujo\" srcset=\"https:\/\/ddoptics.shop\/wp-content\/uploads\/2018\/01\/Zeichnung-V6-1-6x24.jpg 1400w, https:\/\/ddoptics.shop\/wp-content\/uploads\/2018\/01\/Zeichnung-V6-1-6x24-304x88.jpg 304w, https:\/\/ddoptics.shop\/wp-content\/uploads\/2018\/01\/Zeichnung-V6-1-6x24-305x88.jpg 305w, https:\/\/ddoptics.shop\/wp-content\/uploads\/2018\/01\/Zeichnung-V6-1-6x24-632x183.jpg 632w, https:\/\/ddoptics.shop\/wp-content\/uploads\/2018\/01\/Zeichnung-V6-1-6x24-800x231.jpg 800w, https:\/\/ddoptics.shop\/wp-content\/uploads\/2018\/01\/Zeichnung-V6-1-6x24-250x72.jpg 250w, https:\/\/ddoptics.shop\/wp-content\/uploads\/2018\/01\/Zeichnung-V6-1-6x24-510x148.jpg 510w\" sizes=\"(max-width: 1020px) 100vw, 1020px\" title=\"\">\t\t\t\t\t\t\n\t\t\t\t\t<\/div>\n\t\t\t\t\t\t\t\t\n<style>\n#image_918552207 {\n  width: 100%;\n}\n<\/style>\n\t<\/div>\n\t\n<div class=\"is-divider divider clearfix\" ><\/div>\n<h3>Gran zoom, impresionante pupila de salida con el DDoptics V6 1-6\u00d724<\/h3>\n<p>Gracias a su <strong>6x de zoom son posibles con el 1-6\u00d724 V6 HDX<\/strong> tambi\u00e9n responsable de los disparos a distancias mayores. Por ejemplo, si la caza se mueve lejos delante de los cazadores o est\u00e1 esperando.<\/p>\n<p>Una garant\u00eda adicional para una parada r\u00e1pida y segura es el <strong>Pupila de salida grande (12,0-4,06 mm) en el visor<\/strong>. Esto permite al cazador tener su objetivo delante de ambos ojos esa crucial fracci\u00f3n de segundo m\u00e1s r\u00e1pido.<\/p>\n<h3>Punto luminoso brillante en la ret\u00edcula del visor de caza dirigido<\/h3>\n<p>En <strong>nueva ret\u00edcula A4N<\/strong> no cambia de tama\u00f1o (2\u00ba plano de la imagen) cuando se modifica el aumento y es<strong> punto de luz de fibra \u00f3ptica roja fina y antirreflectante<\/strong> que puede regularse de forma precisa y continua.<\/p>\n<p>La unidad de punto luminoso est\u00e1 montada en el ocular para facilitar su uso. La tecnolog\u00eda de fibra \u00f3ptica garantiza <strong>Efectos laterales y cruzados excluidos<\/strong> son. Cuando se activa el punto luminoso, no se producen molestos deslumbramientos ni reflejos.<\/p>\n<p><strong>En <a href=\"https:\/\/ddoptics.shop\/es\/termino-tecnico\/la-reticula-para-visores\/\" target=\"_blank\" rel=\"noopener\" data-schema-attribute=\"\">Ret\u00edculo<\/a> se ajusta en 0,1 MRAD (1 cm por 100 m) por clic.<\/strong> El duro ajuste t\u00e1ctico por clic funciona con absoluta precisi\u00f3n de repetici\u00f3n. El anillo intercambiable para ampliar\/reducir la ret\u00edcula en el ocular es antideslizante y antideslizante.<\/p>\n<p><strong>Margen de ajuste total de la \u00f3ptica de punter\u00eda:<\/strong><\/p>\n<ul>\n<li>484 clics<\/li>\n<li>corresponde a 48,4 MRAD<\/li>\n<li>corresponde a 24,2 MRAD por p\u00e1gina<\/li>\n<\/ul>\n<h3>Uso recomendado v6 1-6\u00d724<\/h3>\n<p>Una ampl\u00edsima <strong>Campo de visi\u00f3n de casi 40 metros, zoom 6x<\/strong> Las caracter\u00edsticas m\u00e1s destacadas del visor 1-6\u00d724 V6 HDX para IPSC, cacer\u00edas dirigidas y batidas son la facilidad de apuntar incluso a grandes distancias.<\/p>\n<p>Un punto iluminado de fibra \u00f3ptica, libre de reflejos y excelentemente perceptible, proporciona al cazador un alto nivel de seguridad durante la caza. <strong>r\u00e1pida adquisici\u00f3n del blanco y con un disparo fugaz.<\/strong> Totalmente recomendado para todas las disciplinas de Rifle IPSC.<\/p>","protected":false},"excerpt":{"rendered":"<p><img decoding=\"async\" class=\"size-full wp-image-10471 alignnone\" src=\"https:\/\/ddoptics.shop\/wp-content\/uploads\/2016\/04\/Ansitz-Jagd.jpg\" alt=\"Stand de caza\" width=\"50\" height=\"50\" \/><img decoding=\"async\" class=\"wp-image-10452 size-full alignnone\" src=\"https:\/\/ddoptics.shop\/wp-content\/uploads\/2016\/07\/Target-Schiessen.jpg\" alt=\"Tiro al blanco\" width=\"50\" height=\"50\" \/><img decoding=\"async\" class=\"size-full wp-image-10168 alignnone\" src=\"https:\/\/ddoptics.shop\/wp-content\/uploads\/2016\/09\/Jagd-klein.jpg\" alt=\"Prism\u00e1ticos de caza\" width=\"50\" height=\"50\" \/><img decoding=\"async\" class=\"size-full wp-image-10180 alignnone\" src=\"https:\/\/ddoptics.shop\/wp-content\/uploads\/2016\/04\/Bergwandern-klein.jpg\" alt=\"Prism\u00e1ticos de monta\u00f1a\" width=\"50\" height=\"50\" \/><br \/>\nV6 HDX - El especialista en caza impulsada de <strong>DDoptics V6 1-6\u00d724<\/strong> con ret\u00edcula A4N.  Esta mira \u00f3ptica est\u00e1 equipada con un campo de visi\u00f3n extremadamente amplio de 37,8 metros a 100 metros. <strong>Opcionalmente con <a title=\"NUEVO punto luminoso DDoptics IFiber\" href=\"\/es\/termino-tecnico-wiki\/punto-de-luz-inteligente-ddoptics-ifiber\/\" target=\"_blank\" rel=\"noopener noreferrer\">Punto luminoso IFibre<\/a> con un recargo de 99 euros.<\/strong><\/p>","protected":false},"featured_media":23525,"comment_status":"open","ping_status":"closed","template":"","meta":{"inline_featured_image":false,"footnotes":""},"product_brand":[],"product_cat":[710,452,949,639,697,640,919,637,68],"product_tag":[708,966,78,709,80,698],"class_list":{"0":"post-23519","1":"product","2":"type-product","3":"status-publish","4":"has-post-thumbnail","6":"product_cat-1-6x24","7":"product_cat-24-mm-objektivdurchmesser","8":"product_cat-messeaktion","9":"product_cat-bewegungsjagd","10":"product_cat-mrad-klickverstellung","11":"product_cat-pirschjagd-und-gebirgsjagd","12":"product_cat-v6-6-fach-zoom","13":"product_cat-zf-anwendung","14":"product_cat-zielfernrohr","15":"product_tag-1-6x24","16":"product_tag-a4n","17":"product_tag-ddoptics","18":"product_tag-drueckjagdzielfernrohr","19":"product_tag-gen-3","20":"product_tag-mrad-1-cm-klickverstellung","21":"product_shipping_class-paket","22":"pa_brand-marke-ddoptics","23":"pa_produkt-typ-zielfernrohr","25":"first","26":"outofstock","27":"sale","28":"taxable","29":"shipping-taxable","30":"purchasable","31":"product-type-bundle"},"bundled_by":[],"bundle_stock_status":"outofstock","bundle_stock_quantity":0,"bundle_virtual":false,"bundle_layout":"default","bundle_add_to_cart_form_location":"default","bundle_editable_in_cart":false,"bundle_sold_individually_context":"product","bundle_item_grouping":"parent","bundle_min_size":"","bundle_max_size":"","bundle_price":{"price":{"min":{"incl_tax":"899.01","excl_tax":"749.18"},"max":{"incl_tax":"1003.32","excl_tax":"836.1"}},"regular_price":{"min":{"incl_tax":"1149.01","excl_tax":"957.51"},"max":{"incl_tax":"1264.9","excl_tax":"1054.08"}}},"bundled_items":[{"bundled_item_id":95,"product_id":12809,"menu_order":0,"quantity_min":1,"quantity_max":1,"quantity_default":1,"priced_individually":true,"shipped_individually":false,"override_title":true,"title":"","override_description":false,"description":"","optional":false,"hide_thumbnail":true,"discount":"","override_variations":true,"allowed_variations":[12810,12811],"override_default_variation_attributes":false,"default_variation_attributes":[],"single_product_visibility":"visible","cart_visibility":"visible","order_visibility":"visible","single_product_price_visibility":"visible","cart_price_visibility":"visible","order_price_visibility":"visible","stock_status":"in_stock"},{"bundled_item_id":96,"product_id":12812,"menu_order":1,"quantity_min":1,"quantity_max":1,"quantity_default":1,"priced_individually":true,"shipped_individually":false,"override_title":true,"title":"Casi un regalo - flip caps","override_description":false,"description":"","optional":true,"hide_thumbnail":false,"discount":"68.55","override_variations":false,"allowed_variations":[],"override_default_variation_attributes":true,"default_variation_attributes":[{"id":17,"name":"Tama\u00f1o del visor","option":"1-6x24"}],"single_product_visibility":"visible","cart_visibility":"visible","order_visibility":"visible","single_product_price_visibility":"visible","cart_price_visibility":"visible","order_price_visibility":"visible","stock_status":"in_stock"}],"bundle_sell_ids":[],"_links":{"self":[{"href":"https:\/\/ddoptics.shop\/es\/wp-json\/wp\/v2\/product\/23519","targetHints":{"allow":["GET"]}}],"collection":[{"href":"https:\/\/ddoptics.shop\/es\/wp-json\/wp\/v2\/product"}],"about":[{"href":"https:\/\/ddoptics.shop\/es\/wp-json\/wp\/v2\/types\/product"}],"replies":[{"embeddable":true,"href":"https:\/\/ddoptics.shop\/es\/wp-json\/wp\/v2\/comments?post=23519"}],"version-history":[{"count":12,"href":"https:\/\/ddoptics.shop\/es\/wp-json\/wp\/v2\/product\/23519\/revisions"}],"predecessor-version":[{"id":23527,"href":"https:\/\/ddoptics.shop\/es\/wp-json\/wp\/v2\/product\/23519\/revisions\/23527"}],"wp:featuredmedia":[{"embeddable":true,"href":"https:\/\/ddoptics.shop\/es\/wp-json\/wp\/v2\/media\/23525"}],"wp:attachment":[{"href":"https:\/\/ddoptics.shop\/es\/wp-json\/wp\/v2\/media?parent=23519"}],"wp:term":[{"taxonomy":"product_brand","embeddable":true,"href":"https:\/\/ddoptics.shop\/es\/wp-json\/wp\/v2\/product_brand?post=23519"},{"taxonomy":"product_cat","embeddable":true,"href":"https:\/\/ddoptics.shop\/es\/wp-json\/wp\/v2\/product_cat?post=23519"},{"taxonomy":"product_tag","embeddable":true,"href":"https:\/\/ddoptics.shop\/es\/wp-json\/wp\/v2\/product_tag?post=23519"}],"curies":[{"name":"wp","href":"https:\/\/api.w.org\/{rel}","templated":true}]}}