{"id":23563,"date":"2021-02-05T17:19:19","date_gmt":"2021-02-05T16:19:19","guid":{"rendered":"https:\/\/ddoptics.shop\/?post_type=product&#038;p=23563"},"modified":"2026-02-02T17:27:25","modified_gmt":"2026-02-02T16:27:25","slug":"mira-telescopica-4-40x50-ddmp-moa","status":"publish","type":"product","link":"https:\/\/ddoptics.shop\/es\/kaufen\/zielfernrohr-4-40x50-ddmp-moa\/","title":{"rendered":"Visor DDMP V10 4-40\u00d750 de DDoptics para tiro deportivo | 1\/8 MOA | tac-A"},"content":{"rendered":"<div class=\"container section-title-container\" ><h3 class=\"section-title section-title-normal\"><b aria-hidden=\"true\"><\/b><span class=\"section-title-main\" ><i class=\"icon-cross\" aria-hidden=\"true\"><\/i>Breve descripci\u00f3n del visor DDMP 4-40x50 de DDoptics<\/span><b aria-hidden=\"true\"><\/b><\/h3><\/div>\n<table style=\"background-color: #cacaca; width: 100%;\">\n<tbody>\n<tr style=\"height: 24px;\">\n<td style=\"height: 24px; width: 20%;\"><strong>Tubo:<\/strong><\/td>\n<td style=\"height: 24px; width: 30%;\">Tubo mono de 34 mm<\/td>\n<td style=\"height: 24px; width: 20%;\"><strong>Campo de visi\u00f3n: m @100m:<\/strong><\/td>\n<td style=\"height: 24px; width: 30%;\">8,8-0,9 m<\/td>\n<\/tr>\n<tr style=\"height: 24px;\">\n<td style=\"height: 24px; width: 20%;\"><strong>Sistema \u00f3ptico:<\/strong><\/td>\n<td style=\"height: 24px; width: 30%;\">4-40 veces<\/td>\n<td style=\"height: 24px; width: 20%;\"><strong>Distancia interpupilar:<\/strong><\/td>\n<td style=\"height: 24px; width: 30%;\">87-101 mm<\/td>\n<\/tr>\n<tr style=\"height: 24px;\">\n<td style=\"height: 24px; width: 20%;\"><strong>Objetivo:<\/strong><\/td>\n<td style=\"height: 24px; width: 30%;\">50 mm<\/td>\n<td style=\"height: 24px; width: 20%;\"><strong>Longitud:<\/strong><\/td>\n<td style=\"height: 24px; width: 30%;\">371 mm<\/td>\n<\/tr>\n<tr style=\"height: 24px;\">\n<td style=\"height: 24px; width: 20%;\"><strong>Ret\u00edcula:<\/strong><\/td>\n<td style=\"height: 24px; width: 30%;\">TacA<\/td>\n<td style=\"height: 24px; width: 20%;\"><strong>Peso:<\/strong><\/td>\n<td style=\"height: 24px; width: 30%;\">1046 g<\/td>\n<\/tr>\n<tr style=\"height: 24px;\">\n<td style=\"height: 24px; width: 20%;\"><strong>Punto de luz<\/strong><\/td>\n<td style=\"height: 24px; width: 30%;\">Est\u00e1ndar o iFibre<\/td>\n<td style=\"height: 24px; width: 20%;\"><strong>Protecci\u00f3n antivaho:<\/strong><\/td>\n<td style=\"height: 24px; width: 30%;\">Relleno de nitr\u00f3geno contra el vaho<\/td>\n<\/tr>\n<tr style=\"height: 24px;\">\n<td style=\"height: 24px; width: 20%;\"><strong>Enfoque\/paralaje:<\/strong><\/td>\n<td style=\"height: 24px; width: 30%;\">Objetivo ajustable 25-1000 m hasta el infinito<\/td>\n<td style=\"height: 24px; width: 20%;\"><strong>Estrechez:<\/strong><\/td>\n<td style=\"height: 24px; width: 30%;\">Resistente al agua y a los golpes<\/td>\n<\/tr>\n<\/tbody>\n<\/table>\n<div class=\"row\"  id=\"row-589004726\">\n\n\t<div id=\"col-1160598565\" class=\"col medium-8 small-12 large-8\"  >\n\t\t\t\t<div class=\"col-inner\"  >\n\t\t\t\n\t\t\t\n<h2>Visor 4-40\u00d750 DDMP - V10 | MOA de DDoptics - precisi\u00f3n absoluta a distancias medias de hasta 1000 m y m\u00e1s<\/h2>\n<p>En <strong>DDoptics ZF 4-40\u00d750 DDMP<\/strong> es el PRIMER <strong>\u00d3ptica de punter\u00eda V10 con zoom 10x<\/strong> de DDoptics como una extensi\u00f3n deportiva de SIGUIENTE NIVEL del probado V6 <a href=\"https:\/\/ddoptics.shop\/es\/comprar\/zielfernrohr-ddoptics-v6-hdx-5-30x50-gen-3-tactical-mildot-mrad\/\">5-30\u00d750<\/a> Mira telesc\u00f3pica.<\/p>\n<p>El DDMP 4-40\u00d750 es el primer visor V10 de DDoptics y, por lo tanto, tiene un campo de aplicaci\u00f3n especialmente flexible. El visor ultramoderno DDMP 4-40\u00d750 cubre el espectro de los tiradores deportivos desde 100 m hasta 1000 m en particular.<\/p>\n<p>Con un<strong> gran rango de ajuste 329 MOA<\/strong> Pueden alcanzarse distancias de hasta 2000 m y m\u00e1s, aunque en el rango extremo de ajuste de la ret\u00edcula el aumento debe reducirse a 20x por razones t\u00e9cnicas.<\/p>\n<p>Sin embargo, el aumento de 40x se puede utilizar en el rango de 100-1000m. Todo el rango de ajuste es<strong> superar con s\u00f3lo 3 vueltas,<\/strong> lo que permite cambiar una amplia gama de distancias con extrema rapidez.<\/p>\n<h3>Precisi\u00f3n absoluta en la distancia entre ejes<\/h3>\n<p>Ya sea como visor deportivo a larga distancia o a media distancia entre 100 y 1.000 metros. El moderno visor 4-40\u00d750 DDMP cubre una amplia gama de aplicaciones.<\/p>\n<p>Restricci\u00f3n: Para <strong>En distancias largas superiores a 1000 m, el ajuste de la ret\u00edcula debe ajustarse hasta el l\u00edmite del alcance.<\/strong> Por razones t\u00e9cnicas, la resoluci\u00f3n del visor ya no es lo suficientemente alta como para realizar un aumento de 40x en esta zona perif\u00e9rica de la \u00f3ptica.<\/p>\n<p>Aqu\u00ed el aumento debe reducirse a 20x. Todas las distancias normales que pueden realizarse con fines deportivos en Europa, donde la ret\u00edcula tiende a situarse en el centro del campo de visi\u00f3n, permiten una resoluci\u00f3n de imagen de hasta 40x.<\/p>\n\t\t<\/div>\n\t\t\t\t\t<\/div>\n\n\t\n\n\t<div id=\"col-1313719882\" class=\"col medium-4 small-12 large-4\"  >\n\t\t\t\t<div class=\"col-inner\"  >\n\t\t\t\n\t\t\t\n<a class=\"button primary expand\" >\n\t\t<span>Caracter\u00edsticas especiales visor<\/span>\n\t<\/a>\n\n\n\t<section class=\"section\" id=\"section_941142221\">\n\t\t<div class=\"section-bg fill\" >\n\t\t\t\t\t\t\t\t\t\n\t\t\t\n\n\t\t<\/div>\n\n\t\t\n\n\t\t<div class=\"section-content relative\">\n\t\t\t\n\t<div class=\"img has-hover x md-x lg-x y md-y lg-y\" id=\"image_1084818202\">\n\t\t<a class=\"\" href=\"https:\/\/www.ddoptics.de\/garantiebestimmungen\" target=\"_blank\" rel=\"no follow noopener\">\t\t\t\t\t\t<div class=\"img-inner dark\" >\n\t\t\t<img decoding=\"async\" width=\"352\" height=\"160\" src=\"https:\/\/ddoptics.shop\/wp-content\/uploads\/2014\/09\/DDoptics-Garantie.jpg\" class=\"attachment-large size-large\" alt=\"Garant\u00eda DDoptics\" srcset=\"https:\/\/ddoptics.shop\/wp-content\/uploads\/2014\/09\/DDoptics-Garantie.jpg 352w, https:\/\/ddoptics.shop\/wp-content\/uploads\/2014\/09\/DDoptics-Garantie-304x138.jpg 304w, https:\/\/ddoptics.shop\/wp-content\/uploads\/2014\/09\/DDoptics-Garantie-305x139.jpg 305w, https:\/\/ddoptics.shop\/wp-content\/uploads\/2014\/09\/DDoptics-Garantie-250x114.jpg 250w\" sizes=\"(max-width: 352px) 100vw, 352px\" title=\"\">\t\t\t\t\t\t\n\t\t\t\t\t<\/div>\n\t\t\t\t\t\t<\/a>\t\t\n<style>\n#image_1084818202 {\n  width: 100%;\n}\n<\/style>\n\t<\/div>\n\t\n\t<div id=\"text-498442199\" class=\"text\">\n\t\t\n<p><span style=\"font-size: 80%;\"><em>\u21d2 DDMP - DDoptics Match Precisi\u00f3n<br \/>\n<\/em><\/span><span style=\"font-size: 80%;\"><em>\u21d2 Perfecto para el tirador exigente<\/em><\/span><br \/>\n<span style=\"font-size: 80%;\"><em>\u21d2 El rango de ajuste de 30 MRAD permite disparos extremadamente largos<\/em><\/span><br \/>\n<span style=\"font-size: 80%;\"><em>\u21d2 Tubo robusto de 34 mm<\/em><\/span><br \/>\n<span style=\"font-size: 80%;\"><em>\u21d2 Grandes torretas t\u00e1cticas de metal (no de pl\u00e1stico)<\/em><\/span><br \/>\n<span style=\"font-size: 80%;\"><em>\u21d2 Doble escalado (doble giro)<\/em><\/span><br \/>\n<span style=\"font-size: 80%;\"><em>\u21d2 Parada a cero interna para ASV (parada a cero)<\/em><\/span><br \/>\n<span style=\"font-size: 80%;\"><em>\u21d2 Ret\u00e9n de clic t\u00e1ctico duro de 0,1 MRAD (1 cm\/clic)<\/em><\/span><br \/>\n<span style=\"font-size: 80%;\"><em>\u21d2 Una revoluci\u00f3n = 10 MRAD<\/em><\/span><br \/>\n<span style=\"font-size: 80%;\"><em>\u21d2 Nueva ret\u00edcula tacA en el 1er plano focal<\/em><\/span><br \/>\n<span style=\"font-size: 80%;\"><em>\u21d2 Potente nivelaci\u00f3n de paralaje con 25-1000-\u221e<\/em><\/span><br \/>\n\t\t\n<style>\n#text-498442199 {\n  color: rgb(33, 107, 227);\n}\n#text-498442199 > * {\n  color: rgb(33, 107, 227);\n}\n<\/style>\n\t<\/div>\n\t\n\t\t<\/div>\n\n\t\t\n<style>\n#section_941142221 {\n  padding-top: 30px;\n  padding-bottom: 30px;\n  background-color: rgb(232, 232, 232);\n}\n<\/style>\n\t<\/section>\n\t\n\t<div id=\"text-2170592290\" class=\"text\">\n\t\t\n\t\t\n<style>\n#text-2170592290 {\n  line-height: 1.15;\n  color: rgb(33, 107, 227);\n}\n#text-2170592290 > * {\n  color: rgb(33, 107, 227);\n}\n<\/style>\n\t<\/div>\n\t\n\t\t<\/div>\n\t\t\t\t\t<\/div>\n\n\t\n<\/div>\n\t<div class=\"img has-hover x md-x lg-x y md-y lg-y\" id=\"image_1618317125\">\n\t\t\t\t\t\t\t\t<div class=\"img-inner dark\" >\n\t\t\t<img decoding=\"async\" width=\"1020\" height=\"575\" src=\"https:\/\/ddoptics.shop\/wp-content\/uploads\/2019\/09\/DDoptics-4-40x50-DDMP.jpg\" class=\"attachment-large size-large\" alt=\"Visor DDoptics V10 4-40x50 DDMP\" srcset=\"https:\/\/ddoptics.shop\/wp-content\/uploads\/2019\/09\/DDoptics-4-40x50-DDMP.jpg 1179w, https:\/\/ddoptics.shop\/wp-content\/uploads\/2019\/09\/DDoptics-4-40x50-DDMP-304x171.jpg 304w, https:\/\/ddoptics.shop\/wp-content\/uploads\/2019\/09\/DDoptics-4-40x50-DDMP-305x172.jpg 305w, https:\/\/ddoptics.shop\/wp-content\/uploads\/2019\/09\/DDoptics-4-40x50-DDMP-632x356.jpg 632w, https:\/\/ddoptics.shop\/wp-content\/uploads\/2019\/09\/DDoptics-4-40x50-DDMP-800x451.jpg 800w, https:\/\/ddoptics.shop\/wp-content\/uploads\/2019\/09\/DDoptics-4-40x50-DDMP-510x288.jpg 510w, https:\/\/ddoptics.shop\/wp-content\/uploads\/2019\/09\/DDoptics-4-40x50-DDMP-250x141.jpg 250w\" sizes=\"(max-width: 1020px) 100vw, 1020px\" title=\"\">\t\t\t\t\t\t\n\t\t\t\t\t<\/div>\n\t\t\t\t\t\t\t\t\n<style>\n#image_1618317125 {\n  width: 100%;\n}\n<\/style>\n\t<\/div>\n\t\n<h2><a href=\"https:\/\/de.wikipedia.org\/wiki\/Absehen\" target=\"_blank\" rel=\"noopener sponsored\" data-schema-attribute=\"\">Ret\u00edculo<\/a> TacA 2.ffp en el <a href=\"https:\/\/ddoptics.shop\/es\/termino-tecnico\/reticula-segundo-plano-imagen\/\" target=\"_blank\" rel=\"noopener\" data-schema-attribute=\"\">segundo plano de la imagen<\/a><\/h2>\n<p>El TacA es extremadamente f\u00e1cil de usar. Las barras c\u00f3nicas en forma de flecha se han mantenido deliberadamente transparentes para que no quede nada oculto tras la ret\u00edcula.<\/p>\n<h3>Visor DDoptics V10 4-40\u00d750 DDMP: Punto luminoso continuo de luz diurna a visi\u00f3n nocturna<\/h3>\n<p>En <strong>Unidad ligera del TacA<\/strong> es un sistema perfectamente equilibrado con el m\u00e1ximo dinamismo. El <strong>primeros niveles de brillo s\u00f3lo un punto de luz extremadamente peque\u00f1o<\/strong> reconocer.<\/p>\n<p>Incluso puede atenuarse hasta tal punto que este <strong>tambi\u00e9n con un dispositivo de visi\u00f3n nocturna <\/strong>puede utilizarse. Si se sube m\u00e1s el punto de luz, entonces<strong> Ilumina a partir de una determinada intensidad luminosa <\/strong>el<strong> Ret\u00edcula bal\u00edstica completa<\/strong> con.<\/p>\n<p>En funci\u00f3n de la aplicaci\u00f3n <strong>se puede seleccionar entre el punto puro o la ret\u00edcula totalmente iluminada<\/strong>. Tambi\u00e9n se puede seleccionar la desconexi\u00f3n autom\u00e1tica con control inteligente para esta mira \u00f3ptica.<\/p>\n<h3>Visor DDoptics V10 4-40\u00d750 DDMP - Preciso, Zerostop interno<\/h3>\n<figure id=\"attachment_12866\" aria-describedby=\"caption-attachment-12866\" style=\"width: 350px\" class=\"wp-caption alignright\"><a href=\"https:\/\/ddoptics.shop\/wp-content\/uploads\/2019\/02\/Interner-Zerostop-5-30x56.jpg\"><img decoding=\"async\" class=\"wp-image-12866\" src=\"https:\/\/ddoptics.shop\/wp-content\/uploads\/2019\/02\/Interner-Zerostop-5-30x56.jpg\" alt=\"Visor interno Zerostop 5-30x56 DDoptics\" width=\"350\" height=\"233\" title=\"\" srcset=\"https:\/\/ddoptics.shop\/wp-content\/uploads\/2019\/02\/Interner-Zerostop-5-30x56.jpg 600w, https:\/\/ddoptics.shop\/wp-content\/uploads\/2019\/02\/Interner-Zerostop-5-30x56-304x203.jpg 304w, https:\/\/ddoptics.shop\/wp-content\/uploads\/2019\/02\/Interner-Zerostop-5-30x56-305x203.jpg 305w, https:\/\/ddoptics.shop\/wp-content\/uploads\/2019\/02\/Interner-Zerostop-5-30x56-510x340.jpg 510w, https:\/\/ddoptics.shop\/wp-content\/uploads\/2019\/02\/Interner-Zerostop-5-30x56-250x167.jpg 250w\" sizes=\"(max-width: 350px) 100vw, 350px\" \/><\/a><figcaption id=\"caption-attachment-12866\" class=\"wp-caption-text\">Visor interno Zerostop 5-30\u00d756 DDoptics<\/figcaption><\/figure>\n<p>Despu\u00e9s de retirar el<strong> Tapas de torreta del ajuste de ret\u00edcula del 4-40\u00d750 <\/strong>la torre puede ser <strong>aflojando 3 tornillos prisioneros<\/strong> retire hacia arriba. Debajo encontrar\u00e1 el Zerostop en forma de disco negro redondo.<\/p>\n<p>El Zerostop se ajusta despu\u00e9s del disparo aflojando los (tambi\u00e9n) 3 tornillos prisioneros del disco Zerostop.<\/p>\n<p>Cuando est\u00e1 suelto, el disco puede girarse hasta el tope sin ning\u00fan efecto y <strong>luego se fija de nuevo con los tornillos prisioneros<\/strong> convertirse.<\/p>\n<p>Puede ver el tope en la imagen entre el blanco y la mira \u00f3ptica. A continuaci\u00f3n, el<strong> Vuelva a colocar la torre en la posici\u00f3n cero y bloqu\u00e9ela con los 3 tornillos prisioneros.\u00a0<\/strong>El Zerostop se detiene ahora con precisi\u00f3n a la distancia que hayas fijado.<\/p>","protected":false},"excerpt":{"rendered":"<p><img decoding=\"async\" class=\"alignnone wp-image-10452 size-full\" title=\"Tiro deportivo\" src=\"https:\/\/ddoptics.shop\/wp-content\/uploads\/2016\/07\/Target-Schiessen.jpg\" alt=\"Tiro al blanco\" width=\"50\" height=\"50\" \/><img decoding=\"async\" class=\"alignnone wp-image-10178 size-full\" title=\"Caza de monta\u00f1a\" src=\"https:\/\/ddoptics.shop\/wp-content\/uploads\/2016\/04\/Gebirgsjagd-klein.jpg\" alt=\"Prism\u00e1ticos de caza de monta\u00f1a\" width=\"50\" height=\"50\" \/><br \/>\nUna nueva \u00f3ptica de punter\u00eda extrema que ofrece interesantes<strong>\u00a0Zonas<\/strong> cubiertas. Desde el tiro deportivo hasta la caza de monta\u00f1a como sustituto del catalejo con <strong>40 veces<\/strong> Ampliaci\u00f3n... <strong>Opcionalmente con tacA inteligente <a title=\"NUEVO punto luminoso DDoptics IFiber\" href=\"\/es\/termino-tecnico-wiki\/punto-de-luz-inteligente-ddoptics-ifiber\/\" target=\"_blank\" rel=\"noopener noreferrer\">Punto luminoso IFibre<\/a> por s\u00f3lo 99,- euros de suplemento.<\/strong><\/p>","protected":false},"featured_media":17678,"comment_status":"open","ping_status":"closed","template":"","meta":{"inline_featured_image":false,"footnotes":""},"product_brand":[],"product_cat":[927,453,949,640,641,920,637,68],"product_tag":[967,922,78,921,923],"class_list":{"0":"post-23563","1":"product","2":"type-product","3":"status-publish","4":"has-post-thumbnail","6":"product_cat-4-40x50","7":"product_cat-50-mm-objektivdurchmesser","8":"product_cat-messeaktion","9":"product_cat-pirschjagd-und-gebirgsjagd","10":"product_cat-sportschiessen","11":"product_cat-v10-10-fach-zoom","12":"product_cat-zf-anwendung","13":"product_cat-zielfernrohr","14":"product_tag-1-8-moa","15":"product_tag-4-40x50","16":"product_tag-ddoptics","17":"product_tag-long-range-zielfernrohr","18":"product_tag-zf-4-40x50","19":"product_shipping_class-paket","20":"pa_brand-marke-ddoptics","21":"pa_produkt-typ-zielfernrohr","23":"first","24":"instock","25":"sale","26":"taxable","27":"shipping-taxable","28":"purchasable","29":"product-type-bundle"},"bundled_by":[],"bundle_stock_status":"instock","bundle_stock_quantity":"","bundle_virtual":false,"bundle_layout":"default","bundle_add_to_cart_form_location":"default","bundle_editable_in_cart":false,"bundle_sold_individually_context":"product","bundle_item_grouping":"parent","bundle_min_size":"","bundle_max_size":"","bundle_price":{"price":{"min":{"incl_tax":"1440","excl_tax":"1200"},"max":{"incl_tax":"1544.32","excl_tax":"1286.93"}},"regular_price":{"min":{"incl_tax":"1799","excl_tax":"1499.17"},"max":{"incl_tax":"1914.9","excl_tax":"1595.75"}}},"bundled_items":[{"bundled_item_id":112,"product_id":16795,"menu_order":0,"quantity_min":1,"quantity_max":1,"quantity_default":1,"priced_individually":true,"shipped_individually":false,"override_title":true,"title":"","override_description":false,"description":"","optional":false,"hide_thumbnail":true,"discount":"","override_variations":false,"allowed_variations":[],"override_default_variation_attributes":true,"default_variation_attributes":[{"id":36,"name":"tacA punto iluminado","option":"ddoptics-taca-normales-leuchtabsehen"}],"single_product_visibility":"visible","cart_visibility":"visible","order_visibility":"visible","single_product_price_visibility":"visible","cart_price_visibility":"visible","order_price_visibility":"visible","stock_status":"in_stock"},{"bundled_item_id":113,"product_id":12812,"menu_order":1,"quantity_min":1,"quantity_max":1,"quantity_default":1,"priced_individually":true,"shipped_individually":false,"override_title":true,"title":"Casi como un regalo - Flip Caps SET","override_description":true,"description":"","optional":true,"hide_thumbnail":true,"discount":"68.55","override_variations":true,"allowed_variations":[17680],"override_default_variation_attributes":true,"default_variation_attributes":[{"id":17,"name":"Tama\u00f1o del visor","option":"4-40x50"}],"single_product_visibility":"visible","cart_visibility":"visible","order_visibility":"visible","single_product_price_visibility":"visible","cart_price_visibility":"visible","order_price_visibility":"visible","stock_status":"in_stock"}],"bundle_sell_ids":[],"_links":{"self":[{"href":"https:\/\/ddoptics.shop\/es\/wp-json\/wp\/v2\/product\/23563","targetHints":{"allow":["GET"]}}],"collection":[{"href":"https:\/\/ddoptics.shop\/es\/wp-json\/wp\/v2\/product"}],"about":[{"href":"https:\/\/ddoptics.shop\/es\/wp-json\/wp\/v2\/types\/product"}],"replies":[{"embeddable":true,"href":"https:\/\/ddoptics.shop\/es\/wp-json\/wp\/v2\/comments?post=23563"}],"version-history":[{"count":9,"href":"https:\/\/ddoptics.shop\/es\/wp-json\/wp\/v2\/product\/23563\/revisions"}],"predecessor-version":[{"id":24047,"href":"https:\/\/ddoptics.shop\/es\/wp-json\/wp\/v2\/product\/23563\/revisions\/24047"}],"wp:featuredmedia":[{"embeddable":true,"href":"https:\/\/ddoptics.shop\/es\/wp-json\/wp\/v2\/media\/17678"}],"wp:attachment":[{"href":"https:\/\/ddoptics.shop\/es\/wp-json\/wp\/v2\/media?parent=23563"}],"wp:term":[{"taxonomy":"product_brand","embeddable":true,"href":"https:\/\/ddoptics.shop\/es\/wp-json\/wp\/v2\/product_brand?post=23563"},{"taxonomy":"product_cat","embeddable":true,"href":"https:\/\/ddoptics.shop\/es\/wp-json\/wp\/v2\/product_cat?post=23563"},{"taxonomy":"product_tag","embeddable":true,"href":"https:\/\/ddoptics.shop\/es\/wp-json\/wp\/v2\/product_tag?post=23563"}],"curies":[{"name":"wp","href":"https:\/\/api.w.org\/{rel}","templated":true}]}}