{"id":26806,"date":"2023-08-02T16:37:45","date_gmt":"2023-08-02T14:37:45","guid":{"rendered":"https:\/\/ddoptics.shop\/?post_type=product&#038;p=26806"},"modified":"2026-02-02T17:25:48","modified_gmt":"2026-02-02T16:25:48","slug":"ddoptics-nighteagle-5-30x50-nfx-mrad","status":"publish","type":"product","link":"https:\/\/ddoptics.shop\/es\/kaufen\/ddoptics-nighteagle-5-30x50-nfx-mrad\/","title":{"rendered":"Visor DDoptics Nighteagle 5-30\u00d750 NFX Tactical | MilDot | Ajuste MRAD"},"content":{"rendered":"<div class=\"container section-title-container\" ><h3 class=\"section-title section-title-normal\"><b aria-hidden=\"true\"><\/b><span class=\"section-title-main\" ><i class=\"icon-cross\" aria-hidden=\"true\"><\/i>Breve descripci\u00f3n de Nighteagle 5-30x50 NFX Tactical de DDoptics<\/span><b aria-hidden=\"true\"><\/b><\/h3><\/div>\n<table style=\"background-color: #cacaca; width: 100%;\">\n<tbody>\n<tr style=\"height: 24px;\">\n<td style=\"height: 24px; text-align: left; width: 20%;\">Tubo<\/td>\n<td style=\"height: 24px; text-align: left; width: 30%;\">Tubo mono de 30 mm<\/td>\n<td style=\"height: 24px; text-align: left; width: 20%;\">Campo de visi\u00f3n: m @100 m<\/td>\n<td style=\"height: 24px; text-align: left; width: 30%;\">8 - 1,3 m<\/td>\n<\/tr>\n<tr style=\"height: 24px;\">\n<td style=\"height: 24px; text-align: left; width: 20%;\">Sistema \u00f3ptico<\/td>\n<td style=\"height: 24px; text-align: left; width: 30%;\">5-30 veces<\/td>\n<td style=\"height: 24px; text-align: left; width: 20%;\">Distancia interpupilar<\/td>\n<td style=\"height: 24px; text-align: left; width: 30%;\">77 mm - 91 mm<\/td>\n<\/tr>\n<tr style=\"height: 24px;\">\n<td style=\"height: 24px; text-align: left; width: 20%;\">Lente<\/td>\n<td style=\"height: 24px; text-align: left; width: 30%;\">50 mm<\/td>\n<td style=\"height: 24px; text-align: left; width: 20%;\">Longitud<\/td>\n<td style=\"height: 24px; text-align: left; width: 30%;\">330 mm<\/td>\n<\/tr>\n<tr style=\"height: 24px;\">\n<td style=\"height: 24px; text-align: left; width: 20%;\">Ret\u00edculo<\/td>\n<td style=\"height: 24px; text-align: left; width: 30%;\">MilDot<\/td>\n<td style=\"height: 24px; text-align: left; width: 20%;\">Peso<\/td>\n<td style=\"height: 24px; text-align: left; width: 30%;\">\u00a0750 g<\/td>\n<\/tr>\n<tr style=\"height: 24px;\">\n<td style=\"height: 24px; text-align: left; width: 20%;\">Punto de luz<\/td>\n<td style=\"height: 24px; text-align: left; width: 30%;\">LP 2 o iFibre<\/td>\n<td style=\"height: 24px; text-align: left; width: 20%;\">Protecci\u00f3n antivaho<\/td>\n<td style=\"height: 24px; text-align: left; width: 30%;\">Relleno de nitr\u00f3geno contra el vaho<\/td>\n<\/tr>\n<tr style=\"height: 24px;\">\n<td style=\"height: 24px; text-align: left; width: 20%;\">Enfoque\/paralaje<\/td>\n<td style=\"height: 24px; text-align: left; width: 30%;\">Objetivo ajustable de 20 m a infinito<\/td>\n<td style=\"height: 24px; text-align: left; width: 20%;\">\u00a0Tensi\u00f3n<\/td>\n<td style=\"height: 24px; text-align: left; width: 30%;\">Resistente al agua y a los golpes<\/td>\n<\/tr>\n<\/tbody>\n<\/table>\n<div class=\"row\"  id=\"row-3907552\">\n\n\t<div id=\"col-2010408600\" class=\"col medium-8 small-12 large-8\"  >\n\t\t\t\t<div class=\"col-inner\"  >\n\t\t\t\n\t\t\t\n<h2>Visor DDoptics Nighteagle 5-30\u00d750 NFX Tactical - potente visor con zoom 6x para caza y deporte a larga distancia<\/h2>\n<p>En <strong>Nighteagle V6 5-30\u00d750 NFX<\/strong> es una innovadora adici\u00f3n a la gama de visores de <strong>Serie t\u00e1ctica Generation 3<\/strong> de DDoptics.<\/p>\n<p>Una caracter\u00edstica destacada es su campo de visi\u00f3n ampliado de 8 metros con un aumento de 6x y una caja ocular significativamente mejorada. Estas caracter\u00edsticas lo convierten en una herramienta indispensable para los tiradores de precisi\u00f3n y los cazadores que buscan la m\u00e1xima calidad y rendimiento.<\/p>\n<p>Gracias a la <strong>mayor campo de visi\u00f3n y la caja ocular mejorada<\/strong> los tiradores pueden mantener una imagen clara durante el disparo sin estar sujetos a distracciones. Esto les permite seguir con precisi\u00f3n el impacto de la bala en el blanco sin tener que depender de un observador adicional.<\/p>\n<p>Esta \"retroalimentaci\u00f3n\" inmediata proporciona certeza sobre el punto de impacto y permite realizar ajustes inmediatos en caso necesario. Si se falla un tiro, el campo de visi\u00f3n ampliado facilita que los tiradores reconozcan la desviaci\u00f3n y la corrijan inmediatamente.<\/p>\n<p>La combinaci\u00f3n de un mayor campo de visi\u00f3n y un <strong>La caja ocular mejorada hace que el Nighteagle V6 5-30\u00d750 NFX<\/strong> una ventaja inestimable para los tiradores exigentes.<\/p>\n<p>Permite la m\u00e1xima precisi\u00f3n y control en cada disparo, ya que el objetivo permanece siempre a la vista tanto antes como despu\u00e9s del disparo. Con el Nighteagle 5-30\u00d750 NFX V6 a su lado, los tiradores pueden maximizar sus <strong>Habilidades de tiro<\/strong> a un nuevo nivel y optimizar su rendimiento.<\/p>\n\t\t<\/div>\n\t\t\t\t\t<\/div>\n\n\t\n\n\t<div id=\"col-1326493922\" class=\"col medium-4 small-12 large-4\"  >\n\t\t\t\t<div class=\"col-inner\"  >\n\t\t\t\n\t\t\t\n<a class=\"button primary expand\" >\n\t\t<span>Caracter\u00edsticas especiales visor<\/span>\n\t<\/a>\n\n\n\t<section class=\"section\" id=\"section_1066230534\">\n\t\t<div class=\"section-bg fill\" >\n\t\t\t\t\t\t\t\t\t<div class=\"section-bg-overlay absolute fill\"><\/div>\n\t\t\t\n\n\t\t<\/div>\n\n\t\t\n\n\t\t<div class=\"section-content relative\">\n\t\t\t\n\t<div class=\"img has-hover x md-x lg-x y md-y lg-y\" id=\"image_35802119\">\n\t\t<a class=\"\" href=\"https:\/\/www.ddoptics.de\/garantiebestimmungen\" target=\"_blank\" rel=\"no follow noopener\">\t\t\t\t\t\t<div class=\"img-inner dark\" >\n\t\t\t<img decoding=\"async\" width=\"352\" height=\"160\" src=\"https:\/\/ddoptics.shop\/wp-content\/uploads\/2014\/09\/DDoptics-Garantie.jpg\" class=\"attachment-large size-large\" alt=\"Garant\u00eda DDoptics\" srcset=\"https:\/\/ddoptics.shop\/wp-content\/uploads\/2014\/09\/DDoptics-Garantie.jpg 352w, https:\/\/ddoptics.shop\/wp-content\/uploads\/2014\/09\/DDoptics-Garantie-304x138.jpg 304w, https:\/\/ddoptics.shop\/wp-content\/uploads\/2014\/09\/DDoptics-Garantie-305x139.jpg 305w, https:\/\/ddoptics.shop\/wp-content\/uploads\/2014\/09\/DDoptics-Garantie-250x114.jpg 250w\" sizes=\"(max-width: 352px) 100vw, 352px\" title=\"\">\t\t\t\t\t\t\n\t\t\t\t\t<\/div>\n\t\t\t\t\t\t<\/a>\t\t\n<style>\n#image_35802119 {\n  width: 100%;\n}\n<\/style>\n\t<\/div>\n\t\n\t<div id=\"gap-344121019\" class=\"gap-element clearfix\" style=\"display:block; height:auto;\">\n\t\t\n<style>\n#gap-344121019 {\n  padding-top: 15px;\n}\n<\/style>\n\t<\/div>\n\t\n\t<div id=\"text-3846487182\" class=\"text\">\n\t\t\n<p><span style=\"font-size: 80%;\"><em>\u21d2 Nuevo cristal CT ( transmisi\u00f3n clara )<br \/>\n<\/em><\/span><em style=\"font-size: 80%;\">\u21d2 Zerostop ( para parada cero )<\/em><span style=\"font-size: 80%;\"><br \/>\n<\/span><em style=\"font-size: 80%;\">\u21d2 Doble giro (doble escala)<\/em><span style=\"font-size: 80%;\"><br \/>\n<\/span><em style=\"font-size: 80%;\">\u21d2 Ajuste horizontal en sentido contrario a las agujas del reloj. Escala ( viento izquierda - derecha )<\/em><span style=\"font-size: 80%;\"><br \/>\n<\/span><em style=\"font-size: 80%;\">\u21d2 muy alta resoluci\u00f3n<\/em><span style=\"font-size: 80%;\"><br \/>\n<\/span><em style=\"font-size: 80%;\">\u21d2 versi\u00f3n de caza discreta con torretas peque\u00f1as<br \/>\n<\/em> <em style=\"font-size: 80%;\">\u21d2 NUEVO: punto luminoso de fibra \u00f3ptica - punto luminoso iFibre opcional<\/em><span style=\"font-size: 80%;\"><br \/>\n<\/span><em style=\"font-size: 80%;\">\u21d2 30 a\u00f1os de garant\u00eda DDoptics<\/em><span style=\"font-size: 80%;\"><br \/>\n<\/span><em style=\"font-size: 80%;\">\u21d2 MilDot: 2\u00ba plano de la imagen<\/em><span style=\"font-size: 80%;\"><br \/>\n<\/span><em style=\"font-size: 80%;\">\u21d2 Precisi\u00f3n de la rentabilidad absoluta<\/em> <em style=\"font-size: 80%;\">\u21d2 Transmisi\u00f3n de luz extrema de hasta 94,7%<\/em><span style=\"font-size: 80%;\"><br \/>\n<\/span><em style=\"font-size: 80%;\">\u21d2 Prueba a prueba de balas: <a href=\"https:\/\/de.wikipedia.org\/wiki\/.375_Holland_%26_Holland_Magnum\" target=\"_blank\" rel=\"noopener noreferrer\">375 H&amp;H<\/a> 1000 disparos<\/em><span style=\"font-size: 80%;\"><br \/>\n<\/span><em style=\"font-size: 80%;\">\u21d2 Funci\u00f3n de catalejo gracias al gran aumento<\/em><span style=\"font-size: 80%;\"><br \/>\n<\/span><em style=\"font-size: 80%;\">\u21d2 Compensaci\u00f3n de paralaje infinitamente ajustable<\/em> <em style=\"font-size: 80%;\">\u21d2 Posibilidad de tomas muy largas<\/em><\/p>\n\t\t\n<style>\n#text-3846487182 {\n  line-height: 1.15;\n  color: rgb(33, 107, 227);\n}\n#text-3846487182 > * {\n  color: rgb(33, 107, 227);\n}\n<\/style>\n\t<\/div>\n\t\n\t\t<\/div>\n\n\t\t\n<style>\n#section_1066230534 {\n  padding-top: 30px;\n  padding-bottom: 30px;\n  background-color: rgb(232, 232, 232);\n}\n#section_1066230534 .section-bg-overlay {\n  background-color: rgba(255,255,255,.5);\n}\n<\/style>\n\t<\/section>\n\t\n<div class=\"is-divider divider clearfix\" ><\/div>\n\t\t<\/div>\n\t\t\t\t\t<\/div>\n\n\t\n<\/div>\n<h3>Visor 5-30\u00d750 NFX - ajuste ampliado de la ret\u00edcula<\/h3>\n<p>Una caracter\u00edstica especialmente destacable del visor Nighteagle V6 5-30\u00d750 NFX es el mayor rango de ajuste de la ret\u00edcula.<\/p>\n<p>Con un <strong>rango de ajuste ampliado de 27 MRAD<\/strong> el visor Nighteagle V6 5-30\u00d750 NFX ofrece una ventaja significativa en t\u00e9rminos de alcance. Utilizando una inclinaci\u00f3n hacia delante de 40 MOA, por ejemplo, se consiguen distancias impresionantes de hasta <strong>2 km (a cal.308)<\/strong> mientras la ret\u00edcula permanece en la posici\u00f3n central.<\/p>\n<p>El uso de un <strong>Se recomienda encarecidamente la inclinaci\u00f3n previa<\/strong>ya que la nitidez y la precisi\u00f3n de la imagen son mejores cuando el ajuste de la ret\u00edcula se mantiene en la posici\u00f3n central en la medida de lo posible. De este modo, los tiradores pueden aprovechar al m\u00e1ximo las prestaciones del visor y realizar disparos precisos a distancias extremadamente largas.<\/p>\n<h3>Visor 5-30\u00d750 NFX - dos aspectos destacados<\/h3>\n<p>La mira telesc\u00f3pica Nighteagle V6 5-30\u00d750 NFX ofrece dos aspectos destacados que son de gran utilidad para los tiradores: El <strong>Anillo de ajuste del aumento<\/strong> se ha dise\u00f1ado para ofrecer m\u00e1s agarre y est\u00e1 disponible opcionalmente con un <strong>palanca de ajuste r\u00e1pido enroscable<\/strong> est\u00e1 equipado.<\/p>\n<p>Estas funciones aportan una serie de ventajas que mejoran notablemente el manejo y el funcionamiento del visor. Con el agarre mejorado del anillo de ajuste, el tirador puede ajustar el aumento de forma r\u00e1pida y precisa, incluso en condiciones exigentes o con guantes.<\/p>\n<p>La posibilidad de utilizar un <strong>utilice la palanca de ajuste r\u00e1pido opcional<\/strong> permite al tirador cambiar el aumento de forma a\u00fan m\u00e1s r\u00e1pida y c\u00f3moda. Estas caracter\u00edsticas son especialmente valiosas para el tiro deportivo y, sobre todo, para los cambios r\u00e1pidos de aumento y ofrecen una ventaja decisiva.<\/p>\n<h3>Ret\u00edcula MilDot<\/h3>\n<p>En <strong>Visor Nighteagle 5-30\u00d750 NFX<\/strong> - incorpora la exitosa y moderna ret\u00edcula MilDot.<\/p>\n<p>El visor Nighteagle V6 5-30\u00d750 NFX ofrece una ret\u00edcula t\u00e1ctica iluminada MilDot en el plano de imagen del ocular (2\u00ba plano de imagen), que est\u00e1 estandarizada a un aumento de 10x.<\/p>\n<p>Esto significa que el tama\u00f1o de la ret\u00edcula permanece constante al cambiar el aumento. Incluso con un aumento de 30x, la ret\u00edcula s\u00f3lo oscurece el blanco 1,8 mm a una distancia de disparo de 100 metros. El campo de visi\u00f3n con este aumento m\u00e1ximo sigue siendo de 1,3 m a 100 m, lo que permite apuntar a la velocidad del rayo.<\/p>\n<p>La \u00f3ptica de punter\u00eda permite ajustes precisos, ya que el<strong> Ret\u00edcula por clic de 0,1 MRAD<\/strong> que corresponde a un desplazamiento de 1 cm a 100 m. A 300 m, un clic corresponde a un cambio en el punto de impacto de unos 3 cm.<\/p>\n<p>El rango de ajuste total del visor es de <strong>165 clics o 27 MRAD (13,5 MRAD por p\u00e1gina),<\/strong> que ofrece a los tiradores una amplia gama de opciones para afinar sus disparos.<\/p>\n<h3>Mecanismo de ajuste robusto para uso intensivo con Zerostop y ASV<\/h3>\n<p>El visor Nighteagle V6 5-30\u00d750 NFX est\u00e1 equipado con un pr\u00e1ctico ajuste r\u00e1pido y un Zerostop.<\/p>\n<p>Dispone de una escala doble en el ajuste vertical con la que se puede leer y ajustar el n\u00famero de clics de ajuste. Despu\u00e9s de disparar el visor, el <strong>Ajuste de la ret\u00edcula liberando el bloqueo de la torreta<\/strong> puede ponerse a cero con una moneda o un destornillador.<\/p>\n<p>Posteriormente, el <strong>Puesta a cero contrarrestada desde abajo mediante el Zerostop para garantizar un tope en la posici\u00f3n cero.<\/strong>. A partir de esta posici\u00f3n cero se pueden preajustar varias distancias de tiro mediante un sistema de marcado.<\/p>\n<p>Gracias a estas pr\u00e1cticas funciones, los tiradores pueden ajustar r\u00e1pida y f\u00e1cilmente el visor a diferentes distancias, garantizando al mismo tiempo una posici\u00f3n cero fiable. Esto permite una selecci\u00f3n de objetivos flexible y precisa en diferentes situaciones de tiro.<\/p>\n<h3>El mejor punto de luz para retroiluminaci\u00f3n \/ crep\u00fasculo \/ tecnolog\u00eda de visi\u00f3n nocturna<\/h3>\n<p>El visor Nighteagle V6 5-30\u00d750 NFX tiene un punto iluminado de fibra \u00f3ptica opcional, que tambi\u00e9n est\u00e1 disponible en la versi\u00f3n autom\u00e1tica IFiber por un cargo adicional.<\/p>\n<p>El punto luminoso de fibra \u00f3ptica se mantiene deliberadamente peque\u00f1o para garantizar la menor cobertura posible del objetivo. Gracias a la <strong>avanzada tecnolog\u00eda de fibra \u00f3ptica, el punto de luz es<\/strong> no s\u00f3lo m\u00e1s oscura con una fuerte atenuaci\u00f3n, sino tambi\u00e9n m\u00e1s fina, lo que permite apuntar con precisi\u00f3n.<\/p>\n<p>El punto iluminado puede atenuarse continuamente en 100 % hasta que deje de ser visible para el ojo humano. Por debajo del nivel 4, el punto iluminado solo puede reconocerse con un dispositivo de visi\u00f3n nocturna.<\/p>\n<p>A petici\u00f3n, el punto luminoso tambi\u00e9n puede personalizarse para su uso con <a href=\"https:\/\/de.wikipedia.org\/wiki\/Nachtsichtger%C3%A4t\" target=\"_blank\" rel=\"noopener sponsored\">Tipos de dispositivos de visi\u00f3n nocturna<\/a> como <strong>Photonis de calidad comercial XD4 o XR5<\/strong> o Gen. 3 pueden personalizarse.<\/p>\n<p>Cuando el<strong> Si se desconecta el punto iluminado, aparece la ret\u00edcula continua como en un visor convencional sin unidad iluminada,<\/strong> sin un punto que distraiga la vista. Cuando se activa el punto iluminado, no hay brillos ni reflejos molestos en la \u00f3ptica, lo que garantiza una visi\u00f3n clara.<\/p>\n<p>La unidad luminosa se fabrica a mano, lo que permite tener en cuenta individualmente las peticiones especiales de los clientes. Esto permite a los tiradores personalizar el visor seg\u00fan sus preferencias y necesidades personales.<\/p>\n<h3>Visor Detail NFX con gran campo de visi\u00f3n<\/h3>\n<p>El Nighteagle V6 5-30\u00d750 NFX ofrece una caracter\u00edstica notable: un campo de visi\u00f3n excepcionalmente grande de 8 metros con 5 aumentos, que, en combinaci\u00f3n con una caja ocular significativamente mejorada, aporta multitud de ventajas. Esto resulta extremadamente \u00fatil tanto para los tiradores de precisi\u00f3n como para los cazadores.<\/p>\n<p>La caja ocular mejorada permite a los tiradores mantener una mejor visi\u00f3n del blanco durante el disparo, incluso si est\u00e1 en movimiento. Esto les permite reconocer por s\u00ed mismos el impacto de la bala en el blanco sin tener que depender de un observador adicional.<\/p>\n<p>Esto proporciona una \"respuesta\" precisa e inmediata que da al tirador certeza sobre el punto de impacto y le permite seguir o corregir el disparo en tiempo real.<\/p>\n<p>En caso de fallo, el campo de visi\u00f3n ampliado es una gran ventaja, ya que el tirador puede reconocer m\u00e1s f\u00e1cilmente d\u00f3nde est\u00e1 la desviaci\u00f3n del blanco y hacer correcciones inmediatas.<\/p>\n<p>Gracias al mayor campo de visi\u00f3n, es posible reconocer la desviaci\u00f3n uno mismo y corregirla inmediatamente sin la ayuda de un observador. Esto ahorra un tiempo valioso y permite al tirador volver a centrarse r\u00e1pidamente y apuntar de nuevo al objetivo.<\/p>\n<p>La combinaci\u00f3n del generoso campo de visi\u00f3n y la caja ocular mejorada del Nighteagle V6 5-30\u00d750 NFX ofrece a los tiradores la m\u00e1xima precisi\u00f3n y control en cada disparo. Con esta mira telesc\u00f3pica, los tiradores pueden llevar su rendimiento de tiro a un nuevo nivel.<\/p>","protected":false},"excerpt":{"rendered":"<p><img decoding=\"async\" class=\"alignnone wp-image-10452 size-full\" title=\"Tiro al blanco\" src=\"https:\/\/ddoptics.shop\/wp-content\/uploads\/2016\/07\/Target-Schiessen.jpg\" alt=\"Tiro al blanco\" width=\"50\" height=\"50\" \/><img decoding=\"async\" class=\"alignnone wp-image-10178 size-full\" title=\"Caza de monta\u00f1a\" src=\"https:\/\/ddoptics.shop\/wp-content\/uploads\/2016\/04\/Gebirgsjagd-klein.jpg\" alt=\"Prism\u00e1ticos de caza de monta\u00f1a\" width=\"50\" height=\"50\" \/><br \/>\nEl nuevo <strong>\u00d3ptica de punter\u00eda de largo alcance con <strong>m\u00e1s nuevo <\/strong><span style=\"color: #ff0000;\"><strong><span class=\"userContent\">Vidrio tipo CT (Clear-Transmission) de DDoptics.<\/span><\/strong><\/span><\/strong> Opcional <strong><a title=\"NUEVO punto luminoso DDoptics IFiber\" href=\"\/es\/termino-tecnico-wiki\/punto-de-luz-inteligente-ddoptics-ifiber\/\" target=\"_blank\" rel=\"noopener noreferrer\">Punto luminoso IFibre<\/a><\/strong> para <strong>s\u00f3lo 99,- euros de recargo.<\/strong><\/p>\n<a href=\"https:\/\/amzn.to\/3PlT7Gn\" target=\"_blank\" class=\"button success is-success is-small\" rel=\"\u201dnofollow\u201d noopener\" >\n\t\t<span>\u00bfes cliente de amazon? - \u00bfutiliza las ventajas prime?<\/span>\n\t<\/a>","protected":false},"featured_media":26819,"comment_status":"open","ping_status":"closed","template":"","meta":{"inline_featured_image":false,"footnotes":""},"product_brand":[],"product_cat":[480,453,638,697,917,640,919,637],"product_tag":[587,78,696,955,1098,956,79],"class_list":{"0":"post-26806","1":"product","2":"type-product","3":"status-publish","4":"has-post-thumbnail","6":"product_cat-5-30x50","7":"product_cat-50-mm-objektivdurchmesser","8":"product_cat-ansitzjagd","9":"product_cat-mrad-klickverstellung","10":"product_cat-nfx-zielfernrohre-weitwinkel-zf","11":"product_cat-pirschjagd-und-gebirgsjagd","12":"product_cat-v6-6-fach-zoom","13":"product_cat-zf-anwendung","14":"product_tag-5-30x50","15":"product_tag-ddoptics","16":"product_tag-mrad","17":"product_tag-nfx","18":"product_tag-nighteagle","19":"product_tag-v6","20":"product_tag-zielfernrohr","21":"product_shipping_class-paket","22":"pa_brand-marke-ddoptics","23":"pa_produkt-typ-zielfernrohr","25":"first","26":"instock","27":"sale","28":"taxable","29":"shipping-taxable","30":"purchasable","31":"product-type-bundle"},"bundled_by":[],"bundle_stock_status":"instock","bundle_stock_quantity":16,"bundle_virtual":false,"bundle_layout":"default","bundle_add_to_cart_form_location":"default","bundle_editable_in_cart":false,"bundle_sold_individually_context":"product","bundle_item_grouping":"parent","bundle_min_size":"","bundle_max_size":"","bundle_price":{"price":{"min":{"incl_tax":"1299.01","excl_tax":"1082.51"},"max":{"incl_tax":"1403.32","excl_tax":"1169.43"}},"regular_price":{"min":{"incl_tax":"1689.01","excl_tax":"1407.51"},"max":{"incl_tax":"1804.9","excl_tax":"1504.08"}}},"bundled_items":[{"bundled_item_id":385,"product_id":12809,"menu_order":0,"quantity_min":1,"quantity_max":1,"quantity_default":1,"priced_individually":true,"shipped_individually":false,"override_title":true,"title":"","override_description":false,"description":"","optional":false,"hide_thumbnail":false,"discount":"","override_variations":true,"allowed_variations":[12810,12811],"override_default_variation_attributes":false,"default_variation_attributes":[],"single_product_visibility":"visible","cart_visibility":"visible","order_visibility":"visible","single_product_price_visibility":"visible","cart_price_visibility":"visible","order_price_visibility":"visible","stock_status":"in_stock"},{"bundled_item_id":386,"product_id":12812,"menu_order":1,"quantity_min":1,"quantity_max":1,"quantity_default":1,"priced_individually":true,"shipped_individually":false,"override_title":true,"title":"Juego de tapas protectoras casi de regalo","override_description":true,"description":"","optional":true,"hide_thumbnail":false,"discount":"68.55","override_variations":true,"allowed_variations":[26829],"override_default_variation_attributes":true,"default_variation_attributes":[{"id":17,"name":"Tama\u00f1o del visor","option":"5-30x50-nfx"}],"single_product_visibility":"visible","cart_visibility":"visible","order_visibility":"visible","single_product_price_visibility":"visible","cart_price_visibility":"visible","order_price_visibility":"visible","stock_status":"in_stock"}],"bundle_sell_ids":[],"_links":{"self":[{"href":"https:\/\/ddoptics.shop\/es\/wp-json\/wp\/v2\/product\/26806","targetHints":{"allow":["GET"]}}],"collection":[{"href":"https:\/\/ddoptics.shop\/es\/wp-json\/wp\/v2\/product"}],"about":[{"href":"https:\/\/ddoptics.shop\/es\/wp-json\/wp\/v2\/types\/product"}],"replies":[{"embeddable":true,"href":"https:\/\/ddoptics.shop\/es\/wp-json\/wp\/v2\/comments?post=26806"}],"version-history":[{"count":18,"href":"https:\/\/ddoptics.shop\/es\/wp-json\/wp\/v2\/product\/26806\/revisions"}],"predecessor-version":[{"id":29141,"href":"https:\/\/ddoptics.shop\/es\/wp-json\/wp\/v2\/product\/26806\/revisions\/29141"}],"wp:featuredmedia":[{"embeddable":true,"href":"https:\/\/ddoptics.shop\/es\/wp-json\/wp\/v2\/media\/26819"}],"wp:attachment":[{"href":"https:\/\/ddoptics.shop\/es\/wp-json\/wp\/v2\/media?parent=26806"}],"wp:term":[{"taxonomy":"product_brand","embeddable":true,"href":"https:\/\/ddoptics.shop\/es\/wp-json\/wp\/v2\/product_brand?post=26806"},{"taxonomy":"product_cat","embeddable":true,"href":"https:\/\/ddoptics.shop\/es\/wp-json\/wp\/v2\/product_cat?post=26806"},{"taxonomy":"product_tag","embeddable":true,"href":"https:\/\/ddoptics.shop\/es\/wp-json\/wp\/v2\/product_tag?post=26806"}],"curies":[{"name":"wp","href":"https:\/\/api.w.org\/{rel}","templated":true}]}}