{"id":27680,"date":"2024-11-25T17:54:55","date_gmt":"2024-11-25T16:54:55","guid":{"rendered":"https:\/\/ddoptics.shop\/?post_type=product&#038;p=27680"},"modified":"2026-02-02T17:28:43","modified_gmt":"2026-02-02T16:28:43","slug":"visor-5-30x56-ddmp-v6-taca-moa-gen3","status":"publish","type":"product","link":"https:\/\/ddoptics.shop\/es\/kaufen\/zielfernrohr-5-30x56-ddmp-v6-taca-moa-gen3\/","title":{"rendered":"Visor DDMP V6 | 5-30\u00d756 Long Range | tac-A | Ajuste MOA - Gen 3"},"content":{"rendered":"<div class=\"container section-title-container\" ><h3 class=\"section-title section-title-normal\"><b aria-hidden=\"true\"><\/b><span class=\"section-title-main\" ><i class=\"icon-cross\" aria-hidden=\"true\"><\/i>Vista general r\u00e1pida Visor 5-30x56 DDMP Long Range | V6 | tac-A | Ajuste MOA - Gen 3<\/span><b aria-hidden=\"true\"><\/b><\/h3><\/div>\n<table style=\"width: 100%; background-color: #cacaca; height: 144px;\">\n<tbody>\n<tr style=\"height: 24px;\">\n<td style=\"height: 24px; width: 20%;\">Tubo<\/td>\n<td style=\"height: 24px; width: 30%;\">Tubo mono de 34 mm<\/td>\n<td style=\"height: 24px; width: 20%;\">Campo de visi\u00f3n: m @100 m<\/td>\n<td style=\"height: 24px; width: 30%;\">7,04-1,05 m<\/td>\n<\/tr>\n<tr style=\"height: 24px;\">\n<td style=\"height: 24px; width: 20%;\">Sistema \u00f3ptico<\/td>\n<td style=\"height: 24px; width: 30%;\">5-30 veces<\/td>\n<td style=\"height: 24px; width: 20%;\">Distancia interpupilar<\/td>\n<td style=\"height: 24px; width: 30%;\">85-97 mm<\/td>\n<\/tr>\n<tr style=\"height: 24px;\">\n<td style=\"height: 24px; width: 20%;\">Lente<\/td>\n<td style=\"height: 24px; width: 30%;\">56 mm<\/td>\n<td style=\"height: 24px; width: 20%;\">Longitud<\/td>\n<td style=\"height: 24px; width: 30%;\">368 mm<\/td>\n<\/tr>\n<tr style=\"height: 24px;\">\n<td style=\"height: 24px; width: 20%;\">Ret\u00edculo<\/td>\n<td style=\"height: 24px; width: 30%;\">TacA<\/td>\n<td style=\"height: 24px; width: 20%;\">Peso<\/td>\n<td style=\"height: 24px; width: 30%;\">1068 g<\/td>\n<\/tr>\n<tr style=\"height: 24px;\">\n<td style=\"height: 24px; width: 20%;\">Punto de luz<\/td>\n<td style=\"height: 24px; width: 30%;\">Est\u00e1ndar o iFibre<\/td>\n<td style=\"height: 24px; width: 20%;\">Protecci\u00f3n antivaho<\/td>\n<td style=\"height: 24px; width: 30%;\">Relleno de nitr\u00f3geno contra el vaho<\/td>\n<\/tr>\n<tr style=\"height: 24px;\">\n<td style=\"height: 24px; width: 20%;\">Enfoque\/paralaje<\/td>\n<td style=\"height: 24px; width: 30%;\">Objetivo ajustable 25-1000 m hasta el infinito<\/td>\n<td style=\"height: 24px; width: 20%;\">\u00a0Tensi\u00f3n<\/td>\n<td style=\"height: 24px; width: 30%;\">Resistente al agua y a los golpes<\/td>\n<\/tr>\n<\/tbody>\n<\/table>\n<div class=\"row\"  id=\"row-1219982952\">\n\n\t<div id=\"col-1952664831\" class=\"col medium-8 small-12 large-8\"  >\n\t\t\t\t<div class=\"col-inner\"  >\n\t\t\t\n\t\t\t\n<h2>Visor DDMP V6 5-30\u00d756 | <a href=\"https:\/\/ddoptics.shop\/es\/termino-tecnico\/calculo-del-minuto-angular-o-moa-para-visores-de-punteria\/\">1\/8 MOA<\/a> de DDoptics - precisi\u00f3n absoluta en la media distancia de 100 a 1000 m<\/h2>\n<p>En <strong>Visor DDMP V6 5-30\u00d756 Long Range | MOA | tac-A<\/strong> es la herramienta de precisi\u00f3n definitiva para tiradores ambiciosos y entusiastas del tiro a larga distancia. Con la tecnolog\u00eda m\u00e1s avanzada, una precisi\u00f3n sin concesiones y un acabado de primera calidad, este visor establece nuevos est\u00e1ndares en el mundo de la \u00f3ptica de tiro.<\/p>\n<h3>Precisi\u00f3n y versatilidad excepcionales<\/h3>\n<p>Gracias a su amplio espectro de aumentos de <strong>De 5 a 30 veces<\/strong> el DDMP V6 domina las distancias medias y extremas con la m\u00e1xima precisi\u00f3n.<\/p>\n<blockquote><p>El generoso <strong>Objetivo de 56 mm<\/strong> garantiza una excelente transmisi\u00f3n de la luz e im\u00e1genes n\u00edtidas, incluso con poca luz o en condiciones meteorol\u00f3gicas adversas.<\/p><\/blockquote>\n<p>Con un excepcional rango de ajuste de <strong>100 MOA<\/strong> y un sistema de ajuste de \u00faltima generaci\u00f3n, las distancias de hasta <strong>2.000 metros y m\u00e1s<\/strong> pueden cubrirse sin esfuerzo.<\/p>\n<p>El ajuste preciso con s\u00f3lo <strong>3 revoluciones<\/strong> permite cambiar r\u00e1pidamente entre diferentes distancias de disparo, lo que resulta ideal para situaciones de disparo din\u00e1micas.<\/p>\n<h3>Visor 5-30\u00d756 DDMP: una \u00f3ptica \u00fanica en su clase<\/h3>\n<p>El DDMP V6 ofrece <strong>Lentes de alta definici\u00f3n<\/strong> con lentes de revestimiento m\u00faltiple para una experiencia \u00f3ptica de primera clase. Los reflejos y la luz par\u00e1sita se reducen al m\u00ednimo, mientras que los contrastes se acent\u00faan de forma brillante. El resultado: una visi\u00f3n n\u00edtida y detallada que impresiona incluso en condiciones exigentes.<\/p>\n\t\t<\/div>\n\t\t\t\t\t<\/div>\n\n\t\n\n\t<div id=\"col-1068258198\" class=\"col medium-4 small-12 large-4\"  >\n\t\t\t\t<div class=\"col-inner\"  >\n\t\t\t\n\t\t\t\n<a class=\"button primary expand\" >\n\t\t<span>Caracter\u00edsticas especiales visor<\/span>\n\t<\/a>\n\n\n\t<section class=\"section\" id=\"section_581696136\">\n\t\t<div class=\"section-bg fill\" >\n\t\t\t\t\t\t\t\t\t<div class=\"section-bg-overlay absolute fill\"><\/div>\n\t\t\t\n\n\t\t<\/div>\n\n\t\t\n\n\t\t<div class=\"section-content relative\">\n\t\t\t\n\t<div class=\"img has-hover x md-x lg-x y md-y lg-y\" id=\"image_830433890\">\n\t\t<a class=\"\" href=\"https:\/\/www.ddoptics.de\/garantiebestimmungen\" target=\"_blank\" rel=\"no follow noopener\">\t\t\t\t\t\t<div class=\"img-inner dark\" >\n\t\t\t<img decoding=\"async\" width=\"352\" height=\"160\" src=\"https:\/\/ddoptics.shop\/wp-content\/uploads\/2014\/09\/DDoptics-Garantie.jpg\" class=\"attachment-large size-large\" alt=\"Garant\u00eda DDoptics\" srcset=\"https:\/\/ddoptics.shop\/wp-content\/uploads\/2014\/09\/DDoptics-Garantie.jpg 352w, https:\/\/ddoptics.shop\/wp-content\/uploads\/2014\/09\/DDoptics-Garantie-304x138.jpg 304w, https:\/\/ddoptics.shop\/wp-content\/uploads\/2014\/09\/DDoptics-Garantie-305x139.jpg 305w, https:\/\/ddoptics.shop\/wp-content\/uploads\/2014\/09\/DDoptics-Garantie-250x114.jpg 250w\" sizes=\"(max-width: 352px) 100vw, 352px\" title=\"\">\t\t\t\t\t\t\n\t\t\t\t\t<\/div>\n\t\t\t\t\t\t<\/a>\t\t\n<style>\n#image_830433890 {\n  width: 100%;\n}\n<\/style>\n\t<\/div>\n\t\n\t<div id=\"gap-875200713\" class=\"gap-element clearfix\" style=\"display:block; height:auto;\">\n\t\t\n<style>\n#gap-875200713 {\n  padding-top: 15px;\n}\n<\/style>\n\t<\/div>\n\t\n\t<div id=\"text-1484245598\" class=\"text\">\n\t\t\n<p><em><span style=\"font-size: 80%;\">\u21d2 DDMP - DDoptics Match Precisi\u00f3n<br \/>\n<\/span><\/em><em><span style=\"font-size: 80%;\">\u21d2 tubo robusto de 34 mm<br \/>\n<\/span><\/em><em><span style=\"font-size: 80%;\">\u21d2 Rango de ajuste extra grande de 1\/8 MOA<br \/>\n<\/span><\/em><em><span style=\"font-size: 80%;\">\u21d2 torretas met\u00e1licas grandes y t\u00e1cticas (no de pl\u00e1stico)<br \/>\n<\/span><\/em><em><span style=\"font-size: 80%;\">\u21d2 doble escalado (doble giro)<br \/>\n<\/span><\/em><em><span style=\"font-size: 80%;\">\u21d2 interno\u00a0<span class=\"modal_lexicon\">Zerostop<\/span>\u00a0para ASV (parada cero)<br \/>\n<\/span><\/em><em><span style=\"font-size: 80%;\">\u21d2 nuevo\u00a0<span class=\"modal_lexicon\">Ret\u00edculo<\/span>\u00a0tacA en el 1er plano de la imagen<br \/>\n<\/span><\/em><em><span style=\"font-size: 80%;\">\u21d2 Potente compensaci\u00f3n de paralaje con 25-1000-\u221e<br \/>\n<\/span><\/em><em><span style=\"font-size: 80%;\">\u21d2 Todos los visores DDoptics son impermeables y est\u00e1n rellenos de nitr\u00f3geno<\/span><\/em><\/p>\n\t\t\n<style>\n#text-1484245598 {\n  line-height: 1.15;\n  color: rgb(33, 107, 227);\n}\n#text-1484245598 > * {\n  color: rgb(33, 107, 227);\n}\n<\/style>\n\t<\/div>\n\t\n\t\t<\/div>\n\n\t\t\n<style>\n#section_581696136 {\n  padding-top: 30px;\n  padding-bottom: 30px;\n  background-color: rgb(232, 232, 232);\n}\n#section_581696136 .section-bg-overlay {\n  background-color: rgba(255,255,255,.5);\n}\n<\/style>\n\t<\/section>\n\t\n\t\t<\/div>\n\t\t\t\t\t<\/div>\n\n\t\n<\/div>\n<h3>Robustez sin concesiones<\/h3>\n<p>Este visor est\u00e1 dise\u00f1ado para las condiciones m\u00e1s duras. Fabricado con materiales anodizados <strong>Aluminio aeron\u00e1utico<\/strong>No s\u00f3lo es ligero y estable, sino tambi\u00e9n extremadamente resistente a los golpes, al retroceso y a los efectos de la intemperie.<\/p>\n<p>En <strong>Relleno de nitr\u00f3geno<\/strong> y un dise\u00f1o totalmente impermeable garantizan que la DDMP V6 no se empa\u00f1e en caso de fluctuaciones de temperatura y humedad. Estas caracter\u00edsticas garantizan durabilidad y fiabilidad, incluso en las condiciones m\u00e1s adversas.<\/p>\n<h3>Funciones innovadoras para tiradores del m\u00e1s alto nivel<\/h3>\n<ul>\n<li><strong>Ret\u00edcula Tac-A con iluminaci\u00f3n:<\/strong> La unidad de ret\u00edcula iluminada con ajuste de brillo infinitamente variable se adapta perfectamente a las condiciones ambientales, ya sea en el crep\u00fasculo o a plena luz del d\u00eda.<\/li>\n<li><strong>Dise\u00f1o ergon\u00f3mico:<\/strong> El generoso alivio ocular garantiza una experiencia de tiro segura y c\u00f3moda, incluso con calibres potentes.<\/li>\n<li><strong>Primer plano de la imagen para obtener la m\u00e1xima precisi\u00f3n:<\/strong> Gracias a la colocaci\u00f3n de la ret\u00edcula Tac-A en el primer plano de la imagen, el escalado siempre es preciso independientemente del aumento: 1 MOA siempre corresponde exactamente a <strong>2,88 mm por 100 m<\/strong>mientras que los trazos intermedios son los ajustes m\u00e1s finos de <strong>0,36 cm (\u215b MOA)<\/strong> habilitar.<\/li>\n<\/ul>\n<h3>La ret\u00edcula Tac-A: precisi\u00f3n sin l\u00edmites<\/h3>\n<p>El estudiado dise\u00f1o de la ret\u00edcula Tac-A ofrece la m\u00e1xima claridad y precisi\u00f3n. Las barras transparentes garantizan que los detalles importantes de la zona del objetivo permanezcan visibles, mientras que la estructura en forma de flecha permite una adquisici\u00f3n del objetivo r\u00e1pida e intuitiva.<\/p>\n<h3>La herramienta perfecta para los especialistas de largo alcance<\/h3>\n<p>En <strong>DDoptics DDMP V6 5-30\u00d756<\/strong> es m\u00e1s que un visor: es una declaraci\u00f3n de intenciones en t\u00e9rminos de rendimiento, precisi\u00f3n e innovaci\u00f3n. Ya sea en el campo de tiro, en competiciones o en uso profesional, este visor de primera calidad le ofrece la confianza necesaria para rendir siempre al m\u00e1ximo nivel.<\/p>\n<p><strong>Invierte en calidad sin concesiones y convierte cada toma en una toma maestra.<\/strong><\/p>\n<div class=\"html--title\">\n<h2>Dibujo de las dimensiones del visor 5-30\u00d756 DDMP<\/h2>\n<\/div>\n<div class=\"html--content\">\n<p>Nota: La longitud del visor puede variar al ajustar la dioptr\u00eda del ocular.<\/p>\n<\/div>\n\t<div class=\"img has-hover x md-x lg-x y md-y lg-y\" id=\"image_547752525\">\n\t\t\t\t\t\t\t\t<div class=\"img-inner dark\" >\n\t\t\t<img decoding=\"async\" width=\"1020\" height=\"669\" src=\"https:\/\/ddoptics.shop\/wp-content\/uploads\/2019\/02\/DDoptics-V6-Zielfernrohr-5-30x56-Zeichnung.jpg\" class=\"attachment-large size-large\" alt=\"Visor DDoptics V6 5-30x56 DDMP dibujo\" srcset=\"https:\/\/ddoptics.shop\/wp-content\/uploads\/2019\/02\/DDoptics-V6-Zielfernrohr-5-30x56-Zeichnung.jpg 1200w, https:\/\/ddoptics.shop\/wp-content\/uploads\/2019\/02\/DDoptics-V6-Zielfernrohr-5-30x56-Zeichnung-304x199.jpg 304w, https:\/\/ddoptics.shop\/wp-content\/uploads\/2019\/02\/DDoptics-V6-Zielfernrohr-5-30x56-Zeichnung-305x200.jpg 305w, https:\/\/ddoptics.shop\/wp-content\/uploads\/2019\/02\/DDoptics-V6-Zielfernrohr-5-30x56-Zeichnung-632x414.jpg 632w, https:\/\/ddoptics.shop\/wp-content\/uploads\/2019\/02\/DDoptics-V6-Zielfernrohr-5-30x56-Zeichnung-800x525.jpg 800w, https:\/\/ddoptics.shop\/wp-content\/uploads\/2019\/02\/DDoptics-V6-Zielfernrohr-5-30x56-Zeichnung-510x334.jpg 510w, https:\/\/ddoptics.shop\/wp-content\/uploads\/2019\/02\/DDoptics-V6-Zielfernrohr-5-30x56-Zeichnung-250x164.jpg 250w\" sizes=\"(max-width: 1020px) 100vw, 1020px\" title=\"\">\t\t\t\t\t\t\n\t\t\t\t\t<\/div>\n\t\t\t\t\t\t\t\t\n<style>\n#image_547752525 {\n  width: 100%;\n}\n<\/style>\n\t<\/div>\n\t\n<h3>Visor DDoptics V6 5-30\u00d756 DDMP: Punto iluminado continuo de luz diurna a modo de visi\u00f3n nocturna<\/h3>\n<p>En <strong>Unidad ligera del TacA<\/strong> es un sistema perfectamente equilibrado con el m\u00e1ximo dinamismo. El <strong>primeros niveles de brillo s\u00f3lo un punto de luz extremadamente peque\u00f1o<\/strong> reconocer.<\/p>\n<p>Incluso puede atenuarse hasta tal punto que este <strong>tambi\u00e9n puede utilizarse con un dispositivo de visi\u00f3n nocturna.<\/strong> Si se sube m\u00e1s el punto iluminado, entonces<strong> ilumina toda la habitaci\u00f3n a partir de una determinada intensidad de luz. <a href=\"https:\/\/de.wikipedia.org\/wiki\/Ballistik\" target=\"_blank\" rel=\"noopener sponsored\" data-schema-attribute=\"\">bal\u00edstica<\/a> Ret\u00edculo<\/strong> con.<\/p>\n<p>En funci\u00f3n de la aplicaci\u00f3n <strong>se puede seleccionar entre el punto puro o la ret\u00edcula totalmente iluminada<\/strong>. Tambi\u00e9n se puede seleccionar la desconexi\u00f3n autom\u00e1tica con control inteligente para esta mira \u00f3ptica.<\/p>\n<h3>Opciones de ajuste precisas<\/h3>\n<p>El visor est\u00e1 equipado con una ret\u00edcula MOA especialmente optimizada para aplicaciones t\u00e1cticas y deportivas. El ajuste de la elevaci\u00f3n y la orientaci\u00f3n se establece en incrementos precisos de 1\/8 MOA, lo que permite un ajuste extremadamente fino.<\/p>\n<blockquote><p>La respuesta t\u00e1ctil y ac\u00fastica de las torretas garantiza un manejo intuitivo, incluso en condiciones dif\u00edciles. Con un ajuste de elevaci\u00f3n m\u00e1ximo de 100 MOA, el DDMP V6 ofrece suficiente margen para distancias extremas.<\/p><\/blockquote>\n<h3>Visor DDoptics V6 5-30\u00d756 DDMP - Preciso, Zerostop interno<\/h3>\n<div class=\"row\"  id=\"row-600240583\">\n\n\t<div id=\"col-796779431\" class=\"col medium-8 small-12 large-8\"  >\n\t\t\t\t<div class=\"col-inner\"  >\n\t\t\t\n\t\t\t\n<p><strong>Rango de ajuste total del visor DDoptics<a href=\"https:\/\/ddoptics.shop\/es\/tienda\/mira-telescopica\/v6-zoom-6x\/\" target=\"_blank\" rel=\"noopener\" data-schema-attribute=\"\"> Visor V6<\/a> 5-30\u00d756 DDMP:<\/strong><\/p>\n<p>En\u00a0<strong>Visor 5-30\u00d756<\/strong> tiene un<strong> Ajuste t\u00e1ctico de 0,1 mrad<\/strong>. Para el usuario, esto significa <strong>Europa aplicaci\u00f3n simple seg\u00fan el sistema decimal<\/strong>.<\/p>\n<p>Rango de ajuste total a 100 m: 100 MOA<\/p>\n<ul>\n<li>Recorrido de ajuste \/ clic cada 100 m: 0,36 cm<\/li>\n<li>Recorrido de ajuste \/ clic a 200 m: 0,72 cm<\/li>\n<li>Recorrido de ajuste \/ clic a 300 m: 1,08 cm<\/li>\n<li>Recorrido de ajuste \/ clic a 900 m: 3,24 cm<\/li>\n<\/ul>\n\t\t<\/div>\n\t\t\t\t\t<\/div>\n\n\t\n\n\t<div id=\"col-582653806\" class=\"col medium-4 small-12 large-4\"  >\n\t\t\t\t<div class=\"col-inner\"  >\n\t\t\t\n\t\t\t\n\t<div class=\"img has-hover x md-x lg-x y md-y lg-y\" id=\"image_171979640\">\n\t\t\t\t\t\t\t\t<div class=\"img-inner dark\" >\n\t\t\t<img decoding=\"async\" width=\"600\" height=\"400\" src=\"https:\/\/ddoptics.shop\/wp-content\/uploads\/2019\/02\/Interner-Zerostop-5-30x56.jpg\" class=\"attachment-large size-large\" alt=\"\" srcset=\"https:\/\/ddoptics.shop\/wp-content\/uploads\/2019\/02\/Interner-Zerostop-5-30x56.jpg 600w, https:\/\/ddoptics.shop\/wp-content\/uploads\/2019\/02\/Interner-Zerostop-5-30x56-304x203.jpg 304w, https:\/\/ddoptics.shop\/wp-content\/uploads\/2019\/02\/Interner-Zerostop-5-30x56-305x203.jpg 305w, https:\/\/ddoptics.shop\/wp-content\/uploads\/2019\/02\/Interner-Zerostop-5-30x56-510x340.jpg 510w, https:\/\/ddoptics.shop\/wp-content\/uploads\/2019\/02\/Interner-Zerostop-5-30x56-250x167.jpg 250w\" sizes=\"(max-width: 600px) 100vw, 600px\" title=\"\">\t\t\t\t\t\t\n\t\t\t\t\t<\/div>\n\t\t\t\t\t\t\t\t\n<style>\n#image_171979640 {\n  width: 100%;\n}\n<\/style>\n\t<\/div>\n\t\n\t\t<\/div>\n\t\t\t\t\t<\/div>\n\n\t\n<\/div>\n<p>Despu\u00e9s de retirar el<strong> Tapas de torreta del ajuste de ret\u00edcula del 5-30\u00d756\u00a0<\/strong>la torre puede ser <strong>aflojando 3 tornillos prisioneros<\/strong> retire hacia arriba. Debajo encontrar\u00e1 el Zerostop en forma de disco negro redondo.<\/p>\n<p>El Zerostop se ajusta despu\u00e9s del disparo aflojando los (tambi\u00e9n) 3 tornillos prisioneros del disco Zerostop. Cuando est\u00e1 suelto, el disco se puede girar hasta el tope sin ning\u00fan efecto y <strong>luego se fija de nuevo con los tornillos prisioneros<\/strong> convertirse.<\/p>\n<p>Puede ver el tope en la imagen entre el blanco y la mira \u00f3ptica. A continuaci\u00f3n, el<strong> Vuelva a colocar la torre en la posici\u00f3n cero y bloqu\u00e9ela con los 3 tornillos prisioneros.\u00a0<\/strong>El Zerostop se detiene ahora con precisi\u00f3n a la distancia que hayas fijado.<\/p>\n<h3>Conclusi\u00f3n sobre la mira telesc\u00f3pica DDMP<\/h3>\n<p>El DDoptics DDMP V6 5-30\u00d756 Long Range | MOA | tac-A es un visor fiable y potente para tiradores que buscan la m\u00e1xima precisi\u00f3n y flexibilidad en un aparato robusto. Combina tecnolog\u00eda punta, materiales de alta calidad y un manejo sencillo con una relaci\u00f3n calidad-precio imbatible.<\/p>\n<div class=\"video video-fit mb\" style=\"padding-top:56.25%;\"><p><iframe title=\"DDoptics 5-30x56 y Strasser RS 700 - Prueba del equipo y entrevista con A. Drescher\" width=\"1020\" height=\"574\" src=\"https:\/\/www.youtube.com\/embed\/e6IG0DosleI?feature=oembed\" frameborder=\"0\" allow=\"accelerometer; autoplay; clipboard-write; encrypted-media; gyroscope; picture-in-picture; web-share\" referrerpolicy=\"strict-origin-when-cross-origin\" allowfullscreen><\/iframe><\/p>\n<\/div>","protected":false},"excerpt":{"rendered":"<p><img decoding=\"async\" class=\"alignnone wp-image-10452 size-full\" title=\"Tiro deportivo\" src=\"https:\/\/ddoptics.shop\/wp-content\/uploads\/2016\/07\/Target-Schiessen.jpg\" alt=\"Tiro al blanco\" width=\"50\" height=\"50\" \/><img decoding=\"async\" class=\"alignnone wp-image-10168 size-full\" title=\"Stand de caza\" src=\"https:\/\/ddoptics.shop\/wp-content\/uploads\/2016\/09\/Jagd-klein.jpg\" alt=\"Prism\u00e1ticos de caza\" width=\"50\" height=\"50\" \/><img decoding=\"async\" class=\"alignnone wp-image-10178 size-full\" title=\"Caza de monta\u00f1a\" src=\"https:\/\/ddoptics.shop\/wp-content\/uploads\/2016\/04\/Gebirgsjagd-klein.jpg\" alt=\"Prism\u00e1ticos de caza de monta\u00f1a\" width=\"50\" height=\"50\" \/><\/p>\n<p><strong><span style=\"color: #ed1c24;\">Importante: Nueva ret\u00edcula tacA en el 1er plano focal<\/span><\/strong><\/p>\n<p>Una nueva \u00f3ptica de punter\u00eda extrema que <strong>casi todos los \u00e1mbitos<\/strong> cubiertas. Desde el tiro deportivo, pasando por la caza de pieles, hasta la caza de monta\u00f1a, hasta la \u00faltima luz de fusil. <strong>Opcionalmente con tacA inteligente <a title=\"NUEVO punto luminoso DDoptics IFiber\" href=\"\/es\/termino-tecnico-wiki\/punto-de-luz-inteligente-ddoptics-ifiber\/\" target=\"_blank\" rel=\"noopener noreferrer\">Punto luminoso IFibre<\/a> por s\u00f3lo 99,- euros de suplemento.<\/strong><\/p>\n<a href=\"https:\/\/amzn.to\/3RI5BKD\" target=\"_blank\" class=\"button success is-success is-small\" rel=\"\u201dnofollow\u201d noopener\" >\n\t\t<span>\u00bfes cliente de amazon? - \u00bfutiliza las ventajas prime?<\/span>\n\t<\/a>","protected":false},"featured_media":27703,"comment_status":"open","ping_status":"closed","template":"","meta":{"inline_featured_image":false,"footnotes":""},"product_brand":[],"product_cat":[768,454,638,640,641,919,637],"product_tag":[764,78,80,1184,79],"class_list":{"0":"post-27680","1":"product","2":"type-product","3":"status-publish","4":"has-post-thumbnail","6":"product_cat-5-30x56","7":"product_cat-56-mm-objektivdurchmesser","8":"product_cat-ansitzjagd","9":"product_cat-pirschjagd-und-gebirgsjagd","10":"product_cat-sportschiessen","11":"product_cat-v6-6-fach-zoom","12":"product_cat-zf-anwendung","13":"product_tag-5-30x56","14":"product_tag-ddoptics","15":"product_tag-gen-3","16":"product_tag-moa","17":"product_tag-zielfernrohr","18":"product_shipping_class-paket","19":"pa_brand-marke-ddoptics","20":"pa_produkt-typ-zielfernrohr","22":"first","23":"instock","24":"sale","25":"taxable","26":"shipping-taxable","27":"purchasable","28":"product-type-bundle"},"bundled_by":[],"bundle_stock_status":"instock","bundle_stock_quantity":"","bundle_virtual":false,"bundle_layout":"default","bundle_add_to_cart_form_location":"default","bundle_editable_in_cart":false,"bundle_sold_individually_context":"product","bundle_item_grouping":"parent","bundle_min_size":"","bundle_max_size":"","bundle_price":{"price":{"min":{"incl_tax":"1520","excl_tax":"1266.67"},"max":{"incl_tax":"1624.32","excl_tax":"1353.6"}},"regular_price":{"min":{"incl_tax":"1899","excl_tax":"1582.5"},"max":{"incl_tax":"2014.9","excl_tax":"1679.08"}}},"bundled_items":[{"bundled_item_id":463,"product_id":16795,"menu_order":0,"quantity_min":1,"quantity_max":1,"quantity_default":1,"priced_individually":true,"shipped_individually":false,"override_title":true,"title":"","override_description":false,"description":"","optional":false,"hide_thumbnail":true,"discount":"","override_variations":false,"allowed_variations":[],"override_default_variation_attributes":true,"default_variation_attributes":[{"id":36,"name":"tacA punto iluminado","option":"ddoptics-taca-normales-leuchtabsehen"}],"single_product_visibility":"visible","cart_visibility":"visible","order_visibility":"visible","single_product_price_visibility":"visible","cart_price_visibility":"visible","order_price_visibility":"visible","stock_status":"in_stock"},{"bundled_item_id":464,"product_id":12812,"menu_order":1,"quantity_min":1,"quantity_max":1,"quantity_default":1,"priced_individually":true,"shipped_individually":false,"override_title":true,"title":"Casi como un regalo - Flip Caps SET","override_description":true,"description":"","optional":true,"hide_thumbnail":true,"discount":"68.55","override_variations":true,"allowed_variations":[12870],"override_default_variation_attributes":true,"default_variation_attributes":[{"id":17,"name":"Tama\u00f1o del visor","option":"5-30x56"}],"single_product_visibility":"visible","cart_visibility":"visible","order_visibility":"visible","single_product_price_visibility":"visible","cart_price_visibility":"visible","order_price_visibility":"visible","stock_status":"in_stock"}],"bundle_sell_ids":[],"_links":{"self":[{"href":"https:\/\/ddoptics.shop\/es\/wp-json\/wp\/v2\/product\/27680","targetHints":{"allow":["GET"]}}],"collection":[{"href":"https:\/\/ddoptics.shop\/es\/wp-json\/wp\/v2\/product"}],"about":[{"href":"https:\/\/ddoptics.shop\/es\/wp-json\/wp\/v2\/types\/product"}],"replies":[{"embeddable":true,"href":"https:\/\/ddoptics.shop\/es\/wp-json\/wp\/v2\/comments?post=27680"}],"version-history":[{"count":17,"href":"https:\/\/ddoptics.shop\/es\/wp-json\/wp\/v2\/product\/27680\/revisions"}],"predecessor-version":[{"id":27707,"href":"https:\/\/ddoptics.shop\/es\/wp-json\/wp\/v2\/product\/27680\/revisions\/27707"}],"wp:featuredmedia":[{"embeddable":true,"href":"https:\/\/ddoptics.shop\/es\/wp-json\/wp\/v2\/media\/27703"}],"wp:attachment":[{"href":"https:\/\/ddoptics.shop\/es\/wp-json\/wp\/v2\/media?parent=27680"}],"wp:term":[{"taxonomy":"product_brand","embeddable":true,"href":"https:\/\/ddoptics.shop\/es\/wp-json\/wp\/v2\/product_brand?post=27680"},{"taxonomy":"product_cat","embeddable":true,"href":"https:\/\/ddoptics.shop\/es\/wp-json\/wp\/v2\/product_cat?post=27680"},{"taxonomy":"product_tag","embeddable":true,"href":"https:\/\/ddoptics.shop\/es\/wp-json\/wp\/v2\/product_tag?post=27680"}],"curies":[{"name":"wp","href":"https:\/\/api.w.org\/{rel}","templated":true}]}}