{"id":27932,"date":"2025-02-13T13:57:13","date_gmt":"2025-02-13T12:57:13","guid":{"rendered":"https:\/\/ddoptics.shop\/?post_type=product&#038;p=27932"},"modified":"2025-10-07T11:54:50","modified_gmt":"2025-10-07T09:54:50","slug":"reddot-sight-ddsight-mag-1-4x22-manual-hunting","status":"publish","type":"product","link":"https:\/\/ddoptics.shop\/es\/kaufen\/reddot-visier-ddsight-mag-1-4x22-jagd-manuell\/","title":{"rendered":"Mira de punto rojo DDsight MAG 1-4\u00d722 de DDoptics | Ret\u00edcula de caza | Control manual de punto iluminado"},"content":{"rendered":"<div class=\"img has-hover x md-x lg-x y md-y lg-y\" id=\"image_1551728832\">\n\t\t\t\t\t\t\t\t<div class=\"img-inner image-cover dark\" style=\"padding-top:250px;\">\n\t\t\t<img decoding=\"async\" width=\"1020\" height=\"210\" src=\"https:\/\/ddoptics.shop\/wp-content\/uploads\/2025\/02\/DDoptics-DDsight-1600x329.webp\" class=\"attachment-large size-large\" alt=\"Mira DDsight MAG 1-4x22 RedDot DDoptics en arma\" srcset=\"https:\/\/ddoptics.shop\/wp-content\/uploads\/2025\/02\/DDoptics-DDsight-1600x329.webp 1600w, https:\/\/ddoptics.shop\/wp-content\/uploads\/2025\/02\/DDoptics-DDsight-800x165.webp 800w, https:\/\/ddoptics.shop\/wp-content\/uploads\/2025\/02\/DDoptics-DDsight-1536x316.webp 1536w, https:\/\/ddoptics.shop\/wp-content\/uploads\/2025\/02\/DDoptics-DDsight-304x63.webp 304w, https:\/\/ddoptics.shop\/wp-content\/uploads\/2025\/02\/DDoptics-DDsight-632x130.webp 632w, https:\/\/ddoptics.shop\/wp-content\/uploads\/2025\/02\/DDoptics-DDsight-305x63.webp 305w, https:\/\/ddoptics.shop\/wp-content\/uploads\/2025\/02\/DDoptics-DDsight.webp 1920w\" sizes=\"(max-width: 1020px) 100vw, 1020px\" title=\"\">\t\t\t\t\t\t\n\t\t\t\t\t<\/div>\n\t\t\t\t\t\t\t\t\n<style>\n#image_1551728832 {\n  width: 100%;\n}\n<\/style>\n\t<\/div>\n\t\n\t<div id=\"gap-1981760318\" class=\"gap-element clearfix\" style=\"display:block; height:auto;\">\n\t\t\n<style>\n#gap-1981760318 {\n  padding-top: 10px;\n}\n<\/style>\n\t<\/div>\n\t\n<table style=\"width: 100%; background-color: #cacaca; height: 143px;\">\n<tbody>\n<tr style=\"height: 24px;\">\n<td style=\"height: 24px; width: 20%;\">Compensaci\u00f3n de dioptr\u00edas:<\/td>\n<td style=\"height: 24px; width: 30%;\">\u00a0-2,5 a +2,5<\/td>\n<td style=\"height: 24px; width: 20%;\">Punto luminoso II:<\/td>\n<td style=\"height: 24px; width: 30%;\">Manual continuo<\/td>\n<\/tr>\n<tr style=\"height: 24px;\">\n<td style=\"height: 24px; width: 20%;\">Generaci\u00f3n:<\/td>\n<td style=\"height: 24px; width: 30%;\">DDsight MAG1<\/td>\n<td style=\"height: 24px; width: 20%;\">Resistente a la temperatura:<\/td>\n<td style=\"height: 24px; width: 30%;\">-20 a +60 \u00b0C<\/td>\n<\/tr>\n<tr style=\"height: 24px;\">\n<td style=\"height: 24px; width: 20%;\">Remuneraci\u00f3n:<\/td>\n<td style=\"height: 24px; width: 30%;\">Transmisi\u00f3n clara<\/td>\n<td style=\"height: 24px; width: 20%;\">Longitud:<\/td>\n<td style=\"height: 24px; width: 30%;\">140 mm<\/td>\n<\/tr>\n<tr style=\"height: 24px;\">\n<td style=\"height: 24px; width: 20%;\">Di\u00e1metro de la lente Lente:<\/td>\n<td style=\"height: 24px; width: 30%;\">22 mm<\/td>\n<td style=\"height: 24px; width: 20%;\">Peso:<\/td>\n<td style=\"height: 24px; width: 30%;\">320 g<\/td>\n<\/tr>\n<tr style=\"height: 24px;\">\n<td style=\"height: 24px; width: 20%;\">Distancia interpupilar:<\/td>\n<td style=\"height: 24px; width: 30%;\">88-89 mm<\/td>\n<td style=\"height: 24px; width: 20%;\">Protecci\u00f3n antivaho:<\/td>\n<td style=\"height: 24px; width: 30%;\">Relleno de nitr\u00f3geno contra el vaho<\/td>\n<\/tr>\n<tr style=\"height: 24px;\">\n<td style=\"height: 23px; width: 20%;\">Ret\u00edcula:<\/td>\n<td style=\"height: 23px; width: 30%;\">Caza<\/td>\n<td style=\"height: 23px; width: 20%;\">Estrechez:<\/td>\n<td style=\"height: 23px; width: 30%;\">Resistente al agua y a los golpes IPX7<\/td>\n<\/tr>\n<\/tbody>\n<\/table>\n<div class=\"row\"  id=\"row-425517258\">\n\n\t<div id=\"col-1123027428\" class=\"col medium-8 small-12 large-8\"  >\n\t\t\t\t<div class=\"col-inner\"  >\n\t\t\t\n\t\t\t\n<h2>Mira de punto rojo DDsight MAG 1-4\u00d722 de DDoptics | Ret\u00edcula de caza | Punto luminoso manual<\/h2>\n<p>Para <strong>Tiradores, cazadores y tiradores deportivos<\/strong>que exigen lo m\u00e1ximo a sus equipos, el\u00a0<strong>Mira DD MAG 1-4\u00d722<\/strong> nuevas normas.<\/p>\n<blockquote><p>Esta revolucionaria mira r\u00e9flex combina tecnolog\u00eda punta, construcci\u00f3n robusta y funcionamiento intuitivo en un dise\u00f1o compacto todo en uno.<\/p><\/blockquote>\n<p>Ya sea con<strong> misiones din\u00e1micas, escenarios de caza exigentes<\/strong> o <strong>situaciones precisas de competici\u00f3n (IPSC)<\/strong>\u00a0El MAG 1-4\u00d722 impresiona por su rendimiento, fiabilidad y funcionalidad \u00fanica.<\/p>\n<p>En\u00a0<strong>Mira DD MAG 1-4\u00d722<\/strong>\u00a0es una obra maestra de la ingenier\u00eda que combina la tecnolog\u00eda m\u00e1s avanzada con la m\u00e1xima funcionalidad. Especialmente desarrollada para los tiradores que valoran la precisi\u00f3n, la versatilidad y la fiabilidad, esta mira r\u00e9flex establece nuevos est\u00e1ndares en el mundo de la \u00f3ptica de punter\u00eda<\/p>\n<ul>\n<li>Aumento: <strong>Infinitamente variable de 1x a 4x<\/strong>ideal para una r\u00e1pida adquisici\u00f3n del blanco y disparos de precisi\u00f3n.<\/li>\n<li>Campo de visi\u00f3n: con 42,5 m a 1x y 11,8 m a 4x aumentos, ofrece una visi\u00f3n general excepcional.<\/li>\n<li>\u00d3ptica: <strong>Lentes con revestimiento m\u00faltiple<\/strong> para una m\u00e1xima transmisi\u00f3n de la luz (\u226585%) y una calidad de imagen brillante.<\/li>\n<li>Compensaci\u00f3n de dioptr\u00edas: ajustable de -2,5 a +2,5 para que la unidad luminosa se perciba siempre con una nitidez milim\u00e9trica.<\/li>\n<\/ul>\n\t\t<\/div>\n\t\t\t\t\t<\/div>\n\n\t\n\n\t<div id=\"col-2108856925\" class=\"col medium-4 small-12 large-4\"  >\n\t\t\t\t<div class=\"col-inner\"  >\n\t\t\t\n\t\t\t\n<a class=\"button primary expand\" >\n\t\t<span>Caracter\u00edsticas especiales PUNTO ROJO<\/span>\n\t<\/a>\n\n\n\t<section class=\"section\" id=\"section_1215916637\">\n\t\t<div class=\"section-bg fill\" >\n\t\t\t\t\t\t\t\t\t<div class=\"section-bg-overlay absolute fill\"><\/div>\n\t\t\t\n\n\t\t<\/div>\n\n\t\t\n\n\t\t<div class=\"section-content relative\">\n\t\t\t\n\t<div class=\"img has-hover x md-x lg-x y md-y lg-y\" id=\"image_1496747106\">\n\t\t<a class=\"\" href=\"https:\/\/www.ddoptics.de\/garantiebestimmungen\" target=\"_blank\" rel=\"no follow noopener\">\t\t\t\t\t\t<div class=\"img-inner dark\" >\n\t\t\t<img decoding=\"async\" width=\"352\" height=\"160\" src=\"https:\/\/ddoptics.shop\/wp-content\/uploads\/2014\/09\/DDoptics-Garantie.jpg\" class=\"attachment-large size-large\" alt=\"Garant\u00eda DDoptics\" srcset=\"https:\/\/ddoptics.shop\/wp-content\/uploads\/2014\/09\/DDoptics-Garantie.jpg 352w, https:\/\/ddoptics.shop\/wp-content\/uploads\/2014\/09\/DDoptics-Garantie-304x138.jpg 304w, https:\/\/ddoptics.shop\/wp-content\/uploads\/2014\/09\/DDoptics-Garantie-305x139.jpg 305w, https:\/\/ddoptics.shop\/wp-content\/uploads\/2014\/09\/DDoptics-Garantie-250x114.jpg 250w\" sizes=\"(max-width: 352px) 100vw, 352px\" title=\"\">\t\t\t\t\t\t\n\t\t\t\t\t<\/div>\n\t\t\t\t\t\t<\/a>\t\t\n<style>\n#image_1496747106 {\n  width: 100%;\n}\n<\/style>\n\t<\/div>\n\t\n\t<div id=\"gap-643511676\" class=\"gap-element clearfix\" style=\"display:block; height:auto;\">\n\t\t\n<style>\n#gap-643511676 {\n  padding-top: 15px;\n}\n<\/style>\n\t<\/div>\n\t\n\t\t<\/div>\n\n\t\t\n<style>\n#section_1215916637 {\n  padding-top: 30px;\n  padding-bottom: 30px;\n  background-color: rgb(232, 232, 232);\n}\n#section_1215916637 .section-bg-overlay {\n  background-color: rgba(255,255,255,.5);\n}\n<\/style>\n\t<\/section>\n\t\n<div class=\"is-divider divider clearfix\" ><\/div>\n\t<div class=\"img has-hover x md-x lg-x y md-y lg-y\" id=\"image_863867217\">\n\t\t\t\t\t\t\t\t<div class=\"img-inner dark\" >\n\t\t\t<img decoding=\"async\" width=\"900\" height=\"426\" src=\"https:\/\/ddoptics.shop\/wp-content\/uploads\/2025\/02\/DDsight-MAG-riticle-Absehen.webp\" class=\"attachment-large size-large\" alt=\"DDsight MAG reticle versions | T\u00e1ctica y caza\" srcset=\"https:\/\/ddoptics.shop\/wp-content\/uploads\/2025\/02\/DDsight-MAG-riticle-Absehen.webp 900w, https:\/\/ddoptics.shop\/wp-content\/uploads\/2025\/02\/DDsight-MAG-riticle-Absehen-800x379.webp 800w, https:\/\/ddoptics.shop\/wp-content\/uploads\/2025\/02\/DDsight-MAG-riticle-Absehen-304x144.webp 304w, https:\/\/ddoptics.shop\/wp-content\/uploads\/2025\/02\/DDsight-MAG-riticle-Absehen-632x299.webp 632w, https:\/\/ddoptics.shop\/wp-content\/uploads\/2025\/02\/DDsight-MAG-riticle-Absehen-305x144.webp 305w\" sizes=\"(max-width: 900px) 100vw, 900px\" title=\"\">\t\t\t\t\t\t\n\t\t\t\t\t<\/div>\n\t\t\t\t\t\t\t\t\n<style>\n#image_863867217 {\n  width: 100%;\n}\n<\/style>\n\t<\/div>\n\t\n\t\t<\/div>\n\t\t\t\t\t<\/div>\n\n\t\n<\/div>\n<div class=\"video video-fit mb\" style=\"padding-top:56.25%;\"><p><iframe title=\"Jagd &amp; Hund 2025: Nuevos visores, nuevas miras de DDoptics y mucho m\u00e1s.\" width=\"1020\" height=\"574\" src=\"https:\/\/www.youtube.com\/embed\/j-G-oX52cDY?feature=oembed\" frameborder=\"0\" allow=\"accelerometer; autoplay; clipboard-write; encrypted-media; gyroscope; picture-in-picture; web-share\" referrerpolicy=\"strict-origin-when-cross-origin\" allowfullscreen><\/iframe><\/p>\n<\/div>\n<h3>La innovaci\u00f3n: mira r\u00e9flex, lupa y compensaci\u00f3n de dioptr\u00edas en un solo aparato<\/h3>\n<ol start=\"1\">\n<li><strong>Soluci\u00f3n todo en uno:<\/strong> No se necesitan lupas por separado, lo que ahorra peso, espacio y tiempo de instalaci\u00f3n.<\/li>\n<li><strong>Aumento flexible:<\/strong>\u00a0Cambia entre gran angular y zoom 4x en cuesti\u00f3n de segundos.<\/li>\n<li><strong>Compatibilidad universal:<\/strong>\u00a0Perfecto para rifles de caza, deportivos o aplicaciones t\u00e1cticas.<\/li>\n<li><strong>Adecuado para visi\u00f3n nocturna:<\/strong>\u00a0Modo integrado para aplicaciones discretas con baja intensidad luminosa.<\/li>\n<\/ol>\n<p>La DDsight MAG 1-4\u00d722 es la primera mira r\u00e9flex de su clase que <strong>Tres funciones clave combinadas<\/strong>El nuevo visor est\u00e1 equipado con una mira r\u00e9flex de alta resoluci\u00f3n, una lupa 4x de ajuste continuo y una compensaci\u00f3n precisa de dioptr\u00edas.<\/p>\n<blockquote><p>Esta combinaci\u00f3n elimina la necesidad de lupas separadas y permite transiciones fluidas entre objetivos cercanos y lejanos.<\/p><\/blockquote>\n<p>Gracias a la <strong>Aumento regulable de 1x a 4x<\/strong> mantendr\u00e1 el control en cualquier situaci\u00f3n, ya se trate de una r\u00e1pida adquisici\u00f3n de objetivos a corta distancia o de disparos precisos a objetivos lejanos.<\/p>\n<div class=\"row\"  id=\"row-270351235\">\n\n\t<div id=\"col-1050950313\" class=\"col medium-6 small-12 large-6\"  >\n\t\t\t\t<div class=\"col-inner\"  >\n\t\t\t\n\t\t\t\n\t<div class=\"img has-hover x md-x lg-x y md-y lg-y\" id=\"image_1385998645\">\n\t\t\t\t\t\t\t\t<div class=\"img-inner dark\" >\n\t\t\t<img decoding=\"async\" width=\"900\" height=\"426\" src=\"https:\/\/ddoptics.shop\/wp-content\/uploads\/2025\/02\/DDsight-MAG-Sehfeld-Standartgroesse.webp\" class=\"attachment-large size-large\" alt=\"Visor DDsight MAG 1-4x22 RedDot descripci\u00f3n DDoptics\" srcset=\"https:\/\/ddoptics.shop\/wp-content\/uploads\/2025\/02\/DDsight-MAG-Sehfeld-Standartgroesse.webp 900w, https:\/\/ddoptics.shop\/wp-content\/uploads\/2025\/02\/DDsight-MAG-Sehfeld-Standartgroesse-800x379.webp 800w, https:\/\/ddoptics.shop\/wp-content\/uploads\/2025\/02\/DDsight-MAG-Sehfeld-Standartgroesse-304x144.webp 304w, https:\/\/ddoptics.shop\/wp-content\/uploads\/2025\/02\/DDsight-MAG-Sehfeld-Standartgroesse-632x299.webp 632w, https:\/\/ddoptics.shop\/wp-content\/uploads\/2025\/02\/DDsight-MAG-Sehfeld-Standartgroesse-305x144.webp 305w\" sizes=\"(max-width: 900px) 100vw, 900px\" title=\"\">\t\t\t\t\t\t\n\t\t\t\t\t\t\t<div class=\"caption\">Visor DDsight MAG 1-4x22 RedDot descripci\u00f3n DDoptics<\/div>\n\t\t\t\t\t<\/div>\n\t\t\t\t\t\t\t\t\n<style>\n#image_1385998645 {\n  width: 100%;\n}\n<\/style>\n\t<\/div>\n\t\n\t\t<\/div>\n\t\t\t\t\t<\/div>\n\n\t\n\n\t<div id=\"col-213914207\" class=\"col medium-6 small-12 large-6\"  >\n\t\t\t\t<div class=\"col-inner\"  >\n\t\t\t\n\t\t\t\n\t<div class=\"img has-hover x md-x lg-x y md-y lg-y\" id=\"image_2123816282\">\n\t\t\t\t\t\t\t\t<div class=\"img-inner dark\" >\n\t\t\t<img decoding=\"async\" width=\"900\" height=\"426\" src=\"https:\/\/ddoptics.shop\/wp-content\/uploads\/2025\/02\/DDsight-MAG-Standartgroesse.webp\" class=\"attachment-large size-large\" alt=\"Visor DDsight MAG 1-4x22 RedDot descripci\u00f3n DDoptics\" srcset=\"https:\/\/ddoptics.shop\/wp-content\/uploads\/2025\/02\/DDsight-MAG-Standartgroesse.webp 900w, https:\/\/ddoptics.shop\/wp-content\/uploads\/2025\/02\/DDsight-MAG-Standartgroesse-800x379.webp 800w, https:\/\/ddoptics.shop\/wp-content\/uploads\/2025\/02\/DDsight-MAG-Standartgroesse-304x144.webp 304w, https:\/\/ddoptics.shop\/wp-content\/uploads\/2025\/02\/DDsight-MAG-Standartgroesse-632x299.webp 632w, https:\/\/ddoptics.shop\/wp-content\/uploads\/2025\/02\/DDsight-MAG-Standartgroesse-305x144.webp 305w\" sizes=\"(max-width: 900px) 100vw, 900px\" title=\"\">\t\t\t\t\t\t\n\t\t\t\t\t\t\t<div class=\"caption\">Visor DDsight MAG 1-4x22 RedDot descripci\u00f3n DDoptics<\/div>\n\t\t\t\t\t<\/div>\n\t\t\t\t\t\t\t\t\n<style>\n#image_2123816282 {\n  width: 100%;\n}\n<\/style>\n\t<\/div>\n\t\n\t\t<\/div>\n\t\t\t\t\t<\/div>\n\n\t\n<\/div>\n<h3><span style=\"font-size: 20.16px;\">Dise\u00f1o compacto y <\/span>Funcionalidad<\/h3>\n<p>El MAG 1-4\u00d722 no s\u00f3lo impresiona t\u00e9cnicamente, sino tambi\u00e9n visualmente. El <strong>Dise\u00f1o estilizado en negro mate<\/strong> con contornos precisos se integra a la perfecci\u00f3n en cualquier look de pistola. La superficie antideslizante y las ruedas de ajuste ergon\u00f3micas garantizan un manejo seguro, incluso con guantes.<\/p>\n<blockquote><p>Con una longitud de s\u00f3lo 140 mm y un peso de 320 g (sin montura), el DDsight MAG 1-4\u00d722 es ligero y manejable, perfecto para el uso m\u00f3vil.<\/p><\/blockquote>\n<p>En\u00a0<strong>Lentes con revestimiento m\u00faltiple<\/strong> garantizan una transmisi\u00f3n de la luz de \u226585 %, incluso en condiciones de iluminaci\u00f3n dif\u00edciles. Esto garantiza una nitidez de imagen brillante, una visualizaci\u00f3n de alto contraste y reduce los reflejos molestos.<\/p>\n<p>El sistema integrado\u00a0<strong>Lentes correctoras<\/strong> garantiza que el punto iluminado est\u00e9 enfocado en todo el campo de visi\u00f3n, una ventaja decisiva para apuntar con precisi\u00f3n.<\/p>\n<p><span style=\"color: #555555;\">El brillo del punto se puede ajustar manualmente de forma continua, incluso <\/span><strong style=\"color: #555555;\">Modo de visi\u00f3n nocturna<\/strong><span style=\"color: #555555;\">\u00a0para su uso en la oscuridad. De este modo, siempre mantendr\u00e1 el control total sin comprometer el tiempo de reacci\u00f3n.<\/span><\/p>\n<h3>Robustez en condiciones extremas<\/h3>\n<p>El visor DDsight MAG 1-4\u00d722 est\u00e1 dise\u00f1ado para su uso en las condiciones m\u00e1s duras:<\/p>\n<ul>\n<li><strong>Material:<\/strong>\u00a0Hecho de\u00a0<strong>Aluminio 6061 de calidad aeron\u00e1utica<\/strong>El acabado anodizado negro mate de una sola pieza resiste los impactos, la corrosi\u00f3n y el desgaste.<\/li>\n<li><strong>Certificaci\u00f3n IPX7:<\/strong>\u00a0Resistente al agua hasta una profundidad de 1 metro durante 30 minutos: ideal para la lluvia, la nieve o las inmersiones imprevistas.<\/li>\n<li><strong>Resistente a la temperatura:<\/strong>\u00a0Funciona de forma fiable con\u00a0<strong>-20\u00b0C a +60\u00b0C<\/strong>ya sea con un fr\u00edo glacial o bajo un sol abrasador.<\/li>\n<li><strong>A prueba de golpes:<\/strong>\u00a0Soporta incluso fuertes impactos sin perder su ajuste preciso.<\/li>\n<\/ul>\n<h3>Personalizaci\u00f3n precisa, manejo intuitivo<\/h3>\n<p>La visera ofrece una<strong>\u00a0Rango de ajuste de 80 MOA para la elevaci\u00f3n y la orientaci\u00f3n<\/strong>con <strong>clics h\u00e1pticos (0,5 MOA por paso)<\/strong>que permiten correcciones precisas. El sitio\u00a0<strong>Compensaci\u00f3n de dioptr\u00edas (-2,5 a +2,5)<\/strong> se adapta a su agudeza visual individual: una ventaja decisiva para los usuarios de gafas o con deficiencias visuales.<\/p>\n<p>Las dimensiones compactas (<strong>140 mm de longitud, 320 g de peso<\/strong>) lo convierten en el compa\u00f1ero ideal para aplicaciones m\u00f3viles sin sacrificar la estabilidad ni la funcionalidad.<\/p>\n<h3>Campo de visi\u00f3n muy amplio y ret\u00edcula iluminada en el 2\u00ba plano de la imagen<\/h3>\n<p>Con un\u00a0<strong>Campo de visi\u00f3n de 42,5 m a 1x<\/strong>\u00a0y\u00a0<strong>11,8 m con 4 aumentos<\/strong> (a una distancia de 100 metros), el MAG 1-4\u00d722 ofrece una extraordinaria visi\u00f3n de conjunto. Esta \u00f3ptica gran angular permite captar detalles del entorno a la velocidad del rayo sin perder de vista el objetivo.<\/p>\n<p>En\u00a0<strong>Ret\u00edcula iluminada en el segundo plano de la imagen<\/strong>\u00a0garantiza que el punto aparezca siempre n\u00edtido y sin paralaje: un hito para disparar con precisi\u00f3n a distancias variables.<\/p>\n<h3>\u00bfPara qui\u00e9n es ideal el DDsight MAG 1-4\u00d722?<\/h3>\n<ul>\n<li><strong>Cazador:<\/strong>\u00a0Perfecto para el rececho, gracias a la r\u00e1pida adquisici\u00f3n del objetivo y a la adaptaci\u00f3n a las distancias cambiantes.<\/li>\n<li><strong>Tiradores deportivos:<\/strong>\u00a0M\u00e1xima precisi\u00f3n durante las competiciones gracias a una \u00f3ptica n\u00edtida y un zoom infinitamente variable.<\/li>\n<li><strong>Usuarios t\u00e1cticos:<\/strong>\u00a0Robustez y fiabilidad en situaciones extremas.<\/li>\n<li><strong>Principiantes y profesionales:<\/strong>\u00a0Su funcionamiento intuitivo y su durabilidad a largo plazo la convierten en una inversi\u00f3n rentable.<\/li>\n<\/ul>\n<h3>Conclusi\u00f3n: Una mira DDoptics que no deja nada que desear<\/h3>\n<p>En\u00a0<strong>Mira DD MAG 1-4\u00d722<\/strong> es m\u00e1s que una simple mira r\u00e9flex: es una obra maestra t\u00e9cnica que combina precisi\u00f3n, robustez e innovaci\u00f3n.<\/p>\n<p>Con su combinaci\u00f3n \u00fanica de <strong>Aumento infinitamente variable, control de punto iluminado infinitamente variable y dise\u00f1o militar<\/strong> marca un nuevo hito en el sector. Cualquiera que tema hacer concesiones en t\u00e9rminos de rendimiento, personalizaci\u00f3n o durabilidad encontrar\u00e1 aqu\u00ed la soluci\u00f3n definitiva.<\/p>","protected":false},"excerpt":{"rendered":"<p><img decoding=\"async\" class=\"wp-image-10452 size-full alignnone\" src=\"https:\/\/ddoptics.shop\/wp-content\/uploads\/2016\/07\/Target-Schiessen.jpg\" alt=\"Tiro al blanco\" width=\"50\" height=\"50\" \/><img decoding=\"async\" class=\"size-full wp-image-10168 alignnone\" src=\"https:\/\/ddoptics.shop\/wp-content\/uploads\/2016\/09\/Jagd-klein.jpg\" alt=\"Prism\u00e1ticos de caza\" width=\"50\" height=\"50\" \/><br \/>\n<strong>El DDsight MAG 1-4\u00d722 - la perfecci\u00f3n para las m\u00e1s altas exigencias.<\/strong><\/p>","protected":false},"featured_media":27956,"comment_status":"open","ping_status":"closed","template":"","meta":{"inline_featured_image":false,"footnotes":""},"product_brand":[],"product_cat":[728],"product_tag":[78,1197,1199,1198],"class_list":{"0":"post-27932","1":"product","2":"type-product","3":"status-publish","4":"has-post-thumbnail","6":"product_cat-red-dot-reflexvisiere","7":"product_tag-ddoptics","8":"product_tag-ddsight","9":"product_tag-ddsight-mag-1-4x22","10":"product_tag-red-dot","11":"product_shipping_class-paket","12":"pa_brand-marke-ddoptics","13":"pa_produkt-typ-zielfernrohr","15":"first","16":"instock","17":"sale","18":"taxable","19":"shipping-taxable","20":"purchasable","21":"product-type-simple"},"bundled_by":[],"bundle_stock_status":"instock","bundle_stock_quantity":null,"bundle_virtual":false,"bundle_layout":"","bundle_add_to_cart_form_location":"","bundle_editable_in_cart":false,"bundle_sold_individually_context":"","bundle_item_grouping":"","bundle_min_size":"","bundle_max_size":"","bundle_price":[],"bundled_items":[],"bundle_sell_ids":[],"_links":{"self":[{"href":"https:\/\/ddoptics.shop\/es\/wp-json\/wp\/v2\/product\/27932","targetHints":{"allow":["GET"]}}],"collection":[{"href":"https:\/\/ddoptics.shop\/es\/wp-json\/wp\/v2\/product"}],"about":[{"href":"https:\/\/ddoptics.shop\/es\/wp-json\/wp\/v2\/types\/product"}],"replies":[{"embeddable":true,"href":"https:\/\/ddoptics.shop\/es\/wp-json\/wp\/v2\/comments?post=27932"}],"version-history":[{"count":28,"href":"https:\/\/ddoptics.shop\/es\/wp-json\/wp\/v2\/product\/27932\/revisions"}],"predecessor-version":[{"id":29102,"href":"https:\/\/ddoptics.shop\/es\/wp-json\/wp\/v2\/product\/27932\/revisions\/29102"}],"wp:featuredmedia":[{"embeddable":true,"href":"https:\/\/ddoptics.shop\/es\/wp-json\/wp\/v2\/media\/27956"}],"wp:attachment":[{"href":"https:\/\/ddoptics.shop\/es\/wp-json\/wp\/v2\/media?parent=27932"}],"wp:term":[{"taxonomy":"product_brand","embeddable":true,"href":"https:\/\/ddoptics.shop\/es\/wp-json\/wp\/v2\/product_brand?post=27932"},{"taxonomy":"product_cat","embeddable":true,"href":"https:\/\/ddoptics.shop\/es\/wp-json\/wp\/v2\/product_cat?post=27932"},{"taxonomy":"product_tag","embeddable":true,"href":"https:\/\/ddoptics.shop\/es\/wp-json\/wp\/v2\/product_tag?post=27932"}],"curies":[{"name":"wp","href":"https:\/\/api.w.org\/{rel}","templated":true}]}}