{"id":9226,"date":"2016-07-22T17:09:07","date_gmt":"2016-07-22T15:09:07","guid":{"rendered":"https:\/\/beta.optik-sport-shop.at\/?post_type=product&#038;p=9226"},"modified":"2025-07-02T12:44:22","modified_gmt":"2025-07-02T10:44:22","slug":"prismaticos-swarovski-8komma5x42-swarovision","status":"publish","type":"product","link":"https:\/\/ddoptics.shop\/es\/kaufen\/swarovski-fernglas-8komma5x42-swarovision\/","title":{"rendered":"Prism\u00e1ticos Swarovski EL 8,5\u00d742 Swarovision"},"content":{"rendered":"<div class=\"row\"  id=\"row-526600725\">\n\n\t<div id=\"col-1825026304\" class=\"col medium-8 small-12 large-8\"  >\n\t\t\t\t<div class=\"col-inner\"  >\n\t\t\t\n\t\t\t\n<h2><a href=\"https:\/\/de.wikipedia.org\/wiki\/D._Swarovski\" target=\"_blank\" rel=\"noopener sponsored\" data-schema-attribute=\"\">SWAROVSKI<\/a> EL 8,5\u00d742: unos prism\u00e1ticos \u00fanicos en su clase<\/h2>\n<p><strong>Prism\u00e1ticos Swarovski Premium: Tan n\u00edtidos. Tan ricos en contraste. Tan incomparables.<\/strong> La serie EL representa un hito en la \u00f3ptica de largo alcance. El <strong>Swaraovski EL 8,5\u00d742 es un todoterreno convincente<\/strong>. Prism\u00e1ticos para cada situaci\u00f3n: tanto si est\u00e1 sentado al atardecer como si acecha con las primeras luces del alba.<\/p>\n<p>Los prism\u00e1ticos ofrecen una <strong>Gran campo de visi\u00f3n con una \u00f3ptica impresionante<\/strong> hasta el borde. Las pupilas de salida de 4,9 mm de ancho proporcionan im\u00e1genes brillantes incluso en condiciones de iluminaci\u00f3n dif\u00edciles. Cada par de prism\u00e1ticos es un <strong>Obra maestra de precisi\u00f3n e innovaci\u00f3n<\/strong> - para una respuesta impecable del juego<\/p>\n\t\t<\/div>\n\t\t\t\t\n<style>\n#col-1825026304 > .col-inner {\n  margin: 0px 0px -30px 0px;\n}\n<\/style>\n\t<\/div>\n\n\t\n\n\t<div id=\"col-132708513\" class=\"col medium-4 small-12 large-4\"  >\n\t\t\t\t<div class=\"col-inner\"  >\n\t\t\t\n\t\t\t\n\t<div class=\"img has-hover x md-x lg-x y md-y lg-y\" id=\"image_256280300\">\n\t\t\t\t\t\t\t\t<div class=\"img-inner dark\" >\n\t\t\t\t\t\t\t\t\t\n\t\t\t\t\t<\/div>\n\t\t\t\t\t\t\t\t\n<style>\n#image_256280300 {\n  width: 100%;\n}\n<\/style>\n\t<\/div>\n\t\n<h3>Datos sobre los prism\u00e1ticos Swarovski<\/h3>\n\n\t\t<div class=\"icon-box featured-box icon-box-left text-left\"  >\n\t\t\t\t\t<div class=\"icon-box-img\" style=\"width: 32px\">\n\t\t\t\t<div class=\"icon\">\n\t\t\t\t\t<div class=\"icon-inner\" >\n\t\t\t\t\t\t<img decoding=\"async\" width=\"100\" height=\"83\" src=\"https:\/\/ddoptics.shop\/wp-content\/uploads\/2021\/05\/DDoptics-SHG-Icon.jpg\" class=\"attachment-medium size-medium\" alt=\"Prism\u00e1ticos DDoptics SHG Icon\" title=\"\">\t\t\t\t\t<\/div>\n\t\t\t\t<\/div>\n\t\t\t<\/div>\n\t\t\t\t<div class=\"icon-box-text last-reset\">\n\t\t\t\t\t\t\t\t\t\n<p>10 a\u00f1os de garant\u00eda del fabricante<\/p>\n\t\t<\/div>\n\t<\/div>\n\t\n\t\n\n\t\t<div class=\"icon-box featured-box icon-box-left text-left\"  >\n\t\t\t\t\t<div class=\"icon-box-img\" style=\"width: 32px\">\n\t\t\t\t<div class=\"icon\">\n\t\t\t\t\t<div class=\"icon-inner\" >\n\t\t\t\t\t\t<img decoding=\"async\" width=\"100\" height=\"83\" src=\"https:\/\/ddoptics.shop\/wp-content\/uploads\/2021\/05\/DDoptics-SHG-Icon.jpg\" class=\"attachment-medium size-medium\" alt=\"Prism\u00e1ticos DDoptics SHG Icon\" title=\"\">\t\t\t\t\t<\/div>\n\t\t\t\t<\/div>\n\t\t\t<\/div>\n\t\t\t\t<div class=\"icon-box-text last-reset\">\n\t\t\t\t\t\t\t\t\t\n<p>133 m de campo de visi\u00f3n<\/p>\n\t\t<\/div>\n\t<\/div>\n\t\n\t\n\n\t\t<div class=\"icon-box featured-box icon-box-left text-left\"  >\n\t\t\t\t\t<div class=\"icon-box-img\" style=\"width: 32px\">\n\t\t\t\t<div class=\"icon\">\n\t\t\t\t\t<div class=\"icon-inner\" >\n\t\t\t\t\t\t<img decoding=\"async\" width=\"100\" height=\"83\" src=\"https:\/\/ddoptics.shop\/wp-content\/uploads\/2021\/05\/DDoptics-SHG-Icon.jpg\" class=\"attachment-medium size-medium\" alt=\"Prism\u00e1ticos DDoptics SHG Icon\" title=\"\">\t\t\t\t\t<\/div>\n\t\t\t\t<\/div>\n\t\t\t<\/div>\n\t\t\t\t<div class=\"icon-box-text last-reset\">\n\t\t\t\t\t\t\t\t\t\n<p>Tecnolog\u00eda SWAROVISION<\/p>\n\t\t<\/div>\n\t<\/div>\n\t\n\t\n\n\t\t<div class=\"icon-box featured-box icon-box-left text-left\"  >\n\t\t\t\t\t<div class=\"icon-box-img\" style=\"width: 32px\">\n\t\t\t\t<div class=\"icon\">\n\t\t\t\t\t<div class=\"icon-inner\" >\n\t\t\t\t\t\t<img decoding=\"async\" width=\"100\" height=\"83\" src=\"https:\/\/ddoptics.shop\/wp-content\/uploads\/2021\/05\/DDoptics-SHG-Icon.jpg\" class=\"attachment-medium size-medium\" alt=\"Prism\u00e1ticos DDoptics SHG Icon\" title=\"\">\t\t\t\t\t<\/div>\n\t\t\t\t<\/div>\n\t\t\t<\/div>\n\t\t\t\t<div class=\"icon-box-text last-reset\">\n\t\t\t\t\t\t\t\t\t\n<p>\u2705 <strong>Prisma de tejado<\/strong><\/p>\n\t\t<\/div>\n\t<\/div>\n\t\n\t\n\n\t\t<div class=\"icon-box featured-box icon-box-left text-left\"  >\n\t\t\t\t\t<div class=\"icon-box-img\" style=\"width: 32px\">\n\t\t\t\t<div class=\"icon\">\n\t\t\t\t\t<div class=\"icon-inner\" >\n\t\t\t\t\t\t<img decoding=\"async\" width=\"100\" height=\"83\" src=\"https:\/\/ddoptics.shop\/wp-content\/uploads\/2021\/05\/DDoptics-SHG-Icon.jpg\" class=\"attachment-medium size-medium\" alt=\"Prism\u00e1ticos DDoptics SHG Icon\" title=\"\">\t\t\t\t\t<\/div>\n\t\t\t\t<\/div>\n\t\t\t<\/div>\n\t\t\t\t<div class=\"icon-box-text last-reset\">\n\t\t\t\t\t\t\t\t\t\n<p>\u2705 <strong>Robusta carcasa de magnesio<\/strong><\/p>\n\t\t<\/div>\n\t<\/div>\n\t\n\t\n\n\t\t<div class=\"icon-box featured-box icon-box-left text-left\"  >\n\t\t\t\t\t<div class=\"icon-box-img\" style=\"width: 32px\">\n\t\t\t\t<div class=\"icon\">\n\t\t\t\t\t<div class=\"icon-inner\" >\n\t\t\t\t\t\t<img decoding=\"async\" width=\"100\" height=\"83\" src=\"https:\/\/ddoptics.shop\/wp-content\/uploads\/2021\/05\/DDoptics-SHG-Icon.jpg\" class=\"attachment-medium size-medium\" alt=\"Prism\u00e1ticos DDoptics SHG Icon\" title=\"\">\t\t\t\t\t<\/div>\n\t\t\t\t<\/div>\n\t\t\t<\/div>\n\t\t\t\t<div class=\"icon-box-text last-reset\">\n\t\t\t\t\t\t\t\t\t\n<p>Alcance EL<\/p>\n\t\t<\/div>\n\t<\/div>\n\t\n\t\n<div class=\"is-divider divider clearfix\" ><\/div>\n\t\t<\/div>\n\t\t\t\t\t<\/div>\n\n\t\n<\/div>\n<p>Con el SWAROVSKI EL 42 puede sostener un vers\u00e1til <strong>Prism\u00e1ticos de primera clase<\/strong> con el que puede cubrir la gran mayor\u00eda de los tipos de caza. Este <strong>el fiable todoterreno brilla con su tecnolog\u00eda SWAROVISION<\/strong>que garantiza la m\u00e1xima calidad de imagen. El EL 8,5\u00d742 es adecuado para una amplia gama de aplicaciones de caza y tambi\u00e9n es una buena opci\u00f3n para la caza en el crep\u00fasculo.<\/p>\n<h3>Tecnolog\u00eda SWAROVISION en los prism\u00e1ticos SWAROVSKI EL 8,5\u00d742<\/h3>\n<p>La tecnolog\u00eda SWAROVISION describe un paquete \u00f3ptico global \u00fanico:<\/p>\n<ul>\n<li>Una cuchilla afilada <strong>Imagen n\u00edtida hasta el borde<\/strong> para capturar detalles importantes a la velocidad del rayo<\/li>\n<li>Observaci\u00f3n de alto contraste y colores neutros para ver mejor los detalles cruciales<\/li>\n<li>Los prism\u00e1ticos proporcionan una <strong>100% Campo de visi\u00f3n<\/strong> - Tambi\u00e9n para usuarios de gafas<\/li>\n<li>Los revestimientos optimizados garantizan los mejores valores de transmisi\u00f3n y una experiencia visual impresionante, incluso en condiciones de poca luz.<\/li>\n<\/ul>\n<p>La tecnolog\u00eda SWAROVISION redefine el concepto de calidad \u00f3ptica.<\/p>\n<h3>Tecnolog\u00eda SWAROBRIGHT<\/h3>\n<p>Remuneraci\u00f3n por <strong>Fidelidad crom\u00e1tica \u00f3ptima en todo el espectro luminoso<\/strong>. Las lentes aplanadoras de campo permiten una nitidez de borde a borde sin igual. El <strong>La \u00f3ptica HD se caracteriza por lentes que contienen fl\u00faor<\/strong>Esto significa que los errores de color pueden evitarse casi por completo. La dispersi\u00f3n tambi\u00e9n es significativamente menor con el fluoruro en comparaci\u00f3n con los mejores tipos de vidrio \u00f3ptico. Esto permite una <strong>m\u00e1xima fidelidad crom\u00e1tica y mejora considerablemente la resoluci\u00f3n y el contraste.<\/strong><\/p>\n<h3>Tecnolog\u00eda SWAROCLEAN<\/h3>\n<p>A trav\u00e9s de este <strong>El efecto antiadherente facilita la limpieza en caso de suciedad<\/strong> como manchas de agua, repelentes de insectos o resina de \u00e1rboles.<\/p>","protected":false},"excerpt":{"rendered":"<h3>Los prism\u00e1ticos Swarovski EL 8,5\u00d742 Swarovision premium<\/h3>\n<ul>\n<li>Entrega gratuita en Alemania<\/li>\n<li>Todos los precios incluyen IVA.<\/li>\n<\/ul>","protected":false},"featured_media":9227,"comment_status":"open","ping_status":"closed","template":"","meta":{"inline_featured_image":false,"footnotes":""},"product_brand":[],"product_cat":[362,349,67,345,344,237,354],"product_tag":[318,319,320],"class_list":{"0":"post-9226","1":"product","2":"type-product","3":"status-publish","4":"has-post-thumbnail","6":"product_cat-42-mm-objektiv","7":"product_cat-8x-vergroesserung","8":"product_cat-fernglas","9":"product_cat-jagd-und-wild","10":"product_cat-naturbeobachtung","11":"product_cat-swarovski-optik","12":"product_cat-vogelbeobachtung","13":"product_tag-8-5x42","14":"product_tag-swarovski","15":"product_tag-vogelbeobachtung","16":"pa_brand-marke-swarovski","17":"pa_farbe-gruen","18":"pa_produkt-typ-fernglas","20":"first","21":"instock","22":"sale","23":"taxable","24":"shipping-taxable","25":"product-type-external"},"bundled_by":[],"bundle_stock_status":"instock","bundle_stock_quantity":null,"bundle_virtual":false,"bundle_layout":"","bundle_add_to_cart_form_location":"","bundle_editable_in_cart":false,"bundle_sold_individually_context":"","bundle_item_grouping":"","bundle_min_size":"","bundle_max_size":"","bundle_price":[],"bundled_items":[],"bundle_sell_ids":[],"_links":{"self":[{"href":"https:\/\/ddoptics.shop\/es\/wp-json\/wp\/v2\/product\/9226","targetHints":{"allow":["GET"]}}],"collection":[{"href":"https:\/\/ddoptics.shop\/es\/wp-json\/wp\/v2\/product"}],"about":[{"href":"https:\/\/ddoptics.shop\/es\/wp-json\/wp\/v2\/types\/product"}],"replies":[{"embeddable":true,"href":"https:\/\/ddoptics.shop\/es\/wp-json\/wp\/v2\/comments?post=9226"}],"version-history":[{"count":5,"href":"https:\/\/ddoptics.shop\/es\/wp-json\/wp\/v2\/product\/9226\/revisions"}],"predecessor-version":[{"id":28557,"href":"https:\/\/ddoptics.shop\/es\/wp-json\/wp\/v2\/product\/9226\/revisions\/28557"}],"wp:featuredmedia":[{"embeddable":true,"href":"https:\/\/ddoptics.shop\/es\/wp-json\/wp\/v2\/media\/9227"}],"wp:attachment":[{"href":"https:\/\/ddoptics.shop\/es\/wp-json\/wp\/v2\/media?parent=9226"}],"wp:term":[{"taxonomy":"product_brand","embeddable":true,"href":"https:\/\/ddoptics.shop\/es\/wp-json\/wp\/v2\/product_brand?post=9226"},{"taxonomy":"product_cat","embeddable":true,"href":"https:\/\/ddoptics.shop\/es\/wp-json\/wp\/v2\/product_cat?post=9226"},{"taxonomy":"product_tag","embeddable":true,"href":"https:\/\/ddoptics.shop\/es\/wp-json\/wp\/v2\/product_tag?post=9226"}],"curies":[{"name":"wp","href":"https:\/\/api.w.org\/{rel}","templated":true}]}}