{"id":9229,"date":"2016-07-22T18:27:18","date_gmt":"2016-07-22T16:27:18","guid":{"rendered":"https:\/\/beta.optik-sport-shop.at\/kaufen\/swarovski-fernglas-el-10x42-swarovision"},"modified":"2025-07-02T12:45:38","modified_gmt":"2025-07-02T10:45:38","slug":"prismaticos-swarovski-el-10x42-swarovision","status":"publish","type":"product","link":"https:\/\/ddoptics.shop\/es\/kaufen\/swarovski-el-10x42-swarovision-fernglas\/","title":{"rendered":"Prism\u00e1ticos Swarovski EL 10\u00d742 Swarovision"},"content":{"rendered":"<div class=\"row\"  id=\"row-765539437\">\n\n\t<div id=\"col-1212401758\" class=\"col medium-8 small-12 large-8\"  >\n\t\t\t\t<div class=\"col-inner\"  >\n\t\t\t\n\t\t\t\n<h2><a href=\"https:\/\/de.wikipedia.org\/wiki\/D._Swarovski\" target=\"_blank\" rel=\"noopener sponsored\" data-schema-attribute=\"\">SWAROVSKI<\/a> EL 10&#215;42 &#8211; eine Fernglas Klasse f\u00fcr sich<\/h2>\n<p>Swarovski Premium Fernglas: So scharf. So kontrastreich. So unerreicht. <strong>Die EL Serie stellt einen Meilenstein in der Fernoptik dar.<\/strong> Dank der 10-fach Vergr\u00f6sserung beim EL 10&#215;42 Fernglas gelangen Sie noch ein St\u00fcckchen n\u00e4her ans Wild.<\/p>\n<p>Die SWAROVISION Technologie mit den <strong>einzigartigen optischen Werten<\/strong> unterst\u00fctzt die hohe Vergr\u00f6\u00dferung und zeigt Ihnen genau die <strong>entscheidenden Details beim Beobachten auf gro\u00dfe Distanzen.<\/strong><\/p>\n\t\t<\/div>\n\t\t\t\t\n<style>\n#col-1212401758 > .col-inner {\n  margin: 0px 0px -30px 0px;\n}\n<\/style>\n\t<\/div>\n\n\t\n\n\t<div id=\"col-1315214692\" class=\"col medium-4 small-12 large-4\"  >\n\t\t\t\t<div class=\"col-inner\"  >\n\t\t\t\n\t\t\t\n\t<div class=\"img has-hover x md-x lg-x y md-y lg-y\" id=\"image_1450894942\">\n\t\t\t\t\t\t\t\t<div class=\"img-inner dark\" >\n\t\t\t\t\t\t\t\t\t\n\t\t\t\t\t<\/div>\n\t\t\t\t\t\t\t\t\n<style>\n#image_1450894942 {\n  width: 100%;\n}\n<\/style>\n\t<\/div>\n\t\n<h3>Swarovski Fernglas Facts<\/h3>\n\n\t\t<div class=\"icon-box featured-box icon-box-left text-left\"  >\n\t\t\t\t\t<div class=\"icon-box-img\" style=\"width: 32px\">\n\t\t\t\t<div class=\"icon\">\n\t\t\t\t\t<div class=\"icon-inner\" >\n\t\t\t\t\t\t<img decoding=\"async\" width=\"100\" height=\"83\" src=\"https:\/\/ddoptics.shop\/wp-content\/uploads\/2021\/05\/DDoptics-SHG-Icon.jpg\" class=\"attachment-medium size-medium\" alt=\"DDoptics SHG Fernglas Icon\" title=\"\">\t\t\t\t\t<\/div>\n\t\t\t\t<\/div>\n\t\t\t<\/div>\n\t\t\t\t<div class=\"icon-box-text last-reset\">\n\t\t\t\t\t\t\t\t\t\n<p>\u2705 10 Jahre Hersteller Garantie<\/p>\n\t\t<\/div>\n\t<\/div>\n\t\n\t\n\n\t\t<div class=\"icon-box featured-box icon-box-left text-left\"  >\n\t\t\t\t\t<div class=\"icon-box-img\" style=\"width: 32px\">\n\t\t\t\t<div class=\"icon\">\n\t\t\t\t\t<div class=\"icon-inner\" >\n\t\t\t\t\t\t<img decoding=\"async\" width=\"100\" height=\"83\" src=\"https:\/\/ddoptics.shop\/wp-content\/uploads\/2021\/05\/DDoptics-SHG-Icon.jpg\" class=\"attachment-medium size-medium\" alt=\"DDoptics SHG Fernglas Icon\" title=\"\">\t\t\t\t\t<\/div>\n\t\t\t\t<\/div>\n\t\t\t<\/div>\n\t\t\t\t<div class=\"icon-box-text last-reset\">\n\t\t\t\t\t\t\t\t\t\n<p>\u2705 112 m Sehfeld<\/p>\n\t\t<\/div>\n\t<\/div>\n\t\n\t\n\n\t\t<div class=\"icon-box featured-box icon-box-left text-left\"  >\n\t\t\t\t\t<div class=\"icon-box-img\" style=\"width: 32px\">\n\t\t\t\t<div class=\"icon\">\n\t\t\t\t\t<div class=\"icon-inner\" >\n\t\t\t\t\t\t<img decoding=\"async\" width=\"100\" height=\"83\" src=\"https:\/\/ddoptics.shop\/wp-content\/uploads\/2021\/05\/DDoptics-SHG-Icon.jpg\" class=\"attachment-medium size-medium\" alt=\"DDoptics SHG Fernglas Icon\" title=\"\">\t\t\t\t\t<\/div>\n\t\t\t\t<\/div>\n\t\t\t<\/div>\n\t\t\t\t<div class=\"icon-box-text last-reset\">\n\t\t\t\t\t\t\t\t\t\n<p>\u2705 SWAROVISION Technologie<\/p>\n\t\t<\/div>\n\t<\/div>\n\t\n\t\n\n\t\t<div class=\"icon-box featured-box icon-box-left text-left\"  >\n\t\t\t\t\t<div class=\"icon-box-img\" style=\"width: 32px\">\n\t\t\t\t<div class=\"icon\">\n\t\t\t\t\t<div class=\"icon-inner\" >\n\t\t\t\t\t\t<img decoding=\"async\" width=\"100\" height=\"83\" src=\"https:\/\/ddoptics.shop\/wp-content\/uploads\/2021\/05\/DDoptics-SHG-Icon.jpg\" class=\"attachment-medium size-medium\" alt=\"DDoptics SHG Fernglas Icon\" title=\"\">\t\t\t\t\t<\/div>\n\t\t\t\t<\/div>\n\t\t\t<\/div>\n\t\t\t\t<div class=\"icon-box-text last-reset\">\n\t\t\t\t\t\t\t\t\t\n<p>\u2705 <strong>Dachkant Prisma<\/strong><\/p>\n\t\t<\/div>\n\t<\/div>\n\t\n\t\n\n\t\t<div class=\"icon-box featured-box icon-box-left text-left\"  >\n\t\t\t\t\t<div class=\"icon-box-img\" style=\"width: 32px\">\n\t\t\t\t<div class=\"icon\">\n\t\t\t\t\t<div class=\"icon-inner\" >\n\t\t\t\t\t\t<img decoding=\"async\" width=\"100\" height=\"83\" src=\"https:\/\/ddoptics.shop\/wp-content\/uploads\/2021\/05\/DDoptics-SHG-Icon.jpg\" class=\"attachment-medium size-medium\" alt=\"DDoptics SHG Fernglas Icon\" title=\"\">\t\t\t\t\t<\/div>\n\t\t\t\t<\/div>\n\t\t\t<\/div>\n\t\t\t\t<div class=\"icon-box-text last-reset\">\n\t\t\t\t\t\t\t\t\t\n<p>\u2705 <strong>Robustes Magnesium Geh\u00e4use<\/strong><\/p>\n\t\t<\/div>\n\t<\/div>\n\t\n\t\n\n\t\t<div class=\"icon-box featured-box icon-box-left text-left\"  >\n\t\t\t\t\t<div class=\"icon-box-img\" style=\"width: 32px\">\n\t\t\t\t<div class=\"icon\">\n\t\t\t\t\t<div class=\"icon-inner\" >\n\t\t\t\t\t\t<img decoding=\"async\" width=\"100\" height=\"83\" src=\"https:\/\/ddoptics.shop\/wp-content\/uploads\/2021\/05\/DDoptics-SHG-Icon.jpg\" class=\"attachment-medium size-medium\" alt=\"DDoptics SHG Fernglas Icon\" title=\"\">\t\t\t\t\t<\/div>\n\t\t\t\t<\/div>\n\t\t\t<\/div>\n\t\t\t\t<div class=\"icon-box-text last-reset\">\n\t\t\t\t\t\t\t\t\t\n<p>\u2705 EL Durchgriff<\/p>\n\t\t<\/div>\n\t<\/div>\n\t\n\t\n<div class=\"is-divider divider clearfix\" ><\/div>\n\t\t<\/div>\n\t\t\t\t\t<\/div>\n\n\t\n<\/div>\n<p>Das Fernglas bietet <strong>bei 10-fach Vergr\u00f6sserung ein gro\u00dfes Sehfeld von 112m<\/strong> bei bestechender Optik bis an den Rand. Die 4,2mm weiten Austrittspupillen liefern auch bei schwierigen Lichtbedingungen helle Bilder. Jedes Fernglas f\u00fcr sich ist ein <strong>Meisterwerk an Pr\u00e4zision und Innovation \u2013 f\u00fcr ein tadelloses Ansprechen des Wildes.<\/strong><\/p>\n<p>Mit dem SWAROVSKI EL 42 halten Sie ein vielseitiges Fernglas der Spitzenklasse in H\u00e4nden, mit dem Sie die \u00fcberwiegende Mehrzahl der Jagdarten abdecken k\u00f6nnen. Dieser zuverl\u00e4ssige Allesk\u00f6nner brilliert mit seiner SWAROVISION Technologie, die f\u00fcr h\u00f6chste Bildqualit\u00e4t b\u00fcrgt. <strong>Das EL 10&#215;42 steht f\u00fcr eine breite jagdliche Anwendung und ist auch eine gute Wahl f\u00fcr das Jagen bis in die D\u00e4mmerung.<\/strong><\/p>\n<h3><a href=\"https:\/\/de.wikipedia.org\/wiki\/D._Swarovski\" target=\"_blank\" rel=\"noopener sponsored\" data-schema-attribute=\"\">SWAROVSKI\u00a0<\/a>SWAROVISION Technologie beim EL 10&#215;42 Fernglas<\/h3>\n<p>Die SWAROVISION Technologie beschreibt ein einzigartiges optisches Gesamtpaket:<\/p>\n<ul>\n<li>Eine gestochen <strong>scharfe Abbildung bis zum Rand<\/strong> f\u00fcr blitzschnelles Erfassen von wichtigen Details<\/li>\n<li>Ein kontrastreiches, farbneutrales Beobachten, damit Sie entscheidende Details noch besser erkennen k\u00f6nnen<\/li>\n<li>Das Fernglas liefert ein <strong>100% Sehfeld<\/strong> \u2013 auch f\u00fcr Brillentr\u00e4ger<\/li>\n<li>Optimierte Verg\u00fctungen sorgen f\u00fcr beste Transmissionswerte und eindrucksvolle Beobachtungserlebnisse &#8211; auch bei schlechten Lichtverh\u00e4ltnissen<\/li>\n<\/ul>\n<p>Die SWAROVISION Technologie definiert den Begriff der optischen Qualit\u00e4t neu.<\/p>\n<h3>SWAROBRIGHT Technologie<\/h3>\n<p>Verg\u00fctung f\u00fcr <strong>optimale Farbtreue<\/strong> \u00fcber das <strong>gesamte Lichtspektrum<\/strong>. <strong>Field Flattener Linsen erm\u00f6glichen eine bislang unerreichte Randsch\u00e4rfe.<\/strong> Die HD-Optik zeichnet sich durch fluoridhaltige Linsen aus, wodurch Farbfehler nahezu komplett vermieden werden k\u00f6nnen. Die Streuung ist bei Fluorid auch im Vergleich zu den besten optischen Glassorten wesentlich geringer. Das erm\u00f6glicht ein Maximum an Farbtreue und f\u00fchrt zu einer erheblichen Verbesserung von Aufl\u00f6sung und Kontrast.<\/p>\n<h3>SWAROCLEAN Technologie<\/h3>\n<p>Durch diese <strong>Antihaftwirkung wird die Reinigung bei Verschmutzungen<\/strong> wie Wasserflecken, Insektenschutzmittel oder Baumharz erleichtert.[\/vc_column_text][\/vc_column][\/vc_row]\n","protected":false},"excerpt":{"rendered":"<h3>Los prism\u00e1ticos Swarovski EL 10\u00d742 Swarovision premium<\/h3>\n<ul>\n<li>Entrega gratuita en Alemania<\/li>\n<li>Todos los precios incluyen IVA.<\/li>\n<\/ul>","protected":false},"featured_media":9232,"comment_status":"open","ping_status":"closed","template":"","meta":{"inline_featured_image":false,"footnotes":""},"product_brand":[],"product_cat":[351,362,67,345,344,237,354],"product_tag":[88,319,320],"class_list":{"0":"post-9229","1":"product","2":"type-product","3":"status-publish","4":"has-post-thumbnail","6":"product_cat-10x-vergroesserung","7":"product_cat-42-mm-objektiv","8":"product_cat-fernglas","9":"product_cat-jagd-und-wild","10":"product_cat-naturbeobachtung","11":"product_cat-swarovski-optik","12":"product_cat-vogelbeobachtung","13":"product_tag-10x42","14":"product_tag-swarovski","15":"product_tag-vogelbeobachtung","16":"pa_brand-marke-swarovski","17":"pa_farbe-gruen","18":"pa_produkt-typ-fernglas","20":"first","21":"instock","22":"sale","23":"taxable","24":"shipping-taxable","25":"product-type-external"},"bundled_by":[],"bundle_stock_status":"instock","bundle_stock_quantity":null,"bundle_virtual":false,"bundle_layout":"","bundle_add_to_cart_form_location":"","bundle_editable_in_cart":false,"bundle_sold_individually_context":"","bundle_item_grouping":"","bundle_min_size":"","bundle_max_size":"","bundle_price":[],"bundled_items":[],"bundle_sell_ids":[],"_links":{"self":[{"href":"https:\/\/ddoptics.shop\/es\/wp-json\/wp\/v2\/product\/9229","targetHints":{"allow":["GET"]}}],"collection":[{"href":"https:\/\/ddoptics.shop\/es\/wp-json\/wp\/v2\/product"}],"about":[{"href":"https:\/\/ddoptics.shop\/es\/wp-json\/wp\/v2\/types\/product"}],"replies":[{"embeddable":true,"href":"https:\/\/ddoptics.shop\/es\/wp-json\/wp\/v2\/comments?post=9229"}],"version-history":[{"count":3,"href":"https:\/\/ddoptics.shop\/es\/wp-json\/wp\/v2\/product\/9229\/revisions"}],"predecessor-version":[{"id":28558,"href":"https:\/\/ddoptics.shop\/es\/wp-json\/wp\/v2\/product\/9229\/revisions\/28558"}],"wp:featuredmedia":[{"embeddable":true,"href":"https:\/\/ddoptics.shop\/es\/wp-json\/wp\/v2\/media\/9232"}],"wp:attachment":[{"href":"https:\/\/ddoptics.shop\/es\/wp-json\/wp\/v2\/media?parent=9229"}],"wp:term":[{"taxonomy":"product_brand","embeddable":true,"href":"https:\/\/ddoptics.shop\/es\/wp-json\/wp\/v2\/product_brand?post=9229"},{"taxonomy":"product_cat","embeddable":true,"href":"https:\/\/ddoptics.shop\/es\/wp-json\/wp\/v2\/product_cat?post=9229"},{"taxonomy":"product_tag","embeddable":true,"href":"https:\/\/ddoptics.shop\/es\/wp-json\/wp\/v2\/product_tag?post=9229"}],"curies":[{"name":"wp","href":"https:\/\/api.w.org\/{rel}","templated":true}]}}