{"id":9237,"date":"2016-07-23T10:16:03","date_gmt":"2016-07-23T08:16:03","guid":{"rendered":"https:\/\/beta.optik-sport-shop.at\/kaufen\/swarovski-el-range-8x42-fernglas-mit-entfernungsmesser"},"modified":"2025-08-26T17:24:22","modified_gmt":"2025-08-26T15:24:22","slug":"swarovski-el-range-8x42-prismaticos-telemetro","status":"publish","type":"product","link":"https:\/\/ddoptics.shop\/es\/kaufen\/swarovski-el-range-8x42-fernglas-entfernungsmesser\/","title":{"rendered":"Prism\u00e1ticos Swarovski EL Range 8\u00d742 con tel\u00e9metro"},"content":{"rendered":"<div class=\"row\"  id=\"row-11605764\">\n\n\t<div id=\"col-1966058356\" class=\"col medium-8 small-12 large-8\"  >\n\t\t\t\t<div class=\"col-inner\"  >\n\t\t\t\n\t\t\t\n<h2><a href=\"https:\/\/de.wikipedia.org\/wiki\/D._Swarovski\" target=\"_blank\" rel=\"noopener sponsored\" data-schema-attribute=\"\">SWAROVSKI<\/a> Prism\u00e1ticos EL Range 8\u00d742 - Ver, medir, conocer<\/h2>\n<p>Con el <strong>EL Range redefine el equipamiento de caza.<\/strong> Estos prism\u00e1ticos combinan la capacidad de una \u00f3ptica superior de gran nitidez con una funci\u00f3n de medici\u00f3n precisa. El sitio <strong>Prism\u00e1ticos EL Range 8\u00d742<\/strong> ofrece lo mejor <strong>Rendimiento de observaci\u00f3n sin compromisos \u00f3pticos.<\/strong><\/p>\n<p>El cautivador <strong>grande <a href=\"https:\/\/ddoptics.shop\/es\/termino-tecnico\/campo-de-vision-para-prismaticos-y-visores-de-punteria\/\" target=\"_blank\" rel=\"noopener\" data-schema-attribute=\"\">Campo de visi\u00f3n<\/a> (137 m) y la pupila de salida de 5,25 mm<\/strong> ofrecen la m\u00e1xima comodidad de visi\u00f3n en muchas situaciones hasta el crep\u00fasculo.<\/p>\n<p>Todo en uno - <strong>Excelente \u00f3ptica combinada con un tel\u00e9metro<\/strong>La mayor transmisi\u00f3n, el menor peso y el campo de visi\u00f3n m\u00e1s amplio de su clase establecen literalmente nuevos est\u00e1ndares en t\u00e9rminos de \u00f3ptica y precisi\u00f3n de medici\u00f3n<\/p>\n\t\t<\/div>\n\t\t\t\t\n<style>\n#col-1966058356 > .col-inner {\n  margin: 0px 0px -30px 0px;\n}\n<\/style>\n\t<\/div>\n\n\t\n\n\t<div id=\"col-185370861\" class=\"col medium-4 small-12 large-4\"  >\n\t\t\t\t<div class=\"col-inner\"  >\n\t\t\t\n\t\t\t\n\t<div class=\"img has-hover x md-x lg-x y md-y lg-y\" id=\"image_914521242\">\n\t\t\t\t\t\t\t\t<div class=\"img-inner dark\" >\n\t\t\t\t\t\t\t\t\t\n\t\t\t\t\t<\/div>\n\t\t\t\t\t\t\t\t\n<style>\n#image_914521242 {\n  width: 100%;\n}\n<\/style>\n\t<\/div>\n\t\n<h3>Datos sobre los prism\u00e1ticos Swarovski<\/h3>\n\n\t\t<div class=\"icon-box featured-box icon-box-left text-left\"  >\n\t\t\t\t\t<div class=\"icon-box-img\" style=\"width: 32px\">\n\t\t\t\t<div class=\"icon\">\n\t\t\t\t\t<div class=\"icon-inner\" >\n\t\t\t\t\t\t<img decoding=\"async\" width=\"100\" height=\"83\" src=\"https:\/\/ddoptics.shop\/wp-content\/uploads\/2021\/05\/DDoptics-SHG-Icon.jpg\" class=\"attachment-medium size-medium\" alt=\"Prism\u00e1ticos DDoptics SHG Icon\" title=\"\">\t\t\t\t\t<\/div>\n\t\t\t\t<\/div>\n\t\t\t<\/div>\n\t\t\t\t<div class=\"icon-box-text last-reset\">\n\t\t\t\t\t\t\t\t\t\n<p>\u2705 10 a\u00f1os de garant\u00eda del fabricante - 2 a\u00f1os para la electr\u00f3nica.<\/p>\n\t\t<\/div>\n\t<\/div>\n\t\n\t\n\n\t\t<div class=\"icon-box featured-box icon-box-left text-left\"  >\n\t\t\t\t\t<div class=\"icon-box-img\" style=\"width: 32px\">\n\t\t\t\t<div class=\"icon\">\n\t\t\t\t\t<div class=\"icon-inner\" >\n\t\t\t\t\t\t<img decoding=\"async\" width=\"100\" height=\"83\" src=\"https:\/\/ddoptics.shop\/wp-content\/uploads\/2021\/05\/DDoptics-SHG-Icon.jpg\" class=\"attachment-medium size-medium\" alt=\"Prism\u00e1ticos DDoptics SHG Icon\" title=\"\">\t\t\t\t\t<\/div>\n\t\t\t\t<\/div>\n\t\t\t<\/div>\n\t\t\t\t<div class=\"icon-box-text last-reset\">\n\t\t\t\t\t\t\t\t\t\n<p>137 m de campo de visi\u00f3n<\/p>\n\t\t<\/div>\n\t<\/div>\n\t\n\t\n\n\t\t<div class=\"icon-box featured-box icon-box-left text-left\"  >\n\t\t\t\t\t<div class=\"icon-box-img\" style=\"width: 32px\">\n\t\t\t\t<div class=\"icon\">\n\t\t\t\t\t<div class=\"icon-inner\" >\n\t\t\t\t\t\t<img decoding=\"async\" width=\"100\" height=\"83\" src=\"https:\/\/ddoptics.shop\/wp-content\/uploads\/2021\/05\/DDoptics-SHG-Icon.jpg\" class=\"attachment-medium size-medium\" alt=\"Prism\u00e1ticos DDoptics SHG Icon\" title=\"\">\t\t\t\t\t<\/div>\n\t\t\t\t<\/div>\n\t\t\t<\/div>\n\t\t\t\t<div class=\"icon-box-text last-reset\">\n\t\t\t\t\t\t\t\t\t\n<p>\u2705 Tel\u00e9metro l\u00e1ser<\/p>\n\t\t<\/div>\n\t<\/div>\n\t\n\t\n\n\t\t<div class=\"icon-box featured-box icon-box-left text-left\"  >\n\t\t\t\t\t<div class=\"icon-box-img\" style=\"width: 32px\">\n\t\t\t\t<div class=\"icon\">\n\t\t\t\t\t<div class=\"icon-inner\" >\n\t\t\t\t\t\t<img decoding=\"async\" width=\"100\" height=\"83\" src=\"https:\/\/ddoptics.shop\/wp-content\/uploads\/2021\/05\/DDoptics-SHG-Icon.jpg\" class=\"attachment-medium size-medium\" alt=\"Prism\u00e1ticos DDoptics SHG Icon\" title=\"\">\t\t\t\t\t<\/div>\n\t\t\t\t<\/div>\n\t\t\t<\/div>\n\t\t\t\t<div class=\"icon-box-text last-reset\">\n\t\t\t\t\t\t\t\t\t\n<p>\u2705 <strong>Prisma de tejado<\/strong><\/p>\n\t\t<\/div>\n\t<\/div>\n\t\n\t\n\n\t\t<div class=\"icon-box featured-box icon-box-left text-left\"  >\n\t\t\t\t\t<div class=\"icon-box-img\" style=\"width: 32px\">\n\t\t\t\t<div class=\"icon\">\n\t\t\t\t\t<div class=\"icon-inner\" >\n\t\t\t\t\t\t<img decoding=\"async\" width=\"100\" height=\"83\" src=\"https:\/\/ddoptics.shop\/wp-content\/uploads\/2021\/05\/DDoptics-SHG-Icon.jpg\" class=\"attachment-medium size-medium\" alt=\"Prism\u00e1ticos DDoptics SHG Icon\" title=\"\">\t\t\t\t\t<\/div>\n\t\t\t\t<\/div>\n\t\t\t<\/div>\n\t\t\t\t<div class=\"icon-box-text last-reset\">\n\t\t\t\t\t\t\t\t\t\n<p>\u2705 <strong>Robusta carcasa de magnesio<\/strong><\/p>\n\t\t<\/div>\n\t<\/div>\n\t\n\t\n\n\t\t<div class=\"icon-box featured-box icon-box-left text-left\"  >\n\t\t\t\t\t<div class=\"icon-box-img\" style=\"width: 32px\">\n\t\t\t\t<div class=\"icon\">\n\t\t\t\t\t<div class=\"icon-inner\" >\n\t\t\t\t\t\t<img decoding=\"async\" width=\"100\" height=\"83\" src=\"https:\/\/ddoptics.shop\/wp-content\/uploads\/2021\/05\/DDoptics-SHG-Icon.jpg\" class=\"attachment-medium size-medium\" alt=\"Prism\u00e1ticos DDoptics SHG Icon\" title=\"\">\t\t\t\t\t<\/div>\n\t\t\t\t<\/div>\n\t\t\t<\/div>\n\t\t\t\t<div class=\"icon-box-text last-reset\">\n\t\t\t\t\t\t\t\t\t\n<p>Alcance EL<\/p>\n\t\t<\/div>\n\t<\/div>\n\t\n\t\n<div class=\"is-divider divider clearfix\" ><\/div>\n\t\t<\/div>\n\t\t\t\t\t<\/div>\n\n\t\n<\/div>\n<h3>Tecnolog\u00eda SWAROAIM<\/h3>\n<p><strong>Inclin\u00f3metro integrado<\/strong> en todo el mundo <strong>el programa de tiro en \u00e1ngulo \u00fanico muestra la distancia de tiro corregida<\/strong> o alternativamente el \u00e1ngulo.<\/p>\n<h3>Tecnolog\u00eda SWAROBRIGHT<\/h3>\n<p><strong>Revestimiento para una fidelidad crom\u00e1tica \u00f3ptima en todo el espectro luminoso<\/strong>SWAROVSKI OPTIK es el primer fabricante del mundo que utiliza esta tecnolog\u00eda en la producci\u00f3n en serie.<\/p>\n<h3>Conclusi\u00f3n SWAROVSKI EL Range 8\u00d742<\/h3>\n<p>Con el <strong>La gama EL ofrece Swarovski <\/strong>un nuevo y muy interesante<strong> El mejor producto \u00f3ptico<\/strong>. La electr\u00f3nica integrada funciona perfectamente. El <strong>EL Range es muy ligero y c\u00f3modo<\/strong> puede manejarse con una sola mano. El <strong>Programa de tomas angulares <\/strong>es particularmente<strong> los cazadores de monta\u00f1a<\/strong> inter\u00e9s. En combinaci\u00f3n con unos prism\u00e1ticos que dispongan de un ajuste r\u00e1pido de ret\u00edcula o una torreta bal\u00edstica, el equipo perfecto para disparar a larga distancia, ya sea hacia arriba o hacia abajo.<\/p>","protected":false},"excerpt":{"rendered":"<h3>Los prism\u00e1ticos premium Swarovski EL Range 10\u00d742<\/h3>\n<ul>\n<li>Entrega gratuita<\/li>\n<li>Todos los precios incluyen IVA.<\/li>\n<\/ul>","protected":false},"featured_media":9240,"comment_status":"open","ping_status":"closed","template":"","meta":{"inline_featured_image":false,"footnotes":""},"product_brand":[],"product_cat":[362,349,67,345,237],"product_tag":[91,321,319],"class_list":{"0":"post-9237","1":"product","2":"type-product","3":"status-publish","4":"has-post-thumbnail","6":"product_cat-42-mm-objektiv","7":"product_cat-8x-vergroesserung","8":"product_cat-fernglas","9":"product_cat-jagd-und-wild","10":"product_cat-swarovski-optik","11":"product_tag-8x42","12":"product_tag-laserentfernungsmesser","13":"product_tag-swarovski","14":"pa_brand-marke-swarovski","15":"pa_farbe-gruen","16":"pa_produkt-typ-fernglas","18":"first","19":"instock","20":"sale","21":"taxable","22":"shipping-taxable","23":"product-type-external"},"bundled_by":[],"bundle_stock_status":"instock","bundle_stock_quantity":null,"bundle_virtual":false,"bundle_layout":"","bundle_add_to_cart_form_location":"","bundle_editable_in_cart":false,"bundle_sold_individually_context":"","bundle_item_grouping":"","bundle_min_size":"","bundle_max_size":"","bundle_price":[],"bundled_items":[],"bundle_sell_ids":[],"_links":{"self":[{"href":"https:\/\/ddoptics.shop\/es\/wp-json\/wp\/v2\/product\/9237","targetHints":{"allow":["GET"]}}],"collection":[{"href":"https:\/\/ddoptics.shop\/es\/wp-json\/wp\/v2\/product"}],"about":[{"href":"https:\/\/ddoptics.shop\/es\/wp-json\/wp\/v2\/types\/product"}],"replies":[{"embeddable":true,"href":"https:\/\/ddoptics.shop\/es\/wp-json\/wp\/v2\/comments?post=9237"}],"version-history":[{"count":4,"href":"https:\/\/ddoptics.shop\/es\/wp-json\/wp\/v2\/product\/9237\/revisions"}],"predecessor-version":[{"id":28551,"href":"https:\/\/ddoptics.shop\/es\/wp-json\/wp\/v2\/product\/9237\/revisions\/28551"}],"wp:featuredmedia":[{"embeddable":true,"href":"https:\/\/ddoptics.shop\/es\/wp-json\/wp\/v2\/media\/9240"}],"wp:attachment":[{"href":"https:\/\/ddoptics.shop\/es\/wp-json\/wp\/v2\/media?parent=9237"}],"wp:term":[{"taxonomy":"product_brand","embeddable":true,"href":"https:\/\/ddoptics.shop\/es\/wp-json\/wp\/v2\/product_brand?post=9237"},{"taxonomy":"product_cat","embeddable":true,"href":"https:\/\/ddoptics.shop\/es\/wp-json\/wp\/v2\/product_cat?post=9237"},{"taxonomy":"product_tag","embeddable":true,"href":"https:\/\/ddoptics.shop\/es\/wp-json\/wp\/v2\/product_tag?post=9237"}],"curies":[{"name":"wp","href":"https:\/\/api.w.org\/{rel}","templated":true}]}}