{"id":9245,"date":"2016-07-23T12:24:58","date_gmt":"2016-07-23T10:24:58","guid":{"rendered":"https:\/\/beta.optik-sport-shop.at\/kaufen\/swarovski-slc-10x42-w-b-fernglas"},"modified":"2025-07-02T10:51:26","modified_gmt":"2025-07-02T08:51:26","slug":"prismaticos-swarovski-slc-10x42","status":"publish","type":"product","link":"https:\/\/ddoptics.shop\/es\/kaufen\/swarovski-slc-10x42-fernglas\/","title":{"rendered":"Prism\u00e1ticos Swarovski SLC 10\u00d742 W B"},"content":{"rendered":"<div class=\"row\"  id=\"row-1975680038\">\n\n\t<div id=\"col-1323996142\" class=\"col medium-8 small-12 large-8\"  >\n\t\t\t\t<div class=\"col-inner\"  >\n\t\t\t\n\t\t\t\n<h2>SWAROVSKI\u00a0Fernglas\u00a0SLC 10&#215;42 W B<\/h2>\n<p>In der Tat kann man bei diesem <strong>10-fach Fernglas<\/strong> sagen: Eines f\u00fcr alles!<\/p>\n<p>Das <strong>Svarovski SLC 10&#215;42 W B ist ein echtes Allroundfernglas<\/strong>, bei dem Optik und Verg\u00fctungssystem speziell auf Kontrast und Sch\u00e4rfe optimiert wurden. Die 10-fache Vergr\u00f6\u00dferung bringt Ihnen selbst Details auf weite Distanzen n\u00e4her.<\/p>\n<p>Dar\u00fcber hinaus besticht dieses Modell mit einem <strong>gro\u00dfen <a href=\"https:\/\/ddoptics.shop\/fachwort\/sehfeld-bei-fernglas-und-zielfernrohr\/\" target=\"_blank\" rel=\"noopener\" data-schema-attribute=\"\">Sehfeld<\/a> und ist dank Magnesiumgeh\u00e4uses<\/strong> \u00e4u\u00dferst robust. Das ergonomische Design sorgt auch bei l\u00e4ngeren Beobachtungen f\u00fcr besten Seh- und Bedienkomfort.<\/p>\n\t\t<\/div>\n\t\t\t\t\n<style>\n#col-1323996142 > .col-inner {\n  margin: 0px 0px -30px 0px;\n}\n<\/style>\n\t<\/div>\n\n\t\n\n\t<div id=\"col-1748591764\" class=\"col medium-4 small-12 large-4\"  >\n\t\t\t\t<div class=\"col-inner\"  >\n\t\t\t\n\t\t\t\n\t<div class=\"img has-hover x md-x lg-x y md-y lg-y\" id=\"image_1057587048\">\n\t\t\t\t\t\t\t\t<div class=\"img-inner dark\" >\n\t\t\t\t\t\t\t\t\t\n\t\t\t\t\t<\/div>\n\t\t\t\t\t\t\t\t\n<style>\n#image_1057587048 {\n  width: 100%;\n}\n<\/style>\n\t<\/div>\n\t\n<h3>Swarovski Fernglas Facts<\/h3>\n\n\t\t<div class=\"icon-box featured-box icon-box-left text-left\"  >\n\t\t\t\t\t<div class=\"icon-box-img\" style=\"width: 32px\">\n\t\t\t\t<div class=\"icon\">\n\t\t\t\t\t<div class=\"icon-inner\" >\n\t\t\t\t\t\t<img decoding=\"async\" width=\"100\" height=\"83\" src=\"https:\/\/ddoptics.shop\/wp-content\/uploads\/2021\/05\/DDoptics-SHG-Icon.jpg\" class=\"attachment-medium size-medium\" alt=\"DDoptics SHG Fernglas Icon\" title=\"\">\t\t\t\t\t<\/div>\n\t\t\t\t<\/div>\n\t\t\t<\/div>\n\t\t\t\t<div class=\"icon-box-text last-reset\">\n\t\t\t\t\t\t\t\t\t\n<p>\u2705 10 Jahre Hersteller Garantie<\/p>\n\t\t<\/div>\n\t<\/div>\n\t\n\t\n\n\t\t<div class=\"icon-box featured-box icon-box-left text-left\"  >\n\t\t\t\t\t<div class=\"icon-box-img\" style=\"width: 32px\">\n\t\t\t\t<div class=\"icon\">\n\t\t\t\t\t<div class=\"icon-inner\" >\n\t\t\t\t\t\t<img decoding=\"async\" width=\"100\" height=\"83\" src=\"https:\/\/ddoptics.shop\/wp-content\/uploads\/2021\/05\/DDoptics-SHG-Icon.jpg\" class=\"attachment-medium size-medium\" alt=\"DDoptics SHG Fernglas Icon\" title=\"\">\t\t\t\t\t<\/div>\n\t\t\t\t<\/div>\n\t\t\t<\/div>\n\t\t\t\t<div class=\"icon-box-text last-reset\">\n\t\t\t\t\t\t\t\t\t\n<p>\u2705 110 m Sehfeld<\/p>\n\t\t<\/div>\n\t<\/div>\n\t\n\t\n\n\t\t<div class=\"icon-box featured-box icon-box-left text-left\"  >\n\t\t\t\t\t<div class=\"icon-box-img\" style=\"width: 32px\">\n\t\t\t\t<div class=\"icon\">\n\t\t\t\t\t<div class=\"icon-inner\" >\n\t\t\t\t\t\t<img decoding=\"async\" width=\"100\" height=\"83\" src=\"https:\/\/ddoptics.shop\/wp-content\/uploads\/2021\/05\/DDoptics-SHG-Icon.jpg\" class=\"attachment-medium size-medium\" alt=\"DDoptics SHG Fernglas Icon\" title=\"\">\t\t\t\t\t<\/div>\n\t\t\t\t<\/div>\n\t\t\t<\/div>\n\t\t\t\t<div class=\"icon-box-text last-reset\">\n\t\t\t\t\t\t\t\t\t\n<p>\u2705 Weitwinkel<\/p>\n\t\t<\/div>\n\t<\/div>\n\t\n\t\n\n\t\t<div class=\"icon-box featured-box icon-box-left text-left\"  >\n\t\t\t\t\t<div class=\"icon-box-img\" style=\"width: 32px\">\n\t\t\t\t<div class=\"icon\">\n\t\t\t\t\t<div class=\"icon-inner\" >\n\t\t\t\t\t\t<img decoding=\"async\" width=\"100\" height=\"83\" src=\"https:\/\/ddoptics.shop\/wp-content\/uploads\/2021\/05\/DDoptics-SHG-Icon.jpg\" class=\"attachment-medium size-medium\" alt=\"DDoptics SHG Fernglas Icon\" title=\"\">\t\t\t\t\t<\/div>\n\t\t\t\t<\/div>\n\t\t\t<\/div>\n\t\t\t\t<div class=\"icon-box-text last-reset\">\n\t\t\t\t\t\t\t\t\t\n<p>\u2705 <strong>Dachkant Prisma<\/strong><\/p>\n\t\t<\/div>\n\t<\/div>\n\t\n\t\n\n\t\t<div class=\"icon-box featured-box icon-box-left text-left\"  >\n\t\t\t\t\t<div class=\"icon-box-img\" style=\"width: 32px\">\n\t\t\t\t<div class=\"icon\">\n\t\t\t\t\t<div class=\"icon-inner\" >\n\t\t\t\t\t\t<img decoding=\"async\" width=\"100\" height=\"83\" src=\"https:\/\/ddoptics.shop\/wp-content\/uploads\/2021\/05\/DDoptics-SHG-Icon.jpg\" class=\"attachment-medium size-medium\" alt=\"DDoptics SHG Fernglas Icon\" title=\"\">\t\t\t\t\t<\/div>\n\t\t\t\t<\/div>\n\t\t\t<\/div>\n\t\t\t\t<div class=\"icon-box-text last-reset\">\n\t\t\t\t\t\t\t\t\t\n<p>\u2705 <strong>Robustes Magnesium Geh\u00e4use<\/strong><\/p>\n\t\t<\/div>\n\t<\/div>\n\t\n\t\n\n\t\t<div class=\"icon-box featured-box icon-box-left text-left\"  >\n\t\t\t\t\t<div class=\"icon-box-img\" style=\"width: 32px\">\n\t\t\t\t<div class=\"icon\">\n\t\t\t\t\t<div class=\"icon-inner\" >\n\t\t\t\t\t\t<img decoding=\"async\" width=\"100\" height=\"83\" src=\"https:\/\/ddoptics.shop\/wp-content\/uploads\/2021\/05\/DDoptics-SHG-Icon.jpg\" class=\"attachment-medium size-medium\" alt=\"DDoptics SHG Fernglas Icon\" title=\"\">\t\t\t\t\t<\/div>\n\t\t\t\t<\/div>\n\t\t\t<\/div>\n\t\t\t\t<div class=\"icon-box-text last-reset\">\n\t\t\t\t\t\t\t\t\t\n<p>\u2705 Brillentr\u00e4gergeeignet<\/p>\n\t\t<\/div>\n\t<\/div>\n\t\n\t\n<div class=\"is-divider divider clearfix\" ><\/div>\n\t\t<\/div>\n\t\t\t\t\t<\/div>\n\n\t\n<\/div>\n<h3>SWAROBRIGHT Technologie beim SLC 10&#215;42<\/h3>\n<p><strong>Verg\u00fctung <\/strong>f\u00fcr<strong> optimale Farbtreue <\/strong>\u00fcber das<strong> gesamte Lichtspektrum<\/strong>: SWAROVSKI OPTIK ist weltweit der erste Hersteller, der diese Technologie in der Serienproduktion einsetzte.<\/p>\n<h3>SWAROCLEAN Technologie beim SLC 10&#215;42<\/h3>\n<p>Durch diese <strong>Antihaftwirkung wird die Reinigung bei Verschmutzungen<\/strong> wie Wasserflecken, Insektenschutzmittel oder Baumharz erleichtert.<\/p>\n<h3>SLC 10&#215;42 Fernglas &#8211; ein solider Allesk\u00f6nner<\/h3>\n<p>Mit dem SLC halten Sie ein<strong> echtes Allroundgenie mit hoher Vergr\u00f6sserung in Ihren H\u00e4nden<\/strong>. Solide ist das <strong>SLC 10&#215;42<\/strong> bei jedem Wetter &#8211; Tag f\u00fcr Tag. Zudem besticht es au\u00dferdem durch seine <strong>besonders hohe optische Qualit\u00e4t.<\/strong> An diesem robusten und ergonomischen Fernglas werden Sie viele Jahre Ihre Freude haben.[\/vc_column_text][\/vc_column][\/vc_row]\n","protected":false},"excerpt":{"rendered":"<h3>Los prism\u00e1ticos todoterreno Swarovski SLC 10\u00d742 W B<\/h3>\n<ul>\n<li>\u00a0nuevo <strong>Modelo<\/strong><\/li>\n<li>Entrega gratuita en Alemania<\/li>\n<li>Todos los precios incluyen IVA.<\/li>\n<\/ul>","protected":false},"featured_media":9248,"comment_status":"open","ping_status":"closed","template":"","meta":{"inline_featured_image":false,"footnotes":""},"product_brand":[],"product_cat":[351,362,67,345,344,237],"product_tag":[88,775,319],"class_list":{"0":"post-9245","1":"product","2":"type-product","3":"status-publish","4":"has-post-thumbnail","6":"product_cat-10x-vergroesserung","7":"product_cat-42-mm-objektiv","8":"product_cat-fernglas","9":"product_cat-jagd-und-wild","10":"product_cat-naturbeobachtung","11":"product_cat-swarovski-optik","12":"product_tag-10x42","13":"product_tag-slc-10x42","14":"product_tag-swarovski","15":"pa_brand-marke-swarovski","16":"pa_farbe-gruen","17":"pa_produkt-typ-fernglas","19":"first","20":"instock","21":"sale","22":"taxable","23":"shipping-taxable","24":"product-type-external"},"bundled_by":[],"bundle_stock_status":"instock","bundle_stock_quantity":null,"bundle_virtual":false,"bundle_layout":"","bundle_add_to_cart_form_location":"","bundle_editable_in_cart":false,"bundle_sold_individually_context":"","bundle_item_grouping":"","bundle_min_size":"","bundle_max_size":"","bundle_price":[],"bundled_items":[],"bundle_sell_ids":[],"_links":{"self":[{"href":"https:\/\/ddoptics.shop\/es\/wp-json\/wp\/v2\/product\/9245","targetHints":{"allow":["GET"]}}],"collection":[{"href":"https:\/\/ddoptics.shop\/es\/wp-json\/wp\/v2\/product"}],"about":[{"href":"https:\/\/ddoptics.shop\/es\/wp-json\/wp\/v2\/types\/product"}],"replies":[{"embeddable":true,"href":"https:\/\/ddoptics.shop\/es\/wp-json\/wp\/v2\/comments?post=9245"}],"version-history":[{"count":4,"href":"https:\/\/ddoptics.shop\/es\/wp-json\/wp\/v2\/product\/9245\/revisions"}],"predecessor-version":[{"id":28547,"href":"https:\/\/ddoptics.shop\/es\/wp-json\/wp\/v2\/product\/9245\/revisions\/28547"}],"wp:featuredmedia":[{"embeddable":true,"href":"https:\/\/ddoptics.shop\/es\/wp-json\/wp\/v2\/media\/9248"}],"wp:attachment":[{"href":"https:\/\/ddoptics.shop\/es\/wp-json\/wp\/v2\/media?parent=9245"}],"wp:term":[{"taxonomy":"product_brand","embeddable":true,"href":"https:\/\/ddoptics.shop\/es\/wp-json\/wp\/v2\/product_brand?post=9245"},{"taxonomy":"product_cat","embeddable":true,"href":"https:\/\/ddoptics.shop\/es\/wp-json\/wp\/v2\/product_cat?post=9245"},{"taxonomy":"product_tag","embeddable":true,"href":"https:\/\/ddoptics.shop\/es\/wp-json\/wp\/v2\/product_tag?post=9245"}],"curies":[{"name":"wp","href":"https:\/\/api.w.org\/{rel}","templated":true}]}}