{"id":9253,"date":"2016-07-23T13:19:36","date_gmt":"2016-07-23T11:19:36","guid":{"rendered":"https:\/\/beta.optik-sport-shop.at\/kaufen\/swarovski-slc-10x56-w-b-fernglas"},"modified":"2025-07-01T12:22:21","modified_gmt":"2025-07-01T10:22:21","slug":"prismaticos-swarovski-slc-10x56-w-b","status":"publish","type":"product","link":"https:\/\/ddoptics.shop\/es\/kaufen\/swarovski-slc-10x56-w-b-fernglas\/","title":{"rendered":"Prism\u00e1ticos Swarovski SLC 10\u00d756 W B"},"content":{"rendered":"<div class=\"row\"  id=\"row-1550601074\">\n\n\t<div id=\"col-83923968\" class=\"col medium-8 small-12 large-8\"  >\n\t\t\t\t<div class=\"col-inner\"  >\n\t\t\t\n\t\t\t\n<h2>Prism\u00e1ticos SWAROVSKI SLC 10\u00d756 W B<\/h2>\n<p>Que se haga la luz con el especialista experimentado con 10 aumentos.<\/p>\n<p>En <strong>Disfrutar de la naturaleza a una hora m\u00e1s tard\u00eda<\/strong>Esto tiene un atractivo especial para muchas personas. Con la nueva <strong>SLC 10\u00d756 te beneficias de los 10 aumentos<\/strong> - para un mejor reconocimiento de los detalles.<\/p>\n<p>En <strong>\u00d3ptica optimizada para la noche<\/strong> en combinaci\u00f3n con cautivadoras <strong>Nitidez de los bordes<\/strong> y un <strong>gran campo de visi\u00f3n<\/strong>Esto facilita la observaci\u00f3n incluso en condiciones de poca luz. Las empu\u00f1aduras empotradas prolongadas y el peso equilibrado garantizan la m\u00e1xima facilidad de uso[<\/p>\n\t\t<\/div>\n\t\t\t\t\n<style>\n#col-83923968 > .col-inner {\n  margin: 0px 0px -30px 0px;\n}\n<\/style>\n\t<\/div>\n\n\t\n\n\t<div id=\"col-406229922\" class=\"col medium-4 small-12 large-4\"  >\n\t\t\t\t<div class=\"col-inner\"  >\n\t\t\t\n\t\t\t\n\t<div class=\"img has-hover x md-x lg-x y md-y lg-y\" id=\"image_1785694809\">\n\t\t\t\t\t\t\t\t<div class=\"img-inner dark\" >\n\t\t\t\t\t\t\t\t\t\n\t\t\t\t\t<\/div>\n\t\t\t\t\t\t\t\t\n<style>\n#image_1785694809 {\n  width: 100%;\n}\n<\/style>\n\t<\/div>\n\t\n<h3>Datos sobre los prism\u00e1ticos Swarovski<\/h3>\n\n\t\t<div class=\"icon-box featured-box icon-box-left text-left\"  >\n\t\t\t\t\t<div class=\"icon-box-img\" style=\"width: 32px\">\n\t\t\t\t<div class=\"icon\">\n\t\t\t\t\t<div class=\"icon-inner\" >\n\t\t\t\t\t\t<img decoding=\"async\" width=\"100\" height=\"83\" src=\"https:\/\/ddoptics.shop\/wp-content\/uploads\/2021\/05\/DDoptics-SHG-Icon.jpg\" class=\"attachment-medium size-medium\" alt=\"Prism\u00e1ticos DDoptics SHG Icon\" title=\"\">\t\t\t\t\t<\/div>\n\t\t\t\t<\/div>\n\t\t\t<\/div>\n\t\t\t\t<div class=\"icon-box-text last-reset\">\n\t\t\t\t\t\t\t\t\t\n<p>10 a\u00f1os de garant\u00eda del fabricante<\/p>\n\t\t<\/div>\n\t<\/div>\n\t\n\t\n\n\t\t<div class=\"icon-box featured-box icon-box-left text-left\"  >\n\t\t\t\t\t<div class=\"icon-box-img\" style=\"width: 32px\">\n\t\t\t\t<div class=\"icon\">\n\t\t\t\t\t<div class=\"icon-inner\" >\n\t\t\t\t\t\t<img decoding=\"async\" width=\"100\" height=\"83\" src=\"https:\/\/ddoptics.shop\/wp-content\/uploads\/2021\/05\/DDoptics-SHG-Icon.jpg\" class=\"attachment-medium size-medium\" alt=\"Prism\u00e1ticos DDoptics SHG Icon\" title=\"\">\t\t\t\t\t<\/div>\n\t\t\t\t<\/div>\n\t\t\t<\/div>\n\t\t\t\t<div class=\"icon-box-text last-reset\">\n\t\t\t\t\t\t\t\t\t\n<p>Campo de visi\u00f3n de 110 m<\/p>\n\t\t<\/div>\n\t<\/div>\n\t\n\t\n\n\t\t<div class=\"icon-box featured-box icon-box-left text-left\"  >\n\t\t\t\t\t<div class=\"icon-box-img\" style=\"width: 32px\">\n\t\t\t\t<div class=\"icon\">\n\t\t\t\t\t<div class=\"icon-inner\" >\n\t\t\t\t\t\t<img decoding=\"async\" width=\"100\" height=\"83\" src=\"https:\/\/ddoptics.shop\/wp-content\/uploads\/2021\/05\/DDoptics-SHG-Icon.jpg\" class=\"attachment-medium size-medium\" alt=\"Prism\u00e1ticos DDoptics SHG Icon\" title=\"\">\t\t\t\t\t<\/div>\n\t\t\t\t<\/div>\n\t\t\t<\/div>\n\t\t\t\t<div class=\"icon-box-text last-reset\">\n\t\t\t\t\t\t\t\t\t\n<p>Gran angular<\/p>\n\t\t<\/div>\n\t<\/div>\n\t\n\t\n\n\t\t<div class=\"icon-box featured-box icon-box-left text-left\"  >\n\t\t\t\t\t<div class=\"icon-box-img\" style=\"width: 32px\">\n\t\t\t\t<div class=\"icon\">\n\t\t\t\t\t<div class=\"icon-inner\" >\n\t\t\t\t\t\t<img decoding=\"async\" width=\"100\" height=\"83\" src=\"https:\/\/ddoptics.shop\/wp-content\/uploads\/2021\/05\/DDoptics-SHG-Icon.jpg\" class=\"attachment-medium size-medium\" alt=\"Prism\u00e1ticos DDoptics SHG Icon\" title=\"\">\t\t\t\t\t<\/div>\n\t\t\t\t<\/div>\n\t\t\t<\/div>\n\t\t\t\t<div class=\"icon-box-text last-reset\">\n\t\t\t\t\t\t\t\t\t\n<p>\u2705 <strong>Prisma de tejado<\/strong><\/p>\n\t\t<\/div>\n\t<\/div>\n\t\n\t\n\n\t\t<div class=\"icon-box featured-box icon-box-left text-left\"  >\n\t\t\t\t\t<div class=\"icon-box-img\" style=\"width: 32px\">\n\t\t\t\t<div class=\"icon\">\n\t\t\t\t\t<div class=\"icon-inner\" >\n\t\t\t\t\t\t<img decoding=\"async\" width=\"100\" height=\"83\" src=\"https:\/\/ddoptics.shop\/wp-content\/uploads\/2021\/05\/DDoptics-SHG-Icon.jpg\" class=\"attachment-medium size-medium\" alt=\"Prism\u00e1ticos DDoptics SHG Icon\" title=\"\">\t\t\t\t\t<\/div>\n\t\t\t\t<\/div>\n\t\t\t<\/div>\n\t\t\t\t<div class=\"icon-box-text last-reset\">\n\t\t\t\t\t\t\t\t\t\n<p>\u2705 <strong>Robusta carcasa de magnesio<\/strong><\/p>\n\t\t<\/div>\n\t<\/div>\n\t\n\t\n\n\t\t<div class=\"icon-box featured-box icon-box-left text-left\"  >\n\t\t\t\t\t<div class=\"icon-box-img\" style=\"width: 32px\">\n\t\t\t\t<div class=\"icon\">\n\t\t\t\t\t<div class=\"icon-inner\" >\n\t\t\t\t\t\t<img decoding=\"async\" width=\"100\" height=\"83\" src=\"https:\/\/ddoptics.shop\/wp-content\/uploads\/2021\/05\/DDoptics-SHG-Icon.jpg\" class=\"attachment-medium size-medium\" alt=\"Prism\u00e1ticos DDoptics SHG Icon\" title=\"\">\t\t\t\t\t<\/div>\n\t\t\t\t<\/div>\n\t\t\t<\/div>\n\t\t\t\t<div class=\"icon-box-text last-reset\">\n\t\t\t\t\t\t\t\t\t\n<p>Adecuado para usuarios de gafas<\/p>\n\t\t<\/div>\n\t<\/div>\n\t\n\t\n<div class=\"is-divider divider clearfix\" ><\/div>\n\t\t<\/div>\n\t\t\t\t\t<\/div>\n\n\t\n<\/div>\n<h3>Tecnolog\u00eda SWAROCLEAN en el Swarovski SLC 10\u00d756<\/h3>\n<p>A trav\u00e9s de este <strong>El efecto antiadherente hace que la limpieza<\/strong> con<strong> Suciedad<\/strong> como manchas de agua, repelentes de insectos o resina de \u00e1rboles.<\/p>\n<h3>Prism\u00e1ticos SLC 10\u00d756: un s\u00f3lido especialista<\/h3>\n<p>Con el <strong>Prism\u00e1ticos SLC 10\u00d756 de sujeci\u00f3n especial<\/strong> con un peso a\u00fan moderado en las manos. El SLC 10\u00d756 es s\u00f3lido en <strong>cualquier tiempo, d\u00eda tras d\u00eda y noche tras noche<\/strong>. Tambi\u00e9n impresiona por su <strong>Calidad \u00f3ptica especialmente alta<\/strong>. Disfrutar\u00e1 de estos prism\u00e1ticos robustos y ergon\u00f3micos durante muchos a\u00f1os.<\/p>","protected":false},"excerpt":{"rendered":"<h3>Los prism\u00e1ticos Swarovski SLC 10\u00d756 W B<\/h3>\n<ul>\n<li>nuevo <strong>Modelo<\/strong><\/li>\n<li>Entrega gratuita en Alemania<\/li>\n<li>Todos los precios incluyen IVA.<\/li>\n<\/ul>","protected":false},"featured_media":9256,"comment_status":"open","ping_status":"closed","template":"","meta":{"inline_featured_image":false,"footnotes":""},"product_brand":[],"product_cat":[351,364,67,345,237],"product_tag":[323,319,322],"class_list":{"0":"post-9253","1":"product","2":"type-product","3":"status-publish","4":"has-post-thumbnail","6":"product_cat-10x-vergroesserung","7":"product_cat-56-mm-objektiv","8":"product_cat-fernglas","9":"product_cat-jagd-und-wild","10":"product_cat-swarovski-optik","11":"product_tag-10x56","12":"product_tag-swarovski","13":"product_tag-swarovski-slc","14":"pa_brand-marke-swarovski","15":"pa_farbe-gruen","16":"pa_produkt-typ-fernglas","18":"first","19":"instock","20":"sale","21":"taxable","22":"shipping-taxable","23":"product-type-external"},"bundled_by":[],"bundle_stock_status":"instock","bundle_stock_quantity":null,"bundle_virtual":false,"bundle_layout":"","bundle_add_to_cart_form_location":"","bundle_editable_in_cart":false,"bundle_sold_individually_context":"","bundle_item_grouping":"","bundle_min_size":"","bundle_max_size":"","bundle_price":[],"bundled_items":[],"bundle_sell_ids":[],"_links":{"self":[{"href":"https:\/\/ddoptics.shop\/es\/wp-json\/wp\/v2\/product\/9253","targetHints":{"allow":["GET"]}}],"collection":[{"href":"https:\/\/ddoptics.shop\/es\/wp-json\/wp\/v2\/product"}],"about":[{"href":"https:\/\/ddoptics.shop\/es\/wp-json\/wp\/v2\/types\/product"}],"replies":[{"embeddable":true,"href":"https:\/\/ddoptics.shop\/es\/wp-json\/wp\/v2\/comments?post=9253"}],"version-history":[{"count":2,"href":"https:\/\/ddoptics.shop\/es\/wp-json\/wp\/v2\/product\/9253\/revisions"}],"predecessor-version":[{"id":28543,"href":"https:\/\/ddoptics.shop\/es\/wp-json\/wp\/v2\/product\/9253\/revisions\/28543"}],"wp:featuredmedia":[{"embeddable":true,"href":"https:\/\/ddoptics.shop\/es\/wp-json\/wp\/v2\/media\/9256"}],"wp:attachment":[{"href":"https:\/\/ddoptics.shop\/es\/wp-json\/wp\/v2\/media?parent=9253"}],"wp:term":[{"taxonomy":"product_brand","embeddable":true,"href":"https:\/\/ddoptics.shop\/es\/wp-json\/wp\/v2\/product_brand?post=9253"},{"taxonomy":"product_cat","embeddable":true,"href":"https:\/\/ddoptics.shop\/es\/wp-json\/wp\/v2\/product_cat?post=9253"},{"taxonomy":"product_tag","embeddable":true,"href":"https:\/\/ddoptics.shop\/es\/wp-json\/wp\/v2\/product_tag?post=9253"}],"curies":[{"name":"wp","href":"https:\/\/api.w.org\/{rel}","templated":true}]}}