{"id":9265,"date":"2016-07-23T14:34:29","date_gmt":"2016-07-23T12:34:29","guid":{"rendered":"https:\/\/beta.optik-sport-shop.at\/kaufen\/zeiss-victory-8x42-ht-fernglas-schwarz"},"modified":"2025-06-27T14:20:31","modified_gmt":"2025-06-27T12:20:31","slug":"prismaticos-zeiss-victory-8x42-ht-negro","status":"publish","type":"product","link":"https:\/\/ddoptics.shop\/es\/kaufen\/zeiss-victory-8x42-ht-fernglas-schwarz\/","title":{"rendered":"Prism\u00e1ticos Zeiss Victory 8\u00d742 HT - negro"},"content":{"rendered":"<div class=\"row\"  id=\"row-454784979\">\n\n\t<div id=\"col-1644355359\" class=\"col medium-8 small-12 large-8\"  >\n\t\t\t\t<div class=\"col-inner\"  >\n\t\t\t\n\t\t\t\n<h2>Prism\u00e1ticos Zeiss Victory 8\u00d742 HT - M\u00e1s libertad de movimiento con cualquier tiempo<\/h2>\n<p>Esto es lo que la <strong>Prism\u00e1ticos Premium VICTORY HT 8\u00d742<\/strong>. Gracias a su pupila de salida de 5,3 mm, el <strong>campo de visi\u00f3n especialmente amplio y 8 aumentos<\/strong> es ideal para una amplia gama de aplicaciones.<\/p>\n<p>En <strong>valores de transmisi\u00f3n abrumadores<\/strong> proporcionan im\u00e1genes extremadamente luminosas incluso en las condiciones de iluminaci\u00f3n m\u00e1s adversas y permiten as\u00ed observaciones especialmente prolongadas, hasta bien entrado el crep\u00fasculo.<\/p>\n<p>Con su <strong>bajo peso<\/strong> no s\u00f3lo es un compa\u00f1ero extremadamente ligero, sino tambi\u00e9n muy fiable gracias al robusto puente de doble eslab\u00f3n - con <strong>m\u00e1xima precisi\u00f3n mec\u00e1nica<\/strong> al enfocar.<\/p>\n\t\t<\/div>\n\t\t\t\t\n<style>\n#col-1644355359 > .col-inner {\n  margin: 0px 0px -30px 0px;\n}\n<\/style>\n\t<\/div>\n\n\t\n\n\t<div id=\"col-1467798959\" class=\"col medium-4 small-12 large-4\"  >\n\t\t\t\t<div class=\"col-inner\"  >\n\t\t\t\n\t\t\t\n\t<div class=\"img has-hover x md-x lg-x y md-y lg-y\" id=\"image_1676990746\">\n\t\t\t\t\t\t\t\t<div class=\"img-inner dark\" >\n\t\t\t\t\t\t\t\t\t\n\t\t\t\t\t<\/div>\n\t\t\t\t\t\t\t\t\n<style>\n#image_1676990746 {\n  width: 100%;\n}\n<\/style>\n\t<\/div>\n\t\n<h3>Datos sobre los prism\u00e1ticos Zeiss<\/h3>\n\n\t\t<div class=\"icon-box featured-box icon-box-left text-left\"  >\n\t\t\t\t\t<div class=\"icon-box-img\" style=\"width: 32px\">\n\t\t\t\t<div class=\"icon\">\n\t\t\t\t\t<div class=\"icon-inner\" >\n\t\t\t\t\t\t<img decoding=\"async\" width=\"100\" height=\"83\" src=\"https:\/\/ddoptics.shop\/wp-content\/uploads\/2021\/05\/DDoptics-SHG-Icon.jpg\" class=\"attachment-medium size-medium\" alt=\"Prism\u00e1ticos DDoptics SHG Icon\" title=\"\">\t\t\t\t\t<\/div>\n\t\t\t\t<\/div>\n\t\t\t<\/div>\n\t\t\t\t<div class=\"icon-box-text last-reset\">\n\t\t\t\t\t\t\t\t\t\n<p>10 a\u00f1os de garant\u00eda del fabricante<\/p>\n\t\t<\/div>\n\t<\/div>\n\t\n\t\n\n\t\t<div class=\"icon-box featured-box icon-box-left text-left\"  >\n\t\t\t\t\t<div class=\"icon-box-img\" style=\"width: 32px\">\n\t\t\t\t<div class=\"icon\">\n\t\t\t\t\t<div class=\"icon-inner\" >\n\t\t\t\t\t\t<img decoding=\"async\" width=\"100\" height=\"83\" src=\"https:\/\/ddoptics.shop\/wp-content\/uploads\/2021\/05\/DDoptics-SHG-Icon.jpg\" class=\"attachment-medium size-medium\" alt=\"Prism\u00e1ticos DDoptics SHG Icon\" title=\"\">\t\t\t\t\t<\/div>\n\t\t\t\t<\/div>\n\t\t\t<\/div>\n\t\t\t\t<div class=\"icon-box-text last-reset\">\n\t\t\t\t\t\t\t\t\t\n<p>136 m de campo de visi\u00f3n<\/p>\n\t\t<\/div>\n\t<\/div>\n\t\n\t\n\n\t\t<div class=\"icon-box featured-box icon-box-left text-left\"  >\n\t\t\t\t\t<div class=\"icon-box-img\" style=\"width: 32px\">\n\t\t\t\t<div class=\"icon\">\n\t\t\t\t\t<div class=\"icon-inner\" >\n\t\t\t\t\t\t<img decoding=\"async\" width=\"100\" height=\"83\" src=\"https:\/\/ddoptics.shop\/wp-content\/uploads\/2021\/05\/DDoptics-SHG-Icon.jpg\" class=\"attachment-medium size-medium\" alt=\"Prism\u00e1ticos DDoptics SHG Icon\" title=\"\">\t\t\t\t\t<\/div>\n\t\t\t\t<\/div>\n\t\t\t<\/div>\n\t\t\t\t<div class=\"icon-box-text last-reset\">\n\t\t\t\t\t\t\t\t\t\n<p>Estanco a la presi\u00f3n del agua<\/p>\n\t\t<\/div>\n\t<\/div>\n\t\n\t\n\n\t\t<div class=\"icon-box featured-box icon-box-left text-left\"  >\n\t\t\t\t\t<div class=\"icon-box-img\" style=\"width: 32px\">\n\t\t\t\t<div class=\"icon\">\n\t\t\t\t\t<div class=\"icon-inner\" >\n\t\t\t\t\t\t<img decoding=\"async\" width=\"100\" height=\"83\" src=\"https:\/\/ddoptics.shop\/wp-content\/uploads\/2021\/05\/DDoptics-SHG-Icon.jpg\" class=\"attachment-medium size-medium\" alt=\"Prism\u00e1ticos DDoptics SHG Icon\" title=\"\">\t\t\t\t\t<\/div>\n\t\t\t\t<\/div>\n\t\t\t<\/div>\n\t\t\t\t<div class=\"icon-box-text last-reset\">\n\t\t\t\t\t\t\t\t\t\n<p>Vidrio SCHOTT HT - Revestimiento multicapa ZEISS T<\/p>\n\t\t<\/div>\n\t<\/div>\n\t\n\t\n\n\t\t<div class=\"icon-box featured-box icon-box-left text-left\"  >\n\t\t\t\t\t<div class=\"icon-box-img\" style=\"width: 32px\">\n\t\t\t\t<div class=\"icon\">\n\t\t\t\t\t<div class=\"icon-inner\" >\n\t\t\t\t\t\t<img decoding=\"async\" width=\"100\" height=\"83\" src=\"https:\/\/ddoptics.shop\/wp-content\/uploads\/2021\/05\/DDoptics-SHG-Icon.jpg\" class=\"attachment-medium size-medium\" alt=\"Prism\u00e1ticos DDoptics SHG Icon\" title=\"\">\t\t\t\t\t<\/div>\n\t\t\t\t<\/div>\n\t\t\t<\/div>\n\t\t\t\t<div class=\"icon-box-text last-reset\">\n\t\t\t\t\t\t\t\t\t\n<p>\u2705 Prisma Abbe King<\/p>\n\t\t<\/div>\n\t<\/div>\n\t\n\t\n\n\t\t<div class=\"icon-box featured-box icon-box-left text-left\"  >\n\t\t\t\t\t<div class=\"icon-box-img\" style=\"width: 32px\">\n\t\t\t\t<div class=\"icon\">\n\t\t\t\t\t<div class=\"icon-inner\" >\n\t\t\t\t\t\t<img decoding=\"async\" width=\"100\" height=\"83\" src=\"https:\/\/ddoptics.shop\/wp-content\/uploads\/2021\/05\/DDoptics-SHG-Icon.jpg\" class=\"attachment-medium size-medium\" alt=\"Prism\u00e1ticos DDoptics SHG Icon\" title=\"\">\t\t\t\t\t<\/div>\n\t\t\t\t<\/div>\n\t\t\t<\/div>\n\t\t\t\t<div class=\"icon-box-text last-reset\">\n\t\t\t\t\t\t\t\t\t\n<p>Carcasa de magnesio<\/p>\n\t\t<\/div>\n\t<\/div>\n\t\n\t\n<div class=\"is-divider divider clearfix\" ><\/div>\n\t\t<\/div>\n\t\t\t\t\t<\/div>\n\n\t\n<\/div>\n<h3>Concepto \u00f3ptico innovador: combinaci\u00f3n de lentes SCHOTT HT, revestimiento m\u00faltiple ZEISS T* y sistema de prismas Abbe-K\u00f6nig<\/h3>\n<p>Brillo inigualable gracias a un <strong>Transmisi\u00f3n de 95%<\/strong> y mucho m\u00e1s. El innovador concepto \u00f3ptico de la gama de prism\u00e1ticos VICTORY HT garantiza este valor m\u00e1ximo \u00fanico. Esto es posible gracias a la perfecta interacci\u00f3n de <strong>Objetivos SCHOTT HT, revestimiento m\u00faltiple ZEISS T* y sistema de prismas Abbe-K\u00f6nig.<\/strong><\/p>\n<p>Con este potente paquete de innovaciones, podr\u00e1 observar durante m\u00e1s tiempo que nunca, por ejemplo, durante la caza, incluso en el crep\u00fasculo m\u00e1s profundo.<\/p>\n<h3>Zeiss Victory 8\u00d742 - Concepto de enfoque confort ergon\u00f3mico para la m\u00e1xima ergonom\u00eda de uso<\/h3>\n<p>Esto le garantiza la <strong>innovador concepto Comfort Focus con su rueda de enfoque.<\/strong> Sorprendentemente grande, est\u00e1 situado muy hacia delante en el puente. Esto le permite manejar la rueda de enfoque con el dedo \u00edndice con total comodidad, incluso con guantes. La larga relaci\u00f3n de transmisi\u00f3n le permite enfocar con rapidez y precisi\u00f3n.<\/p>\n<h3>Puente de doble eslab\u00f3n extremadamente robusto en el Zeiss Victory 8\u00d742<\/h3>\n<p><strong>M\u00e1xima precisi\u00f3n y vida \u00fatil<\/strong> est\u00e1 garantizada por su dise\u00f1o extremadamente robusto. La carcasa, con su innovador puente de doble eslab\u00f3n, est\u00e1 fabricada en magnesio de alta resistencia pero superligero. Y la rueda de control para el enfoque est\u00e1 integrada de forma segura en la carcasa. De este modo, los prism\u00e1ticos premium VICTORY HT est\u00e1n perfectamente equipados incluso para el uso m\u00e1s duro.<\/p>\n<h3>Brillante concepto de FL<\/h3>\n<p><strong>Los prism\u00e1ticos m\u00e1s luminosos son tambi\u00e9n los m\u00e1s brillantes.<\/strong> El acreditado concepto FL eleva a un nuevo nivel los criterios decisivos de nitidez de imagen y brillo del color. Gracias al uso de lentes especiales que contienen fl\u00faor, pr\u00e1cticamente no notar\u00e1 m\u00e1s franjas de color. El concepto FL garantiza un excelente rendimiento de imagen e im\u00e1genes de alto contraste.<\/p>\n<h3>Revestimiento LotuTec<\/h3>\n<p>Disfrute de una calidad de imagen fascinante con cualquier tiempo. El revestimiento LotuTec\u00ae garantiza <strong>El agua resbala inmediatamente de la lente y la suciedad se elimina con facilidad, suavidad y sin dejar residuos.<\/strong><\/p>\n<h3>Conclusi\u00f3n sobre los prism\u00e1ticos Zeiss Victory 8\u00d742 HT<\/h3>\n<p>Extremadamente robusto y f\u00e1cil de manejar - en <strong>En cuanto a ergonom\u00eda, los prism\u00e1ticos Zeiss Victory 8\u00d742 HT son impresionantes.<\/strong> Al mismo tiempo, resulta muy resistente a la intemperie, por lo que tambi\u00e9n puede utilizarse en condiciones meteorol\u00f3gicas adversas. Sin olvidar la \u00f3ptica, que, gracias a los elevados valores de transmisi\u00f3n y a las caracter\u00edsticas de alta calidad, garantiza una visi\u00f3n clara y brillante. <strong>Im\u00e1genes n\u00edtidas hasta los bordes<\/strong> ofrece. A un precio actual de unos 1.706 euros, obtendr\u00e1 un potente compa\u00f1ero que, adem\u00e1s, cuenta con 10 a\u00f1os de garant\u00eda del fabricante.<\/p>","protected":false},"excerpt":{"rendered":"<h3>Los prism\u00e1ticos VICTORY HT 8\u00d742 T* premium de ZEISS<\/h3>\n<ul>\n<li>Entrega gratuita en Alemania<\/li>\n<li>Todos los precios incluyen IVA.<\/li>\n<\/ul>","protected":false},"featured_media":9267,"comment_status":"open","ping_status":"closed","template":"","meta":{"inline_featured_image":false,"footnotes":""},"product_brand":[],"product_cat":[362,349,358,345,344,346,238],"product_tag":[91,328,774],"class_list":{"0":"post-9265","1":"product","2":"type-product","3":"status-publish","4":"has-post-thumbnail","6":"product_cat-42-mm-objektiv","7":"product_cat-8x-vergroesserung","8":"product_cat-fernglas-objektivdurchmesser","9":"product_cat-jagd-und-wild","10":"product_cat-naturbeobachtung","11":"product_cat-wandern-und-reisen","12":"product_cat-zeiss-sport-optik","13":"product_tag-8x42","14":"product_tag-zeiss","15":"product_tag-zeiss-victory","16":"pa_brand-marke-zeiss","17":"pa_farbe-schwarz","18":"pa_produkt-typ-fernglas","20":"first","21":"instock","22":"taxable","23":"shipping-taxable","24":"product-type-external"},"bundled_by":[],"bundle_stock_status":"instock","bundle_stock_quantity":null,"bundle_virtual":false,"bundle_layout":"","bundle_add_to_cart_form_location":"","bundle_editable_in_cart":false,"bundle_sold_individually_context":"","bundle_item_grouping":"","bundle_min_size":"","bundle_max_size":"","bundle_price":[],"bundled_items":[],"bundle_sell_ids":[],"_links":{"self":[{"href":"https:\/\/ddoptics.shop\/es\/wp-json\/wp\/v2\/product\/9265","targetHints":{"allow":["GET"]}}],"collection":[{"href":"https:\/\/ddoptics.shop\/es\/wp-json\/wp\/v2\/product"}],"about":[{"href":"https:\/\/ddoptics.shop\/es\/wp-json\/wp\/v2\/types\/product"}],"replies":[{"embeddable":true,"href":"https:\/\/ddoptics.shop\/es\/wp-json\/wp\/v2\/comments?post=9265"}],"version-history":[{"count":7,"href":"https:\/\/ddoptics.shop\/es\/wp-json\/wp\/v2\/product\/9265\/revisions"}],"predecessor-version":[{"id":28477,"href":"https:\/\/ddoptics.shop\/es\/wp-json\/wp\/v2\/product\/9265\/revisions\/28477"}],"wp:featuredmedia":[{"embeddable":true,"href":"https:\/\/ddoptics.shop\/es\/wp-json\/wp\/v2\/media\/9267"}],"wp:attachment":[{"href":"https:\/\/ddoptics.shop\/es\/wp-json\/wp\/v2\/media?parent=9265"}],"wp:term":[{"taxonomy":"product_brand","embeddable":true,"href":"https:\/\/ddoptics.shop\/es\/wp-json\/wp\/v2\/product_brand?post=9265"},{"taxonomy":"product_cat","embeddable":true,"href":"https:\/\/ddoptics.shop\/es\/wp-json\/wp\/v2\/product_cat?post=9265"},{"taxonomy":"product_tag","embeddable":true,"href":"https:\/\/ddoptics.shop\/es\/wp-json\/wp\/v2\/product_tag?post=9265"}],"curies":[{"name":"wp","href":"https:\/\/api.w.org\/{rel}","templated":true}]}}