{"id":9922,"date":"2016-08-29T20:16:29","date_gmt":"2016-08-29T18:16:29","guid":{"rendered":"https:\/\/beta.optik-sport-shop.at\/kaufen\/kochbuch-jaeger-kochen-wild"},"modified":"2025-10-03T11:55:00","modified_gmt":"2025-10-03T09:55:00","slug":"libro-de-cocina-jaeger-cook-wild","status":"publish","type":"product","link":"https:\/\/ddoptics.shop\/es\/kaufen\/kochbuch-jaeger-kochen-wild\/","title":{"rendered":"Libro de cocina: Los cazadores cocinan caza"},"content":{"rendered":"<h2>Los famosos te invitan a un bol con libro de cocina<\/h2>\n<p><strong>Cazadores destacados<\/strong> cocinar para ti. El <strong>Libro de cocina de caza<\/strong> con el efecto de la mirada de reojo: <strong>Destacados cazadores austriacos<\/strong> revelan sus recetas de caza favoritas, \"aderezadas\" con muchas historias sobre la caza.<br \/>\nEntre los \"dadores de recetas\" figuran, por ejemplo Los condes Bernhard y Hans Georg Kinsky; el conde imperial Gundaccar Wurmbrand-Stuppach, director de ventas de Steyr-Mannlicher; el pr\u00edncipe Louis zu Sayn-Wittgenstein-Sayn, director gerente de G\u00f6ssl Gwandhaus; el conde Friedrich Hardegg; Hubert St\u00f6hr, cervecero y director gerente de Brauerei Schloss Eggenberg; el conde Alfons Mensdorff-Pouilly; Benedikt conde Segur-Cabanac, director gerente de BioTech GmbH; Christian Springer, director gerente de Johann Springer's Erben GmbH y otros.<br \/>\nEn <strong>Alcance de las recetas del juego<\/strong> abarca desde el <strong>Ragout de venado con chocolate y silla de venado en salsa de cerveza bock, goulash de gamuza de Altaussee, alb\u00f3ndigas de venado y tartar de venado, terrina de fais\u00e1n, pichones envueltos en tocino, sugo de conejo y, por \u00faltimo, alb\u00f3ndigas dulces de gamuza.<\/strong>aguardiente de nuez y aguardiente de pino pi\u00f1onero suizo especiado.<\/p>\n<h3>Los autores del libro de cocina de caza<\/h3>\n<p>Lisa Helena Lensing trabaja en el sector de la comunicaci\u00f3n y es cazadora. Paul Lensing, arquitecto de formaci\u00f3n, trabaja sobre todo en el campo de la sostenibilidad y ve un gran potencial en este \u00e1mbito, especialmente en la <strong>La caza es el alimento perfecto.<\/strong> Joseph Gasteiger-Rabensteiner es cazador por tradici\u00f3n familiar y desde hace tiempo practica la fotograf\u00eda paralelamente a su trabajo diario en el sector inmobiliario.<\/p>\n<h3>Un gran libro de cocina - adecuado como regalo para todos los cazadores y cocineros aficionados<\/h3>\n<p>En <strong>Libro de cocina de caza<\/strong> es <strong>Historias bien ilustradas y con humor agradable<\/strong> que invita a leer y a cocinar. Descubrir\u00e1 fant\u00e1sticas recetas directamente de quienes mejor deber\u00edan saberlo, los cazadores. <strong>A<\/strong>sin embargo<strong> ofrece mucho m\u00e1s que recetas.<\/strong> Las an\u00e9cdotas y la informaci\u00f3n de fondo sobre la caza tambi\u00e9n hacen que sea una lectura divertida e informativa para cualquiera que quiera saber m\u00e1s sobre la caza. El libro de cocina es sin duda un <strong>Gran adici\u00f3n a las conocidas recetas de juego<\/strong> y \u00a1seguro que le dar\u00e1 placer!<\/p>","protected":false},"excerpt":{"rendered":"<h3>Libro de cocina: Los cazadores cocinan caza<\/h3>\n<h4>a partir de 39,90<\/h4>\n<p>Para comprar en:<\/p>\n<a href=\"https:\/\/www.amazon.de\/gp\/product\/3702013695\/ref=as_li_tl?ie=UTF8&#038;camp=1638&#038;creative=19454&#038;creativeASIN=3702013695&#038;linkCode=as2&#038;tag=optsposho-21&#038;linkId=VJEQQZ25YBVJ4BO2\" target=\"_blank\" class=\"button success is-success is-medium\" rel=\"nofollow noopener\" >\n\t\t<span>Amazon<\/span>\n\t<\/a>\n\n<a href=\"http:\/\/ad.zanox.com\/ppc\/?30283886C42456355&#038;ULP=http:\/\/www.thalia.de\/shop\/home\/suchartikel\/jaeger_kochen_wild\/lisa_lensing\/ISBN3-7020-1369-5\/ID32253324.html?fftrk=2%3A2%3A10%3A10%3A1&#038;jumpId=3946928&#038;ProvID=10911378\" target=\"_blank\" class=\"button success is-success is-medium\" rel=\"nofollow noopener\" >\n\t\t<span>THALIA ALEMANIA<\/span>\n\t<\/a>\n\n<a href=\"http:\/\/ad.zanox.com\/ppc\/?30284203C81391933&#038;ULP=http:\/\/www.thalia.at\/shop\/home\/suchartikel\/jaeger_kochen_wild\/lisa_lensing\/ISBN3-7020-1369-5\/ID32253324.html?fftrk=2%3A2%3A10%3A10%3A1&#038;jumpId=12137031&#038;ProvID=10910929\" target=\"_blank\" class=\"button success is-success is-medium\" rel=\"nofollow noopener\" >\n\t\t<span>THALIA AUSTRIA<\/span>\n\t<\/a>","protected":false},"featured_media":9926,"comment_status":"open","ping_status":"closed","template":"","meta":{"inline_featured_image":false,"footnotes":""},"product_brand":[],"product_cat":[74],"product_tag":[422,425],"class_list":{"0":"post-9922","1":"product","2":"type-product","3":"status-publish","4":"has-post-thumbnail","6":"product_cat-buchtipps-buecher","7":"product_tag-buchtipp","8":"product_tag-wild-kochbuch","10":"first","11":"instock","12":"taxable","13":"shipping-taxable","14":"product-type-simple"},"bundled_by":[],"bundle_stock_status":"instock","bundle_stock_quantity":null,"bundle_virtual":false,"bundle_layout":"","bundle_add_to_cart_form_location":"","bundle_editable_in_cart":false,"bundle_sold_individually_context":"","bundle_item_grouping":"","bundle_min_size":"","bundle_max_size":"","bundle_price":[],"bundled_items":[],"bundle_sell_ids":[],"_links":{"self":[{"href":"https:\/\/ddoptics.shop\/es\/wp-json\/wp\/v2\/product\/9922","targetHints":{"allow":["GET"]}}],"collection":[{"href":"https:\/\/ddoptics.shop\/es\/wp-json\/wp\/v2\/product"}],"about":[{"href":"https:\/\/ddoptics.shop\/es\/wp-json\/wp\/v2\/types\/product"}],"replies":[{"embeddable":true,"href":"https:\/\/ddoptics.shop\/es\/wp-json\/wp\/v2\/comments?post=9922"}],"version-history":[{"count":1,"href":"https:\/\/ddoptics.shop\/es\/wp-json\/wp\/v2\/product\/9922\/revisions"}],"predecessor-version":[{"id":29106,"href":"https:\/\/ddoptics.shop\/es\/wp-json\/wp\/v2\/product\/9922\/revisions\/29106"}],"wp:featuredmedia":[{"embeddable":true,"href":"https:\/\/ddoptics.shop\/es\/wp-json\/wp\/v2\/media\/9926"}],"wp:attachment":[{"href":"https:\/\/ddoptics.shop\/es\/wp-json\/wp\/v2\/media?parent=9922"}],"wp:term":[{"taxonomy":"product_brand","embeddable":true,"href":"https:\/\/ddoptics.shop\/es\/wp-json\/wp\/v2\/product_brand?post=9922"},{"taxonomy":"product_cat","embeddable":true,"href":"https:\/\/ddoptics.shop\/es\/wp-json\/wp\/v2\/product_cat?post=9922"},{"taxonomy":"product_tag","embeddable":true,"href":"https:\/\/ddoptics.shop\/es\/wp-json\/wp\/v2\/product_tag?post=9922"}],"curies":[{"name":"wp","href":"https:\/\/api.w.org\/{rel}","templated":true}]}}