{"id":9927,"date":"2016-08-29T20:27:41","date_gmt":"2016-08-29T18:27:41","guid":{"rendered":"https:\/\/beta.optik-sport-shop.at\/kaufen\/kochbuch-wild-grillen-tom-heinzle"},"modified":"2025-10-03T11:54:24","modified_gmt":"2025-10-03T09:54:24","slug":"libro-de-cocina-asado-salvaje-tom-heinzle","status":"publish","type":"product","link":"https:\/\/ddoptics.shop\/es\/kaufen\/kochbuch-wild-grillen-tom-heinzle\/","title":{"rendered":"Libro de cocina: Asado salvaje de Tom Heinzle"},"content":{"rendered":"<h2>Wild Grilling Cookbook - \u00a1Imprescindible para cualquier barbacoa!<\/h2>\n<p><strong>Tom Heinzle, subcampe\u00f3n del mundo de barbacoa<\/strong> y autor del bestseller \"Wintergrillen\" presenta su <strong>Libro de cocina la m\u00e1s completa colecci\u00f3n de recetas sobre el tema de las barbacoas de caza<\/strong> antes.<\/p>\n<p>Salvaje es <strong>Sostenible, bajo en grasas y muy sabroso<\/strong> - Estas son las innovadoras recetas de barbacoa de la estrella fugaz del mundo de la barbacoa.<\/p>\n<h3>Asar muchos tipos diferentes de caza<\/h3>\n<p>Si<strong> Hamburguesa de venado, filete de venado con huevo de codorniz o pulled pork de jabal\u00ed<\/strong> - Las recetas de Tom son sensuales, creativas y con un<strong> instinto seguro para las combinaciones de sabores.<\/strong> Las grabaciones espaciales en entornos aut\u00e9nticos permiten a los <strong>Los corazones de los aficionados a la caza y la barbacoa<\/strong> m\u00e1s r\u00e1pido. Este libro es imprescindible para todo asador.<\/p>\n<h3>Para todos aquellos que buscan recetas inusuales de barbacoa con carne de caza<\/h3>\n<p>Como se puede adivinar por el t\u00edtulo, aqu\u00ed todo gira en torno a <strong>Cocina de juego<\/strong>. Hay cl\u00e1sicos como el pulled pork, pero por supuesto de jabal\u00ed, as\u00ed como costillas y algunos otros cl\u00e1sicos. Lejos del cl\u00e1sico wikdragout de <strong>La cocina de la abuela, reinterpretada aqu\u00ed con caza.<\/strong> En <strong>Las recetas est\u00e1n claramente estructuradas y expuestas.<\/strong><br \/>\nLas historias y las fotos dan ganas de probar las recetas. Una verdadera informaci\u00f3n privilegiada, no s\u00f3lo para cazadores. Adem\u00e1s de muchas recetas interesantes, tambi\u00e9n hay un poco de conocimiento t\u00e9cnico y del producto, como se puede encontrar en la mayor\u00eda de los libros de cocina. <strong>Libros de barbacoa<\/strong> hallazgos.<\/p>","protected":false},"excerpt":{"rendered":"<h3>Libro de cocina: Los cazadores cocinan caza<\/h3>\n<h4>a partir de 24,99<\/h4>\n<p>Para comprar en:<\/p>\n<a href=\"https:\/\/www.amazon.de\/gp\/product\/3868529322\/ref=as_li_tl?ie=UTF8&#038;camp=1638&#038;creative=19454&#038;creativeASIN=3868529322&#038;linkCode=as2&#038;tag=optsposho-21&#038;linkId=VFOE4X7J64IATGGT\" target=\"_blank\" class=\"button success is-success is-medium\" rel=\"nofollow noopener\" >\n\t\t<span>Amazon<\/span>\n\t<\/a>\n\n<a href=\"http:\/\/ad.zanox.com\/ppc\/?30283886C42456355&#038;ULP=http:\/\/www.thalia.de\/shop\/home\/suchartikel\/wild_grillen\/tom_heinzle\/ISBN3-86852-932-2\/ID39362044.html?fftrk=1%3A1%3A10%3A10%3A1&#038;jumpId=4017826&#038;ProvID=10911378\" target=\"_blank\" class=\"button success is-success is-medium\" rel=\"nofollow noopener\" >\n\t\t<span>THALIA ALEMANIA<\/span>\n\t<\/a>\n\n<a href=\"http:\/\/ad.zanox.com\/ppc\/?30284203C81391933&#038;ULP=http:\/\/www.thalia.at\/shop\/home\/suchartikel\/wild_grillen\/tom_heinzle\/ISBN3-86852-932-2\/ID39362044.html?fftrk=1%3A1%3A10%3A10%3A1&#038;jumpId=12298663&#038;ProvID=10910929\" target=\"_blank\" class=\"button success is-success is-medium\" rel=\"nofollow noopener\" >\n\t\t<span>THALIA AUSTRIA<\/span>\n\t<\/a>","protected":false},"featured_media":9930,"comment_status":"open","ping_status":"closed","template":"","meta":{"inline_featured_image":false,"footnotes":""},"product_brand":[],"product_cat":[74],"product_tag":[422,426,425],"class_list":{"0":"post-9927","1":"product","2":"type-product","3":"status-publish","4":"has-post-thumbnail","6":"product_cat-buchtipps-buecher","7":"product_tag-buchtipp","8":"product_tag-wild-grillen","9":"product_tag-wild-kochbuch","11":"first","12":"instock","13":"taxable","14":"shipping-taxable","15":"product-type-simple"},"bundled_by":[],"bundle_stock_status":"instock","bundle_stock_quantity":null,"bundle_virtual":false,"bundle_layout":"","bundle_add_to_cart_form_location":"","bundle_editable_in_cart":false,"bundle_sold_individually_context":"","bundle_item_grouping":"","bundle_min_size":"","bundle_max_size":"","bundle_price":[],"bundled_items":[],"bundle_sell_ids":[],"_links":{"self":[{"href":"https:\/\/ddoptics.shop\/es\/wp-json\/wp\/v2\/product\/9927","targetHints":{"allow":["GET"]}}],"collection":[{"href":"https:\/\/ddoptics.shop\/es\/wp-json\/wp\/v2\/product"}],"about":[{"href":"https:\/\/ddoptics.shop\/es\/wp-json\/wp\/v2\/types\/product"}],"replies":[{"embeddable":true,"href":"https:\/\/ddoptics.shop\/es\/wp-json\/wp\/v2\/comments?post=9927"}],"version-history":[{"count":1,"href":"https:\/\/ddoptics.shop\/es\/wp-json\/wp\/v2\/product\/9927\/revisions"}],"predecessor-version":[{"id":29105,"href":"https:\/\/ddoptics.shop\/es\/wp-json\/wp\/v2\/product\/9927\/revisions\/29105"}],"wp:featuredmedia":[{"embeddable":true,"href":"https:\/\/ddoptics.shop\/es\/wp-json\/wp\/v2\/media\/9930"}],"wp:attachment":[{"href":"https:\/\/ddoptics.shop\/es\/wp-json\/wp\/v2\/media?parent=9927"}],"wp:term":[{"taxonomy":"product_brand","embeddable":true,"href":"https:\/\/ddoptics.shop\/es\/wp-json\/wp\/v2\/product_brand?post=9927"},{"taxonomy":"product_cat","embeddable":true,"href":"https:\/\/ddoptics.shop\/es\/wp-json\/wp\/v2\/product_cat?post=9927"},{"taxonomy":"product_tag","embeddable":true,"href":"https:\/\/ddoptics.shop\/es\/wp-json\/wp\/v2\/product_tag?post=9927"}],"curies":[{"name":"wp","href":"https:\/\/api.w.org\/{rel}","templated":true}]}}