{"id":9931,"date":"2016-08-29T20:55:47","date_gmt":"2016-08-29T18:55:47","guid":{"rendered":"https:\/\/beta.optik-sport-shop.at\/?post_type=product&#038;p=9931"},"modified":"2025-10-03T11:53:04","modified_gmt":"2025-10-03T09:53:04","slug":"libro-consejo-recarga-para-cazadores-norbert-klups","status":"publish","type":"product","link":"https:\/\/ddoptics.shop\/es\/kaufen\/buchtipp-wiederladen-fuer-jaeger-norbert-klups\/","title":{"rendered":"Sugerencia de libro: Recarga para cazadores por Norbert Klups"},"content":{"rendered":"<h2>Recarga para cazadores: libro sobre la carga de munici\u00f3n de caza mayor y caza mayor<\/h2>\n<p>Especialmente para los <strong>recargador de caza<\/strong> se escribi\u00f3 este libro. El objetivo era presentar los cartuchos de caza libres de lastres innecesarios y proporcionar la <strong>Hunter un libro<\/strong> en sus manos. Un libro que resume de forma comprensible la informaci\u00f3n importante para el<strong> Recarga de cartuchos de caza<\/strong> son necesarios. Norbert Klups es uno de los periodistas especializados en equipos de caza y tecnolog\u00eda de armas m\u00e1s conocidos. Muchas de sus publicaciones son obras de referencia en este campo.<\/p>\n<h3>Conclusi\u00f3n sobre el libro: Cargar munici\u00f3n de caza mayor y batida<\/h3>\n<p>En <strong>El libro ofrece una amplia gama de datos<\/strong>que corresponde al <strong>Principiantes y recargadores experimentados<\/strong> igual de bien.<\/p>\n<p>Cada <strong>El cartucho se ha desarrollado con gran experiencia<\/strong> y ofrece al lector no s\u00f3lo un esbozo hist\u00f3rico, sino tambi\u00e9n una categorizaci\u00f3n seg\u00fan las valoraciones actuales. Norbert Klups se basa en muchos a\u00f1os de experiencia pr\u00e1ctica, lo que le permite no s\u00f3lo analizar la <strong>los requisitos para la parici\u00f3n de las piezas de caza en los cotos dom\u00e9sticos, pero tambi\u00e9n para las especies de caza africana<\/strong> a incluir.<\/p>\n<p>En <strong>Tipos de p\u00f3lvora, tipos de bala y pesos de bala<\/strong> est\u00e1n suficientemente presentados y ofrecen al recargador una amplia gama que deja poco que desear. El \u00fanico punto de cr\u00edtica que uno o dos lectores podr\u00edan plantear es que la <strong>Carga de datos en cargas \u00f3ptimas del autor<\/strong> y <strong>Sin datos de carga m\u00ednima o m\u00e1xima<\/strong> ser dado. En la actualidad apenas existe un libro comparable en alem\u00e1n y puede recomendarse sin reservas.<\/p>","protected":false},"excerpt":{"rendered":"<h4>a partir de 19,95<\/h4>\n<p>Para comprar en:<\/p>\n<a href=\"https:\/\/www.amazon.de\/gp\/product\/3788812702\/ref=as_li_tl?ie=UTF8&#038;camp=1638&#038;creative=19454&#038;creativeASIN=3788812702&#038;linkCode=as2&#038;tag=optsposho-21&#038;linkId=Y4EMIX7XE54DDSXO\" target=\"_blank\" class=\"button success is-success is-medium\" rel=\"nofollow noopener\" >\n\t\t<span>Amazon<\/span>\n\t<\/a>\n\n<a href=\"http:\/\/ad.zanox.com\/ppc\/?30283886C42456355&#038;ULP=http:\/\/www.thalia.de\/shop\/home\/suche\/;jsessionid=8B684651E84438E3C608ABB9B2D6BAAC.tc6pc?sq=Wiederladen+f%FCr+J%E4ger&#038;sswg=ANY&#038;timestamp=1423128355382&#038;ProvID=10911378\" target=\"_blank\" class=\"button success is-success is-medium\" rel=\"nofollow noopener\" >\n\t\t<span>THALIA ALEMANIA<\/span>\n\t<\/a>\n\n<a href=\"http:\/\/ad.zanox.com\/ppc\/?30284203C81391933&#038;ULP=http:\/\/www.thalia.at\/shop\/home\/suche\/;jsessionid=91728E029DC6402A03A5A5C0D3B0E461.tc5p?sq=Wiederladen+f%FCr+J%E4ger&#038;sswg=ANY&#038;timestamp=1423128379272&#038;ProvID=10910929\" target=\"_blank\" class=\"button success is-success is-medium\" rel=\"nofollow noopener\" >\n\t\t<span>THALIA AUSTRIA<\/span>\n\t<\/a>","protected":false},"featured_media":9932,"comment_status":"open","ping_status":"closed","template":"","meta":{"inline_featured_image":false,"footnotes":""},"product_brand":[],"product_cat":[74],"product_tag":[422,427],"class_list":{"0":"post-9931","1":"product","2":"type-product","3":"status-publish","4":"has-post-thumbnail","6":"product_cat-buchtipps-buecher","7":"product_tag-buchtipp","8":"product_tag-wiederladen-buch","10":"first","11":"instock","12":"taxable","13":"shipping-taxable","14":"product-type-simple"},"bundled_by":[],"bundle_stock_status":"instock","bundle_stock_quantity":null,"bundle_virtual":false,"bundle_layout":"","bundle_add_to_cart_form_location":"","bundle_editable_in_cart":false,"bundle_sold_individually_context":"","bundle_item_grouping":"","bundle_min_size":"","bundle_max_size":"","bundle_price":[],"bundled_items":[],"bundle_sell_ids":[],"_links":{"self":[{"href":"https:\/\/ddoptics.shop\/es\/wp-json\/wp\/v2\/product\/9931","targetHints":{"allow":["GET"]}}],"collection":[{"href":"https:\/\/ddoptics.shop\/es\/wp-json\/wp\/v2\/product"}],"about":[{"href":"https:\/\/ddoptics.shop\/es\/wp-json\/wp\/v2\/types\/product"}],"replies":[{"embeddable":true,"href":"https:\/\/ddoptics.shop\/es\/wp-json\/wp\/v2\/comments?post=9931"}],"version-history":[{"count":1,"href":"https:\/\/ddoptics.shop\/es\/wp-json\/wp\/v2\/product\/9931\/revisions"}],"predecessor-version":[{"id":29104,"href":"https:\/\/ddoptics.shop\/es\/wp-json\/wp\/v2\/product\/9931\/revisions\/29104"}],"wp:featuredmedia":[{"embeddable":true,"href":"https:\/\/ddoptics.shop\/es\/wp-json\/wp\/v2\/media\/9932"}],"wp:attachment":[{"href":"https:\/\/ddoptics.shop\/es\/wp-json\/wp\/v2\/media?parent=9931"}],"wp:term":[{"taxonomy":"product_brand","embeddable":true,"href":"https:\/\/ddoptics.shop\/es\/wp-json\/wp\/v2\/product_brand?post=9931"},{"taxonomy":"product_cat","embeddable":true,"href":"https:\/\/ddoptics.shop\/es\/wp-json\/wp\/v2\/product_cat?post=9931"},{"taxonomy":"product_tag","embeddable":true,"href":"https:\/\/ddoptics.shop\/es\/wp-json\/wp\/v2\/product_tag?post=9931"}],"curies":[{"name":"wp","href":"https:\/\/api.w.org\/{rel}","templated":true}]}}