{"id":9934,"date":"2016-08-29T21:06:56","date_gmt":"2016-08-29T19:06:56","guid":{"rendered":"https:\/\/beta.optik-sport-shop.at\/?post_type=product&#038;p=9934"},"modified":"2025-10-03T11:38:20","modified_gmt":"2025-10-03T09:38:20","slug":"libro-manual-practico-caza-caza-exitosa","status":"publish","type":"product","link":"https:\/\/ddoptics.shop\/es\/kaufen\/buch-praxishandbuch-jagd-erfolgreich-jagen-und-hegen\/","title":{"rendered":"Libro: Manual pr\u00e1ctico de caza - Caza y caza con \u00e9xito"},"content":{"rendered":"<h2>Manual de caza - la obra de referencia para cazar con \u00e9xito<\/h2>\n<p><strong>La caza es ante todo un oficio<\/strong>. Cazar y cazar con \u00e9xito significa dominar este oficio. <strong>biungulados, caza menor, pr\u00e1cticas de caza y terrenos de caza, perros de caza, armas de caza, \u00f3ptica<\/strong> y mucho m\u00e1s: el completo <strong>\"Manual de pr\u00e1cticas de caza\"<\/strong> contiene todo lo que los aspirantes a la licencia de caza, los j\u00f3venes cazadores y los \"veteranos\" necesitan saber sobre la caza, la guarda de animales y la pr\u00e1ctica de la caza. El manual indispensable para los profesionales.<\/p>\n<h3>Conclusi\u00f3n sobre el libro - Gu\u00eda pr\u00e1ctica de la caza<\/h3>\n<p>La 2\u00aa edici\u00f3n de 2006 del \"<strong>Gu\u00eda pr\u00e1ctica de la caza. El \u00e9xito de la caza<\/strong>\"de Bachmann y Roosen es cualquier cosa menos un libro de bolsillo ligero. En unas buenas 650 p\u00e1ginas, casi toda la informaci\u00f3n contenida en el libro se presenta de forma comprensible, bien ilustrada y con ilustraciones. <strong>Aspectos pr\u00e1cticos de la caza en Alemania<\/strong> en cap\u00edtulos manejables y tratados con suficiente profundidad. En este libro, la teor\u00eda se combina con la <strong>la realizaci\u00f3n pr\u00e1ctica de la caza<\/strong> El programa de formaci\u00f3n tambi\u00e9n cubre \u00e1reas que no est\u00e1n incluidas en el plan de formaci\u00f3n general.<\/p>\n<p>En general, causa muy buena impresi\u00f3n en t\u00e9rminos de calidad. Casi todo est\u00e1 incluido, <strong>algunas de las cosas que se descuidan en la educaci\u00f3n de los cazadores hoy en d\u00eda.<\/strong> En conjunto, un libro muy bueno que puede servir al cazador como libro de referencia.<\/p>","protected":false},"excerpt":{"rendered":"<h4>desde 49,90 euros - Nueva edici\u00f3n - desde 59,00 euros<\/h4>\n<p>Para comprar en:<\/p>\n<a href=\"https:\/\/www.amazon.de\/gp\/product\/344010298X\/ref=as_li_tl?ie=UTF8&#038;camp=1638&#038;creative=19454&#038;creativeASIN=344010298X&#038;linkCode=as2&#038;tag=optsposho-21&#038;linkId=LNM6DVQORQ2LV4HL\" target=\"_blank\" class=\"button success is-success is-medium\" rel=\"nofollow noopener\" >\n\t\t<span>Amazon<\/span>\n\t<\/a>\n\n<a href=\"http:\/\/ad.zanox.com\/ppc\/?30283886C42456355&#038;ULP=http:\/\/www.thalia.de\/shop\/home\/suche\/?sq=Praxishandbuch+Jagd&#038;sswg=ANY&#038;timestamp=1423128381250&#038;ProvID=10911378\" target=\"_blank\" class=\"button success is-success is-medium\" rel=\"nofollow noopener\" >\n\t\t<span>THALIA ALEMANIA<\/span>\n\t<\/a>\n\n<a href=\"http:\/\/ad.zanox.com\/ppc\/?30284203C81391933&#038;ULP=http:\/\/www.thalia.at\/shop\/home\/suche\/?sq=Praxishandbuch+Jagd&#038;sswg=ANY&#038;timestamp=1423128386149&#038;ProvID=10910929\" target=\"_blank\" class=\"button success is-success is-medium\" rel=\"nofollow noopener\" >\n\t\t<span>THALIA AUSTRIA<\/span>\n\t<\/a>","protected":false},"featured_media":9935,"comment_status":"open","ping_status":"closed","template":"","meta":{"inline_featured_image":false,"footnotes":""},"product_brand":[],"product_cat":[74],"product_tag":[422,428,429],"class_list":{"0":"post-9934","1":"product","2":"type-product","3":"status-publish","4":"has-post-thumbnail","6":"product_cat-buchtipps-buecher","7":"product_tag-buchtipp","8":"product_tag-jagd-buch","9":"product_tag-praxisbuch","11":"first","12":"instock","13":"taxable","14":"shipping-taxable","15":"product-type-simple"},"bundled_by":[],"bundle_stock_status":"instock","bundle_stock_quantity":null,"bundle_virtual":false,"bundle_layout":"","bundle_add_to_cart_form_location":"","bundle_editable_in_cart":false,"bundle_sold_individually_context":"","bundle_item_grouping":"","bundle_min_size":"","bundle_max_size":"","bundle_price":[],"bundled_items":[],"bundle_sell_ids":[],"_links":{"self":[{"href":"https:\/\/ddoptics.shop\/es\/wp-json\/wp\/v2\/product\/9934","targetHints":{"allow":["GET"]}}],"collection":[{"href":"https:\/\/ddoptics.shop\/es\/wp-json\/wp\/v2\/product"}],"about":[{"href":"https:\/\/ddoptics.shop\/es\/wp-json\/wp\/v2\/types\/product"}],"replies":[{"embeddable":true,"href":"https:\/\/ddoptics.shop\/es\/wp-json\/wp\/v2\/comments?post=9934"}],"version-history":[{"count":1,"href":"https:\/\/ddoptics.shop\/es\/wp-json\/wp\/v2\/product\/9934\/revisions"}],"predecessor-version":[{"id":29103,"href":"https:\/\/ddoptics.shop\/es\/wp-json\/wp\/v2\/product\/9934\/revisions\/29103"}],"wp:featuredmedia":[{"embeddable":true,"href":"https:\/\/ddoptics.shop\/es\/wp-json\/wp\/v2\/media\/9935"}],"wp:attachment":[{"href":"https:\/\/ddoptics.shop\/es\/wp-json\/wp\/v2\/media?parent=9934"}],"wp:term":[{"taxonomy":"product_brand","embeddable":true,"href":"https:\/\/ddoptics.shop\/es\/wp-json\/wp\/v2\/product_brand?post=9934"},{"taxonomy":"product_cat","embeddable":true,"href":"https:\/\/ddoptics.shop\/es\/wp-json\/wp\/v2\/product_cat?post=9934"},{"taxonomy":"product_tag","embeddable":true,"href":"https:\/\/ddoptics.shop\/es\/wp-json\/wp\/v2\/product_tag?post=9934"}],"curies":[{"name":"wp","href":"https:\/\/api.w.org\/{rel}","templated":true}]}}