{"id":10619,"date":"2017-03-06T15:40:47","date_gmt":"2017-03-06T14:40:47","guid":{"rendered":"https:\/\/beta.optik-sport-shop.at\/?page_id=10619"},"modified":"2025-11-05T12:24:52","modified_gmt":"2025-11-05T11:24:52","slug":"modes-de-paiement","status":"publish","type":"page","link":"https:\/\/ddoptics.shop\/fr\/zahlungsarten\/","title":{"rendered":"Modes de paiement chez Optik Sport Shop"},"content":{"rendered":"<div id=\"gap-481423337\" class=\"gap-element clearfix\" style=\"display:block; height:auto;\">\n\t\t\n<style>\n#gap-481423337 {\n  padding-top: 60px;\n}\n<\/style>\n\t<\/div>\n\t\n\n  <div class=\"banner has-hover\" id=\"banner-1754627323\">\n          <div class=\"banner-inner fill\">\n        <div class=\"banner-bg fill\" >\n            <img decoding=\"async\" width=\"1140\" height=\"300\" src=\"https:\/\/ddoptics.shop\/wp-content\/uploads\/2017\/03\/zahlungsmethoden-optik-sport-shop_1140.jpg\" class=\"bg attachment-orginal size-orginal\" alt=\"m\u00e9thodes de paiement boutique optik sport\" title=\"\">                        <div class=\"overlay\"><\/div>            \n                    <\/div>\n\t\t\n        <div class=\"banner-layers container\">\n            <div class=\"fill banner-link\"><\/div>            \n   <div id=\"text-box-845171153\" class=\"text-box banner-layer x50 md-x50 lg-x50 y50 md-y50 lg-y50 res-text\">\n                                <div class=\"text-box-content text dark\">\n              \n              <div class=\"text-inner text-center\">\n                  \n\t<div id=\"gap-1129377865\" class=\"gap-element clearfix\" style=\"display:block; height:auto;\">\n\t\t\n<style>\n#gap-1129377865 {\n  padding-top: 100px;\n}\n<\/style>\n\t<\/div>\n\t\n<h1 class=\"uppercase\"><span style=\"font-size: 80%;\">M\u00c9THODES DE PAIEMENT<\/span><\/h1>\n              <\/div>\n           <\/div>\n                            \n<style>\n#text-box-845171153 {\n  width: 60%;\n}\n#text-box-845171153 .text-box-content {\n  font-size: 100%;\n}\n<\/style>\n    <\/div>\n \n        <\/div>\n      <\/div>\n\n              <div class=\"height-fix is-invisible\"><img decoding=\"async\" width=\"1140\" height=\"300\" src=\"https:\/\/ddoptics.shop\/wp-content\/uploads\/2017\/03\/zahlungsmethoden-optik-sport-shop_1140.jpg\" class=\"attachment-orginal size-orginal\" alt=\"m\u00e9thodes de paiement boutique optik sport\" srcset=\"https:\/\/ddoptics.shop\/wp-content\/uploads\/2017\/03\/zahlungsmethoden-optik-sport-shop_1140.jpg 1140w, https:\/\/ddoptics.shop\/wp-content\/uploads\/2017\/03\/zahlungsmethoden-optik-sport-shop_1140-304x80.jpg 304w, https:\/\/ddoptics.shop\/wp-content\/uploads\/2017\/03\/zahlungsmethoden-optik-sport-shop_1140-305x80.jpg 305w, https:\/\/ddoptics.shop\/wp-content\/uploads\/2017\/03\/zahlungsmethoden-optik-sport-shop_1140-632x166.jpg 632w, https:\/\/ddoptics.shop\/wp-content\/uploads\/2017\/03\/zahlungsmethoden-optik-sport-shop_1140-800x211.jpg 800w, https:\/\/ddoptics.shop\/wp-content\/uploads\/2017\/03\/zahlungsmethoden-optik-sport-shop_1140-250x66.jpg 250w, https:\/\/ddoptics.shop\/wp-content\/uploads\/2017\/03\/zahlungsmethoden-optik-sport-shop_1140-510x134.jpg 510w\" sizes=\"(max-width: 1140px) 100vw, 1140px\" title=\"\"><\/div>\n            \n<style>\n#banner-1754627323 .overlay {\n  background-color: rgba(0, 0, 0, 0.17);\n}\n<\/style>\n  <\/div>\n\n\n<div class=\"row\"  id=\"row-1651723976\">\n\n\t<div id=\"col-666532151\" class=\"col small-12 large-12\"  >\n\t\t\t\t<div class=\"col-inner\"  >\n\t\t\t\n\t\t\t\n<h2>Comment payer facilement dans la boutique Optik Sport<\/h2>\n<p>D\u00e8s le d\u00e9but de la cr\u00e9ation de la boutique Optik Sport, il nous tenait \u00e0 c\u0153ur de rendre le processus de paiement aussi simple et pratique que possible. Pour atteindre cet objectif, le plus simple est de proposer toutes les options de paiement connues et volontiers utilis\u00e9es. Ainsi, il devrait \u00eatre facile pour vous, en tant que client, de finaliser votre commande \u00e9lectronique.<\/p>\n<h3>Nouveau : achat sur facture - s\u00e9curit\u00e9 pour les deux parties<\/h3>\n<p>En raison des nombreuses demandes de renseignements des clients, tous les<strong> produits optiques par achat sur facture<\/strong> - apr\u00e8s validation par Klarna - peuvent \u00eatre achet\u00e9s.<\/p>\n<div class=\"container section-title-container\" ><h3 class=\"section-title section-title-bold\"><b aria-hidden=\"true\"><\/b><span class=\"section-title-main\" >Paiement anticip\u00e9<\/span><b aria-hidden=\"true\"><\/b><\/h3><\/div>\n<p>D\u00e8s que nous recevons votre virement (en cas de paiement anticip\u00e9), nous pr\u00e9parons votre colis pour l'exp\u00e9dition. Nous attendons au maximum 7 jours la r\u00e9ception de votre virement, apr\u00e8s quoi nous annulons votre commande. <strong>Veuillez noter que<\/strong> Les virements (\u00e9galement en ligne) peuvent prendre 1 \u00e0 3 jours ouvrables de DE vers AT. C'est pourquoi nous vous d\u00e9conseillons de payer par avance pour les commandes urgentes.<\/p>\n<div class=\"container section-title-container\" ><h3 class=\"section-title section-title-bold\"><b aria-hidden=\"true\"><\/b><span class=\"section-title-main\" >Carte de cr\u00e9dit<\/span><b aria-hidden=\"true\"><\/b><\/h3><\/div>\n<p><img decoding=\"async\" class=\"alignright size-full wp-image-10637\" src=\"https:\/\/ddoptics.shop\/wp-content\/uploads\/2017\/03\/kreditkarte-optik-sport-shop_300.jpg\" alt=\"\" width=\"100\" height=\"70\" title=\"\">Nous <strong>supportent VISA et MasterCard <\/strong>et utilisons pour cela le prestataire de services financiers Stripe. Nous avons besoin des donn\u00e9es suivantes de votre part : <strong>Num\u00e9ro de carte, validit\u00e9, soci\u00e9t\u00e9 de carte de cr\u00e9dit <\/strong>ainsi que les<strong> Chiffre de contr\u00f4le de votre carte de cr\u00e9dit<\/strong>.<\/p>\n<p>Sur les cartes VISA et MasterCard, votre code de v\u00e9rification est un num\u00e9ro \u00e0 trois chiffres situ\u00e9 au dos de votre carte. Ce <strong>garantit<\/strong> le<strong> S\u00e9curit\u00e9 de paiement<\/strong> sur Internet. Il se peut que votre carte de cr\u00e9dit soit \u00e9galement activ\u00e9e pour le 3-D Secure Code.<\/p>\n<div class=\"container section-title-container\" ><h3 class=\"section-title section-title-bold\"><b aria-hidden=\"true\"><\/b><span class=\"section-title-main\" >PayPal<\/span><b aria-hidden=\"true\"><\/b><\/h3><\/div>\n<p><img decoding=\"async\" class=\"alignright size-full wp-image-10639\" src=\"https:\/\/ddoptics.shop\/wp-content\/uploads\/2017\/03\/paypal-optik-sport-shop_300.jpg\" alt=\"\" width=\"118\" height=\"30\" title=\"\">PayPal est devenu une r\u00e9f\u00e9rence mondiale en mati\u00e8re de s\u00e9curit\u00e9 des paiements. Apr\u00e8s l'achat, vous \u00eates redirig\u00e9 vers paypal.com pour le paiement. Avec ce mode de paiement, l'exp\u00e9dition est imm\u00e9diate, parfois le jour m\u00eame. Veuillez tenir compte de nos jours d'exp\u00e9dition en fonction du pays de destination. Nous ne facturons pas de frais de traitement suppl\u00e9mentaires pour ce mode de paiement.<\/p>\n<p>En collaboration avec le prestataire de services financiers Klarna, nous proposons aux clients d'Autriche, d'Allemagne et de tous les autres pays activ\u00e9s le <strong>Achat sur facture comme option de paiement<\/strong>. Le d\u00e9lai de paiement est de <strong>Facture Klarna 14 jours \u00e0 compter de la date de facturation.<\/strong> Le site <strong>la facture est \u00e9tablie au moment de l'exp\u00e9dition de la marchandise et envoy\u00e9e soit par e-mail, soit en m\u00eame temps que la marchandise<\/strong>.<\/p>\n<p>Veuillez noter que le mode de paiement sur facture ne peut \u00eatre utilis\u00e9 que si\u00a0<strong>l'adresse de facturation et l'adresse de livraison sont identiques<\/strong> et correspondre \u00e0 votre domicile priv\u00e9 (pas d'adresse d'entreprise ni de bo\u00eete postale).<\/p>\n<div class=\"container section-title-container\" ><h3 class=\"section-title section-title-bold\"><b aria-hidden=\"true\"><\/b><span class=\"section-title-main\" >Klarna<\/span><b aria-hidden=\"true\"><\/b><\/h3><\/div>\n<p><strong><img decoding=\"async\" class=\"alignright size-full wp-image-10636\" src=\"https:\/\/ddoptics.shop\/wp-content\/uploads\/2017\/03\/klarna-rechnung-optik-sport-shop_300.jpg\" alt=\"\" width=\"109\" height=\"30\" title=\"\">Le paiement est effectu\u00e9 \u00e0 Klarna.<\/strong> Veuillez noter que <strong>Facture Klarna uniquement pour les consommateurs<\/strong> est disponible. Pour plus d'informations et les conditions g\u00e9n\u00e9rales compl\u00e8tes de Klarna sur l'achat par facture, voir <a href=\"https:\/\/cdn.klarna.com\/1.0\/shared\/content\/legal\/terms\/31492\/de_at\/invoice?fee=0,90\" target=\"_blank\" rel=\"noopener noreferrer\">ICI pour les clients de l'Autriche<\/a> respectivement <a href=\"https:\/\/cdn.klarna.com\/1.0\/shared\/content\/legal\/terms\/31492\/de_de\/invoice?fee=0,90\" target=\"_blank\" rel=\"noopener noreferrer\">ICI pour les clients d'Allemagne<\/a>. En cas d'achat sur facture avec Klarna, nous pr\u00e9levons des frais de service de 1,50 \u20ac par commande.<\/p>\n<p><strong><img decoding=\"async\" class=\"alignright size-full wp-image-10635\" src=\"https:\/\/ddoptics.shop\/wp-content\/uploads\/2017\/03\/klarna-ratenkauf-optik-sport-shop_300.jpg\" alt=\"\" width=\"109\" height=\"30\" title=\"\">Klarna Ratenkauf (exclusivement pour les clients d'Allemagne)<\/strong><br \/>Avec le service de financement de Klarna, vous pouvez payer vos achats de mani\u00e8re flexible par mensualit\u00e9s d'au moins 1\/24 du montant total (avec un minimum de 6,95 \u20ac).<\/p>\n\t<div id=\"gap-1426951080\" class=\"gap-element clearfix\" style=\"display:block; height:auto;\">\n\t\t\n<style>\n#gap-1426951080 {\n  padding-top: 30px;\n}\n<\/style>\n\t<\/div>\n\t\n<div class=\"is-divider divider clearfix\" style=\"max-width:100%;height:1px;\"><\/div>\n<p>Sous r\u00e9serve d'erreurs d'impression et de composition. Version : 01.01.2025<\/p>\n\t\t<\/div>\n\t\t\t\t\t<\/div>\n\n\t\n<\/div>","protected":false},"excerpt":{"rendered":"","protected":false},"author":2,"featured_media":0,"parent":0,"menu_order":0,"comment_status":"closed","ping_status":"closed","template":"page-transparent-header.php","meta":{"inline_featured_image":false,"footnotes":""},"class_list":["post-10619","page","type-page","status-publish","hentry"],"_links":{"self":[{"href":"https:\/\/ddoptics.shop\/fr\/wp-json\/wp\/v2\/pages\/10619","targetHints":{"allow":["GET"]}}],"collection":[{"href":"https:\/\/ddoptics.shop\/fr\/wp-json\/wp\/v2\/pages"}],"about":[{"href":"https:\/\/ddoptics.shop\/fr\/wp-json\/wp\/v2\/types\/page"}],"author":[{"embeddable":true,"href":"https:\/\/ddoptics.shop\/fr\/wp-json\/wp\/v2\/users\/2"}],"replies":[{"embeddable":true,"href":"https:\/\/ddoptics.shop\/fr\/wp-json\/wp\/v2\/comments?post=10619"}],"version-history":[{"count":12,"href":"https:\/\/ddoptics.shop\/fr\/wp-json\/wp\/v2\/pages\/10619\/revisions"}],"predecessor-version":[{"id":29416,"href":"https:\/\/ddoptics.shop\/fr\/wp-json\/wp\/v2\/pages\/10619\/revisions\/29416"}],"wp:attachment":[{"href":"https:\/\/ddoptics.shop\/fr\/wp-json\/wp\/v2\/media?parent=10619"}],"curies":[{"name":"wp","href":"https:\/\/api.w.org\/{rel}","templated":true}]}}