{"id":10698,"date":"2017-03-08T00:02:51","date_gmt":"2017-03-07T23:02:51","guid":{"rendered":"https:\/\/beta.optik-sport-shop.at\/?page_id=10698"},"modified":"2017-06-27T15:04:26","modified_gmt":"2017-06-27T13:04:26","slug":"boutique-reseau","status":"publish","type":"page","link":"https:\/\/ddoptics.shop\/fr\/shop-netzwerk\/","title":{"rendered":"Boutique Partenariats en r\u00e9seau"},"content":{"rendered":"<p>Nous travaillons activement avec des boutiques partenaires afin de rendre notre message de \"sant\u00e9 globale\" accessible au plus grand nombre de personnes possible, en accompagnement de l'achat de produits auxquels nous sommes attach\u00e9s. Retrouver et prot\u00e9ger la sant\u00e9 en habitant et en dormant sans rayonnements, compl\u00e9t\u00e9s par des produits pr\u00e9cieux et efficaces, tel est notre objectif ambitieux.<\/p>\n<p><strong>Nous sommes fiers de pouvoir collaborer avec chacun des partenaires suivants via leurs boutiques en ligne. Cliquez ici !<\/strong><\/p>\n\n\t<div id=\"col-1253021670\" class=\"col medium-1\/1 large-12\"  data-animate=\"fadeInDown\">\n\t\t\t\t<div class=\"col-inner\"  >\n\t\t\t\n\t\t\t\n<div class=\"container section-title-container\" ><h3 class=\"section-title section-title-bold\"><b aria-hidden=\"true\"><\/b><span class=\"section-title-main\" >Boutique de fromage Alpen Sepp<\/span><b aria-hidden=\"true\"><\/b><\/h3><\/div>\n<p><img decoding=\"async\" class=\"alignright wp-image-8067\" src=\"https:\/\/pronatur24.shop\/wp-content\/uploads\/2014\/12\/alpensepp_logo_300.png\" alt=\"Logo Alpen Sepp\" width=\"250\" height=\"103\" title=\"\"><\/p>\n<p>Nous participons activement au projet paysan \"Alpen Sepp\" pour le d\u00e9veloppement de la boutique. Alpen Sepp est synonyme de produits de qualit\u00e9 de la r\u00e9gion du Bregenzerwald dans le Vorarlberg, en Autriche. Pour la premi\u00e8re fois, il est possible pour le client final d'acheter directement le meilleur fromage alpin de la cave \u00e0 fromage de la fromagerie d'alpage qui compte plus de 300 producteurs laitiers. Le plaisir du palais \u00e0 l'\u00e9tat pur est ainsi garanti ! Bien entendu, des informations sur le fromage sont obligatoirement \"embarqu\u00e9es\".<\/p>\n<p>Certains d'entre eux disposent de chambres de vacances et permettent ainsi de passer des \"vacances \u00e0 la ferme\". S'amuser avec tous les animaux de la ferme est garanti, mais il s'agit aussi de d\u00e9couvrir le quotidien du fermier. Des recettes savoureuses \u00e0 base de fromage des Alpes pr\u00e9par\u00e9es par la boulang\u00e8re attendent \u00e9galement d'\u00eatre d\u00e9couvertes. Le projet de ferme \"Alpen Sepp K\u00e4seshop\" est compl\u00e9t\u00e9 par des informations touristiques sur la r\u00e9gion et des itin\u00e9raires de randonn\u00e9e uniques dans le Bregenzerwald.<\/p>\n<p><a title=\"Vers la boutique de fromage Alpen Sepp\" href=\"http:\/\/alpensepp.com\/?partner=d3d9446802a44259755d38e6d163e820\" target=\"_blank\" rel=\"noopener\">\" Acc\u00e8s direct \u00e0 la boutique de fromages Alpen Sepp<\/a><\/p>\n\t\n    <div class=\"row\">\n    <div class=\"large-12 col\">\n      <h3 class=\"section-title\"><span>Extrait de fromage de l'Alpen Sepp<\/span><\/h3>\n    <\/div>\n  <\/div>\n  \n    <div class=\"row large-columns-4 medium-columns-3 small-columns-2 row-small slider row-slider slider-nav-reveal slider-nav-push\"  data-flickity-options='{&quot;imagesLoaded&quot;: true, &quot;groupCells&quot;: &quot;100%&quot;, &quot;dragThreshold&quot; : 5, &quot;cellAlign&quot;: &quot;left&quot;,&quot;wrapAround&quot;: true,&quot;prevNextButtons&quot;: true,&quot;percentPosition&quot;: true,&quot;pageDots&quot;: false, &quot;rightToLeft&quot;: false, &quot;autoPlay&quot; : false}' >\n\n  <\/div>\n\t\t<\/div>\n\t\t\t\t\t<\/div>\n\n\t\n\n\t<div id=\"col-40859980\" class=\"col medium-1\/1 large-12\"  data-animate=\"fadeInDown\">\n\t\t\t\t<div class=\"col-inner\"  >\n\t\t\t\n\t\t\t\n<div class=\"container section-title-container\" ><h3 class=\"section-title section-title-bold\"><b aria-hidden=\"true\"><\/b><span class=\"section-title-main\" >Boutique d'optique et de sport<\/span><b aria-hidden=\"true\"><\/b><\/h3><\/div>\n<p><img decoding=\"async\" class=\"alignright wp-image-13394\" src=\"https:\/\/pronatur24.shop\/wp-content\/uploads\/2015\/01\/optik-sport-shop-logo-300.png\" alt=\"Logo de la boutique Optik Sport\" width=\"250\" height=\"58\" title=\"\"><\/p>\n<p>La boutique Optik-Sport est le professionnel de l'\u0153il. Non, pas un opticien !<\/p>\n<p>Le magasin d'optique et de sport souhaite redonner aux gens le go\u00fbt de la nature et du monde animal. Dans notre vie quotidienne tr\u00e9pidante, nous oublions trop souvent que nous devons vivre en harmonie avec la nature pour pouvoir vivre nous-m\u00eames. Bien trop souvent, c'est notre environnement qui fait les frais de notre confort et de notre luxe, et beaucoup de gens ne per\u00e7oivent plus cette d\u00e9pendance et cette symbiose.<\/p>\n<p>Le magasin d'optique et de sport souhaite transmettre le sentiment de la nature et des animaux par le biais de votre vue et toucher ainsi votre c\u0153ur. D\u00e9couvrez la beaut\u00e9 de la nature et la biodiversit\u00e9 du monde animal de vos propres yeux. Retrouvez le lien avec la nature \u00e0 travers vos yeux - des moments incroyables n'attendent que d'\u00eatre d\u00e9couverts. Boutique d'optique et de sport... vos yeux vont faire des OEILS.<\/p>\n<p><a title=\"Vers la boutique Optik-Sport\" href=\"http:\/\/optik-sport-shop.at\" target=\"_blank\" rel=\"noopener\">\" Acc\u00e8s direct \u00e0 la boutique Optik-Sport<\/a><\/p>\n\t\t<\/div>\n\t\t\t\t\t<\/div>\n\n\t\n\n\t<div id=\"col-466390052\" class=\"col medium-1\/1 large-12\"  data-animate=\"fadeInDown\">\n\t\t\t\t<div class=\"col-inner\"  >\n\t\t\t\n\t\t\t\n<div class=\"container section-title-container\" ><h3 class=\"section-title section-title-bold\"><b aria-hidden=\"true\"><\/b><span class=\"section-title-main\" >Cabinet LebensPuls<\/span><b aria-hidden=\"true\"><\/b><\/h3><\/div>\n<p><img decoding=\"async\" class=\"alignright wp-image-13395\" src=\"https:\/\/pronatur24.shop\/wp-content\/uploads\/2015\/01\/praxis-lebenspuls-logo_300.png\" alt=\"Logo de NaturPraxis LebenPuls\" width=\"250\" height=\"109\" title=\"\"><\/p>\n<p>Andrea Mussmann, du cabinet LebenPuls, se d\u00e9crirait ainsi : \"<em>Je suis un m\u00e9diateur pour les hommes et les animaux. La sant\u00e9 des bip\u00e8des me tient \u00e0 c\u0153ur, mais mon c\u0153ur bat surtout pour nos compagnons de vie \u00e0 quatre pattes - nos animaux domestiques. Ils partagent leur vie avec nous et sont un membre important de la famille. Je vous aide \u00e0 comprendre votre animal et \u00e0 pr\u00e9server sa sant\u00e9 comme la v\u00f4tre.<\/em>\"<\/p>\n<p>Le cabinet LebensPuls travaille sur le plan \u00e9nerg\u00e9tique avec la kin\u00e9siologie, les fleurs de Bach, les herbes, les huiles aromatiques et les pierres de gu\u00e9rison et peut entre-temps pr\u00e9senter des r\u00e9sultats impressionnants. En 2014, le cabinet a lanc\u00e9 une boutique en ligne proposant des produits de soins sains pour les animaux et les humains \u00e0 base d'aloe vera. En outre, il existe bien plus que des aliments sp\u00e9ciaux pour chiens et chats. Pour la marque d'aliments pour animaux de compagnie defu, tout est parfait, jusque dans les moindres d\u00e9tails. Cela commence d\u00e9j\u00e0 par l'\u00e9levage respectueux des animaux de rente - dites HALLO \u00e0 la qualit\u00e9 Demeter pour votre animal domestique. Demeter, parce que le bio en dit long sur l'origine.<\/p>\n<p><a title=\"Vers le cabinet LebensPuls\" href=\"http:\/\/lebenspuls.com\" target=\"_blank\" rel=\"noopener\">\" Acc\u00e8s direct au cabinet LebensPuls<\/a><\/p>\n\t\n    <div class=\"row\">\n    <div class=\"large-12 col\">\n      <h3 class=\"section-title\"><span>Extrait d'aliments pour animaux du cabinet LebensPuls<\/span><\/h3>\n    <\/div>\n  <\/div>\n  \n    <div class=\"row large-columns-4 medium-columns-3 small-columns-2 row-small slider row-slider slider-nav-reveal slider-nav-push\"  data-flickity-options='{&quot;imagesLoaded&quot;: true, &quot;groupCells&quot;: &quot;100%&quot;, &quot;dragThreshold&quot; : 5, &quot;cellAlign&quot;: &quot;left&quot;,&quot;wrapAround&quot;: true,&quot;prevNextButtons&quot;: true,&quot;percentPosition&quot;: true,&quot;pageDots&quot;: false, &quot;rightToLeft&quot;: false, &quot;autoPlay&quot; : false}' >\n\n  <\/div>\n\t\t<\/div>\n\t\t\t\t\t<\/div>\n\n\t\n\n\t<div id=\"col-1572479962\" class=\"col medium-1\/1 large-12\"  data-animate=\"fadeInDown\">\n\t\t\t\t<div class=\"col-inner\"  >\n\t\t\t\n\t\t\t\n<div class=\"container section-title-container\" ><h3 class=\"section-title section-title-bold\"><b aria-hidden=\"true\"><\/b><span class=\"section-title-main\" >1000 vases<\/span><b aria-hidden=\"true\"><\/b><\/h3><\/div>\n<p><img decoding=\"async\" class=\"alignright wp-image-13396\" src=\"https:\/\/pronatur24.shop\/wp-content\/uploads\/2015\/01\/1000vasen-logo_300.png\" alt=\"Logo des 1000 vases\" width=\"250\" height=\"289\" title=\"\"><\/p>\n<p>En collaboration avec Elmar Kalb, la manufacture de design de Dornbirn (AT), nous avons eu l'id\u00e9e d'embellir simplement l'espace de l'appartement ou de la maison. L'homme passe beaucoup de temps entre ses quatre murs et nous avons pens\u00e9 qu'un jeu de verre et de couleurs apporterait forme et vie \u00e0 sa propre VIE.<\/p>\n<p>L'id\u00e9e \"1000 vases\" n'a pas encore de boutique en ligne, mais le showroom de Dornbirn attire l'attention !<\/p>\n<p>1000 vases ... habiter plus joliment, tout simplement !<\/p>\n<p><a title=\"Acc\u00e8s direct \u00e0 1000Vases\" href=\"http:\/\/1000vasen.com\" target=\"_blank\" rel=\"noopener\">\" Directement vers 1000 vases<\/a><\/p>\n\t\t<\/div>\n\t\t\t\t\t<\/div>\n\n\t\n<p>&nbsp;<\/p>","protected":false},"excerpt":{"rendered":"<p>Wir arbeiten aktiv mit Shop-Partnern zusammen um unsere Botschaft f\u00fcr die &#8220;ganzheitliche Gesundheit&#8221; m\u00f6glichst vielen Menschen zug\u00e4nglich zu machen, begleitend zum Einkauf liebgewonnener Produkte. Gesundheit wiederzufinden und zu sch\u00fctzen durch strahlenfrei wohnen und schlafen, erg\u00e4nzt mit wertvollen und wirksamen Produkten ist unser hohes Ziel. Wir sind stolz mit jedem der nachfolgenden Partner \u00fcber deren Onlineshops [&#8230;]\n","protected":false},"author":3,"featured_media":0,"parent":0,"menu_order":0,"comment_status":"closed","ping_status":"closed","template":"page-left-sidebar.php","meta":{"inline_featured_image":false,"footnotes":""},"class_list":["post-10698","page","type-page","status-publish","hentry"],"_links":{"self":[{"href":"https:\/\/ddoptics.shop\/fr\/wp-json\/wp\/v2\/pages\/10698","targetHints":{"allow":["GET"]}}],"collection":[{"href":"https:\/\/ddoptics.shop\/fr\/wp-json\/wp\/v2\/pages"}],"about":[{"href":"https:\/\/ddoptics.shop\/fr\/wp-json\/wp\/v2\/types\/page"}],"author":[{"embeddable":true,"href":"https:\/\/ddoptics.shop\/fr\/wp-json\/wp\/v2\/users\/3"}],"replies":[{"embeddable":true,"href":"https:\/\/ddoptics.shop\/fr\/wp-json\/wp\/v2\/comments?post=10698"}],"version-history":[{"count":0,"href":"https:\/\/ddoptics.shop\/fr\/wp-json\/wp\/v2\/pages\/10698\/revisions"}],"wp:attachment":[{"href":"https:\/\/ddoptics.shop\/fr\/wp-json\/wp\/v2\/media?parent=10698"}],"curies":[{"name":"wp","href":"https:\/\/api.w.org\/{rel}","templated":true}]}}