{"id":11262,"date":"2017-07-06T10:50:29","date_gmt":"2017-07-06T08:50:29","guid":{"rendered":"https:\/\/beta.optik-sport-shop.at\/?page_id=11262"},"modified":"2018-01-18T08:45:16","modified_gmt":"2018-01-18T07:45:16","slug":"produits-philosophie","status":"publish","type":"page","link":"https:\/\/ddoptics.shop\/fr\/produkte-philosophie\/","title":{"rendered":"DDoptics Optik Sport Shop Philosophie"},"content":{"rendered":"<div class=\"banner has-hover\" id=\"banner-1470829963\">\n          <div class=\"banner-inner fill\">\n        <div class=\"banner-bg fill\" >\n            <img decoding=\"async\" width=\"1020\" height=\"678\" src=\"https:\/\/ddoptics.shop\/wp-content\/uploads\/2017\/03\/Fernglas-Shop-1600x1064.jpg\" class=\"bg attachment-large size-large\" alt=\"Observation de la nature avec des jumelles\" title=\"\">                        <div class=\"overlay\"><\/div>            \n                    <\/div>\n\t\t\n        <div class=\"banner-layers container\">\n            <div class=\"fill banner-link\"><\/div>            \n   <div id=\"text-box-917404945\" class=\"text-box banner-layer x50 md-x50 lg-x50 y50 md-y50 lg-y50 res-text\">\n                                <div class=\"text-box-content text dark\">\n              \n              <div class=\"text-inner text-center\">\n                  \n<h1 class=\"uppercase\">Philosophie de la boutique DDOPTICS<\/h1>\n<div class=\"social-icons share-icons share-row relative\" ><a href=\"whatsapp:\/\/send?text=DDoptics%20Optik%20Sport%20Shop%20Philosophie - https:\/\/ddoptics.shop\/fr\/produkte-philosophie\/\" data-action=\"share\/whatsapp\/share\" class=\"icon button circle is-outline tooltip whatsapp show-for-medium\" title=\"Partager sur WhatsApp\" aria-label=\"Partager sur WhatsApp\"><i class=\"icon-whatsapp\" aria-hidden=\"true\"><\/i><\/a><a href=\"https:\/\/www.facebook.com\/sharer.php?u=https:\/\/ddoptics.shop\/fr\/produkte-philosophie\/\" data-label=\"Facebook\" onclick=\"window.open(this.href,this.title,'width=500,height=500,top=300px,left=300px'); return false;\" target=\"_blank\" class=\"icon button circle is-outline tooltip facebook\" title=\"Partager sur Facebook\" aria-label=\"Partager sur Facebook\" rel=\"noopener nofollow\"><i class=\"icon-facebook\" aria-hidden=\"true\"><\/i><\/a><a href=\"https:\/\/twitter.com\/share?url=https:\/\/ddoptics.shop\/fr\/produkte-philosophie\/\" onclick=\"window.open(this.href,this.title,'width=500,height=500,top=300px,left=300px'); return false;\" target=\"_blank\" class=\"icon button circle is-outline tooltip twitter\" title=\"Partager sur Twitter\" aria-label=\"Partager sur Twitter\" rel=\"noopener nofollow\"><i class=\"icon-twitter\" aria-hidden=\"true\"><\/i><\/a><a href=\"mailto:?subject=DDoptics%20Optik%20Sport%20Shop%20Philosophie&body=Regarde%20%C3%A7a%3A%20https%3A%2F%2Fddoptics.shop%2Ffr%2Fprodukte-philosophie%2F\" class=\"icon button circle is-outline tooltip email\" title=\"Envoyer par mail\" aria-label=\"Envoyer par mail\" rel=\"nofollow\"><i class=\"icon-envelop\" aria-hidden=\"true\"><\/i><\/a><a href=\"https:\/\/pinterest.com\/pin\/create\/button?url=https:\/\/ddoptics.shop\/fr\/produkte-philosophie\/&media&description=DDoptics%20Optik%20Sport%20Shop%20Philosophie\" onclick=\"window.open(this.href,this.title,'width=500,height=500,top=300px,left=300px'); return false;\" target=\"_blank\" class=\"icon button circle is-outline tooltip pinterest\" title=\"Epingler sur Pinterest\" aria-label=\"Epingler sur Pinterest\" rel=\"noopener nofollow\"><i class=\"icon-pinterest\" aria-hidden=\"true\"><\/i><\/a><a href=\"https:\/\/tumblr.com\/widgets\/share\/tool?canonicalUrl=https:\/\/ddoptics.shop\/fr\/produkte-philosophie\/\" target=\"_blank\" class=\"icon button circle is-outline tooltip tumblr\" onclick=\"window.open(this.href,this.title,'width=500,height=500,top=300px,left=300px'); return false;\" title=\"Partager sur Tumblr\" aria-label=\"Partager sur Tumblr\" rel=\"noopener nofollow\"><i class=\"icon-tumblr\" aria-hidden=\"true\"><\/i><\/a><\/div>\n              <\/div>\n           <\/div>\n                            \n<style>\n#text-box-917404945 .text-inner {\n  padding: 100px 0px 0px 0px;\n}\n#text-box-917404945 {\n  width: 60%;\n}\n#text-box-917404945 .text-box-content {\n  font-size: 100%;\n}\n<\/style>\n    <\/div>\n \n        <\/div>\n      <\/div>\n\n            \n<style>\n#banner-1470829963 {\n  padding-top: 300px;\n}\n#banner-1470829963 .overlay {\n  background-color: rgba(0, 0, 0, 0.17);\n}\n#banner-1470829963 .banner-bg img {\n  object-position: 65% 36%;\n}\n<\/style>\n  <\/div>\n\n\n<div class=\"row\"  id=\"row-128059235\">\n\n\t<div id=\"col-1204116478\" class=\"col small-12 large-12\"  >\n\t\t\t\t<div class=\"col-inner\"  >\n\t\t\t\n\t\t\t\n<h2>En savoir plus sur nos approches et nos exigences<\/h2>\n<div class=\"accordion\">\n\t<div id=\"accordion-2156734944\" class=\"accordion-item\">\n\t\t<a id=\"accordion-2156734944-label\" class=\"accordion-title plain active\" href=\"#accordion-item-warum-das-shopprojekt-ddoptics-optik-sport-shop?\" aria-expanded=\"true\" aria-controls=\"accordion-2156734944-content\">\n\t\t\t<button class=\"toggle\" aria-label=\"Basculer\"><i class=\"icon-angle-down\" aria-hidden=\"true\"><\/i><\/button>\n\t\t\t<span>Pourquoi le projet de magasinage DDoptics Optik Sport Shop ?<\/span>\n\t\t<\/a>\n\t\t<div id=\"accordion-2156734944-content\" class=\"accordion-inner\" style=\"display: block;\" aria-labelledby=\"accordion-2156734944-label\">\n\t\t\t\n<p><strong>L'id\u00e9e de la boutique de sport DDoptics Optik est n\u00e9e du souhait<\/strong>\u00a0de la qualit\u00e9 et de la nouveaut\u00e9 sans compromis.\u00a0<strong>Produits de plein air<\/strong>- et de la chasse \u00e0 d'autres personnes enthousiastes. Le d\u00e9veloppement du\u00a0<strong>Portail de chasse du Vorarlberg\u00a0<\/strong>a \u00e9galement montr\u00e9 que de nombreuses personnes recherchent des informations en ligne.<\/p>\n<p>Cela a conduit \u00e0 la recherche de\u00a0<strong>des alternatives int\u00e9ressantes\u00a0<\/strong>- comme les\u00a0<strong>Optique de marque DDoptics.<\/strong>\u00a0Dans divers forums, on parle d'exigeants\u00a0<strong>que du bien aux chasseurs et aux ornithologues<\/strong>\u00a0de plus en plus de gens ont commenc\u00e9 \u00e0 utiliser\u00a0<strong>des chasseurs enthousiastes et satisfaits du Vorarlberg et de la Suisse\u00a0<\/strong>Jumelles et lunettes de vis\u00e9e DDoptics en cours d'utilisation.<\/p>\n<p>Une raison suffisante pour regarder les optiques de plus pr\u00e8s. C'est\u00a0<strong>Il est remarquable que pour 1.000\u20ac, on puisse trouver des optiques de pointe vraiment excellentes.<\/strong>peut obtenir.\u00a0<strong>Faites preuve d'esprit critique et convainquez-vous !<\/strong><\/p>\n<p>Meilleures salutations du Vorarlberg, votre\u00a0<strong>Stephan Hohn<\/strong><\/p>\n\t\t<\/div>\n\t<\/div>\n\t\n\t<div id=\"accordion-1332278762\" class=\"accordion-item\">\n\t\t<a id=\"accordion-1332278762-label\" class=\"accordion-title plain\" href=\"#accordion-item-was-ist-ihr-vorteil-beim-ddoptics-optik-sport-shop-einkauf?\" aria-expanded=\"false\" aria-controls=\"accordion-1332278762-content\">\n\t\t\t<button class=\"toggle\" aria-label=\"Basculer\"><i class=\"icon-angle-down\" aria-hidden=\"true\"><\/i><\/button>\n\t\t\t<span>Quel est votre avantage en achetant dans la boutique DDoptics Optik Sport ?<\/span>\n\t\t<\/a>\n\t\t<div id=\"accordion-1332278762-content\" class=\"accordion-inner\" aria-labelledby=\"accordion-1332278762-label\">\n\t\t\t\n<p>Nous croyons en la<strong>\u00a0Niche<\/strong><\/p>\n<p>Pourquoi ? Nous croyons en la<strong>\u00a0Le pouvoir des nouvelles marques ind\u00e9pendantes<\/strong>\u00e0 ceux qui croient en eux-m\u00eames et qui ont le courage d'exprimer leurs sentiments.\u00a0<strong>de mettre en \u0153uvre leurs propres projets<\/strong>.<\/p>\n<p>De nombreuses start-up apportent de superbes id\u00e9es qui offrent d'\u00e9normes avantages dans la pratique. Avant que cela n'arrive dans les boutiques traditionnelles hors ligne, cela prend souvent beaucoup de temps - ou n'arrive pas du tout - comme par exemple le\u00a0<strong>Sac Jerven<\/strong>\u00a0de Norv\u00e8ge.<\/p>\n<p>De plus, nous croyons en la\u00a0<strong>Internet et les possibilit\u00e9s<\/strong>que cela nous ouvre \u00e0 tous, et que l'on peut ainsi\u00a0<strong>Gagner de l'argent\u00a0<\/strong>peut<strong>\u00a0avec les choses que l'on aime et que l'on aime faire.<\/strong><\/p>\n<p>La boutique Optik Sport cherche\u00a0<strong>des produits innovants et in\u00e9dits<\/strong>Les produits sont fabriqu\u00e9s par des entrepreneurs engag\u00e9s, qui ont choisi de mettre en avant leurs comp\u00e9tences.\u00a0<strong>Avantages<\/strong>\u00a0surtout pour le\u00a0<strong>Point Qualit\u00e9\u00a0<\/strong>peuvent jouer.<\/p>\n\t\t<\/div>\n\t<\/div>\n\t\n\t<div id=\"accordion-3797542484\" class=\"accordion-item\">\n\t\t<a id=\"accordion-3797542484-label\" class=\"accordion-title plain\" href=\"#accordion-item-ddoptics---staunen-beim-schauen\" aria-expanded=\"false\" aria-controls=\"accordion-3797542484-content\">\n\t\t\t<button class=\"toggle\" aria-label=\"Basculer\"><i class=\"icon-angle-down\" aria-hidden=\"true\"><\/i><\/button>\n\t\t\t<span>DDoptics - S'\u00e9merveiller en regardant<\/span>\n\t\t<\/a>\n\t\t<div id=\"accordion-3797542484-content\" class=\"accordion-inner\" aria-labelledby=\"accordion-3797542484-label\">\n\t\t\t\n<h3>Par amour pour les beaut\u00e9s de notre monde.<\/h3>\n<p>DDoptics est une entreprise familiale fond\u00e9e en 2004 \u00e0 Dresde. La devise de DDoptics -\u00a0<strong>L'image ne fait pas tout, la performance oui !<\/strong>\u00a0- nous a convaincus.<\/p>\n<p>L'\u0153il voit - l'optique fournit l'image. Mais toujours \u00e0 condition que la qualit\u00e9 soit au rendez-vous. C'est une des raisons pour lesquelles les clients critiques sont les bienvenus chez DDoptics.<\/p>\n<p>DDoptics offre \u00e0 ses clients\u00a0<strong>une qualit\u00e9 exceptionnelle \u00e0 un prix fantastique<\/strong>. De nombreux clients pr\u00e9f\u00e8rent donc acheter 2\u00a0<strong>Optiques DDoptics<\/strong>\u00a0(optimal pour chaque utilisation)\u00a0<strong>au lieu de\u00a0<\/strong>avec un<strong>\u00a0Compromis<\/strong>\u00a0de devoir se contenter d'un verre tr\u00e8s co\u00fbteux.<\/p>\n<h3>Pourquoi le choix s'est-il port\u00e9 sur DDoptics ?<\/h3>\n<p>DDoptics signifie\u00a0<strong>au lieu de gaspiller de l'argent, mieux vaut cr\u00e9er des avantages pour les clients.<\/strong>\u00a0C'est toujours mieux (voir les exp\u00e9riences des clients).<\/p>\n<p>Chez DDoptics, la grande volont\u00e9 de s'engager dans de nouvelles voies, comme par exemple les lunettes de soleil \u00e0 bas prix, est particuli\u00e8rement dans l'air du temps.\u00a0<strong>Utilisation d'Internet au lieu d'une publicit\u00e9 co\u00fbteuse<\/strong>dans des magazines. Au final, cela doit toujours \u00eatre pay\u00e9 par quelqu'un.<\/p>\n<p><strong>Identit\u00e9 de DDoptics<\/strong>\u00a0de notre point de vue (laissez-vous surprendre) :<\/p>\n<ul>\n<li>Sp\u00e9cialisation : concentration exclusive sur l'activit\u00e9 principale<\/li>\n<li>Performance : l'image ne fait pas tout, la performance oui !<\/li>\n<li>\u00c9quit\u00e9 : les prix les plus justes - pas de frais suppl\u00e9mentaires cach\u00e9s<\/li>\n<li>La meilleure qualit\u00e9 : aucun compromis et une garantie de 30 ans ou \u00e0 vie<\/li>\n<\/ul>\n\t\t<\/div>\n\t<\/div>\n\t\n\t<div id=\"accordion-3472377874\" class=\"accordion-item\">\n\t\t<a id=\"accordion-3472377874-label\" class=\"accordion-title plain\" href=\"#accordion-item-partner-netzwerk\" aria-expanded=\"false\" aria-controls=\"accordion-3472377874-content\">\n\t\t\t<button class=\"toggle\" aria-label=\"Basculer\"><i class=\"icon-angle-down\" aria-hidden=\"true\"><\/i><\/button>\n\t\t\t<span>R\u00e9seau de partenaires<\/span>\n\t\t<\/a>\n\t\t<div id=\"accordion-3472377874-content\" class=\"accordion-inner\" aria-labelledby=\"accordion-3472377874-label\">\n\t\t\t\n<h3>Des partenaires solides en arri\u00e8re-plan<\/h3>\n<p>Ce sont nos marques et partenaires avec lesquels nous collaborons activement. Chacun est un professionnel dans son domaine !<\/p>\n\t\t<\/div>\n\t<\/div>\n\t\n<\/div>\n\t\t<\/div>\n\t\t\t\t\t<\/div>\n\n\t\n<\/div>","protected":false},"excerpt":{"rendered":"","protected":false},"author":2,"featured_media":0,"parent":0,"menu_order":0,"comment_status":"closed","ping_status":"closed","template":"page-transparent-header.php","meta":{"inline_featured_image":false,"footnotes":""},"class_list":["post-11262","page","type-page","status-publish","hentry"],"_links":{"self":[{"href":"https:\/\/ddoptics.shop\/fr\/wp-json\/wp\/v2\/pages\/11262","targetHints":{"allow":["GET"]}}],"collection":[{"href":"https:\/\/ddoptics.shop\/fr\/wp-json\/wp\/v2\/pages"}],"about":[{"href":"https:\/\/ddoptics.shop\/fr\/wp-json\/wp\/v2\/types\/page"}],"author":[{"embeddable":true,"href":"https:\/\/ddoptics.shop\/fr\/wp-json\/wp\/v2\/users\/2"}],"replies":[{"embeddable":true,"href":"https:\/\/ddoptics.shop\/fr\/wp-json\/wp\/v2\/comments?post=11262"}],"version-history":[{"count":0,"href":"https:\/\/ddoptics.shop\/fr\/wp-json\/wp\/v2\/pages\/11262\/revisions"}],"wp:attachment":[{"href":"https:\/\/ddoptics.shop\/fr\/wp-json\/wp\/v2\/media?parent=11262"}],"curies":[{"name":"wp","href":"https:\/\/api.w.org\/{rel}","templated":true}]}}