{"id":14703,"date":"2019-06-04T12:08:31","date_gmt":"2019-06-04T10:08:31","guid":{"rendered":"https:\/\/ddoptics.shop\/?page_id=14703"},"modified":"2020-08-16T12:50:20","modified_gmt":"2020-08-16T10:50:20","slug":"lunettes-de-visee-pour-la-chasse-a-laffut","status":"publish","type":"page","link":"https:\/\/ddoptics.shop\/fr\/zielfernrohr-jagd-fuer-ansitzjagd\/","title":{"rendered":"Zielfernrohr f\u00fcr die Jagd &#8211; speziell Ansitzjagd"},"content":{"rendered":"<h1 class=\"page-title category-title\">Recommandation : Lunette de vis\u00e9e id\u00e9ale pour la chasse - en particulier la chasse \u00e0 l'aff\u00fbt<\/h1>\n<div class=\"category-description std\">\n<div class=\"category-description std\">\n<p>De nombreux fabricants distinguent les diff\u00e9rents <strong>Lignes de la lunette de vis\u00e9e<\/strong> en principe dans une <strong>Une classe \u00e9conomique et une classe premium pour les optiques de vis\u00e9e<\/strong>. Cette distinction n'a jamais \u00e9t\u00e9 et ne sera jamais faite chez DDoptics.<\/p>\n<p>Cela signifie en effet qu'un <strong>verre bon march\u00e9 pour le client peu fortun\u00e9<\/strong> et le <strong>pour les clients disposant de moyens financiers importants<\/strong>. Au sens large, cela conduit \u00e0 <strong>Une sorte de \"contrainte de club\" du point de vue de la gestion de la marque<\/strong> et beaucoup s'\u00e9conomisent pour un produit haut de gamme et doivent se contenter d'autres sujets tr\u00e8s importants comme la <strong>\u00c9conomiser sur le montage ZF<\/strong> (une grosse erreur).<\/p>\n<blockquote><p><strong><img decoding=\"async\" class=\"alignright wp-image-11210\" src=\"https:\/\/ddoptics.shop\/wp-content\/uploads\/2016\/09\/DDoptics-Logo.jpg\" alt=\"Logo DDoptics\" width=\"300\" height=\"200\" title=\"\" srcset=\"https:\/\/ddoptics.shop\/wp-content\/uploads\/2016\/09\/DDoptics-Logo.jpg 600w, https:\/\/ddoptics.shop\/wp-content\/uploads\/2016\/09\/DDoptics-Logo-304x203.jpg 304w, https:\/\/ddoptics.shop\/wp-content\/uploads\/2016\/09\/DDoptics-Logo-305x203.jpg 305w, https:\/\/ddoptics.shop\/wp-content\/uploads\/2016\/09\/DDoptics-Logo-510x340.jpg 510w, https:\/\/ddoptics.shop\/wp-content\/uploads\/2016\/09\/DDoptics-Logo-250x167.jpg 250w\" sizes=\"(max-width: 300px) 100vw, 300px\" \/>Ce qui nous pla\u00eet particuli\u00e8rement chez DDoptics :<\/strong><\/p>\n<ul style=\"list-style-type: circle;\">\n<li>Chez DDoptics, le d\u00e9veloppement des diff\u00e9rents produits ZF se poursuit avec une augmentation des g\u00e9n\u00e9rations. Le client re\u00e7oit toujours le meilleur ZF selon l'\u00e9tat actuel du d\u00e9veloppement.<\/li>\n<li>Le meilleur rapport qualit\u00e9\/prix est obtenu via des quantit\u00e9s raisonnables et sans publicit\u00e9 co\u00fbteuse dans les m\u00e9dias classiques.<\/li>\n<\/ul>\n<\/blockquote>\n<p>R\u00e9sultat : chaque client re\u00e7oit un <strong>Lunette de vis\u00e9e de qualit\u00e9 DDoptics avec des caract\u00e9ristiques maximales<\/strong> comme par exemple<\/p>\n<ul>\n<li>Les lunettes de vis\u00e9e sont variables Zoom 4x ou Zoom 6x<\/li>\n<li>R\u00e9ticule dans le 2e plan de l'image<\/li>\n<li>Traitements et transmissions lumineuses maximales possibles au-dessus de 95%<\/li>\n<li>Le r\u00e9glage de la parallaxe est standard<\/li>\n<li>Le point lumineux est standard<\/li>\n<li>A partir de Gen 3 - Zerostop pour ASV<\/li>\n<\/ul>\n<h2>Qu'est-ce qui fait en g\u00e9n\u00e9ral une bonne lunette de vis\u00e9e pour la chasse \u00e0 l'aff\u00fbt ?<\/h2>\n<ul>\n<li>Les lentilles de la lunette de vis\u00e9e :<br \/>\n- La qualit\u00e9 du traitement (= rev\u00eatement antireflet) et des verres<br \/>\n- La transmission de la lumi\u00e8re (=luminosit\u00e9 dans le champ de vision) entre 95 et 97%<br \/>\n- La nettet\u00e9 p\u00e9riph\u00e9rique (= image en bordure du champ de vision)<br \/>\n- la possibilit\u00e9 d'ajuster la nettet\u00e9 des verres (r\u00e9glage de la parallaxe)<\/li>\n<li>Le r\u00e9ticule de la lunette de vis\u00e9e :<br \/>\n- Avec ou sans \u00e9clairage (aide \u00e0 la tomb\u00e9e de la nuit)<\/li>\n<li>Le r\u00e9glage de la lunette de vis\u00e9e :<br \/>\n- R\u00e9glage gauche-droite et hauteur pas trop grossier<br \/>\n- La r\u00e9p\u00e9tabilit\u00e9 doit \u00eatre assur\u00e9e<br \/>\n- Robustesse aux chocs et aux coups de feu<br \/>\n- Rapide et simple<\/li>\n<\/ul>\n<h3>La lunette de vis\u00e9e id\u00e9ale pour la chasse \u00e0 l'aff\u00fbt<\/h3>\n<p>jambe de la <a href=\"https:\/\/de.wikipedia.org\/wiki\/Ansitzjagd\" target=\"_blank\" rel=\"noopener noreferrer\"><strong>Chasse \u00e0 l'approche<\/strong> <\/a>le type d'\u00e9tablissement dans lequel vous travaillez joue certainement un r\u00f4le important. <strong>territoire \u00e0 la chasse<\/strong> est en cours. Puis-je aller jusqu'\u00e0 <strong>ou est-ce qu'une marche d'une heure est possible ?<\/strong> \u00e9ventuellement avec des passages raides. Dans un secteur plat, avec un bon acc\u00e8s et avec la <strong>Type de gibier sanglier jouer Poids et dimensions<\/strong> ne joue pas un grand r\u00f4le. Ici, le ZF doit \u00eatre polyvalent, un\u00a0<strong>grand champ de vision<\/strong> et qui, dans la<strong> Cr\u00e9puscule sa force<\/strong> prouvent. Un<strong> Objectif de 56 mm<\/strong> und gr\u00f6sser ist hier sicher die richtige Wahl. Eine Variable Vergr\u00f6sserung ist sicher auch zu empfehlen, da Sch\u00fcsse auf nahe und ferne Distanzen zu erwarten sind. Sobald aber l\u00e4ngere Fu\u00dfm\u00e4rsche ein Thema sind, sollte aufgrund des Gewichtes auf nicht mehr als 50 mm Objektiv zur\u00fcckgegriffen werden.<\/p>\n<p>En ce qui concerne le poids, tous les fabricants misent aujourd'hui sur la l\u00e9g\u00e8ret\u00e9. <strong>mat\u00e9riaux l\u00e9gers<\/strong> ont \u00e9t\u00e9 utilis\u00e9s. L'\u00e9poque des bo\u00eetiers lourds en acier, etc. est r\u00e9volue. Seules les grandes lentilles en verre augmentent le poids et les dimensions - ce qui nous am\u00e8ne d\u00e9j\u00e0 au sujet.<\/p>\n<blockquote><p>Lors de la chasse \u00e0 l'aff\u00fbt, les <a href=\"https:\/\/ddoptics.shop\/fr\/boutique\/lunette-de-visee\/lunette-de-visee-diametre-de-lobjectif\/56-mm-diametre-de-lobjectif\/\" target=\"_blank\" rel=\"noopener noreferrer\">56 er objectifs g\u00e9n\u00e9ralement recommand\u00e9s.<\/a> Des performances cr\u00e9pusculaires \u00e9lev\u00e9es et un grand champ de vision offrent de nombreux avantages.<\/p><\/blockquote>\n<p>Lors de la <strong>chasse \u00e0 l'aff\u00fbt, il est conseill\u00e9\u00a0<\/strong>ein variables Zielfernrohr mit mind. 50\u00a0mm Objektivdurchmesser zu w\u00e4hlen. Der Zoomfaktor bleibt den pers\u00f6nlichen Vorlieben \u00fcberlassen. Dem einen J\u00e4ger reicht ein 1-4 fach. Ein anderer J\u00e4ger will bis zur 6x Vergr\u00f6sserung (5-30 &#8211; fach) gehen um den Anwendungsbereich zu erh\u00f6hen.<\/p>\n<p><strong>Comparaison ZF et ad\u00e9quation selon le diam\u00e8tre de l'objectif<\/strong><\/p>\n<table style=\"width: 835px;\">\n<tbody>\n<tr>\n<td style=\"width: 113px;\"><strong>Intensit\u00e9 lumineuse<\/strong><\/td>\n<td style=\"width: 176.778px;\"><strong>Diam\u00e8tre de l'objectif<\/strong><\/td>\n<td style=\"width: 527.222px;\"><strong>Utilisation<\/strong><\/td>\n<\/tr>\n<tr>\n<td style=\"width: 113px;\">faible<\/td>\n<td style=\"width: 176.778px;\">25 mm<\/td>\n<td style=\"width: 527.222px;\">ZF pour la chasse en battue<\/td>\n<\/tr>\n<tr>\n<td style=\"width: 113px;\">moyen \u00e0 \u00e9lev\u00e9<\/td>\n<td style=\"width: 176.778px;\">42 mm, 50 mm<\/td>\n<td style=\"width: 527.222px;\">Allround ZF Id\u00e9al jusqu'\u00e0 la tomb\u00e9e de la nuit (tardive), chasse \u00e0 l'approche, chasse en montagne<\/td>\n<\/tr>\n<tr>\n<td style=\"width: 113px;\">tr\u00e8s \u00e9lev\u00e9<\/td>\n<td style=\"width: 176.778px;\">56 mm, 60 mm<\/td>\n<td style=\"width: 527.222px;\">Jumelles de nuit plus lourdes pour la chasse \u00e0 l'aff\u00fbt<\/td>\n<\/tr>\n<\/tbody>\n<\/table>\n<p><strong>ZV Comparaison et ad\u00e9quation apr\u00e8s agrandissement<\/strong><\/p>\n<table>\n<tbody>\n<tr>\n<td><strong>Agrandissement :<\/strong><\/td>\n<td><strong>petit<\/strong><\/td>\n<\/tr>\n<tr>\n<td>1-6x<\/td>\n<td>id\u00e9al pour la chasse \u00e0 l'approche et la chasse en mouvement - tirs \u00e0 courte distance<\/td>\n<\/tr>\n<tr>\n<td><strong>Agrandissement<\/strong><\/td>\n<td><strong>moyen<\/strong><\/td>\n<\/tr>\n<tr>\n<td>\u00a0jusqu'\u00e0 15x<\/td>\n<td>id\u00e9al pour de nombreuses applications cyn\u00e9g\u00e9tiques comme la chasse \u00e0 l'approche, la chasse \u00e0 l'aff\u00fbt et la chasse en montagne<\/td>\n<\/tr>\n<tr>\n<td><strong>Agrandissement<\/strong><\/td>\n<td><strong>\u00e9lev\u00e9<\/strong><\/td>\n<\/tr>\n<tr>\n<td>\u00a0jusqu'\u00e0 30x<\/td>\n<td>\u00a0Lunette de vis\u00e9e pour le sport et les tirs lointains en montagne, utilisation comme substitut de la longue-vue<\/td>\n<\/tr>\n<\/tbody>\n<\/table>\n<\/div>\n<\/div>","protected":false},"excerpt":{"rendered":"<p>Empfehlung: Ideales Zielfernrohr f\u00fcr die Jagd &#8211; speziell Ansitzjagd Viele Hersteller unterteilen bei den verschiedene Zielfernrohr-Linien grunds\u00e4tzlich in eine G\u00fcnstige und eine Premium Klasse bei Zieloptiken. Diese Unterscheidung wurde und wird bei DDoptics nie gemacht. Das bedeutet n\u00e4mlich, ein billiges Glas f\u00fcr den nicht so finanzkr\u00e4ftigen Kunden und das teure f\u00fcr den finanzkr\u00e4ftigen Kunden. Im [&#8230;]\n","protected":false},"author":2,"featured_media":0,"parent":0,"menu_order":0,"comment_status":"closed","ping_status":"closed","template":"","meta":{"inline_featured_image":false,"footnotes":""},"class_list":["post-14703","page","type-page","status-publish","hentry"],"_links":{"self":[{"href":"https:\/\/ddoptics.shop\/fr\/wp-json\/wp\/v2\/pages\/14703","targetHints":{"allow":["GET"]}}],"collection":[{"href":"https:\/\/ddoptics.shop\/fr\/wp-json\/wp\/v2\/pages"}],"about":[{"href":"https:\/\/ddoptics.shop\/fr\/wp-json\/wp\/v2\/types\/page"}],"author":[{"embeddable":true,"href":"https:\/\/ddoptics.shop\/fr\/wp-json\/wp\/v2\/users\/2"}],"replies":[{"embeddable":true,"href":"https:\/\/ddoptics.shop\/fr\/wp-json\/wp\/v2\/comments?post=14703"}],"version-history":[{"count":1,"href":"https:\/\/ddoptics.shop\/fr\/wp-json\/wp\/v2\/pages\/14703\/revisions"}],"predecessor-version":[{"id":23287,"href":"https:\/\/ddoptics.shop\/fr\/wp-json\/wp\/v2\/pages\/14703\/revisions\/23287"}],"wp:attachment":[{"href":"https:\/\/ddoptics.shop\/fr\/wp-json\/wp\/v2\/media?parent=14703"}],"curies":[{"name":"wp","href":"https:\/\/api.w.org\/{rel}","templated":true}]}}