{"id":14708,"date":"2019-06-04T12:39:41","date_gmt":"2019-06-04T10:39:41","guid":{"rendered":"https:\/\/ddoptics.shop\/?page_id=14708"},"modified":"2020-08-16T13:09:48","modified_gmt":"2020-08-16T11:09:48","slug":"lunette-de-visee-sport-entrainement-et-competition","status":"publish","type":"page","link":"https:\/\/ddoptics.shop\/fr\/zielfernrohr-sport-training-und-wettkampf\/","title":{"rendered":"Zielfernrohr f\u00fcr Schie\u00dfsport &#8211; Training und Wettkampf"},"content":{"rendered":"<h1 class=\"page-title category-title\">Recommandation : Lunette de vis\u00e9e id\u00e9ale pour le tir sportif - sp\u00e9cialement pour l'entra\u00eenement, la comp\u00e9tition et le tir \u00e0 longue distance<\/h1>\n<div class=\"category-description std\">\n<div class=\"category-description std\">\n<p>De nombreux fabricants distinguent les diff\u00e9rents <strong>Lignes de la lunette de vis\u00e9e<\/strong> en principe dans une <strong>Une classe \u00e9conomique et une classe premium<\/strong>. Cette distinction n'a jamais \u00e9t\u00e9 et ne sera jamais faite chez DDoptics.<\/p>\n<p>Cela signifie en effet qu'un <strong>verre bon march\u00e9 pour le client peu fortun\u00e9<\/strong> et le <strong>pour les clients disposant de moyens financiers importants<\/strong>. Au sens large, cela conduit \u00e0 <strong>Une sorte de \"contrainte de club\" du point de vue de la gestion de la marque<\/strong> et beaucoup s'\u00e9conomisent pour un produit haut de gamme et doivent se contenter d'autres sujets tr\u00e8s importants comme la <strong>\u00c9conomiser sur le montage ZF<\/strong> (une grosse erreur).<\/p>\n<blockquote><p><strong><img decoding=\"async\" class=\"alignright wp-image-11210\" src=\"https:\/\/ddoptics.shop\/wp-content\/uploads\/2016\/09\/DDoptics-Logo.jpg\" alt=\"Logo DDoptics\" width=\"300\" height=\"200\" title=\"\" srcset=\"https:\/\/ddoptics.shop\/wp-content\/uploads\/2016\/09\/DDoptics-Logo.jpg 600w, https:\/\/ddoptics.shop\/wp-content\/uploads\/2016\/09\/DDoptics-Logo-304x203.jpg 304w, https:\/\/ddoptics.shop\/wp-content\/uploads\/2016\/09\/DDoptics-Logo-305x203.jpg 305w, https:\/\/ddoptics.shop\/wp-content\/uploads\/2016\/09\/DDoptics-Logo-510x340.jpg 510w, https:\/\/ddoptics.shop\/wp-content\/uploads\/2016\/09\/DDoptics-Logo-250x167.jpg 250w\" sizes=\"(max-width: 300px) 100vw, 300px\" \/>Ce qui nous pla\u00eet beaucoup chez DDoptics :<\/strong><\/p>\n<ul style=\"list-style-type: circle;\">\n<li>Chez DDoptics, le d\u00e9veloppement des diff\u00e9rents produits ZF se poursuit avec une augmentation des g\u00e9n\u00e9rations. Le site <strong>Le client re\u00e7oit toujours le meilleur ZF selon l'\u00e9tat actuel du d\u00e9veloppement.<\/strong><\/li>\n<li>Le meilleur rapport qualit\u00e9\/prix est obtenu via des quantit\u00e9s raisonnables et sans publicit\u00e9 co\u00fbteuse dans les m\u00e9dias classiques.<\/li>\n<\/ul>\n<\/blockquote>\n<p>R\u00e9sultat : chaque client re\u00e7oit une lunette de vis\u00e9e de qualit\u00e9 DDoptics avec des caract\u00e9ristiques maximales telles que<\/p>\n<ul>\n<li>Les lunettes de vis\u00e9e sont variables Zoom 4x ou Zoom 6x<\/li>\n<li>R\u00e9ticule dans le 2e plan de l'image<\/li>\n<li>Traitements et transmissions lumineuses maximales possibles au-dessus de 95%<\/li>\n<li>Le r\u00e9glage de la parallaxe est standard<\/li>\n<li>Le point lumineux est standard<\/li>\n<li>A partir de Gen 3 - Zerostop pour ASV<\/li>\n<\/ul>\n<h3>Qu'est-ce qui fait g\u00e9n\u00e9ralement un bon <a href=\"https:\/\/de.wikipedia.org\/wiki\/Sportschie%C3%9Fen\" target=\"_blank\" rel=\"noopener noreferrer\">Lunette de vis\u00e9e pour le tir sportif<\/a> de ?<\/h3>\n<ul>\n<li>Les lentilles de la lunette de vis\u00e9e :<br \/>\n- La qualit\u00e9 du traitement (= rev\u00eatement antireflet) et des verres<br \/>\n- La transmission de la lumi\u00e8re (=luminosit\u00e9 dans le champ de vision) entre 95 et 97%<br \/>\n- La nettet\u00e9 p\u00e9riph\u00e9rique (= image en bordure du champ de vision)<br \/>\n- la possibilit\u00e9 d'ajuster la nettet\u00e9 des verres (r\u00e9glage de la parallaxe)<\/li>\n<li>Le r\u00e9ticule de la lunette de vis\u00e9e :<br \/>\n- Avec ou sans \u00e9clairage (aide \u00e0 la tomb\u00e9e de la nuit)<\/li>\n<li>Le r\u00e9glage de la lunette de vis\u00e9e :<br \/>\n- R\u00e9glage gauche-droite et hauteur pas trop grossier<br \/>\n- La r\u00e9p\u00e9tabilit\u00e9 doit \u00eatre assur\u00e9e<br \/>\n- Robustesse aux chocs et aux coups de feu<br \/>\n- Rapide et simple<\/li>\n<\/ul>\n<h3>La lunette de vis\u00e9e id\u00e9ale pour le <a href=\"https:\/\/ddoptics.shop\/fr\/lunettes-de-visee-pour-le-tir-sportif-et-la-competition\/\" target=\"_blank\" rel=\"noopener noreferrer\">tir sportif<\/a><\/h3>\n<p>Dans cette cat\u00e9gorie, il s'agit surtout de <strong>l'utilisation de la lunette de vis\u00e9e et la relation de prix avec le fusil.<\/strong>. Cela n'a probablement aucun sens de monter une optique de vis\u00e9e \u00e0 1000 \u20ac sur une carabine KK (22lr) \u00e0 300 \u20ac.<\/p>\n<p>Pour les armes longues de haute pr\u00e9cision en<strong> Calibre de pr\u00e9cision 338 Lapua ou 308 Win<\/strong> si de larges <strong>Tirs jusqu'\u00e0 1000 m par exemple<\/strong> gefordert sind sieht die Sache ein wenig anders aus. Hier wird dann eine 5-30 variable Vergr\u00f6sserung eher passend sein. F\u00fcr das<strong> Tir dynamique IPSC<\/strong> wird eine Zieloptik mit 25 oder 42 mm Objektiv und grossem Sehfeld zur raschen Zielerfassung das beste sein.<\/p>\n<blockquote><p>Lors du tir sportif, c'est la discipline sportive qui d\u00e9cide de la bonne optique de vis\u00e9e.<\/p><\/blockquote>\n<p><strong>Comparaison ZF et ad\u00e9quation selon le diam\u00e8tre de l'objectif<\/strong><\/p>\n<table style=\"width: 835px;\">\n<tbody>\n<tr>\n<td style=\"width: 113px;\"><strong>Intensit\u00e9 lumineuse<\/strong><\/td>\n<td style=\"width: 176.778px;\"><strong>Diam\u00e8tre de l'objectif<\/strong><\/td>\n<td style=\"width: 527.222px;\"><strong>Utilisation<\/strong><\/td>\n<\/tr>\n<tr>\n<td style=\"width: 113px;\">faible<\/td>\n<td style=\"width: 176.778px;\">25 mm<\/td>\n<td style=\"width: 527.222px;\">ZF pour la chasse en battue<\/td>\n<\/tr>\n<tr>\n<td style=\"width: 113px;\">moyen \u00e0 \u00e9lev\u00e9<\/td>\n<td style=\"width: 176.778px;\">42 mm, <a href=\"https:\/\/ddoptics.shop\/fr\/boutique\/lunette-de-visee\/lunette-de-visee-diametre-de-lobjectif\/50-mm-diametre-de-lobjectif\/\" target=\"_blank\" rel=\"noopener noreferrer\">50 mm<\/a><\/td>\n<td style=\"width: 527.222px;\">Allround ZF Id\u00e9al jusqu'\u00e0 la tomb\u00e9e de la nuit (tardive), chasse \u00e0 l'approche, chasse en montagne<\/td>\n<\/tr>\n<tr>\n<td style=\"width: 113px;\">tr\u00e8s \u00e9lev\u00e9<\/td>\n<td style=\"width: 176.778px;\">56 mm, 60 mm<\/td>\n<td style=\"width: 527.222px;\">Jumelles de nuit plus lourdes pour la chasse \u00e0 l'aff\u00fbt<\/td>\n<\/tr>\n<\/tbody>\n<\/table>\n<p><strong>ZV Comparaison et ad\u00e9quation apr\u00e8s agrandissement<\/strong><\/p>\n<table>\n<tbody>\n<tr>\n<td><strong>Agrandissement :<\/strong><\/td>\n<td><strong>petit<\/strong><\/td>\n<\/tr>\n<tr>\n<td>1-6x<\/td>\n<td>id\u00e9al pour la chasse \u00e0 l'approche et la chasse en mouvement - tirs \u00e0 courte distance<\/td>\n<\/tr>\n<tr>\n<td><strong>Agrandissement<\/strong><\/td>\n<td><strong>moyen<\/strong><\/td>\n<\/tr>\n<tr>\n<td>\u00a0jusqu'\u00e0 15x<\/td>\n<td>id\u00e9al pour de nombreuses applications cyn\u00e9g\u00e9tiques comme la chasse \u00e0 l'approche, la chasse \u00e0 l'aff\u00fbt et la chasse en montagne<\/td>\n<\/tr>\n<tr>\n<td><strong>Agrandissement<\/strong><\/td>\n<td><strong>\u00e9lev\u00e9<\/strong><\/td>\n<\/tr>\n<tr>\n<td>\u00a0jusqu'\u00e0 30x<\/td>\n<td>\u00a0Lunette de vis\u00e9e pour le sport et les tirs lointains en montagne, utilisation comme substitut de la longue-vue<\/td>\n<\/tr>\n<\/tbody>\n<\/table>\n<\/div>\n<\/div>","protected":false},"excerpt":{"rendered":"<p>Empfehlung: Ideales Zielfernrohr f\u00fcr Sportschie\u00dfen &#8211; speziell Training, Wettkampf und Long Range Schie\u00dfen Viele Hersteller unterteilen bei den verschiedene Zielfernrohr-Linien grunds\u00e4tzlich in eine G\u00fcnstige und eine Premium Klasse. Diese Unterscheidung wurde und wird bei DDoptics nie gemacht. Das bedeutet n\u00e4mlich, ein billiges Glas f\u00fcr den nicht so finanzkr\u00e4ftigen Kunden und das teure f\u00fcr den finanzkr\u00e4ftigen [&#8230;]\n","protected":false},"author":2,"featured_media":0,"parent":0,"menu_order":0,"comment_status":"closed","ping_status":"closed","template":"","meta":{"inline_featured_image":false,"footnotes":""},"class_list":["post-14708","page","type-page","status-publish","hentry"],"_links":{"self":[{"href":"https:\/\/ddoptics.shop\/fr\/wp-json\/wp\/v2\/pages\/14708","targetHints":{"allow":["GET"]}}],"collection":[{"href":"https:\/\/ddoptics.shop\/fr\/wp-json\/wp\/v2\/pages"}],"about":[{"href":"https:\/\/ddoptics.shop\/fr\/wp-json\/wp\/v2\/types\/page"}],"author":[{"embeddable":true,"href":"https:\/\/ddoptics.shop\/fr\/wp-json\/wp\/v2\/users\/2"}],"replies":[{"embeddable":true,"href":"https:\/\/ddoptics.shop\/fr\/wp-json\/wp\/v2\/comments?post=14708"}],"version-history":[{"count":2,"href":"https:\/\/ddoptics.shop\/fr\/wp-json\/wp\/v2\/pages\/14708\/revisions"}],"predecessor-version":[{"id":24814,"href":"https:\/\/ddoptics.shop\/fr\/wp-json\/wp\/v2\/pages\/14708\/revisions\/24814"}],"wp:attachment":[{"href":"https:\/\/ddoptics.shop\/fr\/wp-json\/wp\/v2\/media?parent=14708"}],"curies":[{"name":"wp","href":"https:\/\/api.w.org\/{rel}","templated":true}]}}