{"id":15093,"date":"2019-06-05T17:37:45","date_gmt":"2019-06-05T15:37:45","guid":{"rendered":"https:\/\/ddoptics.shop\/?page_id=15093"},"modified":"2019-06-06T10:58:50","modified_gmt":"2019-06-06T08:58:50","slug":"jumelles-jumelles-randonnees-pour-velo-vacances-trekking","status":"publish","type":"page","link":"https:\/\/ddoptics.shop\/fr\/fernglas-fernglaeser-wandern-fuer-bike-urlaub-trekking\/","title":{"rendered":"Jumelles ou jumelles pour la randonn\u00e9e - sentiers, v\u00e9lo, vacances, trekking, plein air"},"content":{"rendered":"<div class=\"page-title category-title\">\n<h1>Recommandation : Jumelles id\u00e9ales pour la randonn\u00e9e, en particulier les sentiers de randonn\u00e9e, le v\u00e9lo, les vacances, le trekking, les activit\u00e9s de plein air et les voyages.<\/h1>\n<\/div>\n<div class=\"category-description std\">\n<div class=\"page-title category-title\">\n<p>Souhaitez-vous que vos <strong>Randonn\u00e9es et voyages d'observation<\/strong> de la nature, il est indispensable d'emporter de bonnes jumelles dans ses bagages. Sur <strong>La randonn\u00e9e, c'est des jumelles<\/strong> un assistant de recherche.<\/p>\n<p>C'est pourquoi un <strong>jumelles de randonn\u00e9e utilisables<\/strong> \u00eatre nets en termes de r\u00e9solution optique, faciles \u00e0 utiliser ainsi que compacts, robustes et surtout l\u00e9gers - et pas trop chers.<\/p>\n<p>Le prix des jumelles joue un r\u00f4le important dans cette cat\u00e9gorie, dans la mesure o\u00f9 l'on peut trouver des jumelles \u00e0 des prix raisonnables. <strong>Randonn\u00e9es (nuit\u00e9es dans des refuges du Club alpin, etc. et voyages)<\/strong> Il faut toujours partir du principe qu'une petite paire de jumelles peut \u00eatre perdue rapidement pour diff\u00e9rentes raisons, par exemple parce qu'on l'a laiss\u00e9e tra\u00eener, <strong>Vol, chute de la falaise<\/strong>etc.<\/p>\n<h2>Important pour les jumelles Wander : Optique haute r\u00e9solution et pr\u00e9cise<\/h2>\n<p>Une <strong>optique de haute r\u00e9solution et de haute pr\u00e9cision<\/strong> avec un bon champ de vision est important pour une vision optimale.<strong> Le plaisir de voir avec des jumelles<\/strong>. Vous pouvez voir des images tr\u00e8s nettes sur de tr\u00e8s longues distances. Le site <strong>Prismes et lentilles en verre<\/strong> (on a m\u00eame d\u00e9j\u00e0 vu des lentilles en plastique) de jumelles tr\u00e8s bon march\u00e9 fabriqu\u00e9es en Chine ne suffisent pas pour obtenir des images tr\u00e8s nettes \u00e0 de telles distances. Les bonnes jumelles sont dot\u00e9es d'une <strong>R\u00e9mun\u00e9rations des lentilles<\/strong> et sont calcul\u00e9s avec pr\u00e9cision pour obtenir les meilleurs r\u00e9sultats dans de nombreuses situations. On le remarque aussi lorsque les yeux ne se fatiguent pas et que l'on n'a pas de vertiges, m\u00eame si l'on regarde longtemps.<\/p>\n<h3>Performance cr\u00e9pusculaire des jumelles de randonn\u00e9e et de voyage<\/h3>\n<p>Comme les jumelles sont petites \u00e0 cet effet,<strong> l\u00e9ger et pas trop cher<\/strong> la performance au cr\u00e9puscule ne joue pas un grand r\u00f4le. Si l'on part en montagne, on veillera toujours \u00e0 arriver \u00e0 l'h\u00e9bergement \u00e0 une heure raisonnable le soir. En plein jour, ces jumelles sont plus que suffisamment lumineuses. <strong>Des images avec de superbes rendus de couleurs<\/strong> de donner.<\/p>\n<blockquote><p>Investir ici dans des types de verre co\u00fbteux avec une luminosit\u00e9 extr\u00eame n'est pas le but.<\/p><\/blockquote>\n<h3>Bo\u00eetier robuste et manipulation confortable<\/h3>\n<p>En plus de la pr\u00e9cision <strong>L'optique est le mat\u00e9riau du bo\u00eetier<\/strong> important . Les jumelles doivent \u00eatre un<strong> \u00eatre un compagnon agr\u00e9able et stable, dont le poids est \u00e0 peine perceptible.<\/strong> fait. Un choc contre un rocher, une chute ou le vent et les intemp\u00e9ries ne doivent pas \u00eatre un probl\u00e8me. Il faut que ce soit r\u00e9sistant. Pour cela, il faut des \u0153illetons ergonomiques ainsi qu'un \"m\u00e9canisme de r\u00e9glage de la distance entre les yeux\" pour l'utilisation avec des lunettes.<\/p>\n<\/div>\n<div class=\"category-description std\">\n<h3>Comparaison des jumelles et ad\u00e9quation selon le diam\u00e8tre de l'objectif<\/h3>\n<table border=\"0\">\n<tbody>\n<tr>\n<td><strong>Intensit\u00e9 lumineuse<\/strong><\/td>\n<td><strong>Objectif<\/strong><\/td>\n<td><strong>Utilisation<\/strong><\/td>\n<\/tr>\n<tr>\n<td>faible<\/td>\n<td>25mm<\/td>\n<td>Jumelles de poche l\u00e9g\u00e8res et petites Id\u00e9ales dans des conditions d'\u00e9clairage normales<\/td>\n<\/tr>\n<tr>\n<td>moyen<\/td>\n<td>30mm, 32mm<\/td>\n<td>Petites jumelles universelles Id\u00e9ales jusqu'au d\u00e9but du cr\u00e9puscule<\/td>\n<\/tr>\n<tr>\n<td>moyen plus \u00e9lev\u00e9<\/td>\n<td>42mm, 45mm<\/td>\n<td>Jumelles polyvalentes Id\u00e9ales jusqu'au (tard) cr\u00e9puscule<\/td>\n<\/tr>\n<tr>\n<td>\u00e9lev\u00e9<\/td>\n<td>50mm, 56mm, 60mm<\/td>\n<td>Jumelles de nuit plus lourdes pour l'astronomie, pour les conditions de faible luminosit\u00e9, le soir et la nuit<\/td>\n<\/tr>\n<\/tbody>\n<\/table>\n<h3>Comparaison des jumelles et ad\u00e9quation selon le grossissement<\/h3>\n<table border=\"0\">\n<tbody>\n<tr>\n<td><strong>Agrandissement<\/strong><\/td>\n<td><strong>moyen<\/strong><\/td>\n<\/tr>\n<tr>\n<td>\u00a07x, 8x, 8,5x, 10x, 10,5x<\/td>\n<td>\u00a0Jumelles pour le sport, l'observation de la nature, l'astronomie, les voyages, l'ornithologie, les safaris, l'observation<br \/>\n<strong>Marge de s\u00e9lection g\u00e9n\u00e9rale :\u00a0<\/strong>petit et maniable avec une faible intensit\u00e9 lumineuse ou une forte intensit\u00e9 lumineuse avec une taille et un poids normaux<\/td>\n<\/tr>\n<tr>\n<td><strong>Agrandissement<\/strong><\/td>\n<td><strong>\u00e9lev\u00e9<\/strong><\/td>\n<\/tr>\n<tr>\n<td>\u00a012x, 15x<\/td>\n<td>\u00a0Jumelles pour l'ornithologie, l'observation de la nature, les safaris, la s\u00e9curit\u00e9, l'observation ou la surveillance des fronti\u00e8res<\/td>\n<\/tr>\n<\/tbody>\n<\/table>\n<\/div>\n<\/div>","protected":false},"excerpt":{"rendered":"<p>Empfehlung: Ideales Fernglas f\u00fcr das Wandern speziell Wanderwege, Bike,Urlaub, Trekking, Outdoor und Reisen Wollen Sie Ihre Wanderungen und Reisen mit Beobachtungen der Natur verbinden, geh\u00f6rt ein gutes Fernglas unbedingt mit ins Gep\u00e4ck. Beim Wandern ist ein Fernglas auch zudem ein Helfer zur Wegsuche. Deshalb sollte ein brauchbares Wanderfernglas scharf in der optischen Aufl\u00f6sung, leicht in [&#8230;]\n","protected":false},"author":2,"featured_media":0,"parent":0,"menu_order":0,"comment_status":"closed","ping_status":"closed","template":"","meta":{"inline_featured_image":false,"footnotes":""},"class_list":["post-15093","page","type-page","status-publish","hentry"],"_links":{"self":[{"href":"https:\/\/ddoptics.shop\/fr\/wp-json\/wp\/v2\/pages\/15093","targetHints":{"allow":["GET"]}}],"collection":[{"href":"https:\/\/ddoptics.shop\/fr\/wp-json\/wp\/v2\/pages"}],"about":[{"href":"https:\/\/ddoptics.shop\/fr\/wp-json\/wp\/v2\/types\/page"}],"author":[{"embeddable":true,"href":"https:\/\/ddoptics.shop\/fr\/wp-json\/wp\/v2\/users\/2"}],"replies":[{"embeddable":true,"href":"https:\/\/ddoptics.shop\/fr\/wp-json\/wp\/v2\/comments?post=15093"}],"version-history":[{"count":0,"href":"https:\/\/ddoptics.shop\/fr\/wp-json\/wp\/v2\/pages\/15093\/revisions"}],"wp:attachment":[{"href":"https:\/\/ddoptics.shop\/fr\/wp-json\/wp\/v2\/media?parent=15093"}],"curies":[{"name":"wp","href":"https:\/\/api.w.org\/{rel}","templated":true}]}}