{"id":15096,"date":"2019-06-06T09:58:55","date_gmt":"2019-06-06T07:58:55","guid":{"rendered":"https:\/\/ddoptics.shop\/?page_id=15096"},"modified":"2019-06-06T10:12:15","modified_gmt":"2019-06-06T08:12:15","slug":"jumelles-jumelles-ornithologie-identification-des-oiseaux-especes-ornithologie","status":"publish","type":"page","link":"https:\/\/ddoptics.shop\/fr\/fernglas-fernglaeser-ornithologie-vogelbestimmung-vogelarten-vogelkunde\/","title":{"rendered":"Jumelles ou jumelles pour l'ornithologie - identification des oiseaux, esp\u00e8ces d'oiseaux, oiseaux indig\u00e8nes, ornithologie"},"content":{"rendered":"<div class=\"page-title category-title\">\n<h1>Recommandation : Jumelles id\u00e9ales pour l'ornithologie - identification des oiseaux, esp\u00e8ces d'oiseaux, oiseaux indig\u00e8nes, ornithologie et m\u00eame observation des insectes.<\/h1>\n<\/div>\n<div class=\"category-description std\">\n<div class=\"category-description std\">\n<div class=\"page-title category-title\">\n<p>Le site <strong>L'observation des oiseaux est l'un des principaux domaines d'application des jumelles.<\/strong> <strong>Ornithologues ou observateurs d'oiseaux amateurs<\/strong> Les oiseaux sont des \u00eatres vivants qui se cachent dans la nature et qui essaient d'obtenir de jolis oiseaux, et surtout des oiseaux rares, devant leurs jumelles. Une fois que l'on a un oiseau magnifique avec ses couleurs de r\u00eave devant l'objectif, il faut que 4 caract\u00e9ristiques soient r\u00e9unies :<\/p>\n<ol>\n<li>R\u00e9solution des jumelles - Nettet\u00e9 de l'image<\/li>\n<li>Reproduction des couleurs - absolument fid\u00e8le \u00e0 la r\u00e9alit\u00e9<\/li>\n<li>Luminosit\u00e9 en accord avec le rendu des couleurs<\/li>\n<li>Nettet\u00e9 p\u00e9riph\u00e9rique raisonnable et agr\u00e9able - un peu de nettet\u00e9 p\u00e9riph\u00e9rique correspond \u00e0 la nature de l'\u0153il<\/li>\n<li>champ de vision le plus large possible pour voir toute l'image dans l'espace<\/li>\n<\/ol>\n<h2>Exigences sp\u00e9cifiques des ornithologues pour l'identification et l'observation des oiseaux<\/h2>\n<p>En outre, les exigences suivantes sont \u00e9galement pos\u00e9es :<\/p>\n<p><strong>Maniabilit\u00e9 des jumelles<\/strong><\/p>\n<p>Sur la <strong>\"Chasse aux images\" d'oiseaux<\/strong> il est tr\u00e8s important d'avoir les jumelles rapidement \u00e0 port\u00e9e de main et qu'elles ne soient pas encombrantes. Le mieux est de pouvoir les saisir facilement d'une seule main.<\/p>\n<p>La situation est diff\u00e9rente<strong> Jumelles fix\u00e9es au tr\u00e9pied au moyen d'un filetage<\/strong> et fait des observations continues. Dans ce cas, un poids de 1,6 kg, par exemple, ne joue aucun r\u00f4le. Pour toutes les observations \u00e0 main lev\u00e9e, nous recommandons un poids maximal de 900 grammes.<\/p>\n<p><strong>Flexibilit\u00e9 et course de focalisation de la molette de r\u00e9glage<\/strong><\/p>\n<p>Lors de la<strong> Observation des oiseaux<\/strong> il faut faire beaucoup d'allers-retours. Les oiseaux sont presque toujours en mouvement. Il faut <strong>Remettre souvent l'image au point<\/strong>En effet, la distance change souvent. Pour les jumelles, il est donc important que le r\u00e9glage de la mise au point soit tr\u00e8s fin et surtout sans jeu. Il est \u00e9galement tr\u00e8s important que la molette de mise au point ne doive pas \u00eatre tourn\u00e9e trop longtemps pour obtenir une \"image rapide\" nette. Il est pr\u00e9f\u00e9rable de tester cela directement sur les jumelles. Il est important que la<strong> \"Vitesse de mise au point de la rotation\"<\/strong> est accord\u00e9 avec la r\u00e9sistance \u00e0 la rotation.<\/p>\n<p>L'agrandissement a un effet direct sur la <strong>Mise au point des jumelles<\/strong> \u00e9teinte : Une paire de jumelles avec <strong>grossissement 7x<\/strong> doivent \u00eatre mises au point moins souvent que des jumelles 12x.<\/p>\n<h3>Qualit\u00e9 d'image des jumelles pour l'observation des oiseaux<\/h3>\n<blockquote><p>Le plus important dans l'observation des oiseaux est la nettet\u00e9 de l'image coupl\u00e9e au rendu des couleurs !<\/p><\/blockquote>\n<p>Ce n'est que si l'on <strong>Couleurs des plumes<\/strong> comme ils sont vraiment, c'est un plaisir. Un traitement de haute qualit\u00e9 des prismes et des lentilles est indispensable. Pour les verres \u00e0 prismes en toit, cela signifie que les prismes doivent disposer d'une <strong>Vari\u00e9t\u00e9 de couches di\u00e9lectriques<\/strong> doivent disposer. Seules les jumelles \u00e0 prismes de Porro peuvent s'en passer - mais le petit champ visuel emp\u00eache beaucoup de gens d'utiliser de telles jumelles pour l'observation des oiseaux.<\/p>\n<h3>Jumelles recommand\u00e9es pour l'observation des oiseaux<\/h3>\n<p>Pour l'observation des oiseaux, nous recommandons un grossissement d'au moins 10x et un objectif de 42 mm.<\/p>\n<\/div>\n<div class=\"category-description std\">\n<h3>Comparaison g\u00e9n\u00e9rale des jumelles et ad\u00e9quation selon le diam\u00e8tre de l'objectif<\/h3>\n<table border=\"0\">\n<tbody>\n<tr>\n<td><strong>Intensit\u00e9 lumineuse<\/strong><\/td>\n<td><strong>Objectif<\/strong><\/td>\n<td><strong>Utilisation<\/strong><\/td>\n<\/tr>\n<tr>\n<td>faible<\/td>\n<td>25mm<\/td>\n<td>Jumelles de poche l\u00e9g\u00e8res et petites Id\u00e9ales dans des conditions d'\u00e9clairage normales<\/td>\n<\/tr>\n<tr>\n<td>moyen<\/td>\n<td>30mm, 32mm<\/td>\n<td>Petites jumelles universelles Id\u00e9ales jusqu'au d\u00e9but du cr\u00e9puscule<\/td>\n<\/tr>\n<tr>\n<td>moyen plus \u00e9lev\u00e9<\/td>\n<td>42mm, 45mm<\/td>\n<td>Jumelles polyvalentes Id\u00e9ales jusqu'au (tard) cr\u00e9puscule<\/td>\n<\/tr>\n<tr>\n<td>\u00e9lev\u00e9<\/td>\n<td>50mm, 56mm, 60mm<\/td>\n<td>Jumelles de nuit plus lourdes pour l'astronomie, pour les conditions de faible luminosit\u00e9, le soir et la nuit<\/td>\n<\/tr>\n<\/tbody>\n<\/table>\n<h3>Comparaison des jumelles et ad\u00e9quation selon le grossissement<\/h3>\n<table border=\"0\">\n<tbody>\n<tr>\n<td><strong>Agrandissement<\/strong><\/td>\n<td><strong>moyen<\/strong><\/td>\n<\/tr>\n<tr>\n<td>\u00a07x, 8x, 8,5x, 10x, 10,5x<\/td>\n<td>\u00a0Jumelles pour le sport, l'observation de la nature, l'astronomie, les voyages, l'ornithologie, les safaris, l'observation<br \/>\n<strong>Marge de s\u00e9lection g\u00e9n\u00e9rale :\u00a0<\/strong>petit et maniable avec une faible intensit\u00e9 lumineuse ou une forte intensit\u00e9 lumineuse avec une taille et un poids normaux<\/td>\n<\/tr>\n<tr>\n<td><strong>Agrandissement<\/strong><\/td>\n<td><strong>\u00e9lev\u00e9<\/strong><\/td>\n<\/tr>\n<tr>\n<td>\u00a012x, 15x<\/td>\n<td>\u00a0Jumelles pour l'ornithologie, l'observation de la nature, les safaris, la s\u00e9curit\u00e9, l'observation ou la surveillance des fronti\u00e8res<\/td>\n<\/tr>\n<\/tbody>\n<\/table>\n<\/div>\n<\/div>\n<\/div>","protected":false},"excerpt":{"rendered":"<p>Empfehlung: Ideales Fernglas f\u00fcr Ornithologie &#8211; Vogelbestimmung, Vogelarten, Heimische V\u00f6gel, Vogelkunde sogar Insektenbeobachtung Die Vogelbeobachtung ist eines der wichtigsten Anwendungsgebiete f\u00fcr Ferngl\u00e4ser. Ornithologen oder Hobby-Vogelbeobachter lauern in die Natur und versuchen, h\u00fcbsche und vor allem seltene V\u00f6gel vor das Fernglas zu bekommen. Hat man dann erst einmal einen wundersch\u00f6nen Vogel mit seinen traumhaften Farben vor [&#8230;]\n","protected":false},"author":2,"featured_media":0,"parent":0,"menu_order":0,"comment_status":"closed","ping_status":"closed","template":"","meta":{"inline_featured_image":false,"footnotes":""},"class_list":["post-15096","page","type-page","status-publish","hentry"],"_links":{"self":[{"href":"https:\/\/ddoptics.shop\/fr\/wp-json\/wp\/v2\/pages\/15096","targetHints":{"allow":["GET"]}}],"collection":[{"href":"https:\/\/ddoptics.shop\/fr\/wp-json\/wp\/v2\/pages"}],"about":[{"href":"https:\/\/ddoptics.shop\/fr\/wp-json\/wp\/v2\/types\/page"}],"author":[{"embeddable":true,"href":"https:\/\/ddoptics.shop\/fr\/wp-json\/wp\/v2\/users\/2"}],"replies":[{"embeddable":true,"href":"https:\/\/ddoptics.shop\/fr\/wp-json\/wp\/v2\/comments?post=15096"}],"version-history":[{"count":0,"href":"https:\/\/ddoptics.shop\/fr\/wp-json\/wp\/v2\/pages\/15096\/revisions"}],"wp:attachment":[{"href":"https:\/\/ddoptics.shop\/fr\/wp-json\/wp\/v2\/media?parent=15096"}],"curies":[{"name":"wp","href":"https:\/\/api.w.org\/{rel}","templated":true}]}}