{"id":1573,"date":"2012-07-04T09:57:58","date_gmt":"2012-07-04T07:57:58","guid":{"rendered":"http:\/\/www.optik-sport-shop.at\/?page_id=1573"},"modified":"2025-06-16T19:59:18","modified_gmt":"2025-06-16T17:59:18","slug":"hotline-telephonique-pour-les-commandes-par-telephone","status":"publish","type":"page","link":"https:\/\/ddoptics.shop\/fr\/telefon-hotline-fuer-telefonische-bestellung\/","title":{"rendered":"Hotline pour les questions sur nos produits ou les commandes par t\u00e9l\u00e9phone"},"content":{"rendered":"<h2>Vos questions sur nos produits DDoptics ou commande par t\u00e9l\u00e9phone<\/h2>\n<p>Si vous<strong> Questions sur les optiques de qualit\u00e9 DDoptics ou sur d'autres produits<\/strong> Si vous avez des questions ou des suggestions, n'h\u00e9sitez pas \u00e0 nous appeler au +43 (0)676 6882000.<\/p>\n<p>Nous nous r\u00e9jouissons de votre appel et r\u00e9pondrons volontiers \u00e0 vos questions.<\/p>\n<p>Votre boutique Optik Sport.<\/p>","protected":false},"excerpt":{"rendered":"<p>Vos questions sur nos produits DDoptics ou vos commandes par t\u00e9l\u00e9phone Si vous avez des questions sur les optiques de qualit\u00e9 DDoptics ou sur d'autres produits, n'h\u00e9sitez pas \u00e0 nous appeler sur la hotline : +43 (0)676 6882000. Nous nous r\u00e9jouissons de votre appel et r\u00e9pondrons volontiers \u00e0 vos questions. Votre boutique Optik Sport.<\/p>","protected":false},"author":2,"featured_media":0,"parent":0,"menu_order":0,"comment_status":"open","ping_status":"open","template":"","meta":{"inline_featured_image":false,"footnotes":""},"class_list":["post-1573","page","type-page","status-publish","hentry"],"_links":{"self":[{"href":"https:\/\/ddoptics.shop\/fr\/wp-json\/wp\/v2\/pages\/1573","targetHints":{"allow":["GET"]}}],"collection":[{"href":"https:\/\/ddoptics.shop\/fr\/wp-json\/wp\/v2\/pages"}],"about":[{"href":"https:\/\/ddoptics.shop\/fr\/wp-json\/wp\/v2\/types\/page"}],"author":[{"embeddable":true,"href":"https:\/\/ddoptics.shop\/fr\/wp-json\/wp\/v2\/users\/2"}],"replies":[{"embeddable":true,"href":"https:\/\/ddoptics.shop\/fr\/wp-json\/wp\/v2\/comments?post=1573"}],"version-history":[{"count":1,"href":"https:\/\/ddoptics.shop\/fr\/wp-json\/wp\/v2\/pages\/1573\/revisions"}],"predecessor-version":[{"id":28447,"href":"https:\/\/ddoptics.shop\/fr\/wp-json\/wp\/v2\/pages\/1573\/revisions\/28447"}],"wp:attachment":[{"href":"https:\/\/ddoptics.shop\/fr\/wp-json\/wp\/v2\/media?parent=1573"}],"curies":[{"name":"wp","href":"https:\/\/api.w.org\/{rel}","templated":true}]}}