{"id":1713,"date":"2012-08-20T15:36:41","date_gmt":"2012-08-20T13:36:41","guid":{"rendered":"http:\/\/www.optik-sport-shop.at\/?page_id=1713"},"modified":"2025-11-04T18:37:11","modified_gmt":"2025-11-04T17:37:11","slug":"produits-de-broderie-a-la-plume-doie","status":"publish","type":"page","link":"https:\/\/ddoptics.shop\/fr\/outdoor-wissen\/federkielstickerei\/federkiel-stickerei-produkte\/","title":{"rendered":"Ceinture en cuir | Produits de broderie Federkiel"},"content":{"rendered":"\r\n<h2>Lederg\u00fcrtel &#8211; \u00dcbliche Produkte mit Federkielstickerei<\/h2>\r\n<p>Zu den <strong>traditionellen Produkten<\/strong> die so geschm\u00fcckt werden, geh\u00f6ren der <strong>Bauch Gurt<\/strong>, der <strong>Ranzen<\/strong>, die <strong>Trachteng\u00fcrtel<\/strong> und diverse <strong>Taschen<\/strong>.<\/p>\r\n\t<div class=\"img has-hover x md-x lg-x y md-y lg-y\" id=\"image_1820217841\">\n\t\t\t\t\t\t\t\t<div class=\"img-inner image-cover dark\" style=\"padding-top:250px;\">\n\t\t\t<img decoding=\"async\" width=\"1020\" height=\"510\" src=\"https:\/\/ddoptics.shop\/wp-content\/uploads\/2025\/08\/Hirschlederhose-8.jpg\" class=\"attachment-large size-large\" alt=\"Hirschlederhose von Tobias Zant | mit Ranzen oder Federkielg\u00fcrteln\" srcset=\"https:\/\/ddoptics.shop\/wp-content\/uploads\/2025\/08\/Hirschlederhose-8.jpg 1200w, https:\/\/ddoptics.shop\/wp-content\/uploads\/2025\/08\/Hirschlederhose-8-800x400.jpg 800w, https:\/\/ddoptics.shop\/wp-content\/uploads\/2025\/08\/Hirschlederhose-8-18x9.jpg 18w, https:\/\/ddoptics.shop\/wp-content\/uploads\/2025\/08\/Hirschlederhose-8-304x152.jpg 304w, https:\/\/ddoptics.shop\/wp-content\/uploads\/2025\/08\/Hirschlederhose-8-632x316.jpg 632w, https:\/\/ddoptics.shop\/wp-content\/uploads\/2025\/08\/Hirschlederhose-8-305x153.jpg 305w\" sizes=\"(max-width: 1020px) 100vw, 1020px\" title=\"\">\t\t\t\t\t\t\n\t\t\t\t\t<\/div>\n\t\t\t\t\t\t\t\t\n<style>\n#image_1820217841 {\n  width: 100%;\n}\n<\/style>\n\t<\/div>\n\t\r\n<p><strong>Ausgangsprodukte<\/strong> f\u00fcr die Ranzen sind <strong>Rindsleder und Pfauenfedern<\/strong>. Tausende Pfauenfedern werden pro Jahr in den Stickereien verarbeitet. Dabei werden zuerst die Pfauenfedern vom Kiel entfernt, dann die rund 50 bis 60 Zentimeter langen <strong>Kiele mit <\/strong>einem<strong> Messer gespalten<\/strong>. Je nach Fertigkeit erh\u00e4lt man daraus 6-8 feine Kiele.<\/p>\r\n<h2>Vorteile von Federkielen<\/h2>\r\n<p>Die <strong>Federkiele<\/strong> sind sehr <strong>elastisch und brechen<\/strong> im Gegensatz zum Heute bei Billigkopien verwendeten Stickereimaterial aus Plastik <strong>nicht<\/strong>. Plastik ist nat\u00fcrlich g\u00fcnstiger, aber die <strong>Plastik Stickereien <\/strong>sehen auch anders aus!<\/p>\r\n<p>Neben Trachtengurten werden auch noch <strong>Hosentr\u00e4ger<\/strong>, <strong>Glockenriemen<\/strong>, <strong>Geldtaschen<\/strong>, <strong>Fotoalben<\/strong>, <strong>Schl\u00fcsselanh\u00e4nger<\/strong> und Schuhe verziert.<\/p>\r\n<h3>\u00dcbersicht unserer Produkte im Shop<\/h3>\r\n\t\n  \n    <div class=\"row large-columns-4 medium-columns-3 small-columns-2 row-small\" >\n  \n\t     <div class=\"product-small col has-hover product type-product post-11065 status-publish first instock product_cat-federkiel-stickerei product_tag-federkielstickerei product_tag-lederguertel has-post-thumbnail taxable shipping-taxable purchasable product-type-variable\">\n\t<div class=\"col-inner\">\n\t\n<div class=\"badge-container absolute left top z-1\">\n\n<\/div>\n\t<div class=\"product-small box \">\n\t\t<div class=\"box-image\">\n\t\t\t<div class=\"image-fade_in_back\">\n\t\t\t\t<a href=\"https:\/\/ddoptics.shop\/fr\/kaufen\/trachtenguertel-mit-monogramm-federkiel-stickerei-individuelle-tracht\/\">\n\t\t\t\t\t<img decoding=\"async\" width=\"304\" height=\"358\" src=\"https:\/\/ddoptics.shop\/wp-content\/uploads\/2017\/06\/Guertel-Initiale-ganz-304x358.jpg\" class=\"attachment-woocommerce_thumbnail size-woocommerce_thumbnail\" alt=\"Lederg\u00fcrtel mit Federkielstickerei Monogramm Motiv\" srcset=\"https:\/\/ddoptics.shop\/wp-content\/uploads\/2017\/06\/Guertel-Initiale-ganz-304x358.jpg 304w, https:\/\/ddoptics.shop\/wp-content\/uploads\/2017\/06\/Guertel-Initiale-ganz-305x360.jpg 305w, https:\/\/ddoptics.shop\/wp-content\/uploads\/2017\/06\/Guertel-Initiale-ganz-632x744.jpg 632w, https:\/\/ddoptics.shop\/wp-content\/uploads\/2017\/06\/Guertel-Initiale-ganz-680x800.jpg 680w, https:\/\/ddoptics.shop\/wp-content\/uploads\/2017\/06\/Guertel-Initiale-ganz-213x250.jpg 213w, https:\/\/ddoptics.shop\/wp-content\/uploads\/2017\/06\/Guertel-Initiale-ganz-510x600.jpg 510w, https:\/\/ddoptics.shop\/wp-content\/uploads\/2017\/06\/Guertel-Initiale-ganz.jpg 884w\" sizes=\"(max-width: 304px) 100vw, 304px\" title=\"\"><img decoding=\"async\" width=\"304\" height=\"358\" src=\"https:\/\/ddoptics.shop\/wp-content\/uploads\/2017\/06\/Guertel-Initiale-304x358.jpg\" class=\"show-on-hover absolute fill hide-for-small back-image\" alt=\"Lederg\u00fcrtel mit Federkielstickerei Initialen Detail G\u00fcrtelschlie\u00dfe\" aria-hidden=\"true\" srcset=\"https:\/\/ddoptics.shop\/wp-content\/uploads\/2017\/06\/Guertel-Initiale-304x358.jpg 304w, https:\/\/ddoptics.shop\/wp-content\/uploads\/2017\/06\/Guertel-Initiale-305x360.jpg 305w, https:\/\/ddoptics.shop\/wp-content\/uploads\/2017\/06\/Guertel-Initiale-632x744.jpg 632w, https:\/\/ddoptics.shop\/wp-content\/uploads\/2017\/06\/Guertel-Initiale-680x800.jpg 680w, https:\/\/ddoptics.shop\/wp-content\/uploads\/2017\/06\/Guertel-Initiale-213x250.jpg 213w, https:\/\/ddoptics.shop\/wp-content\/uploads\/2017\/06\/Guertel-Initiale-510x600.jpg 510w, https:\/\/ddoptics.shop\/wp-content\/uploads\/2017\/06\/Guertel-Initiale.jpg 884w\" sizes=\"(max-width: 304px) 100vw, 304px\" title=\"\">\t\t\t\t<\/a>\n\t\t\t<\/div>\n\t\t\t<div class=\"image-tools is-small top right show-on-hover\">\n\t\t\t\t\t\t\t<\/div>\n\t\t\t<div class=\"image-tools is-small hide-for-small bottom left show-on-hover\">\n\t\t\t\t\t\t\t<\/div>\n\t\t\t<div class=\"image-tools grid-tools text-center hide-for-small bottom hover-slide-in show-on-hover\">\n\t\t\t\t<a href=\"#quick-view\" class=\"quick-view\" role=\"button\" data-prod=\"11065\" aria-haspopup=\"dialog\" aria-expanded=\"false\" data-flatsome-role-button>Aper\u00e7u<\/a>\t\t\t<\/div>\n\t\t\t\t\t<\/div>\n\n\t\t<div class=\"box-text box-text-products\">\n\t\t\t<div class=\"title-wrapper\">\t\t<p class=\"category uppercase is-smaller no-text-overflow product-cat op-8\">\n\t\t\tFederkiel Stickerei\t\t<\/p>\n\t<p class=\"name product-title woocommerce-loop-product__title\"><a href=\"https:\/\/ddoptics.shop\/fr\/kaufen\/trachtenguertel-mit-monogramm-federkiel-stickerei-individuelle-tracht\/\" class=\"woocommerce-LoopProduct-link woocommerce-loop-product__link\">Trachteng\u00fcrtel mit Monogramm Federkiel Stickerei &#8211; pers\u00f6nliche Note<\/a><\/p><\/div><div class=\"price-wrapper\">\n\t<span class=\"price\"><span class=\"woocommerce-Price-amount amount\"><bdi><span class=\"woocommerce-Price-currencySymbol\">&euro;<\/span>\u00a0468,00<\/bdi><\/span><\/span>\n<\/div><div class=\"add-to-cart-button\"><a href=\"https:\/\/ddoptics.shop\/fr\/kaufen\/trachtenguertel-mit-monogramm-federkiel-stickerei-individuelle-tracht\/\" aria-describedby=\"woocommerce_loop_add_to_cart_link_describedby_11065\" data-quantity=\"1\" class=\"primary is-small mb-0 button product_type_variable add_to_cart_button is-underline\" data-product_id=\"11065\" data-product_sku=\"OSS059\" aria-label=\"S\u00e9lectionner les options pour &quot;Trachteng\u00fcrtel mit Monogramm Federkiel Stickerei - pers\u00f6nliche Note&quot;\" rel=\"nofollow\">S\u00e9lectionner les options<\/a><\/div>\t<span id=\"woocommerce_loop_add_to_cart_link_describedby_11065\" class=\"screen-reader-text\">\n\t\tCe produit a plusieurs variantes. Les options peuvent \u00eatre choisies sur la page du produit\t<\/span>\n\t\t<\/div>\n\t<\/div>\n\t\t\t\t<input type=\"hidden\" class=\"pmwProductId\" data-id=\"11065\">\n\t\t\t\t\t<script>\n\t\t\t(window.pmwDataLayer = window.pmwDataLayer || {}).products                = window.pmwDataLayer.products || {};\n\t\t\twindow.pmwDataLayer.products[11065] = {\"id\":\"11065\",\"sku\":\"OSS059\",\"price\":468,\"brand\":\"\",\"quantity\":1,\"dyn_r_ids\":{\"post_id\":\"11065\",\"sku\":\"OSS059\",\"gpf\":\"woocommerce_gpf_11065\",\"gla\":\"gla_11065\"},\"is_variable\":true,\"type\":\"variable\",\"name\":\"Trachteng\u00fcrtel mit Monogramm Federkiel Stickerei - pers\u00f6nliche Note\",\"category\":[\"Federkiel Stickerei\"],\"is_variation\":false};\n\t\t\t\t\twindow.pmw_product_position = window.pmw_product_position || 1;\n\t\twindow.pmwDataLayer.products[11065]['position'] = window.pmw_product_position++;\n\t\t\t\t<\/script>\n\t\t\t<\/div>\n<\/div><div class=\"product-small col has-hover product type-product post-11034 status-publish instock product_cat-federkiel-stickerei product_tag-federkielstickerei product_tag-lederguertel has-post-thumbnail taxable shipping-taxable purchasable product-type-variable\">\n\t<div class=\"col-inner\">\n\t\n<div class=\"badge-container absolute left top z-1\">\n\n<\/div>\n\t<div class=\"product-small box \">\n\t\t<div class=\"box-image\">\n\t\t\t<div class=\"image-fade_in_back\">\n\t\t\t\t<a href=\"https:\/\/ddoptics.shop\/fr\/kaufen\/lederguertel-mit-blumenmotiv-federkiel-stickerei-trachtenmode\/\">\n\t\t\t\t\t<img decoding=\"async\" width=\"304\" height=\"358\" src=\"https:\/\/ddoptics.shop\/wp-content\/uploads\/2017\/06\/Guertel-Blumen-ganz-304x358.jpg\" class=\"attachment-woocommerce_thumbnail size-woocommerce_thumbnail\" alt=\"Lederg\u00fcrtel mit Federkielstickerei Blumen Motiv\" srcset=\"https:\/\/ddoptics.shop\/wp-content\/uploads\/2017\/06\/Guertel-Blumen-ganz-304x358.jpg 304w, https:\/\/ddoptics.shop\/wp-content\/uploads\/2017\/06\/Guertel-Blumen-ganz-305x360.jpg 305w, https:\/\/ddoptics.shop\/wp-content\/uploads\/2017\/06\/Guertel-Blumen-ganz-632x744.jpg 632w, https:\/\/ddoptics.shop\/wp-content\/uploads\/2017\/06\/Guertel-Blumen-ganz-680x800.jpg 680w, https:\/\/ddoptics.shop\/wp-content\/uploads\/2017\/06\/Guertel-Blumen-ganz-213x250.jpg 213w, https:\/\/ddoptics.shop\/wp-content\/uploads\/2017\/06\/Guertel-Blumen-ganz-510x600.jpg 510w, https:\/\/ddoptics.shop\/wp-content\/uploads\/2017\/06\/Guertel-Blumen-ganz.jpg 884w\" sizes=\"(max-width: 304px) 100vw, 304px\" title=\"\"><img decoding=\"async\" width=\"304\" height=\"358\" src=\"https:\/\/ddoptics.shop\/wp-content\/uploads\/2017\/06\/Guertel-Blumen-304x358.jpg\" class=\"show-on-hover absolute fill hide-for-small back-image\" alt=\"Lederg\u00fcrtel mit Federkielstickerei Blumen Motiv Detail G\u00fcrtelschlie\u00dfe\" aria-hidden=\"true\" srcset=\"https:\/\/ddoptics.shop\/wp-content\/uploads\/2017\/06\/Guertel-Blumen-304x358.jpg 304w, https:\/\/ddoptics.shop\/wp-content\/uploads\/2017\/06\/Guertel-Blumen-305x360.jpg 305w, https:\/\/ddoptics.shop\/wp-content\/uploads\/2017\/06\/Guertel-Blumen-632x744.jpg 632w, https:\/\/ddoptics.shop\/wp-content\/uploads\/2017\/06\/Guertel-Blumen-680x800.jpg 680w, https:\/\/ddoptics.shop\/wp-content\/uploads\/2017\/06\/Guertel-Blumen-213x250.jpg 213w, https:\/\/ddoptics.shop\/wp-content\/uploads\/2017\/06\/Guertel-Blumen-510x600.jpg 510w, https:\/\/ddoptics.shop\/wp-content\/uploads\/2017\/06\/Guertel-Blumen.jpg 884w\" sizes=\"(max-width: 304px) 100vw, 304px\" title=\"\">\t\t\t\t<\/a>\n\t\t\t<\/div>\n\t\t\t<div class=\"image-tools is-small top right show-on-hover\">\n\t\t\t\t\t\t\t<\/div>\n\t\t\t<div class=\"image-tools is-small hide-for-small bottom left show-on-hover\">\n\t\t\t\t\t\t\t<\/div>\n\t\t\t<div class=\"image-tools grid-tools text-center hide-for-small bottom hover-slide-in show-on-hover\">\n\t\t\t\t<a href=\"#quick-view\" class=\"quick-view\" role=\"button\" data-prod=\"11034\" aria-haspopup=\"dialog\" aria-expanded=\"false\" data-flatsome-role-button>Aper\u00e7u<\/a>\t\t\t<\/div>\n\t\t\t\t\t<\/div>\n\n\t\t<div class=\"box-text box-text-products\">\n\t\t\t<div class=\"title-wrapper\">\t\t<p class=\"category uppercase is-smaller no-text-overflow product-cat op-8\">\n\t\t\tFederkiel Stickerei\t\t<\/p>\n\t<p class=\"name product-title woocommerce-loop-product__title\"><a href=\"https:\/\/ddoptics.shop\/fr\/kaufen\/lederguertel-mit-blumenmotiv-federkiel-stickerei-trachtenmode\/\" class=\"woocommerce-LoopProduct-link woocommerce-loop-product__link\">Trachteng\u00fcrtel mit Blumenmotiv Federkiel Stickerei &#8211; Trachtenmode<\/a><\/p><\/div><div class=\"price-wrapper\">\n\t<span class=\"price\"><span class=\"woocommerce-Price-amount amount\"><bdi><span class=\"woocommerce-Price-currencySymbol\">&euro;<\/span>\u00a0552,00<\/bdi><\/span><\/span>\n<\/div><div class=\"add-to-cart-button\"><a href=\"https:\/\/ddoptics.shop\/fr\/kaufen\/lederguertel-mit-blumenmotiv-federkiel-stickerei-trachtenmode\/\" aria-describedby=\"woocommerce_loop_add_to_cart_link_describedby_11034\" data-quantity=\"1\" class=\"primary is-small mb-0 button product_type_variable add_to_cart_button is-underline\" data-product_id=\"11034\" data-product_sku=\"OSS061\" aria-label=\"S\u00e9lectionner les options pour &quot;Trachteng\u00fcrtel mit Blumenmotiv Federkiel Stickerei - Trachtenmode&quot;\" rel=\"nofollow\">S\u00e9lectionner les options<\/a><\/div>\t<span id=\"woocommerce_loop_add_to_cart_link_describedby_11034\" class=\"screen-reader-text\">\n\t\tCe produit a plusieurs variantes. Les options peuvent \u00eatre choisies sur la page du produit\t<\/span>\n\t\t<\/div>\n\t<\/div>\n\t\t\t\t<input type=\"hidden\" class=\"pmwProductId\" data-id=\"11034\">\n\t\t\t\t\t<script>\n\t\t\t(window.pmwDataLayer = window.pmwDataLayer || {}).products                = window.pmwDataLayer.products || {};\n\t\t\twindow.pmwDataLayer.products[11034] = {\"id\":\"11034\",\"sku\":\"OSS061\",\"price\":552,\"brand\":\"\",\"quantity\":1,\"dyn_r_ids\":{\"post_id\":\"11034\",\"sku\":\"OSS061\",\"gpf\":\"woocommerce_gpf_11034\",\"gla\":\"gla_11034\"},\"is_variable\":true,\"type\":\"variable\",\"name\":\"Trachteng\u00fcrtel mit Blumenmotiv Federkiel Stickerei - Trachtenmode\",\"category\":[\"Federkiel Stickerei\"],\"is_variation\":false};\n\t\t\t\t\twindow.pmw_product_position = window.pmw_product_position || 1;\n\t\twindow.pmwDataLayer.products[11034]['position'] = window.pmw_product_position++;\n\t\t\t\t<\/script>\n\t\t\t<\/div>\n<\/div><div class=\"product-small col has-hover product type-product post-11008 status-publish last instock product_cat-federkiel-stickerei product_tag-federkielstickerei product_tag-lederguertel has-post-thumbnail taxable shipping-taxable purchasable product-type-variable\">\n\t<div class=\"col-inner\">\n\t\n<div class=\"badge-container absolute left top z-1\">\n\n<\/div>\n\t<div class=\"product-small box \">\n\t\t<div class=\"box-image\">\n\t\t\t<div class=\"image-fade_in_back\">\n\t\t\t\t<a href=\"https:\/\/ddoptics.shop\/fr\/kaufen\/trachtenguertel-mit-federkielstickerei-gams-motiv-leder\/\">\n\t\t\t\t\t<img decoding=\"async\" width=\"304\" height=\"358\" src=\"https:\/\/ddoptics.shop\/wp-content\/uploads\/2017\/06\/Guertel-Gams-ganz-304x358.jpg\" class=\"attachment-woocommerce_thumbnail size-woocommerce_thumbnail\" alt=\"Lederg\u00fcrtel mit Federkielstickerei Gams Motiv\" srcset=\"https:\/\/ddoptics.shop\/wp-content\/uploads\/2017\/06\/Guertel-Gams-ganz-304x358.jpg 304w, https:\/\/ddoptics.shop\/wp-content\/uploads\/2017\/06\/Guertel-Gams-ganz-305x360.jpg 305w, https:\/\/ddoptics.shop\/wp-content\/uploads\/2017\/06\/Guertel-Gams-ganz-632x744.jpg 632w, https:\/\/ddoptics.shop\/wp-content\/uploads\/2017\/06\/Guertel-Gams-ganz-680x800.jpg 680w, https:\/\/ddoptics.shop\/wp-content\/uploads\/2017\/06\/Guertel-Gams-ganz-213x250.jpg 213w, https:\/\/ddoptics.shop\/wp-content\/uploads\/2017\/06\/Guertel-Gams-ganz-510x600.jpg 510w, https:\/\/ddoptics.shop\/wp-content\/uploads\/2017\/06\/Guertel-Gams-ganz.jpg 884w\" sizes=\"(max-width: 304px) 100vw, 304px\" title=\"\"><img decoding=\"async\" width=\"304\" height=\"358\" src=\"https:\/\/ddoptics.shop\/wp-content\/uploads\/2017\/06\/Guertel-Gams-304x358.jpg\" class=\"show-on-hover absolute fill hide-for-small back-image\" alt=\"Lederg\u00fcrtel mit Federkielstickerei Gams Motiv Detail G\u00fcrtelschlie\u00dfe\" aria-hidden=\"true\" srcset=\"https:\/\/ddoptics.shop\/wp-content\/uploads\/2017\/06\/Guertel-Gams-304x358.jpg 304w, https:\/\/ddoptics.shop\/wp-content\/uploads\/2017\/06\/Guertel-Gams-305x360.jpg 305w, https:\/\/ddoptics.shop\/wp-content\/uploads\/2017\/06\/Guertel-Gams-632x744.jpg 632w, https:\/\/ddoptics.shop\/wp-content\/uploads\/2017\/06\/Guertel-Gams-680x800.jpg 680w, https:\/\/ddoptics.shop\/wp-content\/uploads\/2017\/06\/Guertel-Gams-213x250.jpg 213w, https:\/\/ddoptics.shop\/wp-content\/uploads\/2017\/06\/Guertel-Gams-510x600.jpg 510w, https:\/\/ddoptics.shop\/wp-content\/uploads\/2017\/06\/Guertel-Gams.jpg 884w\" sizes=\"(max-width: 304px) 100vw, 304px\" title=\"\">\t\t\t\t<\/a>\n\t\t\t<\/div>\n\t\t\t<div class=\"image-tools is-small top right show-on-hover\">\n\t\t\t\t\t\t\t<\/div>\n\t\t\t<div class=\"image-tools is-small hide-for-small bottom left show-on-hover\">\n\t\t\t\t\t\t\t<\/div>\n\t\t\t<div class=\"image-tools grid-tools text-center hide-for-small bottom hover-slide-in show-on-hover\">\n\t\t\t\t<a href=\"#quick-view\" class=\"quick-view\" role=\"button\" data-prod=\"11008\" aria-haspopup=\"dialog\" aria-expanded=\"false\" data-flatsome-role-button>Aper\u00e7u<\/a>\t\t\t<\/div>\n\t\t\t\t\t<\/div>\n\n\t\t<div class=\"box-text box-text-products\">\n\t\t\t<div class=\"title-wrapper\">\t\t<p class=\"category uppercase is-smaller no-text-overflow product-cat op-8\">\n\t\t\tFederkiel Stickerei\t\t<\/p>\n\t<p class=\"name product-title woocommerce-loop-product__title\"><a href=\"https:\/\/ddoptics.shop\/fr\/kaufen\/trachtenguertel-mit-federkielstickerei-gams-motiv-leder\/\" class=\"woocommerce-LoopProduct-link woocommerce-loop-product__link\">Trachteng\u00fcrtel mit Federkielstickerei Gams Motiv &#8211; Trachtenmode<\/a><\/p><\/div><div class=\"price-wrapper\">\n\t<span class=\"price\"><span class=\"woocommerce-Price-amount amount\"><bdi><span class=\"woocommerce-Price-currencySymbol\">&euro;<\/span>\u00a0445,00<\/bdi><\/span><\/span>\n<\/div><div class=\"add-to-cart-button\"><a href=\"https:\/\/ddoptics.shop\/fr\/kaufen\/trachtenguertel-mit-federkielstickerei-gams-motiv-leder\/\" aria-describedby=\"woocommerce_loop_add_to_cart_link_describedby_11008\" data-quantity=\"1\" class=\"primary is-small mb-0 button product_type_variable add_to_cart_button is-underline\" data-product_id=\"11008\" data-product_sku=\"OSS055\" aria-label=\"S\u00e9lectionner les options pour &quot;Trachteng\u00fcrtel mit Federkielstickerei Gams Motiv - Trachtenmode&quot;\" rel=\"nofollow\">S\u00e9lectionner les options<\/a><\/div>\t<span id=\"woocommerce_loop_add_to_cart_link_describedby_11008\" class=\"screen-reader-text\">\n\t\tCe produit a plusieurs variantes. Les options peuvent \u00eatre choisies sur la page du produit\t<\/span>\n\t\t<\/div>\n\t<\/div>\n\t\t\t\t<input type=\"hidden\" class=\"pmwProductId\" data-id=\"11008\">\n\t\t\t\t\t<script>\n\t\t\t(window.pmwDataLayer = window.pmwDataLayer || {}).products                = window.pmwDataLayer.products || {};\n\t\t\twindow.pmwDataLayer.products[11008] = {\"id\":\"11008\",\"sku\":\"OSS055\",\"price\":445,\"brand\":\"\",\"quantity\":1,\"dyn_r_ids\":{\"post_id\":\"11008\",\"sku\":\"OSS055\",\"gpf\":\"woocommerce_gpf_11008\",\"gla\":\"gla_11008\"},\"is_variable\":true,\"type\":\"variable\",\"name\":\"Trachteng\u00fcrtel mit Federkielstickerei Gams Motiv - Trachtenmode\",\"category\":[\"Federkiel Stickerei\"],\"is_variation\":false};\n\t\t\t\t\twindow.pmw_product_position = window.pmw_product_position || 1;\n\t\twindow.pmwDataLayer.products[11008]['position'] = window.pmw_product_position++;\n\t\t\t\t<\/script>\n\t\t\t<\/div>\n<\/div><div class=\"product-small col has-hover product type-product post-10980 status-publish first instock product_cat-federkiel-stickerei product_tag-federkielstickerei product_tag-lederguertel has-post-thumbnail taxable shipping-taxable purchasable product-type-variable\">\n\t<div class=\"col-inner\">\n\t\n<div class=\"badge-container absolute left top z-1\">\n\n<\/div>\n\t<div class=\"product-small box \">\n\t\t<div class=\"box-image\">\n\t\t\t<div class=\"image-fade_in_back\">\n\t\t\t\t<a href=\"https:\/\/ddoptics.shop\/fr\/kaufen\/guertel-mit-federkielstickerei-gams-motiv-trachtenmode\/\">\n\t\t\t\t\t<img decoding=\"async\" width=\"304\" height=\"358\" src=\"https:\/\/ddoptics.shop\/wp-content\/uploads\/2017\/06\/Guertel-Gamserl-ganz-304x358.jpg\" class=\"attachment-woocommerce_thumbnail size-woocommerce_thumbnail\" alt=\"Lederg\u00fcrtel mit Federkielstickerei Gams Motiv\" srcset=\"https:\/\/ddoptics.shop\/wp-content\/uploads\/2017\/06\/Guertel-Gamserl-ganz-304x358.jpg 304w, https:\/\/ddoptics.shop\/wp-content\/uploads\/2017\/06\/Guertel-Gamserl-ganz-305x360.jpg 305w, https:\/\/ddoptics.shop\/wp-content\/uploads\/2017\/06\/Guertel-Gamserl-ganz-632x744.jpg 632w, https:\/\/ddoptics.shop\/wp-content\/uploads\/2017\/06\/Guertel-Gamserl-ganz-680x800.jpg 680w, https:\/\/ddoptics.shop\/wp-content\/uploads\/2017\/06\/Guertel-Gamserl-ganz-213x250.jpg 213w, https:\/\/ddoptics.shop\/wp-content\/uploads\/2017\/06\/Guertel-Gamserl-ganz-510x600.jpg 510w, https:\/\/ddoptics.shop\/wp-content\/uploads\/2017\/06\/Guertel-Gamserl-ganz.jpg 884w\" sizes=\"(max-width: 304px) 100vw, 304px\" title=\"\"><img decoding=\"async\" width=\"304\" height=\"358\" src=\"https:\/\/ddoptics.shop\/wp-content\/uploads\/2017\/06\/Guertel-Gamserl-304x358.jpg\" class=\"show-on-hover absolute fill hide-for-small back-image\" alt=\"Lederg\u00fcrtel mit Federkielstickerei Gams Motiv Detail G\u00fcrtelschlie\u00dfe\" aria-hidden=\"true\" srcset=\"https:\/\/ddoptics.shop\/wp-content\/uploads\/2017\/06\/Guertel-Gamserl-304x358.jpg 304w, https:\/\/ddoptics.shop\/wp-content\/uploads\/2017\/06\/Guertel-Gamserl-305x360.jpg 305w, https:\/\/ddoptics.shop\/wp-content\/uploads\/2017\/06\/Guertel-Gamserl-632x744.jpg 632w, https:\/\/ddoptics.shop\/wp-content\/uploads\/2017\/06\/Guertel-Gamserl-680x800.jpg 680w, https:\/\/ddoptics.shop\/wp-content\/uploads\/2017\/06\/Guertel-Gamserl-213x250.jpg 213w, https:\/\/ddoptics.shop\/wp-content\/uploads\/2017\/06\/Guertel-Gamserl-510x600.jpg 510w, https:\/\/ddoptics.shop\/wp-content\/uploads\/2017\/06\/Guertel-Gamserl.jpg 884w\" sizes=\"(max-width: 304px) 100vw, 304px\" title=\"\">\t\t\t\t<\/a>\n\t\t\t<\/div>\n\t\t\t<div class=\"image-tools is-small top right show-on-hover\">\n\t\t\t\t\t\t\t<\/div>\n\t\t\t<div class=\"image-tools is-small hide-for-small bottom left show-on-hover\">\n\t\t\t\t\t\t\t<\/div>\n\t\t\t<div class=\"image-tools grid-tools text-center hide-for-small bottom hover-slide-in show-on-hover\">\n\t\t\t\t<a href=\"#quick-view\" class=\"quick-view\" role=\"button\" data-prod=\"10980\" aria-haspopup=\"dialog\" aria-expanded=\"false\" data-flatsome-role-button>Aper\u00e7u<\/a>\t\t\t<\/div>\n\t\t\t\t\t<\/div>\n\n\t\t<div class=\"box-text box-text-products\">\n\t\t\t<div class=\"title-wrapper\">\t\t<p class=\"category uppercase is-smaller no-text-overflow product-cat op-8\">\n\t\t\tFederkiel Stickerei\t\t<\/p>\n\t<p class=\"name product-title woocommerce-loop-product__title\"><a href=\"https:\/\/ddoptics.shop\/fr\/kaufen\/guertel-mit-federkielstickerei-gams-motiv-trachtenmode\/\" class=\"woocommerce-LoopProduct-link woocommerce-loop-product__link\">Trachteng\u00fcrtel mit Federkielstickerei Gamserl Motiv &#8211; Trachtenmode<\/a><\/p><\/div><div class=\"price-wrapper\">\n\t<span class=\"price\"><span class=\"woocommerce-Price-amount amount\"><bdi><span class=\"woocommerce-Price-currencySymbol\">&euro;<\/span>\u00a0600,00<\/bdi><\/span><\/span>\n<\/div><div class=\"add-to-cart-button\"><a href=\"https:\/\/ddoptics.shop\/fr\/kaufen\/guertel-mit-federkielstickerei-gams-motiv-trachtenmode\/\" aria-describedby=\"woocommerce_loop_add_to_cart_link_describedby_10980\" data-quantity=\"1\" class=\"primary is-small mb-0 button product_type_variable add_to_cart_button is-underline\" data-product_id=\"10980\" data-product_sku=\"OSS058\" aria-label=\"S\u00e9lectionner les options pour &quot;Trachteng\u00fcrtel mit Federkielstickerei Gamserl Motiv - Trachtenmode&quot;\" rel=\"nofollow\">S\u00e9lectionner les options<\/a><\/div>\t<span id=\"woocommerce_loop_add_to_cart_link_describedby_10980\" class=\"screen-reader-text\">\n\t\tCe produit a plusieurs variantes. Les options peuvent \u00eatre choisies sur la page du produit\t<\/span>\n\t\t<\/div>\n\t<\/div>\n\t\t\t\t<input type=\"hidden\" class=\"pmwProductId\" data-id=\"10980\">\n\t\t\t\t\t<script>\n\t\t\t(window.pmwDataLayer = window.pmwDataLayer || {}).products                = window.pmwDataLayer.products || {};\n\t\t\twindow.pmwDataLayer.products[10980] = {\"id\":\"10980\",\"sku\":\"OSS058\",\"price\":600,\"brand\":\"\",\"quantity\":1,\"dyn_r_ids\":{\"post_id\":\"10980\",\"sku\":\"OSS058\",\"gpf\":\"woocommerce_gpf_10980\",\"gla\":\"gla_10980\"},\"is_variable\":true,\"type\":\"variable\",\"name\":\"Trachteng\u00fcrtel mit Federkielstickerei Gamserl Motiv - Trachtenmode\",\"category\":[\"Federkiel Stickerei\"],\"is_variation\":false};\n\t\t\t\t\twindow.pmw_product_position = window.pmw_product_position || 1;\n\t\twindow.pmwDataLayer.products[10980]['position'] = window.pmw_product_position++;\n\t\t\t\t<\/script>\n\t\t\t<\/div>\n<\/div><\/div>\r\n","protected":false},"excerpt":{"rendered":"","protected":false},"author":2,"featured_media":0,"parent":1682,"menu_order":0,"comment_status":"closed","ping_status":"open","template":"","meta":{"inline_featured_image":false,"footnotes":""},"class_list":["post-1713","page","type-page","status-publish","hentry"],"_links":{"self":[{"href":"https:\/\/ddoptics.shop\/fr\/wp-json\/wp\/v2\/pages\/1713","targetHints":{"allow":["GET"]}}],"collection":[{"href":"https:\/\/ddoptics.shop\/fr\/wp-json\/wp\/v2\/pages"}],"about":[{"href":"https:\/\/ddoptics.shop\/fr\/wp-json\/wp\/v2\/types\/page"}],"author":[{"embeddable":true,"href":"https:\/\/ddoptics.shop\/fr\/wp-json\/wp\/v2\/users\/2"}],"replies":[{"embeddable":true,"href":"https:\/\/ddoptics.shop\/fr\/wp-json\/wp\/v2\/comments?post=1713"}],"version-history":[{"count":6,"href":"https:\/\/ddoptics.shop\/fr\/wp-json\/wp\/v2\/pages\/1713\/revisions"}],"predecessor-version":[{"id":29363,"href":"https:\/\/ddoptics.shop\/fr\/wp-json\/wp\/v2\/pages\/1713\/revisions\/29363"}],"up":[{"embeddable":true,"href":"https:\/\/ddoptics.shop\/fr\/wp-json\/wp\/v2\/pages\/1682"}],"wp:attachment":[{"href":"https:\/\/ddoptics.shop\/fr\/wp-json\/wp\/v2\/media?parent=1713"}],"curies":[{"name":"wp","href":"https:\/\/api.w.org\/{rel}","templated":true}]}}