{"id":1827,"date":"2012-09-02T16:42:40","date_gmt":"2012-09-02T14:42:40","guid":{"rendered":"http:\/\/www.optik-sport-shop.at\/?page_id=1827"},"modified":"2012-09-02T16:42:40","modified_gmt":"2012-09-02T14:42:40","slug":"studiokalb-meisterstuecke","status":"publish","type":"page","link":"https:\/\/ddoptics.shop\/fr\/outdoor-wissen\/studiokalb-meisterstuecke\/","title":{"rendered":"Pi\u00e8ces de ma\u00eetre Elmar Kalb"},"content":{"rendered":"<h2>Meisterst\u00fccke von Elmar Kalb<\/h2>\n<p>Die <strong>Liebe<\/strong> zur beruflichen<strong> Tradition<\/strong> mit dem Anspruch und Mut <strong>zum Anderssein.<\/strong><\/p>\n<p>Das ist es, was\u00a0<strong><a title=\"Zur Seite von Elmar Kalb\" href=\"http:\/\/www.elmarkalb.com\/\" target=\"_blank\" rel=\"noopener\">Elmar Kalb<\/a><\/strong> inspiriert. Sein <strong>Antrieb<\/strong> ist es, die <strong>Menschen st\u00e4ndig zu \u00fcberraschen<\/strong>. Dieses Streben motiviert ihn immer wieder zu\u00a0 Ideen, mit denen er neue Impulse f\u00fcr den Life Style setzen will.<\/p>\n<p><strong><a title=\"Zur Seite von Elmar Kalb\" href=\"http:\/\/www.elmarkalb.com\/\" target=\"_blank\" rel=\"noopener\">Elmar Kalb<\/a><\/strong> will nicht einfach nur M\u00f6bel bauen. Er will <strong>Unikate (Carbon Holzkoffer, Hubertusbar, HIFI M\u00f6bel, usw.) schaffen<\/strong>, durch deren Pr\u00e4senz sich die Menschen \u00fcber etwas Besonderes freuen.<\/p>\n<h3>\u00dcbersicht der Holz Projekte und Holz Design<\/h3>\n[nggallery id=2]\n<p>Ein <strong>Meisterst\u00fcck von Elmar Kalb wird nicht einfach nachgebaut<\/strong>. Vielmehr werden verschiedene <strong>Materialien mit vern\u00fcnftiger Kreativit\u00e4t neu kombiniert und variiert.<\/strong> Kein Wunder also, dass so manche Kreation viele Menschen, die etwas Besonderes suchen, \u00fcberrascht &#8211; vor allem in Form und Verarbeitung.<\/p>\n","protected":false},"excerpt":{"rendered":"<p>Meisterst\u00fccke von Elmar Kalb Die Liebe zur beruflichen Tradition mit dem Anspruch und Mut zum Anderssein. Das ist es, was\u00a0Elmar Kalb inspiriert. Sein Antrieb ist es, die Menschen st\u00e4ndig zu \u00fcberraschen. Dieses Streben motiviert ihn immer wieder zu\u00a0 Ideen, mit denen er neue Impulse f\u00fcr den Life Style setzen will. Elmar Kalb will nicht einfach [&#8230;]\n","protected":false},"author":2,"featured_media":1920,"parent":84,"menu_order":0,"comment_status":"open","ping_status":"open","template":"","meta":{"inline_featured_image":false,"footnotes":""},"class_list":["post-1827","page","type-page","status-publish","has-post-thumbnail","hentry"],"_links":{"self":[{"href":"https:\/\/ddoptics.shop\/fr\/wp-json\/wp\/v2\/pages\/1827","targetHints":{"allow":["GET"]}}],"collection":[{"href":"https:\/\/ddoptics.shop\/fr\/wp-json\/wp\/v2\/pages"}],"about":[{"href":"https:\/\/ddoptics.shop\/fr\/wp-json\/wp\/v2\/types\/page"}],"author":[{"embeddable":true,"href":"https:\/\/ddoptics.shop\/fr\/wp-json\/wp\/v2\/users\/2"}],"replies":[{"embeddable":true,"href":"https:\/\/ddoptics.shop\/fr\/wp-json\/wp\/v2\/comments?post=1827"}],"version-history":[{"count":0,"href":"https:\/\/ddoptics.shop\/fr\/wp-json\/wp\/v2\/pages\/1827\/revisions"}],"up":[{"embeddable":true,"href":"https:\/\/ddoptics.shop\/fr\/wp-json\/wp\/v2\/pages\/84"}],"wp:featuredmedia":[{"embeddable":true,"href":"https:\/\/ddoptics.shop\/fr\/wp-json\/"}],"wp:attachment":[{"href":"https:\/\/ddoptics.shop\/fr\/wp-json\/wp\/v2\/media?parent=1827"}],"curies":[{"name":"wp","href":"https:\/\/api.w.org\/{rel}","templated":true}]}}