{"id":2501,"date":"2012-11-07T17:23:30","date_gmt":"2012-11-07T16:23:30","guid":{"rendered":"http:\/\/www.optik-sport-shop.at\/?page_id=2501"},"modified":"2026-04-13T20:48:19","modified_gmt":"2026-04-13T18:48:19","slug":"mode-de-paiement-achat-sur-facture","status":"publish","type":"page","link":"https:\/\/ddoptics.shop\/fr\/zahlungsart-kauf-auf-rechnung\/","title":{"rendered":"Mode de paiement Achat sur facture"},"content":{"rendered":"<h1><span style=\"color: #0000ff;\"><a title=\"Vers les CGV de Optik Sport Shop\" href=\"https:\/\/ddoptics.shop\/fr\/conditions-generales\/\" target=\"_blank\" rel=\"noopener\"><span style=\"color: #0000ff;\">CONDITIONS G\u00c9N\u00c9RALES DE VENTE<\/span><\/a><\/span> Point 2.1 : Modalit\u00e9s de paiement actuelles - achat sur facture sans risque (<span style=\"color: #0000ff;\">=Tester le produit pour voir<\/span>)<\/h1>\n<p>Pour les clients en<strong>\u00a0en Autriche et en Allemagne<\/strong> Optik Sport Shop offre la possibilit\u00e9 de payer les produits command\u00e9s par le biais du mode de paiement <strong>\"Achat sur facture sans risque\"<\/strong> pour payer l'achat. Vous avez ainsi la possibilit\u00e9 de tester le produit pour le voir.<\/p>\n<p><strong><span style=\"color: #0000ff;\">Pourquoi :<\/span> <\/strong>Beaucoup de nos <strong>Les clients pr\u00e9f\u00e8rent ce mode de paiement<\/strong>Le produit peut \u00eatre renvoy\u00e9 s'il ne pla\u00eet pas (une sorte de \"retour de b\u00e2ton\"). <strong>Commande pour consultation<\/strong>).<\/p>\n<p>Avec cette forme de traitement des paiements <strong>coop\u00e8re avec Optik Sport Shop<\/strong> si n\u00e9cessaire, avec un <strong>partenaire de service externe Klarna<\/strong>. Pour ce faire, nous transmettons vos donn\u00e9es \u00e0 notre partenaire de service pour l'encaissement de la facture. L'achat sur facture ouverte se fait exclusivement sous r\u00e9serve de l'accord positif du partenaire de service concernant ce client.<\/p>\n<p>Si l'engagement du client ne correspond pas de la part du partenaire <strong>Boutique Optique Sport<\/strong> autoris\u00e9 \u00e0 <strong>Refuser une commande<\/strong> <strong>ou d'autres modes de paiement ou comme paiement anticip\u00e9<\/strong> de l'entreprise.<\/p>\n<h2>2.2 Utilisation autoris\u00e9e des optiques DDoptics pour l'achat sur facture<\/h2>\n<p>La gratuit\u00e9 et <strong>utilisation sans engagement des produits DDoptics<\/strong> voulu et autoris\u00e9 \u00e0 les examiner. Apr\u00e8s l'acquisition de la marchandise par <strong>Le droit de propri\u00e9t\u00e9 est transf\u00e9r\u00e9 \u00e0 l'utilisateur apr\u00e8s le paiement du prix d'achat.<\/strong> \u00e0 l'\u00e9gard de l'entreprise. Celui-ci doit alors \u00eatre int\u00e9gralement <strong>Utilisation de la marchandise<\/strong> est autoris\u00e9e. Dans le cas d'une <strong>l'utilisation conforme de la marchandise<\/strong>En cas de d\u00e9t\u00e9rioration de l'objet, vous ne devez pas verser de d\u00e9dommagement ni payer de frais d'utilisation.<\/p>","protected":false},"excerpt":{"rendered":"<p>AGB Punkt 2.1: Aktuelle Zahlungsmodalit\u00e4t &#8211; Risikofreier Kauf auf Rechnung (=Produkt zur Ansicht testen) F\u00fcr Kunden in\u00a0in \u00d6sterreich und in Deutschland bietet Optik Sport Shop die M\u00f6glichkeit, bestellte Produkte mittels der Zahlungsart \u201eKauf auf Rechnung ohne Risiko\u201c zu bezahlen. Damit haben Sie die M\u00f6glichkeit, das Produkt zur Ansicht zu testen. Warum: Viele unserer Kunden bevorzugen [&#8230;]\n","protected":false},"author":2,"featured_media":0,"parent":0,"menu_order":0,"comment_status":"closed","ping_status":"open","template":"","meta":{"inline_featured_image":false,"footnotes":""},"class_list":["post-2501","page","type-page","status-publish","hentry"],"_links":{"self":[{"href":"https:\/\/ddoptics.shop\/fr\/wp-json\/wp\/v2\/pages\/2501","targetHints":{"allow":["GET"]}}],"collection":[{"href":"https:\/\/ddoptics.shop\/fr\/wp-json\/wp\/v2\/pages"}],"about":[{"href":"https:\/\/ddoptics.shop\/fr\/wp-json\/wp\/v2\/types\/page"}],"author":[{"embeddable":true,"href":"https:\/\/ddoptics.shop\/fr\/wp-json\/wp\/v2\/users\/2"}],"replies":[{"embeddable":true,"href":"https:\/\/ddoptics.shop\/fr\/wp-json\/wp\/v2\/comments?post=2501"}],"version-history":[{"count":0,"href":"https:\/\/ddoptics.shop\/fr\/wp-json\/wp\/v2\/pages\/2501\/revisions"}],"wp:attachment":[{"href":"https:\/\/ddoptics.shop\/fr\/wp-json\/wp\/v2\/media?parent=2501"}],"curies":[{"name":"wp","href":"https:\/\/api.w.org\/{rel}","templated":true}]}}