{"id":29084,"date":"2025-10-03T10:30:51","date_gmt":"2025-10-03T08:30:51","guid":{"rendered":"https:\/\/ddoptics.shop\/?page_id=29084"},"modified":"2025-10-03T10:37:39","modified_gmt":"2025-10-03T08:37:39","slug":"lunettes-de-visee-par-aptitude","status":"publish","type":"page","link":"https:\/\/ddoptics.shop\/fr\/zielfernrohre-nach-eignung\/","title":{"rendered":"Lunettes de vis\u00e9e par aptitude"},"content":{"rendered":"<div class=\"page-title category-title\">\n<h1>Lunettes de vis\u00e9e par aptitude<\/h1>\n<\/div>\n<div class=\"category-description std\">\n<p><strong>Comment trouver la lunette de vis\u00e9e optimale pour votre utilisation gr\u00e2ce \u00e0 notre s\u00e9lection d'aptitude et \u00e0 notre syst\u00e8me de comparaison !<\/strong><\/p>\n<p>Conseils : vous trouverez ici les conseils les plus importants pour que vos attentes soient satisfaites de mani\u00e8re optimale lors du choix de votre optique cible.<\/p>\n<p><strong>Les lunettes de vis\u00e9e de haute qualit\u00e9 et de haute pr\u00e9cision repr\u00e9sentent des optiques exceptionnelles de construction moderne !<\/strong><\/p>\n<p>Gr\u00e2ce \u00e0 leur plage de grossissement variable, elles offrent de nombreuses possibilit\u00e9s d'utilisation lors de comp\u00e9titions et pour tous les types de chasse avec des conditions de luminosit\u00e9 diff\u00e9rentes.<br \/>\nQuelle que soit l'utilisation et les diff\u00e9rentes conditions de lumi\u00e8re et de climat, on doit pouvoir compter \u00e0 tout moment sur la qualit\u00e9 de sa lunette de vis\u00e9e.<\/p>\n<p>Les chasseurs et les tireurs sont tr\u00e8s exigeants en ce qui concerne la performance de l'optique de vis\u00e9e - c'est la seule fa\u00e7on pour la meilleure arme d'apporter une performance globale optimale.<br \/>\nIl existe des lunettes de vis\u00e9e \u00e0 grossissement constant ou variable. Les optiques de vis\u00e9e \u00e0 grossissement variable permettent un r\u00e9glage en fonction de l'utilisation pr\u00e9vue. Par exemple, pour un tir lointain, un grossissement de 10x, pour un tir sur du gibier fugitif, un grossissement de 2,5x seulement. Le r\u00e9ticule est un \u00e9l\u00e9ment important d'une lunette de vis\u00e9e. Le r\u00e9ticule lumineux avec le point lumineux II en fibre de verre est extr\u00eamement clair.<\/p>\n<p>Gr\u00e2ce \u00e0 la technique de fibre optique d\u00e9velopp\u00e9e par DDoptics, le point lumineux n'\u00e9claire ni ne r\u00e9fl\u00e9chit en aucune situation. En cas de forte gradation, le point lumineux devient non seulement plus sombre, mais aussi plus fin.<br \/>\nUn montage de haute qualit\u00e9 assure une fixation constante et optimale sur le fusil, m\u00eame apr\u00e8s des d\u00e9montages r\u00e9p\u00e9t\u00e9s. Les montages les plus connus sont les montages pivotants, les montages \u00e0 report ou les montages \u00e0 un crochet, comme le montage \u00e0 un crochet Ziegler disponible chez DDoptics.<\/p>\n<table border=\"0\">\n<tbody>\n<tr>\n<td><strong>Type de chasse<\/strong><\/td>\n<td><strong>Utilisation<\/strong><\/td>\n<td><strong>S\u00e9lection de l'optique cible<\/strong><\/td>\n<\/tr>\n<tr>\n<td>Allround<\/td>\n<td>Agrandissements et diam\u00e8tres d'objectif variables dans la moyenne<br \/>\nsont l\u00e9gers pour la chasse \u00e0 l'approche et offrent des r\u00e9serves<br \/>\nau cr\u00e9puscule.<\/td>\n<td>1,5-6\u00d742<br \/>\n2,5-10\u00d750<br \/>\n2,5-15\u00d750<br \/>\n2,5-10\u00d756<\/td>\n<\/tr>\n<tr>\n<td>Ansitz<\/td>\n<td>Grandeur Agrandissements et diam\u00e8tre de l'objectif donnent une<br \/>\nbonne performance cr\u00e9pusculaire - un r\u00e9ticule lumineux est avantageux<\/td>\n<td>2,5-10\u00d750<br \/>\n2,5-10\u00d756<br \/>\n5-30\u00d750<br \/>\n2,5-15\u00d750<\/td>\n<\/tr>\n<tr>\n<td>Pirsch<\/td>\n<td>Les faibles grossissements ou les petits diam\u00e8tres d'objectif sont<br \/>\nde pr\u00e9f\u00e9rence \u00e0 cause de leur poids ou parce qu'ils sont principalement<br \/>\n\u00eatre utilis\u00e9s \u00e0 la lumi\u00e8re du jour.<\/td>\n<td>1,5-6\u00d742<br \/>\n1-4\u00d724<\/td>\n<\/tr>\n<tr>\n<td>Chasse en montagne<\/td>\n<td>Grossissements variables moyens et diam\u00e8tres d'objectif moyens,<br \/>\npour s'adapter \u00e0 des distances diff\u00e9rentes<br \/>\npouvoir et ne pas porter trop de poids.<\/td>\n<td>5-30\u00d750<br \/>\n2,5-15\u00d750<\/td>\n<\/tr>\n<tr>\n<td>Pression et<\/p>\n<p>Gros gibier<\/td>\n<td>Les faibles grossissements ou les petits diam\u00e8tres d'objectif sont<br \/>\nen raison de leur poids et de leur champ de vision plus \u00e9lev\u00e9, ou bien<br \/>\nparce qu'ils sont aussi principalement utilis\u00e9s \u00e0 la lumi\u00e8re du jour.<\/td>\n<td>1,5-6\u00d742<br \/>\n1-4\u00d724<\/td>\n<\/tr>\n<\/tbody>\n<\/table>\n<\/div>","protected":false},"excerpt":{"rendered":"<p>Zielfernrohre nach Eignung Wie Sie mit unserer Eignungsauswahl und dem Vergleichssystem das f\u00fcr Ihren Gebrauch optimale Zielfernrohr finden! Beratung : Hier erhalten Sie die wichtigsten Tipps, damit bei der Auswahl Ihrer Zieloptik auch Ihre Erwartungen optimal erf\u00fcllt werden. Hochqualitatve und genaue Zielfernrohre stellen hervorragende Optiken modernster Bauart dar! Sie bieten mit ihrem variablen Vergr\u00f6\u00dferungsbereich vielf\u00e4ltige [&#8230;]\n","protected":false},"author":2,"featured_media":0,"parent":0,"menu_order":0,"comment_status":"closed","ping_status":"closed","template":"page-blank-title-center.php","meta":{"inline_featured_image":false,"footnotes":""},"class_list":["post-29084","page","type-page","status-publish","hentry"],"_links":{"self":[{"href":"https:\/\/ddoptics.shop\/fr\/wp-json\/wp\/v2\/pages\/29084","targetHints":{"allow":["GET"]}}],"collection":[{"href":"https:\/\/ddoptics.shop\/fr\/wp-json\/wp\/v2\/pages"}],"about":[{"href":"https:\/\/ddoptics.shop\/fr\/wp-json\/wp\/v2\/types\/page"}],"author":[{"embeddable":true,"href":"https:\/\/ddoptics.shop\/fr\/wp-json\/wp\/v2\/users\/2"}],"replies":[{"embeddable":true,"href":"https:\/\/ddoptics.shop\/fr\/wp-json\/wp\/v2\/comments?post=29084"}],"version-history":[{"count":4,"href":"https:\/\/ddoptics.shop\/fr\/wp-json\/wp\/v2\/pages\/29084\/revisions"}],"predecessor-version":[{"id":29088,"href":"https:\/\/ddoptics.shop\/fr\/wp-json\/wp\/v2\/pages\/29084\/revisions\/29088"}],"wp:attachment":[{"href":"https:\/\/ddoptics.shop\/fr\/wp-json\/wp\/v2\/media?parent=29084"}],"curies":[{"name":"wp","href":"https:\/\/api.w.org\/{rel}","templated":true}]}}