{"id":33,"date":"2012-04-01T20:15:52","date_gmt":"2012-04-01T18:15:52","guid":{"rendered":"http:\/\/www.optik-sport-shop.at\/?page_id=33"},"modified":"2025-11-05T12:25:28","modified_gmt":"2025-11-05T11:25:28","slug":"frais-dexpedition","status":"publish","type":"page","link":"https:\/\/ddoptics.shop\/fr\/versandkosten\/","title":{"rendered":"Frais d'exp\u00e9dition et informations sur l'exp\u00e9dition"},"content":{"rendered":"<div id=\"gap-1269854702\" class=\"gap-element clearfix\" style=\"display:block; height:auto;\">\n\t\t\n<style>\n#gap-1269854702 {\n  padding-top: 60px;\n}\n<\/style>\n\t<\/div>\n\t\n\n  <div class=\"banner has-hover\" id=\"banner-2023984911\">\n          <div class=\"banner-inner fill\">\n        <div class=\"banner-bg fill\" >\n            <img decoding=\"async\" width=\"1020\" height=\"268\" src=\"https:\/\/ddoptics.shop\/wp-content\/uploads\/2017\/03\/versandkosten-optik-sport-shop_1140.jpg\" class=\"bg attachment-large size-large\" alt=\"Frais de livraison chez Optik Sport Shop\" title=\"\">                        <div class=\"overlay\"><\/div>            \n                    <\/div>\n\t\t\n        <div class=\"banner-layers container\">\n            <div class=\"fill banner-link\"><\/div>            \n   <div id=\"text-box-1574655201\" class=\"text-box banner-layer x50 md-x50 lg-x50 y50 md-y50 lg-y50 res-text\">\n                                <div class=\"text-box-content text dark\">\n              \n              <div class=\"text-inner text-center\">\n                  \n<h1 class=\"uppercase\"><span style=\"font-size: 80%;\">FRAIS D'EXPEDITION<\/span><\/h1>\n              <\/div>\n           <\/div>\n                            \n<style>\n#text-box-1574655201 .text-inner {\n  padding: 100px 0px 0px 0px;\n}\n#text-box-1574655201 {\n  width: 60%;\n}\n#text-box-1574655201 .text-box-content {\n  font-size: 100%;\n}\n<\/style>\n    <\/div>\n \n        <\/div>\n      <\/div>\n\n              <div class=\"height-fix is-invisible\"><img decoding=\"async\" width=\"1020\" height=\"268\" src=\"https:\/\/ddoptics.shop\/wp-content\/uploads\/2017\/03\/versandkosten-optik-sport-shop_1140.jpg\" class=\"attachment-large size-large\" alt=\"Frais de livraison chez Optik Sport Shop\" srcset=\"https:\/\/ddoptics.shop\/wp-content\/uploads\/2017\/03\/versandkosten-optik-sport-shop_1140.jpg 1140w, https:\/\/ddoptics.shop\/wp-content\/uploads\/2017\/03\/versandkosten-optik-sport-shop_1140-304x80.jpg 304w, https:\/\/ddoptics.shop\/wp-content\/uploads\/2017\/03\/versandkosten-optik-sport-shop_1140-305x80.jpg 305w, https:\/\/ddoptics.shop\/wp-content\/uploads\/2017\/03\/versandkosten-optik-sport-shop_1140-632x166.jpg 632w, https:\/\/ddoptics.shop\/wp-content\/uploads\/2017\/03\/versandkosten-optik-sport-shop_1140-800x211.jpg 800w, https:\/\/ddoptics.shop\/wp-content\/uploads\/2017\/03\/versandkosten-optik-sport-shop_1140-250x66.jpg 250w, https:\/\/ddoptics.shop\/wp-content\/uploads\/2017\/03\/versandkosten-optik-sport-shop_1140-510x134.jpg 510w\" sizes=\"(max-width: 1020px) 100vw, 1020px\" title=\"\"><\/div>\n            \n<style>\n#banner-2023984911 .overlay {\n  background-color: rgba(0, 0, 0, 0.17);\n}\n<\/style>\n  <\/div>\n\n\n<div class=\"row\"  id=\"row-579911632\">\n\n\t<div id=\"col-1309355088\" class=\"col small-12 large-12\"  >\n\t\t\t\t<div class=\"col-inner\"  >\n\t\t\t\n\t\t\t\n<h2>Frais de livraison chez Optik Sport Shop<\/h2>\n<p><strong>Commandes et exp\u00e9dition possibles vers :<\/strong><br \/>\nNous exp\u00e9dions en Autriche et dans les pays limitrophes vers l'Allemagne, l'Italie, <strong><a href=\"https:\/\/ddoptics.shop\/fr\/clients-suisse-liechtenstein\/\" target=\"_blank\" rel=\"noopener noreferrer\">Suisse et Liechtenstein<\/a>.<\/strong><\/p>\n<p>NOUVEAU UE large : Belgique, Bulgarie, Croatie, Danemark, Espagne (continentale), Estonie, Finlande, France (continentale), Gr\u00e8ce (Ath\u00e8nes, Le Pir\u00e9e), Hongrie, Irlande, Italie, Lettonie, Lituanie, Luxembourg, Malte, Pays-Bas, Pologne, Portugal (continentale), Roumanie, Slovaquie, Slov\u00e9nie, Su\u00e8de, R\u00e9publique tch\u00e8que, Chypre (sud),<\/p>\n<p><strong>SANS frais de port :<\/strong><br \/>\nEn principe, un retrait en personne est toujours possible et donc bien s\u00fbr gratuit.<\/p>\n<h3>Frais d'exp\u00e9dition en Suisse (Autriche) :<strong><br \/>\n<\/strong><\/h3>\n<table style=\"width: 800px;\" border=\"0\">\n<tbody>\n<tr>\n<td>Paquet jusqu'\u00e0 999 g<\/td>\n<td>\u20ac 13,00<\/td>\n<\/tr>\n<tr>\n<td>Paquet \u00e0 partir de 1000 g<\/td>\n<td>\u20ac 14,00<\/td>\n<\/tr>\n<tr>\n<td>Paquet jusqu'\u00e0 20kg<\/td>\n<td>\u20ac 18,00<\/td>\n<\/tr>\n<\/tbody>\n<\/table>\n<p>&nbsp;<\/p>\n<h3>Frais de port Allemagne :<\/h3>\n<table style=\"width: 800px;\" border=\"0\">\n<tbody>\n<tr>\n<td>Paquet \u00e0 partir de 200 g<\/td>\n<td>\u20ac 7,00<\/td>\n<\/tr>\n<tr>\n<td>Paquet \u00e0 partir de 500 g<\/td>\n<td>\u20ac 9,00<\/td>\n<\/tr>\n<tr>\n<td>Paquet \u00e0 partir de 1000 g<\/td>\n<td>\u20ac 14,00<\/td>\n<\/tr>\n<tr>\n<td>Paquet jusqu'\u00e0 20kg<\/td>\n<td>\u20ac 24,90<\/td>\n<\/tr>\n<\/tbody>\n<\/table>\n<p>&nbsp;<\/p>\n<h3>Frais d'exp\u00e9dition en Suisse et au Liechtenstein (hors UE - facture nette, car exportation)<\/h3>\n<p>D\u00e9lai de livraison moyen pour les marchandises en stock : 5-7 jours (sans sam, dim ni jour f\u00e9ri\u00e9) en raison des formalit\u00e9s douani\u00e8res.<\/p>\n<table style=\"width: 800px;\" border=\"0\">\n<tbody>\n<tr>\n<td>Colis jusqu'\u00e0 999 \u20ac net, formalit\u00e9s douani\u00e8res incluses - documents d'exp\u00e9dition et documents douaniers<\/td>\n<td>\u20ac 35,00<\/td>\n<\/tr>\n<tr>\n<td>Paquet \u00e0 partir de 1000 \u20ac net, y compris formalit\u00e9s douani\u00e8res \u00e9tendues - documents d'exp\u00e9dition et documents douaniers - y compris 3 num\u00e9ros de tarif douanier (par ex. UNIC tiges en carbone, etc.).<\/td>\n<td>\u20ac 87,00<\/td>\n<\/tr>\n<tr>\n<td>Pas d'envoi de projectiles et d'appareils de vision nocturne \/ d'images thermiques en Suisse<\/td>\n<td><\/td>\n<\/tr>\n<\/tbody>\n<\/table>\n<p>Reste de l'Europe : voir le panier avec le choix de la destination.<\/p>\n<p>Les frais de port d\u00e9finitifs sont toujours indiqu\u00e9s le jour de l'envoi. <strong>Fin de la commande avant l'envoi de la commande<\/strong> s'affiche.<\/p>\n<p>Tous les prix s'entendent emballage, frais de port et incluent (sauf CH) 20% TVA. Sous r\u00e9serve d'erreurs d'impression et de composition.<\/p>\n\t\t<\/div>\n\t\t\t\t\t<\/div>\n\n\t\n<\/div>","protected":false},"excerpt":{"rendered":"","protected":false},"author":2,"featured_media":0,"parent":0,"menu_order":0,"comment_status":"closed","ping_status":"open","template":"page-transparent-header.php","meta":{"inline_featured_image":false,"footnotes":""},"class_list":["post-33","page","type-page","status-publish","hentry"],"_links":{"self":[{"href":"https:\/\/ddoptics.shop\/fr\/wp-json\/wp\/v2\/pages\/33","targetHints":{"allow":["GET"]}}],"collection":[{"href":"https:\/\/ddoptics.shop\/fr\/wp-json\/wp\/v2\/pages"}],"about":[{"href":"https:\/\/ddoptics.shop\/fr\/wp-json\/wp\/v2\/types\/page"}],"author":[{"embeddable":true,"href":"https:\/\/ddoptics.shop\/fr\/wp-json\/wp\/v2\/users\/2"}],"replies":[{"embeddable":true,"href":"https:\/\/ddoptics.shop\/fr\/wp-json\/wp\/v2\/comments?post=33"}],"version-history":[{"count":12,"href":"https:\/\/ddoptics.shop\/fr\/wp-json\/wp\/v2\/pages\/33\/revisions"}],"predecessor-version":[{"id":29417,"href":"https:\/\/ddoptics.shop\/fr\/wp-json\/wp\/v2\/pages\/33\/revisions\/29417"}],"wp:attachment":[{"href":"https:\/\/ddoptics.shop\/fr\/wp-json\/wp\/v2\/media?parent=33"}],"curies":[{"name":"wp","href":"https:\/\/api.w.org\/{rel}","templated":true}]}}