{"id":6491,"date":"2014-06-11T14:55:31","date_gmt":"2014-06-11T12:55:31","guid":{"rendered":"http:\/\/optik-sport-shop.at\/?page_id=6491"},"modified":"2025-05-27T15:38:05","modified_gmt":"2025-05-27T13:38:05","slug":"conditions-de-retractation","status":"publish","type":"page","link":"https:\/\/ddoptics.shop\/fr\/widerrufsbestimmungen\/","title":{"rendered":"Conditions de r\u00e9vocation"},"content":{"rendered":"<p>Vous avez le droit d'annuler votre commande dans un d\u00e9lai de quatorze jours \u00e0 compter de la r\u00e9ception de la marchandise (pas de la r\u00e9ception de la facture !) sans avoir \u00e0 vous justifier. Le jour de la livraison n'est pas pris en compte dans le calcul du d\u00e9lai.<\/p>\n<p style=\"color: #666666;\">Le d\u00e9lai de r\u00e9tractation commence \u00e0 courir apr\u00e8s la r\u00e9ception de l'avis de r\u00e9tractation sous forme de texte, mais pas avant la r\u00e9ception de la marchandise par le destinataire (en cas de livraisons r\u00e9p\u00e9t\u00e9es de marchandises de m\u00eame nature, pas avant la r\u00e9ception de la premi\u00e8re livraison partielle).<\/p>\n<p>Pour exercer votre droit de r\u00e9tractation, vous devez nous envoyer<\/p>\n<p>Webdeals Shops GmbH<br \/>\nProjet Optique Sport Shop - Optique DDoptics et tiges en carbone FBT<br \/>\nHolzbodenweg 6<br \/>\nAT - 6858 Schwarzach<br \/>\nwiderruf@ddoptics.shop<\/p>\n<p>au moyen d'une d\u00e9claration claire (par exemple une lettre envoy\u00e9e par la poste, un e-mail ou un appel t\u00e9l\u00e9phonique) de votre d\u00e9cision de r\u00e9voquer la commande ou - si l'objet vous est remis avant l'expiration du d\u00e9lai - \u00e9galement en renvoyant l'objet. Pour ce faire, vous pouvez utiliser notre <a title=\"Mod\u00e8le de formulaire de r\u00e9tractation\" href=\"\/wp-content\/uploads\/2017\/02\/Schriftlicher-Widerruf-Bestellung.pdf\">Mod\u00e8le de formulaire de r\u00e9tractation<\/a>\u00a0mais ce n'est pas obligatoire. Vous pouvez \u00e9galement t\u00e9l\u00e9charger la d\u00e9claration de r\u00e9tractation sur notre site web (<a title=\"Formulaire de r\u00e9tractation en ligne\" href=\"\/fr\/annulation-de-la-commande\/\">http:\/\/ddoptics.shop\/widerruf-bestellung<\/a>) par voie \u00e9lectronique. Si vous faites usage de cette possibilit\u00e9, nous vous enverrons sans d\u00e9lai (par exemple par e-mail) une confirmation de la r\u00e9ception d'une telle r\u00e9tractation. Pour que le d\u00e9lai de r\u00e9tractation soit respect\u00e9, il suffit que vous envoyiez la communication relative \u00e0 l'exercice du droit de r\u00e9tractation avant l'expiration du d\u00e9lai de r\u00e9tractation.<\/p>\n<p style=\"color: #666666;\"><a title=\"Formulaire de commande en ligne\" href=\"\/fr\/annulation-de-la-commande\/\">\" Vers le formulaire de r\u00e9tractation en ligne<\/a><\/p>\n<p style=\"color: #666666;\"><a title=\"Formulaire de r\u00e9vocation de commande\" href=\"https:\/\/ddoptics.shop\/wp-content\/uploads\/2021\/11\/vorlage_widerruf_bestellung.pdf\">\"T\u00e9l\u00e9charger le formulaire \"R\u00e9vocation de la commande\" (.pdf)<\/a><\/p>\n<h3 style=\"color: #444444;\">Groupes de produits exclus du droit de r\u00e9tractation<\/h3>\n<p style=\"color: #666666;\">Services sociaux, services de sant\u00e9, produits d'hygi\u00e8ne, produits p\u00e9rissables de consommation courante et produits fabriqu\u00e9s sur mesure pour le client.<\/p>\n<h3 style=\"color: #444444;\">Cons\u00e9quences de la r\u00e9vocation<\/h3>\n<p style=\"color: #666666;\">En cas de r\u00e9tractation de votre part, nous vous rembourserons tous les paiements re\u00e7us de vous, y compris les frais de livraison (\u00e0 l'exception des frais suppl\u00e9mentaires d\u00e9coulant du fait que vous avez choisi un mode de livraison autre que le mode de livraison standard le moins cher que nous proposons), sans d\u00e9lai et au plus tard dans les quatorze jours \u00e0 compter de la date \u00e0 laquelle nous avons re\u00e7u la communication de votre r\u00e9tractation du pr\u00e9sent contrat. Pour ce remboursement, nous utilisons le m\u00eame moyen de paiement que celui que vous avez utilis\u00e9 pour la transaction initiale, \u00e0 moins qu'il n'en ait \u00e9t\u00e9 express\u00e9ment convenu autrement avec vous ; les \u00e9ventuels frais de transaction (qui ne nous sont actuellement pas rembours\u00e9s par PayPal, par exemple) sont \u00e0 la charge de l'acheteur. Nous pouvons refuser le remboursement jusqu'\u00e0 ce que nous ayons r\u00e9cup\u00e9r\u00e9 les marchandises.<\/p>\n<h3 style=\"color: #444444;\">Retour de la marchandise<\/h3>\n<p style=\"color: #666666;\">Vous devez renvoyer ou remettre les marchandises \u00e0 nous (DDoptics Optik Sport Shop, Webdeals Shops GmbH, Holzbodenweg 6, 6858 Schwarzach , Autriche) sans retard excessif et, en tout \u00e9tat de cause, au plus tard quatorze jours apr\u00e8s r\u00e9ception de l'information sur le droit de r\u00e9tractation ou apr\u00e8s r\u00e9ception des marchandises. Le d\u00e9lai est respect\u00e9 si vous renvoyez les marchandises avant l'expiration du d\u00e9lai de quatorze jours. Les frais directs de renvoi des marchandises sont \u00e0 votre charge. Vous ne devez prendre en charge une \u00e9ventuelle perte de valeur des marchandises que si cette perte de valeur est due \u00e0 une manipulation des marchandises qui n'est pas n\u00e9cessaire pour v\u00e9rifier leur nature, leurs caract\u00e9ristiques et leur fonctionnement.<\/p>","protected":false},"excerpt":{"rendered":"<p>Sie haben das Recht, binnen vierzehn Tagen ab Erhalt der Ware (nicht Erhalt der Rechnung !) ohne Angabe von Gr\u00fcnden die Bestellung zu widerrufen.\u00a0Der Tag der Zustellung wird bei der Fristberechnung nicht mitgez\u00e4hlt. Die Widerrufsfrist beginnt nach Erhalt der R\u00fccktrittsmeldung in Textform, jedoch nicht vor Eingang der Ware beim Empf\u00e4nger (bei wiederkehrenden Lieferungen gleichartiger Waren [&#8230;]\n","protected":false},"author":2,"featured_media":0,"parent":0,"menu_order":0,"comment_status":"closed","ping_status":"open","template":"page-blank-title-center.php","meta":{"inline_featured_image":false,"footnotes":""},"class_list":["post-6491","page","type-page","status-publish","hentry"],"_links":{"self":[{"href":"https:\/\/ddoptics.shop\/fr\/wp-json\/wp\/v2\/pages\/6491","targetHints":{"allow":["GET"]}}],"collection":[{"href":"https:\/\/ddoptics.shop\/fr\/wp-json\/wp\/v2\/pages"}],"about":[{"href":"https:\/\/ddoptics.shop\/fr\/wp-json\/wp\/v2\/types\/page"}],"author":[{"embeddable":true,"href":"https:\/\/ddoptics.shop\/fr\/wp-json\/wp\/v2\/users\/2"}],"replies":[{"embeddable":true,"href":"https:\/\/ddoptics.shop\/fr\/wp-json\/wp\/v2\/comments?post=6491"}],"version-history":[{"count":9,"href":"https:\/\/ddoptics.shop\/fr\/wp-json\/wp\/v2\/pages\/6491\/revisions"}],"predecessor-version":[{"id":28409,"href":"https:\/\/ddoptics.shop\/fr\/wp-json\/wp\/v2\/pages\/6491\/revisions\/28409"}],"wp:attachment":[{"href":"https:\/\/ddoptics.shop\/fr\/wp-json\/wp\/v2\/media?parent=6491"}],"curies":[{"name":"wp","href":"https:\/\/api.w.org\/{rel}","templated":true}]}}