{"id":737,"date":"2012-05-13T09:58:35","date_gmt":"2012-05-13T07:58:35","guid":{"rendered":"http:\/\/www.optik-sport-shop.at\/?page_id=737"},"modified":"2012-05-13T09:58:35","modified_gmt":"2012-05-13T07:58:35","slug":"loden","status":"publish","type":"page","link":"https:\/\/ddoptics.shop\/fr\/outdoor-wissen\/loden\/","title":{"rendered":"Loden"},"content":{"rendered":"<h2>Mat\u00e9riau traditionnel des Alpins et des chasseurs - C'est le tissu de loden dans lequel les l\u00e9gendes ont \u00e9t\u00e9 taill\u00e9es.<\/h2>\n<p><strong>Loden<\/strong> est le <strong>tissu traditionnel<\/strong>\u00e0 partir de laquelle les <strong>Habitants de la r\u00e9gion alpine<\/strong> depuis <strong>de nombreux si\u00e8cles \u00e0 fabriquer leurs v\u00eatements<\/strong>. Le mat\u00e9riau Loden offre une <strong>une excellente protection<\/strong> contre le climat souvent rude <strong>M\u00e9t\u00e9o de montagne, contre la pluie, le vent et le froid<\/strong>. Le loden est une mati\u00e8re premi\u00e8re <strong>Produit en pure laine vierge<\/strong>La laine de mouton est une mati\u00e8re premi\u00e8re qui est traditionnellement fournie par les moutons de la r\u00e9gion. En raison des exigences qualitatives plus \u00e9lev\u00e9es, la laine de moutons n\u00e9o-z\u00e9landais est aujourd'hui \u00e9galement fil\u00e9e.<\/p>\n<p>Pour acc\u00e9der \u00e0 la mode de loden alpinisti <strong>ICI<\/strong><\/p>\n<h2>Histoire courte sur le loden<\/h2>\n<p>Le terme loden est attest\u00e9 au dixi\u00e8me si\u00e8cle sous le nom de lodo (tissu de laine foul\u00e9e), mais il peut \u00e9galement provenir du moyen haut allemand lodi (manteau) ou du vieux norrois lodi (manteau hirsute). Le loden est traditionnellement (et encore aujourd'hui) utilis\u00e9 pour <strong>toutes sortes de v\u00eatements de campagne<\/strong> est utilis\u00e9. Que ce soit pour <strong>Mode des costumes traditionnels<\/strong>, <strong>Costumes traditionnels<\/strong> (par exemple <strong>\u00e0 l'Oktoberfest<\/strong>), <strong>Veste traditionnelle <\/strong>ou simplement<strong> assorti au pantalon en cuir<\/strong> - partout, le loden est utilis\u00e9 comme mat\u00e9riau principal ou compl\u00e9mentaire.<\/p>\n<p><strong>Loden<\/strong> a jou\u00e9 et joue encore aujourd'hui, en particulier dans<strong> costumes traditionnels bavarois et autrichiens<\/strong> un r\u00f4le important. L'int\u00e9r\u00eat pour les costumes traditionnels s'est r\u00e9veill\u00e9 dans de nombreuses r\u00e9gions \u00e0 la fin du 19e si\u00e8cle, dans le sillage du mouvement patriotique et du retour aux particularit\u00e9s r\u00e9gionales et au pr\u00e9tendu romantisme rural.<\/p>\n<p><object width=\"600\" height=\"400\" classid=\"clsid:d27cdb6e-ae6d-11cf-96b8-444553540000\" codebase=\"http:\/\/download.macromedia.com\/pub\/shockwave\/cabs\/flash\/swflash.cab#version=6,0,40,0\"><param name=\"allowFullScreen\" value=\"true\" \/><param name=\"allowscriptaccess\" value=\"always\" \/><param name=\"src\" value=\"http:\/\/www.youtube.com\/v\/yP-xrJZqBsE?version=3&amp;hl=de_DE&amp;rel=0\" \/><param name=\"allowfullscreen\" value=\"true\" \/><embed width=\"600\" height=\"400\" type=\"application\/x-shockwave-flash\" src=\"http:\/\/www.youtube.com\/v\/yP-xrJZqBsE?version=3&amp;hl=de_DE&amp;rel=0\" allowfullscreen=\"true\" allowscriptaccess=\"always\" \/><\/object><\/p>\n<p>En Autriche, en Styrie, un gris s'est impos\u00e9 au milieu du 19e si\u00e8cle. <strong>Costume en loden avec revers verts et bandes d\u00e9coratives<\/strong> (Lampassen) s'est impos\u00e9. Il a \u00e9t\u00e9 \u00e9limin\u00e9 de la <strong>Les v\u00eatements des chasseurs<\/strong> dans le Salzkammergut et a \u00e9t\u00e9 popularis\u00e9 par l'archiduc Johann d'Autriche (1782-1859). L'habit encore utilis\u00e9 aujourd'hui a \u00e9t\u00e9<strong> \"Costume styrien\"<\/strong> est appel\u00e9<\/p>\n<figure id=\"attachment_742\" aria-describedby=\"caption-attachment-742\" style=\"width: 297px\" class=\"wp-caption alignleft\"><a href=\"http:\/\/optik-sport-shop.at\/wp-content\/uploads\/2012\/05\/leobner-und-altsteirer-anzug.jpg\" target=\"_blank\" rel=\"noopener\"><img decoding=\"async\" class=\"wp-image-742\" title=\"Costume Leobner (\u00e0 gauche) et Altsteirer (\u00e0 droite)\" alt=\"Costume Leobner (\u00e0 gauche) et Altsteirer (\u00e0 droite)\" src=\"http:\/\/optik-sport-shop.at\/wp-content\/uploads\/2012\/05\/leobner-und-altsteirer-anzug.jpg\" width=\"297\" height=\"230\" \/><\/a><figcaption id=\"caption-attachment-742\" class=\"wp-caption-text\">Costume Leobner (\u00e0 gauche) et Altsteirer (\u00e0 droite)<\/figcaption><\/figure>\n<p><span style=\"font-size: 22px; letter-spacing: 0px; line-height: 30px;\">Le costume styrien<\/span><\/p>\n<p>Le costume styrien a trouv\u00e9 sa place en tant que <strong>V\u00eatements de loisirs des nobles<\/strong> et, par cons\u00e9quent, de la haute bourgeoisie. Apr\u00e8s la Premi\u00e8re Guerre mondiale, la <strong>l'enthousiasme pour les costumes traditionnels \u00e0 se r\u00e9pandre dans toute l'Autriche.<\/strong> Au d\u00e9but, il \u00e9tait port\u00e9 comme v\u00eatement typique des citoyens fid\u00e8les au r\u00e9gime, mais il est rest\u00e9 un v\u00eatement populaire m\u00eame apr\u00e8s la Seconde Guerre mondiale - surtout dans les milieux conservateurs.<\/p>","protected":false},"excerpt":{"rendered":"<p>Traditionelles Material der Alpenl\u00e4ndler und J\u00e4ger &#8211; Es ist der Loden Stoff, aus dem Legenden geschneidert wurden. Loden ist der traditionelle Stoff, aus dem die Bewohner der Alpenregion seit vielen Jahrhunderten ihre Kleidung fertigen. Das Material Loden bietet einen ausgezeichneten Schutz gegen das oft rauhe Gebirgswetter, gegen Regen, Wind und K\u00e4lte. Bei Loden handelt es [&#8230;]\n","protected":false},"author":2,"featured_media":0,"parent":84,"menu_order":0,"comment_status":"open","ping_status":"open","template":"","meta":{"inline_featured_image":false,"footnotes":""},"class_list":["post-737","page","type-page","status-publish","hentry"],"_links":{"self":[{"href":"https:\/\/ddoptics.shop\/fr\/wp-json\/wp\/v2\/pages\/737","targetHints":{"allow":["GET"]}}],"collection":[{"href":"https:\/\/ddoptics.shop\/fr\/wp-json\/wp\/v2\/pages"}],"about":[{"href":"https:\/\/ddoptics.shop\/fr\/wp-json\/wp\/v2\/types\/page"}],"author":[{"embeddable":true,"href":"https:\/\/ddoptics.shop\/fr\/wp-json\/wp\/v2\/users\/2"}],"replies":[{"embeddable":true,"href":"https:\/\/ddoptics.shop\/fr\/wp-json\/wp\/v2\/comments?post=737"}],"version-history":[{"count":0,"href":"https:\/\/ddoptics.shop\/fr\/wp-json\/wp\/v2\/pages\/737\/revisions"}],"up":[{"embeddable":true,"href":"https:\/\/ddoptics.shop\/fr\/wp-json\/wp\/v2\/pages\/84"}],"wp:attachment":[{"href":"https:\/\/ddoptics.shop\/fr\/wp-json\/wp\/v2\/media?parent=737"}],"curies":[{"name":"wp","href":"https:\/\/api.w.org\/{rel}","templated":true}]}}