{"id":762,"date":"2012-05-13T10:49:31","date_gmt":"2012-05-13T08:49:31","guid":{"rendered":"http:\/\/www.optik-sport-shop.at\/?page_id=762"},"modified":"2012-05-13T10:49:31","modified_gmt":"2012-05-13T08:49:31","slug":"signification-loden","status":"publish","type":"page","link":"https:\/\/ddoptics.shop\/fr\/outdoor-wissen\/loden\/bedeutung-loden\/","title":{"rendered":"Signification Loden"},"content":{"rendered":"<h2>L'importance du loden<\/h2>\n<p>En tant que <strong>produit purement naturel en pure laine vierge<\/strong> est le loden <strong>sup\u00e9rieur aux mat\u00e9riaux synth\u00e9tiques \u00e0 de nombreux \u00e9gards.<\/strong> Contrairement au synth\u00e9tique, le mat\u00e9riau r\u00e9siste plus longtemps \u00e0 une pluie continue (\u00e0 l'exception des technologies membranaires) et <strong>r\u00e9chauffe m\u00eame lorsqu'il est mouill\u00e9<\/strong>.<\/p>\n<p>On remarque par exemple de mani\u00e8re positive que les <strong>les v\u00eatements ne prennent presque pas d'odeur<\/strong> et reste, par exemple, relativement inodore m\u00eame apr\u00e8s un s\u00e9jour prolong\u00e9 dans des fumoirs.<\/p>\n<p>Le loden est un <strong>produit naturel cr\u00e9\u00e9 de mani\u00e8re artisanale<\/strong>t, infroissable et id\u00e9al pour le travail manuel. <strong>produit relativement bon march\u00e9.<\/strong><\/p>\n<h3>L'importance du loden pour la chasse<\/h3>\n<p>Le loden est en <strong>sous nos latitudes, reste un mat\u00e9riau int\u00e9ressant pour de nombreux chasseurs.<\/strong> <strong>Faible poids propre<\/strong>selon l'\u00e9paisseur <strong>bonne protection thermique<\/strong>ainsi que la proverbiale <strong>Silencieux<\/strong> sont des qualit\u00e9s que de nombreux chasseurs appr\u00e9cient.<\/p>\n<p><object width=\"600\" height=\"400\" classid=\"clsid:d27cdb6e-ae6d-11cf-96b8-444553540000\" codebase=\"http:\/\/download.macromedia.com\/pub\/shockwave\/cabs\/flash\/swflash.cab#version=6,0,40,0\"><param name=\"allowFullScreen\" value=\"true\" \/><param name=\"allowscriptaccess\" value=\"always\" \/><param name=\"src\" value=\"http:\/\/www.youtube.com\/v\/_okXTp4p3PA?version=3&amp;hl=de_DE&amp;rel=0\" \/><param name=\"allowfullscreen\" value=\"true\" \/><embed width=\"600\" height=\"400\" type=\"application\/x-shockwave-flash\" src=\"http:\/\/www.youtube.com\/v\/_okXTp4p3PA?version=3&amp;hl=de_DE&amp;rel=0\" allowfullscreen=\"true\" allowscriptaccess=\"always\" \/><\/object><\/p>\n<p>Le site <strong>en laine<\/strong> gagn\u00e9s, <strong>Loden, un produit purement naturel<\/strong> est en outre <strong>extr\u00eamement hydrofuge<\/strong> et ne laisse pas passer beaucoup de vent. Mais il ne devient vraiment imperm\u00e9able au vent et \u00e0 l'eau qu'avec une doublure sp\u00e9ciale. Comme d'autres mat\u00e9riaux de plein air, le loden est fabriqu\u00e9 dans diff\u00e9rentes qualit\u00e9s.<\/p>\n<p><strong>Loden de haute qualit\u00e9<\/strong> consiste en une <strong>un pourcentage \u00e9lev\u00e9 de pure laine<\/strong>, le <strong>Aujourd'hui, on y ajoute souvent une part de poils de lama ou d'alpaga.<\/strong> <strong>Taux de fibres synth\u00e9tiques<\/strong> ne sont cependant en aucun cas un signe de qualit\u00e9 inf\u00e9rieure, mais sont <strong>pour augmenter l'\u00e9lasticit\u00e9 et la fermet\u00e9<\/strong> est int\u00e9gr\u00e9. Car dans ce domaine, le loden est d\u00e9savantag\u00e9. Il n'est pas particuli\u00e8rement r\u00e9sistant \u00e0 la d\u00e9chirure. Le loden \u00e0 rayures supporte particuli\u00e8rement mal les frottements constants aux endroits sollicit\u00e9s. En effet, les propri\u00e9t\u00e9s d'isolation thermique et de r\u00e9sistance \u00e0 l'eau sont alors rapidement perdues \u00e0 ces endroits.<\/p>","protected":false},"excerpt":{"rendered":"<p>Die Bedeutung von Loden Als rein nat\u00fcrliches Produkt aus reiner Schurwolle ist Loden synthetischen Materialien in vielen Aspekten \u00fcberlegen. Anders als Synthetik h\u00e4lt das Material l\u00e4nger einem Dauerregen stand (ausgenommen Membrantechnologien) und w\u00e4rmt auch in nassem Zustand. Positiv f\u00e4llt zum Beispiel auf, dass die Kleidung kaum Geruch annimmt und beispielsweise auch nach l\u00e4ngerem Aufenthalt in [&#8230;]\n","protected":false},"author":2,"featured_media":0,"parent":737,"menu_order":0,"comment_status":"open","ping_status":"open","template":"","meta":{"inline_featured_image":false,"footnotes":""},"class_list":["post-762","page","type-page","status-publish","hentry"],"_links":{"self":[{"href":"https:\/\/ddoptics.shop\/fr\/wp-json\/wp\/v2\/pages\/762","targetHints":{"allow":["GET"]}}],"collection":[{"href":"https:\/\/ddoptics.shop\/fr\/wp-json\/wp\/v2\/pages"}],"about":[{"href":"https:\/\/ddoptics.shop\/fr\/wp-json\/wp\/v2\/types\/page"}],"author":[{"embeddable":true,"href":"https:\/\/ddoptics.shop\/fr\/wp-json\/wp\/v2\/users\/2"}],"replies":[{"embeddable":true,"href":"https:\/\/ddoptics.shop\/fr\/wp-json\/wp\/v2\/comments?post=762"}],"version-history":[{"count":0,"href":"https:\/\/ddoptics.shop\/fr\/wp-json\/wp\/v2\/pages\/762\/revisions"}],"up":[{"embeddable":true,"href":"https:\/\/ddoptics.shop\/fr\/wp-json\/wp\/v2\/pages\/737"}],"wp:attachment":[{"href":"https:\/\/ddoptics.shop\/fr\/wp-json\/wp\/v2\/media?parent=762"}],"curies":[{"name":"wp","href":"https:\/\/api.w.org\/{rel}","templated":true}]}}