{"id":84,"date":"2012-04-02T20:27:47","date_gmt":"2012-04-02T18:27:47","guid":{"rendered":"http:\/\/www.optik-sport-shop.at\/?page_id=84"},"modified":"2017-12-27T09:46:48","modified_gmt":"2017-12-27T08:46:48","slug":"savoir-en-plein-air","status":"publish","type":"page","link":"https:\/\/ddoptics.shop\/fr\/outdoor-wissen\/","title":{"rendered":"Ce qu'il faut savoir"},"content":{"rendered":"<h2>Explications et connaissances de base<\/h2>\n<p>Sur <strong>Ce qu'il faut savoir<\/strong> vous trouverez de nombreux <strong>Explications de termes techniques<\/strong> comme d'habitude <strong>toutes sortes d'informations de fond int\u00e9ressantes<\/strong> sur des th\u00e8mes de la boutique DDoptics Optik Sport.<\/p>\n<p>Si vous <strong>Suggestions et propositions<\/strong> Si vous avez des id\u00e9es sur la mani\u00e8re d'\u00e9largir ces points, il vous suffit de nous \u00e9crire un <a title=\"Contact Email\" href=\"\/fr\/contact\/\" target=\"_blank\" rel=\"noopener\">Email.<\/a><\/p>\n<p>Nous attendons avec impatience vos contributions.<\/p>\n<p>Cordialement, votre boutique DDoptics Optik Sport Shop.<\/p>","protected":false},"excerpt":{"rendered":"<p>Erkl\u00e4rungen und Hintergrundwissen Unter Wissenswertes finden Sie viele Erkl\u00e4rungen von Fachbegriffen wie auch sonst allerlei Interessantes an Hintergrundinformationen zu Themen aus dem DDoptics Optik Sport Shop. Wenn Sie Anregungen und Vorschl\u00e4ge haben, wie man diese Punkte erweitern kann, dann schreiben Sie uns einfach eine Email. Wir freuen uns auf Ihre Inputs. Freundliche Gr\u00fcsse, Ihr DDoptics [&#8230;]\n","protected":false},"author":2,"featured_media":0,"parent":0,"menu_order":0,"comment_status":"closed","ping_status":"open","template":"","meta":{"inline_featured_image":false,"footnotes":""},"class_list":["post-84","page","type-page","status-publish","hentry"],"_links":{"self":[{"href":"https:\/\/ddoptics.shop\/fr\/wp-json\/wp\/v2\/pages\/84","targetHints":{"allow":["GET"]}}],"collection":[{"href":"https:\/\/ddoptics.shop\/fr\/wp-json\/wp\/v2\/pages"}],"about":[{"href":"https:\/\/ddoptics.shop\/fr\/wp-json\/wp\/v2\/types\/page"}],"author":[{"embeddable":true,"href":"https:\/\/ddoptics.shop\/fr\/wp-json\/wp\/v2\/users\/2"}],"replies":[{"embeddable":true,"href":"https:\/\/ddoptics.shop\/fr\/wp-json\/wp\/v2\/comments?post=84"}],"version-history":[{"count":0,"href":"https:\/\/ddoptics.shop\/fr\/wp-json\/wp\/v2\/pages\/84\/revisions"}],"wp:attachment":[{"href":"https:\/\/ddoptics.shop\/fr\/wp-json\/wp\/v2\/media?parent=84"}],"curies":[{"name":"wp","href":"https:\/\/api.w.org\/{rel}","templated":true}]}}