{"id":10541,"date":"2017-04-02T18:15:53","date_gmt":"2017-04-02T16:15:53","guid":{"rendered":"https:\/\/beta.optik-sport-shop.at\/kaufen\/ddoptics-fernglas-12x56-pirschler-gen-3-gruen"},"modified":"2025-07-03T15:38:23","modified_gmt":"2025-07-03T13:38:23","slug":"ddoptics-pirschler-12x56-jumelles-gen-3-vert","status":"publish","type":"product","link":"https:\/\/ddoptics.shop\/fr\/kaufen\/ddoptics-pirschler-12x56-fernglas-gen-3-gruen\/","title":{"rendered":"DDoptics Pirschler 12\u00d756 Jumelles | vert - Gen 3"},"content":{"rendered":"<div class=\"row\"  id=\"row-245055884\">\n\n\t<div id=\"col-1188775584\" class=\"col medium-8 small-12 large-8\"  >\n\t\t\t\t<div class=\"col-inner\"  >\n\t\t\t\n\t\t\t\n<h2>DDOPTICS PIRSCHLER 12\u00d756 JUMELLES GEN 3 | VERT | <a href=\"https:\/\/de.wikipedia.org\/wiki\/Abbe-K%C3%B6nig-Prisma\" target=\"_blank\" rel=\"noopener sponsored\">ABBE K\u00d6NIG<\/a> PRISMEN\u00a0<span class=\"dd_detail_topic_one\"> |<\/span>\u00a0une des jumelles les plus lumineuses de sa cat\u00e9gorie<\/h2>\n<div>\n<p>D\u00e9couvrez le nouveau <strong>\u00e0 fort grossissement, ultra-lumineux et tr\u00e8s robuste<\/strong>\u00a0Jumelles de nuit &amp; de chasse <strong>Pirschler 12\u00d756<\/strong> avec des prismes d'Abbe-K\u00f6nig et <a href=\"https:\/\/de.wikipedia.org\/wiki\/Magnesium\" target=\"_blank\" rel=\"noopener noreferrer\">Magn\u00e9sium<\/a> Body. Outre les am\u00e9liorations apport\u00e9es aux caract\u00e9ristiques optiques de la Gen 2, ces jumelles sont particuli\u00e8rement con\u00e7ues pour durer.<\/p>\n<p>Les mat\u00e9riaux et les proc\u00e9d\u00e9s de fabrication les plus modernes, issus de la construction a\u00e9ronautique, ont permis d'obtenir ce mod\u00e8le. <strong>Jumelles 12\u00d756<\/strong> Le mod\u00e8le de base a \u00e9t\u00e9 con\u00e7u pour \u00eatre beaucoup plus l\u00e9ger que le mod\u00e8le pr\u00e9c\u00e9dent.<\/p>\n<h3>Stabilit\u00e9 et robustesse des jumelles professionnelles DDoptics Pirschler 12\u00d756<\/h3>\n<p>Les nouvelles jumelles \"Pirschler\" ne contiennent pas un gramme de plastique (\u00e0 l'exception du capuchon de protection du tr\u00e9pied). Ni sur le corps des jumelles lui-m\u00eame, ni sur les pi\u00e8ces d'usure.<\/p>\n<p>Le corps et le pont sont faits d'une <strong>alliage de magn\u00e9sium ultra-dur mais extr\u00eamement l\u00e9ger<\/strong> de la construction a\u00e9ronautique et rendent les jumelles pratiquement incassables. Avantage suppl\u00e9mentaire : le magn\u00e9sium r\u00e9duit le poids total d'un imposant 70 g, le faisant passer \u00e0 1 150 g.<\/p>\n<p>Le dioptre (plage de r\u00e9glage +-4) se trouve \u00e0 cause de la <strong>plus \u00e0 la molette centrale de mise au point pour une meilleure fonctionnalit\u00e9<\/strong>mais sur l'oculaire droit. Tous ces \u00e9l\u00e9ments de commande (dioptre, oculaire, molette de mise au point) sont en duraluminium et sont donc garants d'une grande r\u00e9sistance \u00e0 long terme. Une armature dite \"Best Grip\" sur la face ext\u00e9rieure du corps emp\u00eache les mains de glisser.<\/p>\n<p>Ainsi, le <strong>saisir et tenir d'une seule main<\/strong> de ces jumelles compactes 12\u00d756, m\u00eame avec des gants, est agr\u00e9ablement confortable et s\u00fbre.<\/p>\n<\/div>\n\t\t<\/div>\n\t\t\t\t\n<style>\n#col-1188775584 > .col-inner {\n  margin: 0px 0px -30px 0px;\n}\n<\/style>\n\t<\/div>\n\n\t\n\n\t<div id=\"col-1663859224\" class=\"col medium-4 small-12 large-4\"  >\n\t\t\t\t<div class=\"col-inner\"  >\n\t\t\t\n\t\t\t\n\t<div class=\"img has-hover x md-x lg-x y md-y lg-y\" id=\"image_1453882505\">\n\t\t\t\t\t\t\t\t<div class=\"img-inner dark\" >\n\t\t\t\t\t\t\t\t\t\n\t\t\t\t\t<\/div>\n\t\t\t\t\t\t\t\t\n<style>\n#image_1453882505 {\n  width: 100%;\n}\n<\/style>\n\t<\/div>\n\t\n\t<div class=\"img has-hover x md-x lg-x y md-y lg-y\" id=\"image_1615389251\">\n\t\t<a class=\"\" href=\"https:\/\/www.shop.ddoptics.de\/garantiebestimmungen\" target=\"_blank\" rel=\"noopener\">\t\t\t\t\t\t<div class=\"img-inner dark\" >\n\t\t\t<img decoding=\"async\" width=\"352\" height=\"160\" src=\"https:\/\/ddoptics.shop\/wp-content\/uploads\/2014\/09\/DDoptics-Garantie.jpg\" class=\"attachment-large size-large\" alt=\"Garantie DDoptics\" srcset=\"https:\/\/ddoptics.shop\/wp-content\/uploads\/2014\/09\/DDoptics-Garantie.jpg 352w, https:\/\/ddoptics.shop\/wp-content\/uploads\/2014\/09\/DDoptics-Garantie-304x138.jpg 304w, https:\/\/ddoptics.shop\/wp-content\/uploads\/2014\/09\/DDoptics-Garantie-305x139.jpg 305w, https:\/\/ddoptics.shop\/wp-content\/uploads\/2014\/09\/DDoptics-Garantie-250x114.jpg 250w\" sizes=\"(max-width: 352px) 100vw, 352px\" title=\"\">\t\t\t\t\t\t\n\t\t\t\t\t<\/div>\n\t\t\t\t\t\t<\/a>\t\t\n<style>\n#image_1615389251 {\n  width: 100%;\n}\n<\/style>\n\t<\/div>\n\t\n<h3>DDoptics Pirschler jumelles Facts<\/h3>\n\t<div class=\"img has-hover x md-x lg-x y md-y lg-y\" id=\"image_1814702035\">\n\t\t<a class=\"image-lightbox lightbox-gallery\" title=\"\" href=\"https:\/\/ddoptics.shop\/wp-content\/uploads\/2018\/09\/DDoptics-Pirschler-Gen-3-neu.jpg\">\t\t\t\t\t\t<div class=\"img-inner dark\" >\n\t\t\t<img decoding=\"async\" width=\"1020\" height=\"574\" src=\"https:\/\/ddoptics.shop\/wp-content\/uploads\/2018\/09\/DDoptics-Pirschler-Gen-3-neu.jpg\" class=\"attachment-large size-large\" alt=\"Acheter DDoptics Pirschler Gen 3 dans la boutique\" srcset=\"https:\/\/ddoptics.shop\/wp-content\/uploads\/2018\/09\/DDoptics-Pirschler-Gen-3-neu.jpg 1200w, https:\/\/ddoptics.shop\/wp-content\/uploads\/2018\/09\/DDoptics-Pirschler-Gen-3-neu-304x171.jpg 304w, https:\/\/ddoptics.shop\/wp-content\/uploads\/2018\/09\/DDoptics-Pirschler-Gen-3-neu-305x172.jpg 305w, https:\/\/ddoptics.shop\/wp-content\/uploads\/2018\/09\/DDoptics-Pirschler-Gen-3-neu-632x356.jpg 632w, https:\/\/ddoptics.shop\/wp-content\/uploads\/2018\/09\/DDoptics-Pirschler-Gen-3-neu-800x450.jpg 800w, https:\/\/ddoptics.shop\/wp-content\/uploads\/2018\/09\/DDoptics-Pirschler-Gen-3-neu-510x287.jpg 510w, https:\/\/ddoptics.shop\/wp-content\/uploads\/2018\/09\/DDoptics-Pirschler-Gen-3-neu-250x141.jpg 250w\" sizes=\"(max-width: 1020px) 100vw, 1020px\" title=\"\">\t\t\t\t\t\t\n\t\t\t\t\t<\/div>\n\t\t\t\t\t\t<\/a>\t\t\n<style>\n#image_1814702035 {\n  width: 100%;\n}\n<\/style>\n\t<\/div>\n\t\n\n\t\t<div class=\"icon-box featured-box icon-box-left text-left\"  >\n\t\t\t\t\t<div class=\"icon-box-img\" style=\"width: 32px\">\n\t\t\t\t<div class=\"icon\">\n\t\t\t\t\t<div class=\"icon-inner\" >\n\t\t\t\t\t\t<img decoding=\"async\" width=\"100\" height=\"83\" src=\"https:\/\/ddoptics.shop\/wp-content\/uploads\/2021\/06\/DDoptics-Pirschler-icon.jpg\" class=\"attachment-medium size-medium\" alt=\"Jumelles DDoptics Pirschler\" title=\"\">\t\t\t\t\t<\/div>\n\t\t\t\t<\/div>\n\t\t\t<\/div>\n\t\t\t\t<div class=\"icon-box-text last-reset\">\n\t\t\t\t\t\t\t\t\t\n<p><span data-sheets-value=\"{&quot;1&quot;:2,&quot;2&quot;:&quot;\u2705&quot;}\" data-sheets-userformat=\"{&quot;2&quot;:15297,&quot;3&quot;:{&quot;1&quot;:0},&quot;9&quot;:0,&quot;10&quot;:2,&quot;11&quot;:0,&quot;12&quot;:0,&quot;14&quot;:{&quot;1&quot;:2,&quot;2&quot;:0},&quot;15&quot;:&quot;Calibri, sans-serif&quot;,&quot;16&quot;:11}\">\u2705 <\/span><span style=\"color: #333333;\">Armature verte<\/span><\/p>\n\t\t<\/div>\n\t<\/div>\n\t\n\t\n\n\t\t<div class=\"icon-box featured-box icon-box-left text-left\"  >\n\t\t\t\t\t<div class=\"icon-box-img\" style=\"width: 32px\">\n\t\t\t\t<div class=\"icon\">\n\t\t\t\t\t<div class=\"icon-inner\" >\n\t\t\t\t\t\t<img decoding=\"async\" width=\"100\" height=\"83\" src=\"https:\/\/ddoptics.shop\/wp-content\/uploads\/2021\/06\/DDoptics-Pirschler-icon.jpg\" class=\"attachment-medium size-medium\" alt=\"Jumelles DDoptics Pirschler\" title=\"\">\t\t\t\t\t<\/div>\n\t\t\t\t<\/div>\n\t\t\t<\/div>\n\t\t\t\t<div class=\"icon-box-text last-reset\">\n\t\t\t\t\t\t\t\t\t\n<p>\u2705 <span style=\"color: #333333;\">Jumelles avec prismes ABBE K\u00d6NIG<\/span><\/p>\n\t\t<\/div>\n\t<\/div>\n\t\n\t\n\n\t\t<div class=\"icon-box featured-box icon-box-left text-left\"  >\n\t\t\t\t\t<div class=\"icon-box-img\" style=\"width: 32px\">\n\t\t\t\t<div class=\"icon\">\n\t\t\t\t\t<div class=\"icon-inner\" >\n\t\t\t\t\t\t<img decoding=\"async\" width=\"100\" height=\"83\" src=\"https:\/\/ddoptics.shop\/wp-content\/uploads\/2021\/06\/DDoptics-Pirschler-icon.jpg\" class=\"attachment-medium size-medium\" alt=\"Jumelles DDoptics Pirschler\" title=\"\">\t\t\t\t\t<\/div>\n\t\t\t\t<\/div>\n\t\t\t<\/div>\n\t\t\t\t<div class=\"icon-box-text last-reset\">\n\t\t\t\t\t\t\t\t\t\n<p>\u2705 <span style=\"color: #333333;\">Corps m\u00e9tallique en magn\u00e9sium (Mg) indestructible<\/span><\/p>\n\t\t<\/div>\n\t<\/div>\n\t\n\t\n\n\t\t<div class=\"icon-box featured-box icon-box-left text-left\"  >\n\t\t\t\t\t<div class=\"icon-box-img\" style=\"width: 32px\">\n\t\t\t\t<div class=\"icon\">\n\t\t\t\t\t<div class=\"icon-inner\" >\n\t\t\t\t\t\t<img decoding=\"async\" width=\"100\" height=\"83\" src=\"https:\/\/ddoptics.shop\/wp-content\/uploads\/2021\/06\/DDoptics-Pirschler-icon.jpg\" class=\"attachment-medium size-medium\" alt=\"Jumelles DDoptics Pirschler\" title=\"\">\t\t\t\t\t<\/div>\n\t\t\t\t<\/div>\n\t\t\t<\/div>\n\t\t\t\t<div class=\"icon-box-text last-reset\">\n\t\t\t\t\t\t\t\t\t\n<p>\u2705 <span style=\"color: #333333;\">80 g plus l\u00e9ger que le mod\u00e8le pr\u00e9c\u00e9dent (gr\u00e2ce au Mg)<\/span><\/p>\n\t\t<\/div>\n\t<\/div>\n\t\n\t\n\n\t\t<div class=\"icon-box featured-box icon-box-left text-left\"  >\n\t\t\t\t\t<div class=\"icon-box-img\" style=\"width: 32px\">\n\t\t\t\t<div class=\"icon\">\n\t\t\t\t\t<div class=\"icon-inner\" >\n\t\t\t\t\t\t<img decoding=\"async\" width=\"100\" height=\"83\" src=\"https:\/\/ddoptics.shop\/wp-content\/uploads\/2021\/06\/DDoptics-Pirschler-icon.jpg\" class=\"attachment-medium size-medium\" alt=\"Jumelles DDoptics Pirschler\" title=\"\">\t\t\t\t\t<\/div>\n\t\t\t\t<\/div>\n\t\t\t<\/div>\n\t\t\t\t<div class=\"icon-box-text last-reset\">\n\t\t\t\t\t\t\t\t\t\n<p>\u2705 <span style=\"color: #333333;\">Oculaires &amp; \u0153illetons en m\u00e9tal<\/span><\/p>\n\t\t<\/div>\n\t<\/div>\n\t\n\t\n\n\t\t<div class=\"icon-box featured-box icon-box-left text-left\"  >\n\t\t\t\t\t<div class=\"icon-box-img\" style=\"width: 32px\">\n\t\t\t\t<div class=\"icon\">\n\t\t\t\t\t<div class=\"icon-inner\" >\n\t\t\t\t\t\t<img decoding=\"async\" width=\"100\" height=\"83\" src=\"https:\/\/ddoptics.shop\/wp-content\/uploads\/2021\/06\/DDoptics-Pirschler-icon.jpg\" class=\"attachment-medium size-medium\" alt=\"Jumelles DDoptics Pirschler\" title=\"\">\t\t\t\t\t<\/div>\n\t\t\t\t<\/div>\n\t\t\t<\/div>\n\t\t\t\t<div class=\"icon-box-text last-reset\">\n\t\t\t\t\t\t\t\t\t\n<p>\u2705 <span style=\"color: #333333;\">Molette de mise au point et dioptre s\u00e9par\u00e9 en m\u00e9tal<\/span><\/p>\n\t\t<\/div>\n\t<\/div>\n\t\n\t\n\n\t\t<div class=\"icon-box featured-box icon-box-left text-left\"  >\n\t\t\t\t\t<div class=\"icon-box-img\" style=\"width: 32px\">\n\t\t\t\t<div class=\"icon\">\n\t\t\t\t\t<div class=\"icon-inner\" >\n\t\t\t\t\t\t<img decoding=\"async\" width=\"100\" height=\"83\" src=\"https:\/\/ddoptics.shop\/wp-content\/uploads\/2021\/06\/DDoptics-Pirschler-icon.jpg\" class=\"attachment-medium size-medium\" alt=\"Jumelles DDoptics Pirschler\" title=\"\">\t\t\t\t\t<\/div>\n\t\t\t\t<\/div>\n\t\t\t<\/div>\n\t\t\t\t<div class=\"icon-box-text last-reset\">\n\t\t\t\t\t\t\t\t\t\n<p>\u2705 <span style=\"color: #333333;\">\u0152illetons avec des trames claires<\/span><\/p>\n\t\t<\/div>\n\t<\/div>\n\t\n\t\n\n\t\t<div class=\"icon-box featured-box icon-box-left text-left\"  >\n\t\t\t\t\t<div class=\"icon-box-img\" style=\"width: 32px\">\n\t\t\t\t<div class=\"icon\">\n\t\t\t\t\t<div class=\"icon-inner\" >\n\t\t\t\t\t\t<img decoding=\"async\" width=\"100\" height=\"83\" src=\"https:\/\/ddoptics.shop\/wp-content\/uploads\/2021\/06\/DDoptics-Pirschler-icon.jpg\" class=\"attachment-medium size-medium\" alt=\"Jumelles DDoptics Pirschler\" title=\"\">\t\t\t\t\t<\/div>\n\t\t\t\t<\/div>\n\t\t\t<\/div>\n\t\t\t\t<div class=\"icon-box-text last-reset\">\n\t\t\t\t\t\t\t\t\t\n<p>\u2705 <span style=\"color: #333333;\">Un tout nouveau look avec le verre CT<\/span><\/p>\n\t\t<\/div>\n\t<\/div>\n\t\n\t\n\n\t\t<div class=\"icon-box featured-box icon-box-left text-left\"  >\n\t\t\t\t\t<div class=\"icon-box-img\" style=\"width: 32px\">\n\t\t\t\t<div class=\"icon\">\n\t\t\t\t\t<div class=\"icon-inner\" >\n\t\t\t\t\t\t<img decoding=\"async\" width=\"100\" height=\"83\" src=\"https:\/\/ddoptics.shop\/wp-content\/uploads\/2021\/06\/DDoptics-Pirschler-icon.jpg\" class=\"attachment-medium size-medium\" alt=\"Jumelles DDoptics Pirschler\" title=\"\">\t\t\t\t\t<\/div>\n\t\t\t\t<\/div>\n\t\t\t<\/div>\n\t\t\t\t<div class=\"icon-box-text last-reset\">\n\t\t\t\t\t\t\t\t\t\n<p>\u2705 <span style=\"color: #333333;\">R\u00e9solution nettement am\u00e9lior\u00e9e<\/span><\/p>\n\t\t<\/div>\n\t<\/div>\n\t\n\t\n\n\t\t<div class=\"icon-box featured-box icon-box-left text-left\"  >\n\t\t\t\t\t<div class=\"icon-box-img\" style=\"width: 32px\">\n\t\t\t\t<div class=\"icon\">\n\t\t\t\t\t<div class=\"icon-inner\" >\n\t\t\t\t\t\t<img decoding=\"async\" width=\"100\" height=\"83\" src=\"https:\/\/ddoptics.shop\/wp-content\/uploads\/2021\/06\/DDoptics-Pirschler-icon.jpg\" class=\"attachment-medium size-medium\" alt=\"Jumelles DDoptics Pirschler\" title=\"\">\t\t\t\t\t<\/div>\n\t\t\t\t<\/div>\n\t\t\t<\/div>\n\t\t\t\t<div class=\"icon-box-text last-reset\">\n\t\t\t\t\t\t\t\t\t\n<p>\u2705 <span style=\"color: #333333;\">Nettement plus lumineux que le mod\u00e8le pr\u00e9c\u00e9dent<\/span><\/p>\n\t\t<\/div>\n\t<\/div>\n\t\n\t\n\n\t\t<div class=\"icon-box featured-box icon-box-left text-left\"  >\n\t\t\t\t\t<div class=\"icon-box-img\" style=\"width: 32px\">\n\t\t\t\t<div class=\"icon\">\n\t\t\t\t\t<div class=\"icon-inner\" >\n\t\t\t\t\t\t<img decoding=\"async\" width=\"100\" height=\"83\" src=\"https:\/\/ddoptics.shop\/wp-content\/uploads\/2021\/06\/DDoptics-Pirschler-icon.jpg\" class=\"attachment-medium size-medium\" alt=\"Jumelles DDoptics Pirschler\" title=\"\">\t\t\t\t\t<\/div>\n\t\t\t\t<\/div>\n\t\t\t<\/div>\n\t\t\t\t<div class=\"icon-box-text last-reset\">\n\t\t\t\t\t\t\t\t\t\n<p>\u2705 <span style=\"color: #333333;\">Champ de vision de 129 m pour une observation agr\u00e9able<\/span><\/p>\n\t\t<\/div>\n\t<\/div>\n\t\n\t\n\n\t\t<div class=\"icon-box featured-box icon-box-left text-left\"  >\n\t\t\t\t\t<div class=\"icon-box-img\" style=\"width: 32px\">\n\t\t\t\t<div class=\"icon\">\n\t\t\t\t\t<div class=\"icon-inner\" >\n\t\t\t\t\t\t<img decoding=\"async\" width=\"100\" height=\"83\" src=\"https:\/\/ddoptics.shop\/wp-content\/uploads\/2021\/06\/DDoptics-Pirschler-icon.jpg\" class=\"attachment-medium size-medium\" alt=\"Jumelles DDoptics Pirschler\" title=\"\">\t\t\t\t\t<\/div>\n\t\t\t\t<\/div>\n\t\t\t<\/div>\n\t\t\t\t<div class=\"icon-box-text last-reset\">\n\t\t\t\t\t\t\t\t\t\n<p>\u2705 <span style=\"color: #333333;\">Concept de design Best Grip pour l'antid\u00e9rapance<\/span><\/p>\n\t\t<\/div>\n\t<\/div>\n\t\n\t\n\n\t\t<div class=\"icon-box featured-box icon-box-left text-left\"  >\n\t\t\t\t\t<div class=\"icon-box-img\" style=\"width: 32px\">\n\t\t\t\t<div class=\"icon\">\n\t\t\t\t\t<div class=\"icon-inner\" >\n\t\t\t\t\t\t<img decoding=\"async\" width=\"100\" height=\"83\" src=\"https:\/\/ddoptics.shop\/wp-content\/uploads\/2021\/06\/DDoptics-Pirschler-icon.jpg\" class=\"attachment-medium size-medium\" alt=\"Jumelles DDoptics Pirschler\" title=\"\">\t\t\t\t\t<\/div>\n\t\t\t\t<\/div>\n\t\t\t<\/div>\n\t\t\t\t<div class=\"icon-box-text last-reset\">\n\t\t\t\t\t\t\t\t\t\n<p>\u2705 <span style=\"color: #333333;\">\u00e9tanche \u00e0 l'eau sous pression jusqu'\u00e0 50cm<\/span><\/p>\n\t\t<\/div>\n\t<\/div>\n\t\n\t\n\n\t\t<div class=\"icon-box featured-box icon-box-left text-left\"  >\n\t\t\t\t\t<div class=\"icon-box-img\" style=\"width: 32px\">\n\t\t\t\t<div class=\"icon\">\n\t\t\t\t\t<div class=\"icon-inner\" >\n\t\t\t\t\t\t<img decoding=\"async\" width=\"100\" height=\"83\" src=\"https:\/\/ddoptics.shop\/wp-content\/uploads\/2021\/06\/DDoptics-Pirschler-icon.jpg\" class=\"attachment-medium size-medium\" alt=\"Jumelles DDoptics Pirschler\" title=\"\">\t\t\t\t\t<\/div>\n\t\t\t\t<\/div>\n\t\t\t<\/div>\n\t\t\t\t<div class=\"icon-box-text last-reset\">\n\t\t\t\t\t\t\t\t\t\n<p>\u2705 <span style=\"color: #333333;\">Raindefender Nano - Remboursement Lotus<\/span><\/p>\n\t\t<\/div>\n\t<\/div>\n\t\n\t\n<div class=\"is-divider divider clearfix\" ><\/div>\n<a href=\"https:\/\/ddoptics.shop\/wp-content\/uploads\/2021\/05\/DDoptics-Fernglasanleitung_2019.pdf\" target=\"_blank\" class=\"button white expand\" rel=\"noopener\" style=\"border-radius:10px;\">\n\t<i class=\"icon-angle-down\" aria-hidden=\"true\"><\/i>\t<span>T\u00e9l\u00e9charger le mode d'emploi<\/span>\n\t<\/a>\n\n\t\t<\/div>\n\t\t\t\t\t<\/div>\n\n\t\n<\/div>\n\t<div class=\"img has-hover x md-x lg-x y md-y lg-y\" id=\"image_481955007\">\n\t\t\t\t\t\t\t\t<div class=\"img-inner dark\" >\n\t\t\t<img decoding=\"async\" width=\"1020\" height=\"340\" src=\"https:\/\/ddoptics.shop\/wp-content\/uploads\/2021\/06\/Pirschler-Gen-3-DDoptics.jpg\" class=\"attachment-large size-large\" alt=\"DDoptics Jumelles Pirschler Gen 3\" srcset=\"https:\/\/ddoptics.shop\/wp-content\/uploads\/2021\/06\/Pirschler-Gen-3-DDoptics.jpg 1200w, https:\/\/ddoptics.shop\/wp-content\/uploads\/2021\/06\/Pirschler-Gen-3-DDoptics-304x101.jpg 304w, https:\/\/ddoptics.shop\/wp-content\/uploads\/2021\/06\/Pirschler-Gen-3-DDoptics-305x102.jpg 305w, https:\/\/ddoptics.shop\/wp-content\/uploads\/2021\/06\/Pirschler-Gen-3-DDoptics-632x211.jpg 632w, https:\/\/ddoptics.shop\/wp-content\/uploads\/2021\/06\/Pirschler-Gen-3-DDoptics-800x267.jpg 800w, https:\/\/ddoptics.shop\/wp-content\/uploads\/2021\/06\/Pirschler-Gen-3-DDoptics-510x170.jpg 510w, https:\/\/ddoptics.shop\/wp-content\/uploads\/2021\/06\/Pirschler-Gen-3-DDoptics-250x83.jpg 250w\" sizes=\"(max-width: 1020px) 100vw, 1020px\" title=\"\">\t\t\t\t\t\t\n\t\t\t\t\t\t\t<div class=\"caption\">DDoptics Jumelles Pirschler Gen 3<\/div>\n\t\t\t\t\t<\/div>\n\t\t\t\t\t\t\t\t\n<style>\n#image_481955007 {\n  width: 100%;\n}\n<\/style>\n\t<\/div>\n\t\n\t<div id=\"gap-1487264782\" class=\"gap-element clearfix\" style=\"display:block; height:auto;\">\n\t\t\n<style>\n#gap-1487264782 {\n  padding-top: 30px;\n}\n<\/style>\n\t<\/div>\n\t\n<p>&nbsp;<\/p>\n<h3>Optique brillante des jumelles 12\u00d756 Pirschler<\/h3>\n<p>Le nouveau verre CT avec traitement DDlucid sophistiqu\u00e9 et <strong>des prismes d'Abbe-K\u00f6nig de haute qualit\u00e9<\/strong> font de l'observation avec les jumelles Pirschler 12\u00d756 un pur plaisir visuel. L'observateur dispose de <strong>transmission de la lumi\u00e8re et luminosit\u00e9 de l'image extr\u00eamement \u00e9lev\u00e9es<\/strong> pour un rendu d'image riche en contrastes et brillant avec <strong>des contours d'une grande nettet\u00e9<\/strong>. La dispersion du verre est alors tr\u00e8s faible.<\/p>\n<h3>Jumelles Sp\u00e9cialiste de nuit \u00e0 fort grossissement<\/h3>\n<p>M\u00eame si l'optique enthousiasme d\u00e9j\u00e0 de jour, les Pirschler 12\u00d756 sont aussi faites pour la chasse de nuit. Au cr\u00e9puscule, alors que d'autres jumelles perdent d\u00e9j\u00e0 nettement en luminosit\u00e9 et en brillance, le Pirschler commence \u00e0 montrer ses points forts. On a presque l'impression que la r\u00e9solution et le contraste s'am\u00e9liorent encore \u00e0 la tomb\u00e9e de la nuit. M\u00eame avec un grossissement de 12 fois, il fait encore extr\u00eamement \"bonne figure\" tard dans la nuit. Ces jumelles ne vous laissent pas tomber jusqu'\u00e0 la toute derni\u00e8re lumi\u00e8re.<\/p>\n<h3>Bo\u00eetier des jumelles \u00e9tanche \u00e0 l'eau sous pression &amp; traitement nano hydrofuge<\/h3>\n<p>Le traitement \"Raindefender Nano\" assure un<strong> effet lotus hydrofuge<\/strong>Les jumelles elles-m\u00eames sont <strong>compl\u00e8tement \u00e9tanche \u00e0 l'eau sous pression<\/strong> jusqu'\u00e0 50 cm en eau chaude ou froide.<\/p>\n<figure id=\"attachment_10769\" aria-describedby=\"caption-attachment-10769\" style=\"width: 400px\" class=\"wp-caption alignright\"><img decoding=\"async\" class=\"size-full wp-image-10769\" src=\"https:\/\/ddoptics.shop\/wp-content\/uploads\/2017\/02\/Fernglas-Pirschler-8x56-smart-Focus-small.jpg\" alt=\"Jumelles Pirschler 15x56 smart Fonction Focus\" width=\"400\" height=\"267\" title=\"\" srcset=\"https:\/\/ddoptics.shop\/wp-content\/uploads\/2017\/02\/Fernglas-Pirschler-8x56-smart-Focus-small.jpg 400w, https:\/\/ddoptics.shop\/wp-content\/uploads\/2017\/02\/Fernglas-Pirschler-8x56-smart-Focus-small-304x203.jpg 304w, https:\/\/ddoptics.shop\/wp-content\/uploads\/2017\/02\/Fernglas-Pirschler-8x56-smart-Focus-small-305x204.jpg 305w, https:\/\/ddoptics.shop\/wp-content\/uploads\/2017\/02\/Fernglas-Pirschler-8x56-smart-Focus-small-250x167.jpg 250w\" sizes=\"(max-width: 400px) 100vw, 400px\" \/><figcaption id=\"caption-attachment-10769\" class=\"wp-caption-text\">Jumelles Pirschler 12\u00d756 smart Fonction Focus<\/figcaption><\/figure>\n<h3>Jumelles Pirschler - Fonction Smart Focus : 50 m - Infini<\/h3>\n<p>La fonction Smart Focus est un avantage au cr\u00e9puscule ou la nuit : gr\u00e2ce \u00e0 cette technique, les jumelles \"Pirschler 12\u00d756\" ne n\u00e9cessitent pratiquement pas de mise au point ult\u00e9rieure.<\/p>\n<p>Apr\u00e8s la mise au point sur un objet situ\u00e9 \u00e0 une centaine de m\u00e8tres, l'\u0153il se positionne dans la plage de distance de<strong> 50 m \u00e0 l'infini automatique sans mise au point permanente<\/strong> un.<\/p>\n<p>R\u00e9glage de la fonction 50m \u00e0 l'infini : pour r\u00e9gler la fonction, il suffit de tourner le rep\u00e8re tactile de la molette de mise au point vers le \"haut\".<\/p>\n<h3>Grandes jumelles 12\u00d756 Champ de vision<\/h3>\n<p>Le champ de vision de 93 m\u00e8tres offre de nets avantages lors de<strong> de ce que l'on appelle la vitrification<\/strong> et permet de trouver plus rapidement le gibier et les oiseaux, ou de les remarquer.<\/p>\n<h3>Jumelles \u00e9galement adapt\u00e9es aux porteurs de lunettes<\/h3>\n<p>En effet, les personnes qui se trouvent dans 3 positions de <strong>\u0153illetons en m\u00e9tal r\u00e9glables et amovibles<\/strong> assurent une distance parfaite entre les yeux. Le r\u00e9glage est souple et solide et fonctionne sans aucun jeu.<\/p>\n<p>Les informations relatives au <strong>Gen 2 mod\u00e8le pr\u00e9c\u00e9dent qualit\u00e9 nettement am\u00e9lior\u00e9e du m\u00e9canisme de l'\u0153illeton<\/strong> est perceptible gr\u00e2ce \u00e0 une r\u00e9sistance haptique ad\u00e9quate et au crantage clairement d\u00e9fini des marches interm\u00e9diaires. (pas de cliquetis, pas de jeu, pas de d\u00e9r\u00e9glage accidentel).<\/p>\n<p>D'autre part, le <strong>Jumelles Pirschler 12\u00d756<\/strong> par rapport \u00e0 d'autres jumelles de cette cat\u00e9gorie, par une distance plus grande de la pupille de sortie (20 mm)<\/p>","protected":false},"excerpt":{"rendered":"<p><a href=\"https:\/\/ddoptics.shop\/wp-content\/uploads\/2016\/09\/Ornitologie-klein.jpg\"><img decoding=\"async\" class=\"alignnone wp-image-10170 size-full\" title=\"Observation des oiseaux\" src=\"https:\/\/ddoptics.shop\/wp-content\/uploads\/2016\/09\/Ornitologie-klein.jpg\" alt=\"Observation des oiseaux\" width=\"50\" height=\"50\" \/><\/a><a href=\"https:\/\/ddoptics.shop\/wp-content\/uploads\/2016\/09\/Astronomie-klein.jpg\"><img decoding=\"async\" class=\"alignnone wp-image-10166 size-full\" title=\"Astronomie, observation des \u00e9toiles\" src=\"https:\/\/ddoptics.shop\/wp-content\/uploads\/2016\/09\/Astronomie-klein.jpg\" alt=\"Jumelles d&#039;astronomie\" width=\"50\" height=\"50\" \/><\/a><br \/>\nLe calcul enti\u00e8rement recalcul\u00e9<strong> Jumelles Pirschler 12\u00d756<\/strong> sont actuellement les jumelles les plus modernes de la s\u00e9rie DDoptics Pirschler. Il s'agit de l'une des jumelles 12x les plus lumineuses de sa cat\u00e9gorie.<\/p>\n<a href=\"https:\/\/amzn.to\/3nYo2Nj\" target=\"_blank\" class=\"button success is-success is-small\" rel=\"\u201dnofollow\u201d noopener\" >\n\t\t<span>client amazon ? - profiter des avantages prime ?<\/span>\n\t<\/a>","protected":false},"featured_media":10550,"comment_status":"open","ping_status":"closed","template":"","meta":{"inline_featured_image":false,"footnotes":""},"product_brand":[],"product_cat":[352,364,949,329,67,345],"product_tag":[504,93,78,84,953,777],"class_list":{"0":"post-10541","1":"product","2":"type-product","3":"status-publish","4":"has-post-thumbnail","6":"product_cat-12x-vergroesserung","7":"product_cat-56-mm-objektiv","8":"product_cat-messeaktion","9":"product_cat-ddoptics","10":"product_cat-fernglas","11":"product_cat-jagd-und-wild","12":"product_tag-12x56","13":"product_tag-ansitzglas","14":"product_tag-ddoptics","15":"product_tag-nachtfernglas","16":"product_tag-pirschler-12x56","17":"product_tag-pirschler-gen-3","18":"product_shipping_class-paket","19":"pa_brand-marke-ddoptics","20":"pa_farbe-gruen","21":"pa_produkt-typ-fernglas","23":"first","24":"instock","25":"sale","26":"taxable","27":"shipping-taxable","28":"purchasable","29":"product-type-simple"},"bundled_by":[],"bundle_stock_status":"instock","bundle_stock_quantity":48,"bundle_virtual":false,"bundle_layout":"","bundle_add_to_cart_form_location":"","bundle_editable_in_cart":false,"bundle_sold_individually_context":"","bundle_item_grouping":"","bundle_min_size":"","bundle_max_size":"","bundle_price":[],"bundled_items":[],"bundle_sell_ids":[],"_links":{"self":[{"href":"https:\/\/ddoptics.shop\/fr\/wp-json\/wp\/v2\/product\/10541","targetHints":{"allow":["GET"]}}],"collection":[{"href":"https:\/\/ddoptics.shop\/fr\/wp-json\/wp\/v2\/product"}],"about":[{"href":"https:\/\/ddoptics.shop\/fr\/wp-json\/wp\/v2\/types\/product"}],"replies":[{"embeddable":true,"href":"https:\/\/ddoptics.shop\/fr\/wp-json\/wp\/v2\/comments?post=10541"}],"version-history":[{"count":10,"href":"https:\/\/ddoptics.shop\/fr\/wp-json\/wp\/v2\/product\/10541\/revisions"}],"predecessor-version":[{"id":28582,"href":"https:\/\/ddoptics.shop\/fr\/wp-json\/wp\/v2\/product\/10541\/revisions\/28582"}],"wp:featuredmedia":[{"embeddable":true,"href":"https:\/\/ddoptics.shop\/fr\/wp-json\/wp\/v2\/media\/10550"}],"wp:attachment":[{"href":"https:\/\/ddoptics.shop\/fr\/wp-json\/wp\/v2\/media?parent=10541"}],"wp:term":[{"taxonomy":"product_brand","embeddable":true,"href":"https:\/\/ddoptics.shop\/fr\/wp-json\/wp\/v2\/product_brand?post=10541"},{"taxonomy":"product_cat","embeddable":true,"href":"https:\/\/ddoptics.shop\/fr\/wp-json\/wp\/v2\/product_cat?post=10541"},{"taxonomy":"product_tag","embeddable":true,"href":"https:\/\/ddoptics.shop\/fr\/wp-json\/wp\/v2\/product_tag?post=10541"}],"curies":[{"name":"wp","href":"https:\/\/api.w.org\/{rel}","templated":true}]}}