{"id":10601,"date":"2017-03-02T10:26:21","date_gmt":"2017-03-02T09:26:21","guid":{"rendered":"https:\/\/beta.optik-sport-shop.at\/kaufen\/ddoptics-fernglas-ultralight-8x42"},"modified":"2025-06-24T14:22:21","modified_gmt":"2025-06-24T12:22:21","slug":"ddoptics-jumelles-ultralight-8x42","status":"publish","type":"product","link":"https:\/\/ddoptics.shop\/fr\/kaufen\/ddoptics-fernglas-ultralight-8x42\/","title":{"rendered":"DDoptics Jumelles Ultralight 8\u00d742"},"content":{"rendered":"<div class=\"row\"  id=\"row-571269064\">\n\n\t<div id=\"col-524975684\" class=\"col medium-8 small-12 large-8\"  >\n\t\t\t\t<div class=\"col-inner\"  >\n\t\t\t\n\t\t\t\n<h2>DDoptics Jumelles Ultralight 8\u00d742<\/h2>\n<p>Depuis ao\u00fbt 2015, les jumelles universelles d'approche et d'observation de DDoptics existent \u00e9galement en version 42 mm, plus lumineuse. D\u00e9couvrez les jumelles universelles de DDoptics. Un <strong>jumelles compactes 8x <\/strong>avec <strong>des performances d'image impressionnantes<\/strong> \u00e0 un <strong>prix plus qu'\u00e9tonnant<\/strong>. Avec ce <strong>jumelles tr\u00e8s l\u00e9g\u00e8res et compactes<\/strong> la soci\u00e9t\u00e9 DDoptics compl\u00e8te son offre dans la cat\u00e9gorie \"un <strong>\"Des jumelles pour TOUS\"<\/strong> avec la s\u00e9rie Ultralight.<\/p>\n<p>Le site <strong>Jumelles DDoptics Ultralight avec grossissement 8x<\/strong>\u00a0vous offre pour un petit budget une optique l\u00e9g\u00e8re et \u00e9tanche, ainsi qu'une m\u00e9canique qui fonctionne proprement. Le traitement des prismes et des lentilles des jumelles Ultralight avec un diam\u00e8tre d'objectif de 42 mm a m\u00eame \u00e9t\u00e9 dot\u00e9 d'un di\u00e9lectrique.<\/p>\n<p>Le petit <strong>Les jumelles ont une belle forme<\/strong> con\u00e7u, l\u00e9ger, petit, \u00e9tanche et performant. Le site <strong>pont ouvert<\/strong> invite la main \u00e0 enserrer fermement le tube, offrant ainsi prise en main et confort.<\/p>\n<p>Le traitement des prismes et des lentilles assure une image claire et agr\u00e9able, et lorsque l'on n'a pas besoin des jumelles, elles disparaissent en un clin d'\u0153il dans la poche de la veste. Le faible poids d'\u00e0 peine 645 g des jumelles Ultralight ne g\u00eane \u00e0 aucun moment.<\/p>\n\t\t<\/div>\n\t\t\t\t\n<style>\n#col-524975684 > .col-inner {\n  margin: 0px 0px -30px 0px;\n}\n<\/style>\n\t<\/div>\n\n\t\n\n\t<div id=\"col-1850334308\" class=\"col medium-4 small-12 large-4\"  >\n\t\t\t\t<div class=\"col-inner\"  >\n\t\t\t\n\t\t\t\n\t<div class=\"img has-hover x md-x lg-x y md-y lg-y\" id=\"image_1851191851\">\n\t\t\t\t\t\t\t\t<div class=\"img-inner dark\" >\n\t\t\t\t\t\t\t\t\t\n\t\t\t\t\t<\/div>\n\t\t\t\t\t\t\t\t\n<style>\n#image_1851191851 {\n  width: 100%;\n}\n<\/style>\n\t<\/div>\n\t\n\t<div class=\"img has-hover x md-x lg-x y md-y lg-y\" id=\"image_2072482618\">\n\t\t<a class=\"\" href=\"https:\/\/www.shop.ddoptics.de\/garantiebestimmungen\" target=\"_blank\" rel=\"noopener\">\t\t\t\t\t\t<div class=\"img-inner dark\" >\n\t\t\t<img decoding=\"async\" width=\"352\" height=\"160\" src=\"https:\/\/ddoptics.shop\/wp-content\/uploads\/2014\/09\/DDoptics-Garantie.jpg\" class=\"attachment-large size-large\" alt=\"Garantie DDoptics\" srcset=\"https:\/\/ddoptics.shop\/wp-content\/uploads\/2014\/09\/DDoptics-Garantie.jpg 352w, https:\/\/ddoptics.shop\/wp-content\/uploads\/2014\/09\/DDoptics-Garantie-304x138.jpg 304w, https:\/\/ddoptics.shop\/wp-content\/uploads\/2014\/09\/DDoptics-Garantie-305x139.jpg 305w, https:\/\/ddoptics.shop\/wp-content\/uploads\/2014\/09\/DDoptics-Garantie-250x114.jpg 250w\" sizes=\"(max-width: 352px) 100vw, 352px\" title=\"\">\t\t\t\t\t\t\n\t\t\t\t\t<\/div>\n\t\t\t\t\t\t<\/a>\t\t\n<style>\n#image_2072482618 {\n  width: 100%;\n}\n<\/style>\n\t<\/div>\n\t\n<h3>DDoptics Jumelles Ultralight Facts<\/h3>\n\n\t\t<div class=\"icon-box featured-box icon-box-left text-left\"  >\n\t\t\t\t\t<div class=\"icon-box-img\" style=\"width: 32px\">\n\t\t\t\t<div class=\"icon\">\n\t\t\t\t\t<div class=\"icon-inner\" >\n\t\t\t\t\t\t<img decoding=\"async\" width=\"100\" height=\"83\" src=\"https:\/\/ddoptics.shop\/wp-content\/uploads\/2021\/05\/DDoptics-SHG-Icon.jpg\" class=\"attachment-medium size-medium\" alt=\"DDoptics SHG Jumelles Icon\" title=\"\">\t\t\t\t\t<\/div>\n\t\t\t\t<\/div>\n\t\t\t<\/div>\n\t\t\t\t<div class=\"icon-box-text last-reset\">\n\t\t\t\t\t\t\t\t\t\n<p>\u2705Poids le plus faible possible<\/p>\n\t\t<\/div>\n\t<\/div>\n\t\n\t\n\n\t\t<div class=\"icon-box featured-box icon-box-left text-left\"  >\n\t\t\t\t\t<div class=\"icon-box-img\" style=\"width: 32px\">\n\t\t\t\t<div class=\"icon\">\n\t\t\t\t\t<div class=\"icon-inner\" >\n\t\t\t\t\t\t<img decoding=\"async\" width=\"100\" height=\"83\" src=\"https:\/\/ddoptics.shop\/wp-content\/uploads\/2021\/05\/DDoptics-SHG-Icon.jpg\" class=\"attachment-medium size-medium\" alt=\"DDoptics SHG Jumelles Icon\" title=\"\">\t\t\t\t\t<\/div>\n\t\t\t\t<\/div>\n\t\t\t<\/div>\n\t\t\t\t<div class=\"icon-box-text last-reset\">\n\t\t\t\t\t\t\t\t\t\n<p>\u2705 Pont ouvert<\/p>\n\t\t<\/div>\n\t<\/div>\n\t\n\t\n\n\t\t<div class=\"icon-box featured-box icon-box-left text-left\"  >\n\t\t\t\t\t<div class=\"icon-box-img\" style=\"width: 32px\">\n\t\t\t\t<div class=\"icon\">\n\t\t\t\t\t<div class=\"icon-inner\" >\n\t\t\t\t\t\t<img decoding=\"async\" width=\"100\" height=\"83\" src=\"https:\/\/ddoptics.shop\/wp-content\/uploads\/2021\/05\/DDoptics-SHG-Icon.jpg\" class=\"attachment-medium size-medium\" alt=\"DDoptics SHG Jumelles Icon\" title=\"\">\t\t\t\t\t<\/div>\n\t\t\t\t<\/div>\n\t\t\t<\/div>\n\t\t\t\t<div class=\"icon-box-text last-reset\">\n\t\t\t\t\t\t\t\t\t\n<p>\u2705 M\u00e9canisme r\u00e9glable avec pr\u00e9cision<\/p>\n\t\t<\/div>\n\t<\/div>\n\t\n\t\n\n\t\t<div class=\"icon-box featured-box icon-box-left text-left\"  >\n\t\t\t\t\t<div class=\"icon-box-img\" style=\"width: 32px\">\n\t\t\t\t<div class=\"icon\">\n\t\t\t\t\t<div class=\"icon-inner\" >\n\t\t\t\t\t\t<img decoding=\"async\" width=\"100\" height=\"83\" src=\"https:\/\/ddoptics.shop\/wp-content\/uploads\/2021\/05\/DDoptics-SHG-Icon.jpg\" class=\"attachment-medium size-medium\" alt=\"DDoptics SHG Jumelles Icon\" title=\"\">\t\t\t\t\t<\/div>\n\t\t\t\t<\/div>\n\t\t\t<\/div>\n\t\t\t\t<div class=\"icon-box-text last-reset\">\n\t\t\t\t\t\t\t\t\t\n<p>\u2705 \u0152illetons en m\u00e9tal<\/p>\n\t\t<\/div>\n\t<\/div>\n\t\n\t\n\n\t\t<div class=\"icon-box featured-box icon-box-left text-left\"  >\n\t\t\t\t\t<div class=\"icon-box-img\" style=\"width: 32px\">\n\t\t\t\t<div class=\"icon\">\n\t\t\t\t\t<div class=\"icon-inner\" >\n\t\t\t\t\t\t<img decoding=\"async\" width=\"100\" height=\"83\" src=\"https:\/\/ddoptics.shop\/wp-content\/uploads\/2021\/05\/DDoptics-SHG-Icon.jpg\" class=\"attachment-medium size-medium\" alt=\"DDoptics SHG Jumelles Icon\" title=\"\">\t\t\t\t\t<\/div>\n\t\t\t\t<\/div>\n\t\t\t<\/div>\n\t\t\t\t<div class=\"icon-box-text last-reset\">\n\t\t\t\t\t\t\t\t\t\n<p>\u2705 Prismes de Schmidt-Pechan - Bonne r\u00e9solution<\/p>\n\t\t<\/div>\n\t<\/div>\n\t\n\t\n\n\t\t<div class=\"icon-box featured-box icon-box-left text-left\"  >\n\t\t\t\t\t<div class=\"icon-box-img\" style=\"width: 32px\">\n\t\t\t\t<div class=\"icon\">\n\t\t\t\t\t<div class=\"icon-inner\" >\n\t\t\t\t\t\t<img decoding=\"async\" width=\"100\" height=\"83\" src=\"https:\/\/ddoptics.shop\/wp-content\/uploads\/2021\/05\/DDoptics-SHG-Icon.jpg\" class=\"attachment-medium size-medium\" alt=\"DDoptics SHG Jumelles Icon\" title=\"\">\t\t\t\t\t<\/div>\n\t\t\t\t<\/div>\n\t\t\t<\/div>\n\t\t\t\t<div class=\"icon-box-text last-reset\">\n\t\t\t\t\t\t\t\t\t\n<p>\u2705 \u00c9tanch\u00e9it\u00e9 \u00e0 l'eau et remplissage de nitrog\u00e8ne<\/p>\n\t\t<\/div>\n\t<\/div>\n\t\n\t\n<div class=\"is-divider divider clearfix\" ><\/div>\n\t\t<\/div>\n\t\t\t\t\t<\/div>\n\n\t\n<\/div>\n<h3>Jumelles 8\u00d742 ultral\u00e9g\u00e8res pour le trekking, les vacances en plein air ou la montagne alpine<\/h3>\n<p>Que ce soit dans le <strong>montagne ou lors d'un vaste trekking<\/strong>Le froid ou la chaleur, l'eau et l'air <strong>Ultralight \u00e9tanche et rempli d'azote<\/strong> fait tout simplement tout - et en m\u00eame temps une tr\u00e8s bonne image. M\u00eame au cr\u00e9puscule, elle vous aide \u00e0 trouver le bon chemin ou vous montre o\u00f9 se cache l'une ou l'autre petite surprise.<\/p>\n<h3>Un rapport qualit\u00e9-prix scandaleux<\/h3>\n<p>Avec le <strong>Ultralight 8\u00d742 jumelles, DDoptics vous propose des jumelles<\/strong>Il s'agit d'une paire de jumelles qui offre tout ce que l'on peut attendre d'une petite paire de jumelles. Un pont ouvert n'existe pas ou peu sur les jumelles de cette cat\u00e9gorie de prix.<\/p>\n<h3>Jumelles robustes pour un usage quotidien<\/h3>\n<p>Le site <strong>Corps des jumelles en polycarbonate ultra-dur et incassable<\/strong> sont fabriqu\u00e9s en mat\u00e9riaux composites. Des alliages m\u00e9talliques sont utilis\u00e9s aux endroits critiques comme les \u0153illetons ou le \"coude\".<\/p>\n<h3>M\u00e9canique fine des jumelles<\/h3>\n<p>Le site <strong>La molette de mise au point tourne agr\u00e9ablement librement et sans jeu ;<\/strong> ni trop dur, ni trop mou. Gr\u00e2ce au r\u00e9glage fin, la mise au point est facile et pr\u00e9cise sur le \"point net\". Le dioptre, qui se trouve sous l'oculaire droit, se r\u00e8gle proprement et pr\u00e9cis\u00e9ment. Le site <strong>Les \u0153illetons offrent quatre \"niveaux de trame\" clairs<\/strong> Les porteurs de lunettes et les non-porteurs de lunettes peuvent ainsi r\u00e9gler la distance entre les yeux la meilleure et la plus confortable possible.<\/p>","protected":false},"excerpt":{"rendered":"<p><img decoding=\"async\" class=\"alignnone wp-image-10180 size-full\" title=\"Randonn\u00e9e et trekking\" src=\"https:\/\/ddoptics.shop\/wp-content\/uploads\/2016\/04\/Bergwandern-klein.jpg\" alt=\"Jumelles de randonn\u00e9e en montagne\" width=\"50\" height=\"50\" \/><img decoding=\"async\" class=\"alignnone wp-image-10178 size-full\" title=\"Observations de la nature\" src=\"https:\/\/ddoptics.shop\/wp-content\/uploads\/2016\/04\/Gebirgsjagd-klein.jpg\" alt=\"Jumelles de chasse en montagne\" width=\"50\" height=\"50\" \/><br \/>\nNotre avis : Les<strong> DDoptics R\u00e9volution - <\/strong>un<strong> Des jumelles pour TOUS \u00e0 un prix incroyable.<\/strong><\/p>","protected":false},"featured_media":10607,"comment_status":"open","ping_status":"closed","template":"","meta":{"inline_featured_image":false,"footnotes":""},"product_brand":[],"product_cat":[362,349,329,344,346],"product_tag":[90,91,78],"class_list":{"0":"post-10601","1":"product","2":"type-product","3":"status-publish","4":"has-post-thumbnail","6":"product_cat-42-mm-objektiv","7":"product_cat-8x-vergroesserung","8":"product_cat-ddoptics","9":"product_cat-naturbeobachtung","10":"product_cat-wandern-und-reisen","11":"product_tag-8-fach-vergroesserung","12":"product_tag-8x42","13":"product_tag-ddoptics","14":"product_shipping_class-paket","15":"pa_brand-marke-ddoptics","16":"pa_farbe-schwarz","17":"pa_produkt-typ-fernglas","19":"first","20":"instock","21":"sale","22":"taxable","23":"shipping-taxable","24":"purchasable","25":"product-type-simple"},"bundled_by":[],"bundle_stock_status":"instock","bundle_stock_quantity":null,"bundle_virtual":false,"bundle_layout":"","bundle_add_to_cart_form_location":"","bundle_editable_in_cart":false,"bundle_sold_individually_context":"","bundle_item_grouping":"","bundle_min_size":"","bundle_max_size":"","bundle_price":[],"bundled_items":[],"bundle_sell_ids":[],"_links":{"self":[{"href":"https:\/\/ddoptics.shop\/fr\/wp-json\/wp\/v2\/product\/10601","targetHints":{"allow":["GET"]}}],"collection":[{"href":"https:\/\/ddoptics.shop\/fr\/wp-json\/wp\/v2\/product"}],"about":[{"href":"https:\/\/ddoptics.shop\/fr\/wp-json\/wp\/v2\/types\/product"}],"replies":[{"embeddable":true,"href":"https:\/\/ddoptics.shop\/fr\/wp-json\/wp\/v2\/comments?post=10601"}],"version-history":[{"count":5,"href":"https:\/\/ddoptics.shop\/fr\/wp-json\/wp\/v2\/product\/10601\/revisions"}],"predecessor-version":[{"id":28469,"href":"https:\/\/ddoptics.shop\/fr\/wp-json\/wp\/v2\/product\/10601\/revisions\/28469"}],"wp:featuredmedia":[{"embeddable":true,"href":"https:\/\/ddoptics.shop\/fr\/wp-json\/wp\/v2\/media\/10607"}],"wp:attachment":[{"href":"https:\/\/ddoptics.shop\/fr\/wp-json\/wp\/v2\/media?parent=10601"}],"wp:term":[{"taxonomy":"product_brand","embeddable":true,"href":"https:\/\/ddoptics.shop\/fr\/wp-json\/wp\/v2\/product_brand?post=10601"},{"taxonomy":"product_cat","embeddable":true,"href":"https:\/\/ddoptics.shop\/fr\/wp-json\/wp\/v2\/product_cat?post=10601"},{"taxonomy":"product_tag","embeddable":true,"href":"https:\/\/ddoptics.shop\/fr\/wp-json\/wp\/v2\/product_tag?post=10601"}],"curies":[{"name":"wp","href":"https:\/\/api.w.org\/{rel}","templated":true}]}}