{"id":10850,"date":"2017-04-11T12:10:01","date_gmt":"2017-04-11T10:10:01","guid":{"rendered":"https:\/\/beta.optik-sport-shop.at\/kaufen\/ddoptics-fernglas-edx-12x50\/"},"modified":"2025-07-03T15:28:05","modified_gmt":"2025-07-03T13:28:05","slug":"ddoptics-edx-12x50-jumelles","status":"publish","type":"product","link":"https:\/\/ddoptics.shop\/fr\/kaufen\/ddoptics-edx-12x50-fernglas\/","title":{"rendered":"Jumelles DDoptics EDX 12\u00d750"},"content":{"rendered":"<div class=\"row\"  id=\"row-401647375\">\n\n\t<div id=\"col-1448902043\" class=\"col medium-8 small-12 large-8\"  >\n\t\t\t\t<div class=\"col-inner\"  >\n\t\t\t\n\t\t\t\n<div>\n<h2>DDoptics EDX 12\u00d750 Jumelles | Jumelles haut de gamme - poids l\u00e9ger \u00e9tonnant avec des images tr\u00e8s lumineuses<\/h2>\n<p>Le site <strong>Jumelles EDX 12\u00d750<\/strong> est un v\u00e9ritable verre sp\u00e9cial. Avec son <strong>grossissement 12x<\/strong> et le traitement brillant DDlucid permettent de distinguer les objets \u00e9loign\u00e9s avec des couleurs fid\u00e8les, un contraste \u00e9lev\u00e9 et une grande nettet\u00e9. es jumelles EDX Premium allient une <strong>une qualit\u00e9 d'image fantastique, une luminosit\u00e9 extr\u00eamement \u00e9lev\u00e9e et une sensation d'observation indescriptible.<\/strong><\/p>\n<p>Avec l'aide du <strong>de la poign\u00e9e sur le pont des jumelles<\/strong> peuvent \u00eatre <strong>utilisateurs de jumelles l'EDX 12\u00d750<\/strong> tenir confortablement et utiliser en toute s\u00e9curit\u00e9. M\u00eame en <strong>L'hiver avec des gants<\/strong>. Des mat\u00e9riaux tels que l'aluminium magn\u00e9sium et les polycarbonates garantissent non seulement une robustesse maximale sur les terrains difficiles, mais aussi un poids tr\u00e8s faible.<\/p>\n<p>Le bo\u00eetier \u00e9lanc\u00e9 est recouvert d'un gainage en caoutchouc tr\u00e8s maniable. L'alliage m\u00e9tallique indestructible des \u0153illetons prot\u00e8ge les oculaires de mani\u00e8re optimale. L'EDX 12\u00d750 est bien s\u00fbr <strong>compl\u00e8tement \u00e9tanche et antibu\u00e9e<\/strong>.<\/p>\n<p>Avec seulement <strong>1,5 tour<\/strong> est l'ensemble <strong>Zone de nettet\u00e9 r\u00e9gl\u00e9e avec pr\u00e9cision<\/strong> et m\u00eame les plus petits d\u00e9tails peuvent \u00eatre rapidement saisis. La compensation dioptrique pour les porteurs de lunettes se trouve sur l'oculaire droit.<\/p>\n<\/div>\n\t\t<\/div>\n\t\t\t\t\n<style>\n#col-1448902043 > .col-inner {\n  margin: 0px 0px -30px 0px;\n}\n<\/style>\n\t<\/div>\n\n\t\n\n\t<div id=\"col-1335172390\" class=\"col medium-4 small-12 large-4\"  >\n\t\t\t\t<div class=\"col-inner\"  >\n\t\t\t\n\t\t\t\n\t<div class=\"img has-hover x md-x lg-x y md-y lg-y\" id=\"image_2022376743\">\n\t\t\t\t\t\t\t\t<div class=\"img-inner dark\" >\n\t\t\t\t\t\t\t\t\t\n\t\t\t\t\t<\/div>\n\t\t\t\t\t\t\t\t\n<style>\n#image_2022376743 {\n  width: 100%;\n}\n<\/style>\n\t<\/div>\n\t\n\t<div class=\"img has-hover x md-x lg-x y md-y lg-y\" id=\"image_1652065479\">\n\t\t<a class=\"\" href=\"https:\/\/www.shop.ddoptics.de\/garantiebestimmungen\" target=\"_blank\" rel=\"noopener\">\t\t\t\t\t\t<div class=\"img-inner dark\" >\n\t\t\t<img decoding=\"async\" width=\"352\" height=\"160\" src=\"https:\/\/ddoptics.shop\/wp-content\/uploads\/2014\/09\/DDoptics-Garantie.jpg\" class=\"attachment-large size-large\" alt=\"Garantie DDoptics\" srcset=\"https:\/\/ddoptics.shop\/wp-content\/uploads\/2014\/09\/DDoptics-Garantie.jpg 352w, https:\/\/ddoptics.shop\/wp-content\/uploads\/2014\/09\/DDoptics-Garantie-304x138.jpg 304w, https:\/\/ddoptics.shop\/wp-content\/uploads\/2014\/09\/DDoptics-Garantie-305x139.jpg 305w, https:\/\/ddoptics.shop\/wp-content\/uploads\/2014\/09\/DDoptics-Garantie-250x114.jpg 250w\" sizes=\"(max-width: 352px) 100vw, 352px\" title=\"\">\t\t\t\t\t\t\n\t\t\t\t\t<\/div>\n\t\t\t\t\t\t<\/a>\t\t\n<style>\n#image_1652065479 {\n  width: 100%;\n}\n<\/style>\n\t<\/div>\n\t\n<h3>Jumelles DDoptics EDX Facts<\/h3>\n\n\t\t<div class=\"icon-box featured-box icon-box-left text-left\"  >\n\t\t\t\t\t<div class=\"icon-box-img\" style=\"width: 32px\">\n\t\t\t\t<div class=\"icon\">\n\t\t\t\t\t<div class=\"icon-inner\" >\n\t\t\t\t\t\t<img decoding=\"async\" width=\"100\" height=\"83\" src=\"https:\/\/ddoptics.shop\/wp-content\/uploads\/2021\/05\/DDoptics-SHG-Icon.jpg\" class=\"attachment-medium size-medium\" alt=\"DDoptics SHG Jumelles Icon\" title=\"\">\t\t\t\t\t<\/div>\n\t\t\t\t<\/div>\n\t\t\t<\/div>\n\t\t\t\t<div class=\"icon-box-text last-reset\">\n\t\t\t\t\t\t\t\t\t\n<p><span data-sheets-value=\"{&quot;1&quot;:2,&quot;2&quot;:&quot;\u2705&quot;}\" data-sheets-userformat=\"{&quot;2&quot;:15297,&quot;3&quot;:{&quot;1&quot;:0},&quot;9&quot;:0,&quot;10&quot;:2,&quot;11&quot;:0,&quot;12&quot;:0,&quot;14&quot;:{&quot;1&quot;:2,&quot;2&quot;:0},&quot;15&quot;:&quot;Calibri, sans-serif&quot;,&quot;16&quot;:11}\">\u2705 <strong>Des images d'une grande puret\u00e9 et aux couleurs r\u00e9alistes<\/strong><\/span><\/p>\n\t\t<\/div>\n\t<\/div>\n\t\n\t\n\n\t\t<div class=\"icon-box featured-box icon-box-left text-left\"  >\n\t\t\t\t\t<div class=\"icon-box-img\" style=\"width: 32px\">\n\t\t\t\t<div class=\"icon\">\n\t\t\t\t\t<div class=\"icon-inner\" >\n\t\t\t\t\t\t<img decoding=\"async\" width=\"100\" height=\"83\" src=\"https:\/\/ddoptics.shop\/wp-content\/uploads\/2021\/05\/DDoptics-SHG-Icon.jpg\" class=\"attachment-medium size-medium\" alt=\"DDoptics SHG Jumelles Icon\" title=\"\">\t\t\t\t\t<\/div>\n\t\t\t\t<\/div>\n\t\t\t<\/div>\n\t\t\t\t<div class=\"icon-box-text last-reset\">\n\t\t\t\t\t\t\t\t\t\n<p>\u2705 <span data-sheets-value=\"{&quot;1&quot;:2,&quot;2&quot;:&quot;\u2705&quot;}\" data-sheets-userformat=\"{&quot;2&quot;:15297,&quot;3&quot;:{&quot;1&quot;:0},&quot;9&quot;:0,&quot;10&quot;:2,&quot;11&quot;:0,&quot;12&quot;:0,&quot;14&quot;:{&quot;1&quot;:2,&quot;2&quot;:0},&quot;15&quot;:&quot;Calibri, sans-serif&quot;,&quot;16&quot;:11}\">Seulement 868 grammes<\/span><\/p>\n\t\t<\/div>\n\t<\/div>\n\t\n\t\n\n\t\t<div class=\"icon-box featured-box icon-box-left text-left\"  >\n\t\t\t\t\t<div class=\"icon-box-img\" style=\"width: 32px\">\n\t\t\t\t<div class=\"icon\">\n\t\t\t\t\t<div class=\"icon-inner\" >\n\t\t\t\t\t\t<img decoding=\"async\" width=\"100\" height=\"83\" src=\"https:\/\/ddoptics.shop\/wp-content\/uploads\/2021\/05\/DDoptics-SHG-Icon.jpg\" class=\"attachment-medium size-medium\" alt=\"DDoptics SHG Jumelles Icon\" title=\"\">\t\t\t\t\t<\/div>\n\t\t\t\t<\/div>\n\t\t\t<\/div>\n\t\t\t\t<div class=\"icon-box-text last-reset\">\n\t\t\t\t\t\t\t\t\t\n<p>\u2705 <span data-sheets-value=\"{&quot;1&quot;:2,&quot;2&quot;:&quot;\u2705&quot;}\" data-sheets-userformat=\"{&quot;2&quot;:15297,&quot;3&quot;:{&quot;1&quot;:0},&quot;9&quot;:0,&quot;10&quot;:2,&quot;11&quot;:0,&quot;12&quot;:0,&quot;14&quot;:{&quot;1&quot;:2,&quot;2&quot;:0},&quot;15&quot;:&quot;Calibri, sans-serif&quot;,&quot;16&quot;:11}\">DDlucid R\u00e9mun\u00e9ration<\/span><\/p>\n\t\t<\/div>\n\t<\/div>\n\t\n\t\n\n\t\t<div class=\"icon-box featured-box icon-box-left text-left\"  >\n\t\t\t\t\t<div class=\"icon-box-img\" style=\"width: 32px\">\n\t\t\t\t<div class=\"icon\">\n\t\t\t\t\t<div class=\"icon-inner\" >\n\t\t\t\t\t\t<img decoding=\"async\" width=\"100\" height=\"83\" src=\"https:\/\/ddoptics.shop\/wp-content\/uploads\/2021\/05\/DDoptics-SHG-Icon.jpg\" class=\"attachment-medium size-medium\" alt=\"DDoptics SHG Jumelles Icon\" title=\"\">\t\t\t\t\t<\/div>\n\t\t\t\t<\/div>\n\t\t\t<\/div>\n\t\t\t\t<div class=\"icon-box-text last-reset\">\n\t\t\t\t\t\t\t\t\t\n<p>\u2705 <span data-sheets-value=\"{&quot;1&quot;:2,&quot;2&quot;:&quot;\u2705&quot;}\" data-sheets-userformat=\"{&quot;2&quot;:15297,&quot;3&quot;:{&quot;1&quot;:0},&quot;9&quot;:0,&quot;10&quot;:2,&quot;11&quot;:0,&quot;12&quot;:0,&quot;14&quot;:{&quot;1&quot;:2,&quot;2&quot;:0},&quot;15&quot;:&quot;Calibri, sans-serif&quot;,&quot;16&quot;:11}\">Excellente nettet\u00e9 des bords<\/span><\/p>\n\t\t<\/div>\n\t<\/div>\n\t\n\t\n\n\t\t<div class=\"icon-box featured-box icon-box-left text-left\"  >\n\t\t\t\t\t<div class=\"icon-box-img\" style=\"width: 32px\">\n\t\t\t\t<div class=\"icon\">\n\t\t\t\t\t<div class=\"icon-inner\" >\n\t\t\t\t\t\t<img decoding=\"async\" width=\"100\" height=\"83\" src=\"https:\/\/ddoptics.shop\/wp-content\/uploads\/2021\/05\/DDoptics-SHG-Icon.jpg\" class=\"attachment-medium size-medium\" alt=\"DDoptics SHG Jumelles Icon\" title=\"\">\t\t\t\t\t<\/div>\n\t\t\t\t<\/div>\n\t\t\t<\/div>\n\t\t\t\t<div class=\"icon-box-text last-reset\">\n\t\t\t\t\t\t\t\t\t\n<p>\u2705 <span data-sheets-value=\"{&quot;1&quot;:2,&quot;2&quot;:&quot;\u2705&quot;}\" data-sheets-userformat=\"{&quot;2&quot;:15297,&quot;3&quot;:{&quot;1&quot;:0},&quot;9&quot;:0,&quot;10&quot;:2,&quot;11&quot;:0,&quot;12&quot;:0,&quot;14&quot;:{&quot;1&quot;:2,&quot;2&quot;:0},&quot;15&quot;:&quot;Calibri, sans-serif&quot;,&quot;16&quot;:11}\">Prismes de Schmidt-Pechan<\/span><\/p>\n\t\t<\/div>\n\t<\/div>\n\t\n\t\n\n\t\t<div class=\"icon-box featured-box icon-box-left text-left\"  >\n\t\t\t\t\t<div class=\"icon-box-img\" style=\"width: 32px\">\n\t\t\t\t<div class=\"icon\">\n\t\t\t\t\t<div class=\"icon-inner\" >\n\t\t\t\t\t\t<img decoding=\"async\" width=\"100\" height=\"83\" src=\"https:\/\/ddoptics.shop\/wp-content\/uploads\/2021\/05\/DDoptics-SHG-Icon.jpg\" class=\"attachment-medium size-medium\" alt=\"DDoptics SHG Jumelles Icon\" title=\"\">\t\t\t\t\t<\/div>\n\t\t\t\t<\/div>\n\t\t\t<\/div>\n\t\t\t\t<div class=\"icon-box-text last-reset\">\n\t\t\t\t\t\t\t\t\t\n<p>\u2705 <span data-sheets-value=\"{&quot;1&quot;:2,&quot;2&quot;:&quot;\u2705&quot;}\" data-sheets-userformat=\"{&quot;2&quot;:15297,&quot;3&quot;:{&quot;1&quot;:0},&quot;9&quot;:0,&quot;10&quot;:2,&quot;11&quot;:0,&quot;12&quot;:0,&quot;14&quot;:{&quot;1&quot;:2,&quot;2&quot;:0},&quot;15&quot;:&quot;Calibri, sans-serif&quot;,&quot;16&quot;:11}\">Mise au point rapide \u00e0 partir de 2,4 m\u00e8tres<\/span><\/p>\n\t\t<\/div>\n\t<\/div>\n\t\n\t\n\t\t<\/div>\n\t\t\t\t\t<\/div>\n\n\t\n<\/div>\n<h3>Verre ED : repr\u00e9sentation brillante de l'image et r\u00e9solution nette sur de longues distances pour l'EDX 12\u00d750<\/h3>\n<p>L'EDX 12\u00d750 est pr\u00e9destin\u00e9 \u00e0 la <strong>Utilisation sur de longues distances<\/strong>. Les ornithologues et les randonneurs en montagne sont particuli\u00e8rement vis\u00e9s. Les chasseurs alpins peuvent utiliser ces jumelles haut de gamme pour observer les chamois \u00e0 une distance de 200 \u00e0 300 m et renoncer ainsi \u00e0 emporter une longue-vue lourde. <strong>Ornithologues et randonneurs en montagne<\/strong> vient le grossissement 12x et le <strong>Distance de mise au point de 2,4 m<\/strong> est un avantage. Equip\u00e9 de l'EDX 12\u00d750, il est possible d'observer des objets proches ou tr\u00e8s \u00e9loign\u00e9s avec une brillance des couleurs, une nettet\u00e9 et une pr\u00e9cision difficilement \u00e9galables.<\/p>\n<h3>Un traitement innovant garantit la nettet\u00e9 des contours des jumelles 12\u00d750<\/h3>\n<p>Une garantie suppl\u00e9mentaire est la <strong>Traitement sp\u00e9cial DDlucid<\/strong>. Il a \u00e9t\u00e9 appliqu\u00e9 sur les deux faces du prisme de Schmidt-Pechan. Ce traitement issu de l'industrie photographique japonaise est un perfectionnement du traitement ELR (Extra Low Reflection) connu et \u00e9prouv\u00e9. DDlucid est ainsi un <strong>des traitements les plus efficaces pour les jumelles et exclusivement des jumelles de premi\u00e8re qualit\u00e9<\/strong> r\u00e9serv\u00e9s.<\/p>\n<h3>Toujours petit, l\u00e9ger et fiable - un compagnon de vie<\/h3>\n<p>C'est justement lors d'une utilisation en montagne que les exigences de robustesse et de l\u00e9g\u00e8ret\u00e9 sont \u00e9lev\u00e9es. Tout est simple pour l'EDX 10\u00d750. Gr\u00e2ce \u00e0 des mat\u00e9riaux comme le magn\u00e9sium aluminium et le polycarbonate, le verre est extr\u00eamement r\u00e9sistant aux chocs, absolument <strong>\u00e9tanche et antibu\u00e9e.<\/strong> L'armature en caoutchouc naturel assure une bonne prise en main et une bonne r\u00e9sistance au glissement.<\/p>\n<p>Avec seulement <strong>1,5 tour permet de r\u00e9gler toute la zone de nettet\u00e9<\/strong>. Cela garantit une saisie tr\u00e8s rapide des d\u00e9tails.<\/p>\n<h3>Pour les porteurs de lunettes - champ de vision complet<\/h3>\n<p>La compensation dioptrique pour les porteurs de lunettes se trouve sur l'oculaire droit. <strong>Les 4 positions de la grille peuvent \u00eatre fix\u00e9es.<\/strong> Un d\u00e9r\u00e9glage involontaire est<\/p>\n<h3>Recommandation d'utilisation DDoptics EDX 12\u00d750<\/h3>\n<p>Une nettet\u00e9 constante jusqu'au bord de l'image et le <strong>Le grand champ de vision de 91 m offre aux amateurs de plein air, aux randonneurs, aux ornithologues et aux chasseurs alpins des images de tr\u00e8s haut niveau.<\/strong><\/p>","protected":false},"excerpt":{"rendered":"<p><img decoding=\"async\" class=\"alignnone wp-image-10178 size-full\" title=\"Jumelles de chasse en montagne\" src=\"https:\/\/ddoptics.shop\/wp-content\/uploads\/2016\/04\/Gebirgsjagd-klein.jpg\" alt=\"Jumelles de chasse en montagne\" width=\"50\" height=\"50\" \/><img decoding=\"async\" class=\"alignnone wp-image-10170 size-full\" title=\"Jumelles d&#039;observation des oiseaux\" src=\"https:\/\/ddoptics.shop\/wp-content\/uploads\/2016\/09\/Ornitologie-klein.jpg\" alt=\"Jumelles d&#039;observation des oiseaux\" width=\"50\" height=\"50\" \/><br \/>\nUne nouvelle star est n\u00e9e. Les 12 <strong>r\u00e9f\u00e9rence l\u00e9g\u00e8re avec objectif 50 mm avec folie de l'image.<\/strong><\/p>","protected":false},"featured_media":10854,"comment_status":"open","ping_status":"closed","template":"","meta":{"inline_featured_image":false,"footnotes":""},"product_brand":[],"product_cat":[352,363,329,67,344],"product_tag":[568,569,78,86],"class_list":{"0":"post-10850","1":"product","2":"type-product","3":"status-publish","4":"has-post-thumbnail","6":"product_cat-12x-vergroesserung","7":"product_cat-50-mm-objektiv","8":"product_cat-ddoptics","9":"product_cat-fernglas","10":"product_cat-naturbeobachtung","11":"product_tag-12x50","12":"product_tag-12x50-fernglas","13":"product_tag-ddoptics","14":"product_tag-edx","15":"product_shipping_class-paket","16":"pa_brand-marke-ddoptics","17":"pa_farbe-schwarz","18":"pa_produkt-typ-fernglas","20":"first","21":"instock","22":"sale","23":"taxable","24":"shipping-taxable","25":"purchasable","26":"product-type-simple"},"bundled_by":[],"bundle_stock_status":"instock","bundle_stock_quantity":null,"bundle_virtual":false,"bundle_layout":"","bundle_add_to_cart_form_location":"","bundle_editable_in_cart":false,"bundle_sold_individually_context":"","bundle_item_grouping":"","bundle_min_size":"","bundle_max_size":"","bundle_price":[],"bundled_items":[],"bundle_sell_ids":[],"_links":{"self":[{"href":"https:\/\/ddoptics.shop\/fr\/wp-json\/wp\/v2\/product\/10850","targetHints":{"allow":["GET"]}}],"collection":[{"href":"https:\/\/ddoptics.shop\/fr\/wp-json\/wp\/v2\/product"}],"about":[{"href":"https:\/\/ddoptics.shop\/fr\/wp-json\/wp\/v2\/types\/product"}],"replies":[{"embeddable":true,"href":"https:\/\/ddoptics.shop\/fr\/wp-json\/wp\/v2\/comments?post=10850"}],"version-history":[{"count":4,"href":"https:\/\/ddoptics.shop\/fr\/wp-json\/wp\/v2\/product\/10850\/revisions"}],"predecessor-version":[{"id":28580,"href":"https:\/\/ddoptics.shop\/fr\/wp-json\/wp\/v2\/product\/10850\/revisions\/28580"}],"wp:featuredmedia":[{"embeddable":true,"href":"https:\/\/ddoptics.shop\/fr\/wp-json\/wp\/v2\/media\/10854"}],"wp:attachment":[{"href":"https:\/\/ddoptics.shop\/fr\/wp-json\/wp\/v2\/media?parent=10850"}],"wp:term":[{"taxonomy":"product_brand","embeddable":true,"href":"https:\/\/ddoptics.shop\/fr\/wp-json\/wp\/v2\/product_brand?post=10850"},{"taxonomy":"product_cat","embeddable":true,"href":"https:\/\/ddoptics.shop\/fr\/wp-json\/wp\/v2\/product_cat?post=10850"},{"taxonomy":"product_tag","embeddable":true,"href":"https:\/\/ddoptics.shop\/fr\/wp-json\/wp\/v2\/product_tag?post=10850"}],"curies":[{"name":"wp","href":"https:\/\/api.w.org\/{rel}","templated":true}]}}