{"id":11065,"date":"2017-06-14T13:58:00","date_gmt":"2017-06-14T11:58:00","guid":{"rendered":"https:\/\/beta.optik-sport-shop.at\/?post_type=product&#038;p=11065"},"modified":"2017-07-13T17:59:00","modified_gmt":"2017-07-13T15:59:00","slug":"ceinture-avec-monogramme-brode-a-la-plume-doie-costume-individuel","status":"publish","type":"product","link":"https:\/\/ddoptics.shop\/fr\/kaufen\/trachtenguertel-mit-monogramm-federkiel-stickerei-individuelle-tracht\/","title":{"rendered":"Ceinture traditionnelle avec monogramme brod\u00e9 \u00e0 la plume d'oie - touche personnelle"},"content":{"rendered":"<h2>Ceinture traditionnelle avec broderie de plumes d'oie avec initiales personnelles<\/h2>\n<p>Dans la <strong>mode g\u00e9n\u00e9ral<\/strong> il est courant d'associer \u00e0 un pantalon <strong>Ceinture<\/strong> pour que ces o<strong>ptimal sur la hanche<\/strong> Ces ceintures de pantalon sont port\u00e9es sur la <strong>Pantalon en cuir<\/strong>Il se porte aussi bien avec un pantalon en tissu qu'avec un jean.<\/p>\n<p><strong>Ceinture en costume traditionnel<\/strong> sont con\u00e7us dans ce but, <strong>de maintenir le pantalon en cuir \u00e0 l'endroit pr\u00e9vu.<\/strong> Mais elles sont aussi con\u00e7ues comme un accessoire visuel noble pour <strong>Image globale visuelle<\/strong> \u00e0 compl\u00e9ter.<\/p>\n<p><strong style=\"font-size: 13px;\">Mesurer correctement le tour de taille : <\/strong><span style=\"font-size: 13px;\">Tirez un m\u00e8tre ruban autour de votre ventre, \u00e0 peu pr\u00e8s \u00e0 la hauteur du nombril, expirez l\u00e9g\u00e8rement et lisez ensuite la valeur.<\/span><\/p>\n<h3>Monogramme personnel brod\u00e9 \u00e0 la plume d'oie sur boucle en laiton poin\u00e7onn\u00e9e<\/h3>\n<p>Le site <strong>Ceinture en cuir de la manufacture de Salzbourg,<\/strong> compl\u00e9t\u00e9e par les<strong> initiales personnelles sur cuir<\/strong> sur la <strong>boucle en laiton poin\u00e7onn\u00e9e (boucle de ceinture),<\/strong> sont un point de mire particuli\u00e8rement noble.<\/p>\n<h3>Ceintures traditionnelles pour hommes, femmes et enfants<\/h3>\n<p>D'une mani\u00e8re g\u00e9n\u00e9rale, la ceinture traditionnelle est un accessoire compl\u00e9mentaire qui s'utilise de pr\u00e9f\u00e9rence chez les hommes, c'est-\u00e0-dire qu'elle s'accorde avec le pantalon en cuir. Surtout si celui-ci n'est pas \u00e9quip\u00e9 de bretelles. Les ceintures traditionnelles en cuir ont toujours eu une place de choix dans la mode. <strong>les ann\u00e9es pr\u00e9c\u00e9dentes, une fonction suppl\u00e9mentaire<\/strong>. On leur a fait subir les <strong>Troph\u00e9es de chasse<\/strong> fix\u00e9.<\/p>","protected":false},"excerpt":{"rendered":"<p><strong>V\u00e9ritable ceinture en cuir,<\/strong> <strong>cousu main<\/strong>, <strong>4 cm<\/strong> large, avec monogramme. Initiales sur demande.<\/p>\n<p>fermeture : <strong>Boucle en laiton poin\u00e7onn\u00e9e \u00e0 la main<\/strong>.<br \/>\nD\u00e9lai de livraison : env. 6 semaines apr\u00e8s r\u00e9ception du paiement.<\/p>","protected":false},"featured_media":11069,"comment_status":"open","ping_status":"closed","template":"","meta":{"inline_featured_image":false,"footnotes":""},"product_brand":[],"product_cat":[598],"product_tag":[600,599],"class_list":{"0":"post-11065","1":"product","2":"type-product","3":"status-publish","4":"has-post-thumbnail","6":"product_cat-federkiel-stickerei","7":"product_tag-federkielstickerei","8":"product_tag-lederguertel","9":"product_shipping_class-paket","10":"pa_brand-marke-salzburger-federkielstickerei","11":"pa_produkt-typ-mode-accessoire","13":"first","14":"instock","15":"taxable","16":"shipping-taxable","17":"purchasable","18":"product-type-variable"},"bundled_by":[],"bundle_stock_status":"instock","bundle_stock_quantity":null,"bundle_virtual":false,"bundle_layout":"","bundle_add_to_cart_form_location":"","bundle_editable_in_cart":false,"bundle_sold_individually_context":"","bundle_item_grouping":"","bundle_min_size":"","bundle_max_size":"","bundle_price":[],"bundled_items":[],"bundle_sell_ids":[],"_links":{"self":[{"href":"https:\/\/ddoptics.shop\/fr\/wp-json\/wp\/v2\/product\/11065","targetHints":{"allow":["GET"]}}],"collection":[{"href":"https:\/\/ddoptics.shop\/fr\/wp-json\/wp\/v2\/product"}],"about":[{"href":"https:\/\/ddoptics.shop\/fr\/wp-json\/wp\/v2\/types\/product"}],"replies":[{"embeddable":true,"href":"https:\/\/ddoptics.shop\/fr\/wp-json\/wp\/v2\/comments?post=11065"}],"version-history":[{"count":0,"href":"https:\/\/ddoptics.shop\/fr\/wp-json\/wp\/v2\/product\/11065\/revisions"}],"wp:featuredmedia":[{"embeddable":true,"href":"https:\/\/ddoptics.shop\/fr\/wp-json\/wp\/v2\/media\/11069"}],"wp:attachment":[{"href":"https:\/\/ddoptics.shop\/fr\/wp-json\/wp\/v2\/media?parent=11065"}],"wp:term":[{"taxonomy":"product_brand","embeddable":true,"href":"https:\/\/ddoptics.shop\/fr\/wp-json\/wp\/v2\/product_brand?post=11065"},{"taxonomy":"product_cat","embeddable":true,"href":"https:\/\/ddoptics.shop\/fr\/wp-json\/wp\/v2\/product_cat?post=11065"},{"taxonomy":"product_tag","embeddable":true,"href":"https:\/\/ddoptics.shop\/fr\/wp-json\/wp\/v2\/product_tag?post=11065"}],"curies":[{"name":"wp","href":"https:\/\/api.w.org\/{rel}","templated":true}]}}