{"id":11736,"date":"2017-08-17T18:52:42","date_gmt":"2017-08-17T16:52:42","guid":{"rendered":"https:\/\/optik-sport-shop.at\/?post_type=product&#038;p=11736"},"modified":"2026-01-30T13:34:26","modified_gmt":"2026-01-30T12:34:26","slug":"montage-de-lunette-de-visee-rail-de-base-basis-von-dentler","status":"publish","type":"product","link":"https:\/\/ddoptics.shop\/fr\/kaufen\/zielfernrohr-montage-grundschiene-basis-von-dentler\/","title":{"rendered":"Montage de la lunette de vis\u00e9e pour votre lunette de vis\u00e9e DDoptics : rail de base \"BASIS\u00ae\" de DENTLER"},"content":{"rendered":"<div class=\"row\"  id=\"row-328328819\">\n\n\t<div id=\"col-1049430948\" class=\"col medium-8 small-12 large-8\"  >\n\t\t\t\t<div class=\"col-inner\"  >\n\t\t\t\n\t\t\t\n<h2>Le rail de base \"BASIS\" de la soci\u00e9t\u00e9 DENTLER<\/h2>\n<p>Le site <strong>Rail de base \"BASIS\" de DENTLER<\/strong> est disponible pour de nombreuses armes courantes et son prix est sensationnel. Le rail de montage est enti\u00e8rement fabriqu\u00e9 en acier inoxydable, \u00e0 l'exception des pi\u00e8ces qui absorbent les forces ou qui sont sujettes \u00e0 l'usure. <strong>aluminium \u00e0 haute r\u00e9sistance<\/strong> pour r\u00e9duire le poids.<\/p>\n<p>La pr\u00e9cision <strong>Syst\u00e8me de montage de DENTLER<\/strong>qui provient de la <strong>rail de base sp\u00e9cifique \u00e0 l'arme \"BASIS\" et rail de montage \"Basis<\/strong> est compatible avec le 100% et con\u00e7u avec une tol\u00e9rance z\u00e9ro.<\/p>\n<p>Le syst\u00e8me en deux parties relie votre arme \u00e0 la lunette de vis\u00e9e de mani\u00e8re absolument fiable et avec une reproductibilit\u00e9 100%ige. Une fois r\u00e9gl\u00e9, le rail de montage se verrouille toujours avec le m\u00eame couple de serrage et sans jeu sur le rail de base \"de base\".<\/p>\n<h3>Le syst\u00e8me de montage DENTLER se compose de 2 parties : rail de base + rail de montage avec anneaux<\/h3>\n\t<div class=\"img has-hover x md-x lg-x y md-y lg-y\" id=\"image_475359001\">\n\t\t\t\t\t\t\t\t<div class=\"img-inner dark\" >\n\t\t\t<img decoding=\"async\" width=\"1020\" height=\"268\" src=\"https:\/\/ddoptics.shop\/wp-content\/uploads\/2017\/08\/Dentler-Basis-Montagesystem.jpg\" class=\"attachment-large size-large\" alt=\"Syst\u00e8me de montage de base Dentler\" srcset=\"https:\/\/ddoptics.shop\/wp-content\/uploads\/2017\/08\/Dentler-Basis-Montagesystem.jpg 1140w, https:\/\/ddoptics.shop\/wp-content\/uploads\/2017\/08\/Dentler-Basis-Montagesystem-304x80.jpg 304w, https:\/\/ddoptics.shop\/wp-content\/uploads\/2017\/08\/Dentler-Basis-Montagesystem-305x80.jpg 305w, https:\/\/ddoptics.shop\/wp-content\/uploads\/2017\/08\/Dentler-Basis-Montagesystem-632x166.jpg 632w, https:\/\/ddoptics.shop\/wp-content\/uploads\/2017\/08\/Dentler-Basis-Montagesystem-800x211.jpg 800w, https:\/\/ddoptics.shop\/wp-content\/uploads\/2017\/08\/Dentler-Basis-Montagesystem-250x66.jpg 250w, https:\/\/ddoptics.shop\/wp-content\/uploads\/2017\/08\/Dentler-Basis-Montagesystem-510x134.jpg 510w\" sizes=\"(max-width: 1020px) 100vw, 1020px\" title=\"\">\t\t\t\t\t\t\n\t\t\t\t\t<\/div>\n\t\t\t\t\t\t\t\t\n<style>\n#image_475359001 {\n  width: 100%;\n}\n<\/style>\n\t<\/div>\n\t\n\t\t<\/div>\n\t\t\t\t\n<style>\n#col-1049430948 > .col-inner {\n  margin: 0px 0px -30px 0px;\n}\n<\/style>\n\t<\/div>\n\n\t\n\n\t<div id=\"col-1476566025\" class=\"col medium-4 small-12 large-4\"  >\n\t\t\t\t<div class=\"col-inner\"  >\n\t\t\t\n\t\t\t\n\t<div class=\"img has-hover x md-x lg-x y md-y lg-y\" id=\"image_721160094\">\n\t\t\t\t\t\t\t\t<div class=\"img-inner dark\" >\n\t\t\t\t\t\t\t\t\t\n\t\t\t\t\t<\/div>\n\t\t\t\t\t\t\t\t\n<style>\n#image_721160094 {\n  width: 100%;\n}\n<\/style>\n\t<\/div>\n\t\n\t<div class=\"img has-hover x md-x lg-x y md-y lg-y\" id=\"image_808574518\">\n\t\t\t\t\t\t\t\t<div class=\"img-inner dark\" >\n\t\t\t<img decoding=\"async\" width=\"1020\" height=\"270\" src=\"https:\/\/ddoptics.shop\/wp-content\/uploads\/2022\/06\/Dentler-Logo.png\" class=\"attachment-large size-large\" alt=\"Montage Dentler\" srcset=\"https:\/\/ddoptics.shop\/wp-content\/uploads\/2022\/06\/Dentler-Logo.png 1120w, https:\/\/ddoptics.shop\/wp-content\/uploads\/2022\/06\/Dentler-Logo-800x212.png 800w, https:\/\/ddoptics.shop\/wp-content\/uploads\/2022\/06\/Dentler-Logo-18x5.png 18w, https:\/\/ddoptics.shop\/wp-content\/uploads\/2022\/06\/Dentler-Logo-304x81.png 304w, https:\/\/ddoptics.shop\/wp-content\/uploads\/2022\/06\/Dentler-Logo-632x168.png 632w, https:\/\/ddoptics.shop\/wp-content\/uploads\/2022\/06\/Dentler-Logo-305x81.png 305w\" sizes=\"(max-width: 1020px) 100vw, 1020px\" title=\"\">\t\t\t\t\t\t\n\t\t\t\t\t<\/div>\n\t\t\t\t\t\t\t\t\n<style>\n#image_808574518 {\n  width: 100%;\n}\n<\/style>\n\t<\/div>\n\t\n\t<div id=\"text-2369922317\" class=\"text\">\n\t\t\n<p>\u21d2 NOUVEAU : rail de base BASIS de DENTLER \u00e0 monter sur l'arme<br \/>\n\u21d2 compatible avec les rails de montage DENTLER<br \/>\n\u21d2 utilisation de plusieurs optiques sur une m\u00eame arme<br \/>\n\u21d2 100%i Reproductibilit\u00e9 apr\u00e8s changement d'optique<br \/>\n\u21d2 disponible pour presque toutes les armes courantes<br \/>\n\t\t\n<style>\n#text-2369922317 {\n  text-align: center;\n}\n<\/style>\n\t<\/div>\n\t\n<div class=\"text-center\"><div class=\"is-divider divider clearfix\" ><\/div><\/div>\n\t\t<\/div>\n\t\t\t\t\t<\/div>\n\n\t\n<\/div>\n<div class=\"is-divider divider clearfix\" ><\/div>\n<figure id=\"attachment_11755\" aria-describedby=\"caption-attachment-11755\" style=\"width: 350px\" class=\"wp-caption alignright\"><a href=\"https:\/\/ddoptics.shop\/wp-content\/uploads\/2017\/08\/DDoptics-Dentler-Montage.jpg\"><img decoding=\"async\" class=\"wp-image-11755\" src=\"https:\/\/ddoptics.shop\/wp-content\/uploads\/2017\/08\/DDoptics-Dentler-Montage.jpg\" alt=\"DDoptics Dentler Montage mont\u00e9 sur Haenel J\u00e4ger 10\" width=\"350\" height=\"263\" title=\"\" srcset=\"https:\/\/ddoptics.shop\/wp-content\/uploads\/2017\/08\/DDoptics-Dentler-Montage.jpg 960w, https:\/\/ddoptics.shop\/wp-content\/uploads\/2017\/08\/DDoptics-Dentler-Montage-304x228.jpg 304w, https:\/\/ddoptics.shop\/wp-content\/uploads\/2017\/08\/DDoptics-Dentler-Montage-305x229.jpg 305w, https:\/\/ddoptics.shop\/wp-content\/uploads\/2017\/08\/DDoptics-Dentler-Montage-632x474.jpg 632w, https:\/\/ddoptics.shop\/wp-content\/uploads\/2017\/08\/DDoptics-Dentler-Montage-800x600.jpg 800w, https:\/\/ddoptics.shop\/wp-content\/uploads\/2017\/08\/DDoptics-Dentler-Montage-250x188.jpg 250w, https:\/\/ddoptics.shop\/wp-content\/uploads\/2017\/08\/DDoptics-Dentler-Montage-510x383.jpg 510w\" sizes=\"(max-width: 350px) 100vw, 350px\" \/><\/a><figcaption id=\"caption-attachment-11755\" class=\"wp-caption-text\">\u00c7a a l'air bien. Montage DDoptics Dentler mont\u00e9 sur Haenel J\u00e4ger 10<\/figcaption><\/figure>\n<p>Un suppl\u00e9ment <strong>Avantage de DENTLER<\/strong>: Utilisez <strong>plusieurs optiques de vis\u00e9e en toute s\u00e9curit\u00e9 et facilement sur chacune de vos armes<\/strong>. Il suffit de fixer une autre optique de vis\u00e9e avec un nouveau rail de montage et d'\u00e9changer rapidement - selon l'utilisation - les lunettes de vis\u00e9e.<\/p>\n<p>Le sentiment de malaise que vous avez habituellement apr\u00e8s <strong>Montage et d\u00e9montage de votre lunette de vis\u00e9e<\/strong> est d\u00e9sormais r\u00e9volu gr\u00e2ce au syst\u00e8me de montage DENTLER.<\/p>\n<blockquote><p>Avec le rail de base \"BASIS VARIO\", qui a \u00e9t\u00e9 perfectionn\u00e9, vous pouvez m\u00eame monter rapidement et facilement toutes les optiques de vis\u00e9e sur diff\u00e9rentes armes.<\/p><\/blockquote>","protected":false},"excerpt":{"rendered":"<p>Modulaire - pratique - stable. <strong>Conclusion : un rail de base solide \u00e0 un prix raisonnable !<\/strong> Qualit\u00e9 sup\u00e9rieure - Engineered in Germany !<\/p>\n<a href=\"https:\/\/ddoptics.shop\/fr\/acheter\/rail-de-montage-dentler-base-avec-anneaux-de-30-mm\/\" class=\"button success is-success is-medium\" >\n\t\t<span>Pour le rail de montage DENTLER<\/span>\n\t<\/a>","protected":false},"featured_media":11740,"comment_status":"closed","ping_status":"closed","template":"","meta":{"inline_featured_image":false,"footnotes":""},"product_brand":[],"product_cat":[70],"product_tag":[680,678,677],"class_list":{"0":"post-11736","1":"product","2":"type-product","3":"status-publish","4":"has-post-thumbnail","6":"product_cat-zielfernrohr-montage","7":"product_tag-basis-dentler","8":"product_tag-dentler-montage","9":"product_tag-zielfernrohrmontage","10":"product_shipping_class-paket","11":"pa_brand-marke-dentler","12":"pa_farbe-schwarz","13":"pa_produkt-typ-zielfernrohr-montage","15":"first","16":"instock","17":"taxable","18":"shipping-taxable","19":"purchasable","20":"product-type-variable"},"bundled_by":[],"bundle_stock_status":"instock","bundle_stock_quantity":null,"bundle_virtual":false,"bundle_layout":"","bundle_add_to_cart_form_location":"","bundle_editable_in_cart":false,"bundle_sold_individually_context":"","bundle_item_grouping":"","bundle_min_size":"","bundle_max_size":"","bundle_price":[],"bundled_items":[],"bundle_sell_ids":[],"_links":{"self":[{"href":"https:\/\/ddoptics.shop\/fr\/wp-json\/wp\/v2\/product\/11736","targetHints":{"allow":["GET"]}}],"collection":[{"href":"https:\/\/ddoptics.shop\/fr\/wp-json\/wp\/v2\/product"}],"about":[{"href":"https:\/\/ddoptics.shop\/fr\/wp-json\/wp\/v2\/types\/product"}],"replies":[{"embeddable":true,"href":"https:\/\/ddoptics.shop\/fr\/wp-json\/wp\/v2\/comments?post=11736"}],"version-history":[{"count":3,"href":"https:\/\/ddoptics.shop\/fr\/wp-json\/wp\/v2\/product\/11736\/revisions"}],"predecessor-version":[{"id":27525,"href":"https:\/\/ddoptics.shop\/fr\/wp-json\/wp\/v2\/product\/11736\/revisions\/27525"}],"wp:featuredmedia":[{"embeddable":true,"href":"https:\/\/ddoptics.shop\/fr\/wp-json\/wp\/v2\/media\/11740"}],"wp:attachment":[{"href":"https:\/\/ddoptics.shop\/fr\/wp-json\/wp\/v2\/media?parent=11736"}],"wp:term":[{"taxonomy":"product_brand","embeddable":true,"href":"https:\/\/ddoptics.shop\/fr\/wp-json\/wp\/v2\/product_brand?post=11736"},{"taxonomy":"product_cat","embeddable":true,"href":"https:\/\/ddoptics.shop\/fr\/wp-json\/wp\/v2\/product_cat?post=11736"},{"taxonomy":"product_tag","embeddable":true,"href":"https:\/\/ddoptics.shop\/fr\/wp-json\/wp\/v2\/product_tag?post=11736"}],"curies":[{"name":"wp","href":"https:\/\/api.w.org\/{rel}","templated":true}]}}